{"id":572,"date":"2024-02-26T01:18:07","date_gmt":"2024-02-26T00:18:07","guid":{"rendered":"https:\/\/site.educa.madrid.org\/ies.antoniodenebrija.mostoles\/?page_id=572"},"modified":"2025-09-12T08:52:02","modified_gmt":"2025-09-12T06:52:02","slug":"departamento-matematicas","status":"publish","type":"page","link":"https:\/\/site.educa.madrid.org\/ies.antoniodenebrija.mostoles\/index.php\/departamentos\/departamento-matematicas\/","title":{"rendered":"Departamento de Matem\u00e1ticas"},"content":{"rendered":"<div class=\"n2_clear\"><ss3-force-full-width data-overflow-x=\"body\" data-horizontal-selector=\"body\"><div class=\"n2-section-smartslider fitvidsignore  n2_clear\" data-ssid=\"3\"><div id=\"n2-ss-3-align\" class=\"n2-ss-align\"><div class=\"n2-padding\"><div id=\"n2-ss-3\" data-creator=\"Smart Slider 3\" data-responsive=\"fullwidth\" class=\"n2-ss-slider n2-ow n2-has-hover n2notransition  \"><div class=\"n2-ss-slider-wrapper-inside\">\n        <div class=\"n2-ss-slider-1 n2_ss__touch_element n2-ow\">\n            <div class=\"n2-ss-slider-2 n2-ow\">\n                                                <div class=\"n2-ss-slider-3 n2-ow\">\n\n                    <div class=\"n2-ss-slide-backgrounds n2-ow-all\"><div class=\"n2-ss-slide-background\" data-public-id=\"1\" data-mode=\"fill\"><div class=\"n2-ss-slide-background-image\" data-blur=\"0\" data-opacity=\"100\" data-x=\"50\" data-y=\"50\" data-alt=\"\" data-title=\"\"><picture class=\"skip-lazy\" data-skip-lazy=\"1\"><img decoding=\"async\" src=\"\/\/site.educa.madrid.org\/ies.antoniodenebrija.mostoles\/\/wp-content\/uploads\/ies.antoniodenebrija.mostoles\/2024\/07\/IES-Antonio-de-Nebrija-Quijote.jpg\" alt=\"\" title=\"\" loading=\"lazy\" class=\"skip-lazy\" data-skip-lazy=\"1\"><\/picture><\/div><div data-color=\"RGBA(255,255,255,0)\" style=\"background-color: RGBA(255,255,255,0);\" class=\"n2-ss-slide-background-color\"><\/div><\/div><div class=\"n2-ss-slide-background\" data-public-id=\"2\" data-mode=\"fill\"><div class=\"n2-ss-slide-background-image\" data-blur=\"0\" data-opacity=\"100\" data-x=\"50\" data-y=\"50\" data-alt=\"\" data-title=\"\"><picture class=\"skip-lazy\" data-skip-lazy=\"1\"><img decoding=\"async\" src=\"\/\/site.educa.madrid.org\/ies.antoniodenebrija.mostoles\/\/wp-content\/uploads\/ies.antoniodenebrija.mostoles\/2024\/07\/IES-Antonio-de-Nebrija-meninas-scaled.jpg\" alt=\"\" title=\"\" loading=\"lazy\" class=\"skip-lazy\" data-skip-lazy=\"1\"><\/picture><\/div><div data-color=\"RGBA(255,255,255,0)\" style=\"background-color: RGBA(255,255,255,0);\" class=\"n2-ss-slide-background-color\"><\/div><\/div><div class=\"n2-ss-slide-background\" data-public-id=\"3\" data-mode=\"fill\"><div class=\"n2-ss-slide-background-image\" data-blur=\"0\" data-opacity=\"100\" data-x=\"50\" data-y=\"50\" data-alt=\"\" data-title=\"\"><picture class=\"skip-lazy\" data-skip-lazy=\"1\"><img decoding=\"async\" src=\"\/\/site.educa.madrid.org\/ies.antoniodenebrija.mostoles\/\/wp-content\/uploads\/ies.antoniodenebrija.mostoles\/2024\/07\/IES-Antonio-de-Nebrija-foto-fachada-25-aniversario-scaled.jpg\" alt=\"\" title=\"\" loading=\"lazy\" class=\"skip-lazy\" data-skip-lazy=\"1\"><\/picture><\/div><div data-color=\"RGBA(255,255,255,0)\" style=\"background-color: RGBA(255,255,255,0);\" class=\"n2-ss-slide-background-color\"><\/div><\/div><div class=\"n2-ss-slide-background\" data-public-id=\"4\" data-mode=\"fill\"><div class=\"n2-ss-slide-background-image\" data-blur=\"0\" data-opacity=\"100\" data-x=\"50\" data-y=\"50\" data-alt=\"\" data-title=\"\"><picture class=\"skip-lazy\" data-skip-lazy=\"1\"><img decoding=\"async\" src=\"\/\/site.educa.madrid.org\/ies.antoniodenebrija.mostoles\/\/wp-content\/uploads\/ies.antoniodenebrija.mostoles\/2024\/07\/IES-Antonio-de-Nebrija-foto-aerea.jpg\" alt=\"\" title=\"\" loading=\"lazy\" class=\"skip-lazy\" data-skip-lazy=\"1\"><\/picture><\/div><div data-color=\"RGBA(255,255,255,0)\" style=\"background-color: RGBA(255,255,255,0);\" class=\"n2-ss-slide-background-color\"><\/div><\/div><div class=\"n2-ss-slide-background\" data-public-id=\"5\" data-mode=\"fill\"><div class=\"n2-ss-slide-background-image\" data-blur=\"0\" data-opacity=\"100\" data-x=\"50\" data-y=\"50\" data-alt=\"\" data-title=\"\"><picture class=\"skip-lazy\" data-skip-lazy=\"1\"><img decoding=\"async\" src=\"\/\/site.educa.madrid.org\/ies.antoniodenebrija.mostoles\/\/wp-content\/uploads\/ies.antoniodenebrija.mostoles\/2024\/07\/IES-Antonio-de-Nebrija-Cervantes.jpg\" alt=\"\" title=\"\" loading=\"lazy\" class=\"skip-lazy\" data-skip-lazy=\"1\"><\/picture><\/div><div data-color=\"RGBA(255,255,255,0)\" style=\"background-color: RGBA(255,255,255,0);\" class=\"n2-ss-slide-background-color\"><\/div><\/div><\/div>                    <div class=\"n2-ss-slider-4 n2-ow\">\n                        <svg xmlns=\"http:\/\/www.w3.org\/2000\/svg\" viewBox=\"0 0 1200 600\" data-related-device=\"desktopPortrait\" class=\"n2-ow n2-ss-preserve-size n2-ss-preserve-size--slider n2-ss-slide-limiter\"><\/svg><div data-slide-duration=\"0\" data-id=\"115\" data-slide-public-id=\"1\" data-title=\"IES Antonio de Nebrija Quijote\" class=\"n2-ss-slide n2-ow  n2-ss-slide-115\"><div role=\"note\" class=\"n2-ss-slide--focus\" tabindex=\"-1\">IES Antonio de Nebrija Quijote<\/div><div class=\"n2-ss-layers-container n2-ss-slide-limiter n2-ow\"><div class=\"n2-ss-layer n2-ow n-uc-SyyxP87lUdou\" data-sstype=\"slide\" data-pm=\"default\"><\/div><\/div><\/div><div data-slide-duration=\"0\" data-id=\"116\" data-slide-public-id=\"2\" data-title=\"IES Antonio de Nebrija meninas\" class=\"n2-ss-slide n2-ow  n2-ss-slide-116\"><div role=\"note\" class=\"n2-ss-slide--focus\" tabindex=\"-1\">IES Antonio de Nebrija meninas<\/div><div class=\"n2-ss-layers-container n2-ss-slide-limiter n2-ow\"><div class=\"n2-ss-layer n2-ow n-uc-oJ144cZJt2xb\" data-sstype=\"slide\" data-pm=\"default\"><\/div><\/div><\/div><div data-first=\"1\" data-slide-duration=\"0\" data-id=\"117\" data-slide-public-id=\"3\" data-title=\"IES Antonio de Nebrija foto fachada 25 aniversario\" class=\"n2-ss-slide n2-ow  n2-ss-slide-117\"><div role=\"note\" class=\"n2-ss-slide--focus\" tabindex=\"-1\">IES Antonio de Nebrija foto fachada 25 aniversario<\/div><div class=\"n2-ss-layers-container n2-ss-slide-limiter n2-ow\"><div class=\"n2-ss-layer n2-ow n-uc-UBSg2hs1OCUy\" data-sstype=\"slide\" data-pm=\"default\"><\/div><\/div><\/div><div data-slide-duration=\"0\" data-id=\"118\" data-slide-public-id=\"4\" data-title=\"IES Antonio de Nebrija foto a\u00e9rea\" class=\"n2-ss-slide n2-ow  n2-ss-slide-118\"><div role=\"note\" class=\"n2-ss-slide--focus\" tabindex=\"-1\">IES Antonio de Nebrija foto a\u00e9rea<\/div><div class=\"n2-ss-layers-container n2-ss-slide-limiter n2-ow\"><div class=\"n2-ss-layer n2-ow n-uc-bMonqcRPmZhu\" data-sstype=\"slide\" data-pm=\"default\"><\/div><\/div><\/div><div data-slide-duration=\"0\" data-id=\"119\" data-slide-public-id=\"5\" data-title=\"IES Antonio de Nebrija Cervantes\" class=\"n2-ss-slide n2-ow  n2-ss-slide-119\"><div role=\"note\" class=\"n2-ss-slide--focus\" tabindex=\"-1\">IES Antonio de Nebrija Cervantes<\/div><div class=\"n2-ss-layers-container n2-ss-slide-limiter n2-ow\"><div class=\"n2-ss-layer n2-ow n-uc-r0VgVpDagy4J\" data-sstype=\"slide\" data-pm=\"default\"><\/div><\/div><\/div>                    <\/div>\n\n                                    <\/div>\n            <\/div>\n        <\/div>\n        <div class=\"n2-ss-slider-controls n2-ss-slider-controls-absolute-left-center\"><div style=\"--widget-offset:15px;\" class=\"n2-ss-widget nextend-arrow n2-ow-all nextend-arrow-previous  nextend-arrow-animated-fade\" data-hide-mobileportrait=\"1\" id=\"n2-ss-3-arrow-previous\" role=\"button\" aria-label=\"previous arrow\" tabindex=\"0\"><img loading=\"lazy\" decoding=\"async\" width=\"32\" height=\"32\" class=\"skip-lazy\" data-skip-lazy=\"1\" src=\"data:image\/svg+xml;base64,PHN2ZyB3aWR0aD0iMzIiIGhlaWdodD0iMzIiIHZpZXdCb3g9IjAgMCAzMiAzMiIgeG1sbnM9Imh0dHA6Ly93d3cudzMub3JnLzIwMDAvc3ZnIj4KICAgIDxwYXRoIGQ9Ik0xMS40MzMgMTUuOTkyTDIyLjY5IDUuNzEyYy4zOTMtLjM5LjM5My0xLjAzIDAtMS40Mi0uMzkzLS4zOS0xLjAzLS4zOS0xLjQyMyAwbC0xMS45OCAxMC45NGMtLjIxLjIxLS4zLjQ5LS4yODUuNzYtLjAxNS4yOC4wNzUuNTYuMjg0Ljc3bDExLjk4IDEwLjk0Yy4zOTMuMzkgMS4wMy4zOSAxLjQyNCAwIC4zOTMtLjQuMzkzLTEuMDMgMC0xLjQybC0xMS4yNTctMTAuMjkiCiAgICAgICAgICBmaWxsPSIjZmZmZmZmIiBvcGFjaXR5PSIwLjgiIGZpbGwtcnVsZT0iZXZlbm9kZCIvPgo8L3N2Zz4=\" alt=\"previous arrow\"><\/div><\/div><div class=\"n2-ss-slider-controls n2-ss-slider-controls-absolute-right-center\"><div style=\"--widget-offset:15px;\" class=\"n2-ss-widget nextend-arrow n2-ow-all nextend-arrow-next  nextend-arrow-animated-fade\" data-hide-mobileportrait=\"1\" id=\"n2-ss-3-arrow-next\" role=\"button\" aria-label=\"next arrow\" tabindex=\"0\"><img loading=\"lazy\" decoding=\"async\" width=\"32\" height=\"32\" class=\"skip-lazy\" data-skip-lazy=\"1\" src=\"data:image\/svg+xml;base64,PHN2ZyB3aWR0aD0iMzIiIGhlaWdodD0iMzIiIHZpZXdCb3g9IjAgMCAzMiAzMiIgeG1sbnM9Imh0dHA6Ly93d3cudzMub3JnLzIwMDAvc3ZnIj4KICAgIDxwYXRoIGQ9Ik0xMC43MjIgNC4yOTNjLS4zOTQtLjM5LTEuMDMyLS4zOS0xLjQyNyAwLS4zOTMuMzktLjM5MyAxLjAzIDAgMS40MmwxMS4yODMgMTAuMjgtMTEuMjgzIDEwLjI5Yy0uMzkzLjM5LS4zOTMgMS4wMiAwIDEuNDIuMzk1LjM5IDEuMDMzLjM5IDEuNDI3IDBsMTIuMDA3LTEwLjk0Yy4yMS0uMjEuMy0uNDkuMjg0LS43Ny4wMTQtLjI3LS4wNzYtLjU1LS4yODYtLjc2TDEwLjcyIDQuMjkzeiIKICAgICAgICAgIGZpbGw9IiNmZmZmZmYiIG9wYWNpdHk9IjAuOCIgZmlsbC1ydWxlPSJldmVub2RkIi8+Cjwvc3ZnPg==\" alt=\"next arrow\"><\/div><\/div><\/div><\/div><ss3-loader><\/ss3-loader><\/div><\/div><div class=\"n2_clear\"><\/div><\/div><\/ss3-force-full-width><\/div>\n\n\n<div style=\"height:21px\" aria-hidden=\"true\" class=\"wp-block-spacer\"><\/div>\n\n\n\n<h2 class=\"wp-block-heading has-text-align-center has-vivid-cyan-blue-color has-text-color has-medium-font-size\"><em>\u00abLos encantos de esta ciencia sublime, las matem\u00e1ticas, s\u00f3lo se le revelan en toda su belleza a aquellos que tienen el coraje de profundizar en ella\u00bb.<\/em><\/h2>\n\n\n\n<p class=\"has-text-align-right\"><strong>Carl Friedrich Gauss<\/strong> (matem\u00e1tico y f\u00edsico alem\u00e1n, 1777-1855)<\/p>\n\n\n\n<div style=\"height:32px\" aria-hidden=\"true\" class=\"wp-block-spacer\"><\/div>\n\n\n\n<div class=\"wp-block-columns alignfull is-layout-flex wp-container-core-columns-is-layout-9d6595d7 wp-block-columns-is-layout-flex\">\n<div class=\"wp-block-column is-layout-flow wp-block-column-is-layout-flow\">\n<figure class=\"wp-block-image size-large\"><img loading=\"lazy\" decoding=\"async\" width=\"724\" height=\"1024\" src=\"https:\/\/site.educa.madrid.org\/ies.antoniodenebrija.mostoles\/\/wp-content\/uploads\/ies.antoniodenebrija.mostoles\/2025\/02\/REVISTA-EL-VIAJE-IV-EDICION-5-724x1024.jpg\" alt=\"\" class=\"wp-image-2635\" srcset=\"https:\/\/site.educa.madrid.org\/ies.antoniodenebrija.mostoles\/\/wp-content\/uploads\/ies.antoniodenebrija.mostoles\/2025\/02\/REVISTA-EL-VIAJE-IV-EDICION-5-724x1024.jpg 724w, https:\/\/site.educa.madrid.org\/ies.antoniodenebrija.mostoles\/\/wp-content\/uploads\/ies.antoniodenebrija.mostoles\/2025\/02\/REVISTA-EL-VIAJE-IV-EDICION-5-212x300.jpg 212w, https:\/\/site.educa.madrid.org\/ies.antoniodenebrija.mostoles\/\/wp-content\/uploads\/ies.antoniodenebrija.mostoles\/2025\/02\/REVISTA-EL-VIAJE-IV-EDICION-5-768x1086.jpg 768w, https:\/\/site.educa.madrid.org\/ies.antoniodenebrija.mostoles\/\/wp-content\/uploads\/ies.antoniodenebrija.mostoles\/2025\/02\/REVISTA-EL-VIAJE-IV-EDICION-5-1086x1536.jpg 1086w, https:\/\/site.educa.madrid.org\/ies.antoniodenebrija.mostoles\/\/wp-content\/uploads\/ies.antoniodenebrija.mostoles\/2025\/02\/REVISTA-EL-VIAJE-IV-EDICION-5.jpg 1414w\" sizes=\"auto, (max-width: 724px) 100vw, 724px\" \/><\/figure>\n<\/div>\n\n\n\n<div class=\"wp-block-column is-layout-flow wp-block-column-is-layout-flow\">\n<div class=\"wp-block-buttons alignwide is-content-justification-center is-layout-flex wp-container-core-buttons-is-layout-16018d1d wp-block-buttons-is-layout-flex\">\n<div class=\"wp-block-button is-style-fill\"><a class=\"wp-block-button__link has-vivid-red-color has-very-light-gray-to-cyan-bluish-gray-gradient-background has-text-color has-background has-link-color wp-element-button\"><strong>MIEMBROS DEL DEPARTAMENTO<\/strong><\/a><\/div>\n<\/div>\n\n\n\n<div style=\"height:18px\" aria-hidden=\"true\" class=\"wp-block-spacer\"><\/div>\n\n\n\n<p class=\"has-text-align-center\">Jos\u00e9 Cristino Mart\u00edn<\/p>\n\n\n\n<p class=\"has-text-align-center\">Jos\u00e9 Mar\u00eda Bernal (Jefe de Departamento)<\/p>\n\n\n\n<p class=\"has-text-align-center\">Alicia C\u00e1ceres<\/p>\n\n\n\n<p class=\"has-text-align-center\">Cristina Mart\u00edn<\/p>\n\n\n\n<p class=\"has-text-align-center\">Alberto Garc\u00eda<\/p>\n\n\n\n<p class=\"has-text-align-center\">Maximina Crist\u00f3bal<\/p>\n\n\n\n<p class=\"has-text-align-center\">Mar\u00eda L\u00f3pez<\/p>\n\n\n\n<p class=\"has-text-align-center\">Luc\u00eda Andr\u00e9s<\/p>\n\n\n\n<p class=\"has-text-align-center\">Cristina Gonzalo<\/p>\n\n\n\n<div style=\"height:18px\" aria-hidden=\"true\" class=\"wp-block-spacer\"><\/div>\n\n\n\n<div class=\"wp-block-buttons is-content-justification-center is-layout-flex wp-container-core-buttons-is-layout-16018d1d wp-block-buttons-is-layout-flex\">\n<div class=\"wp-block-button\"><a class=\"wp-block-button__link has-vivid-red-color has-very-light-gray-to-cyan-bluish-gray-gradient-background has-text-color has-background has-link-color wp-element-button\" href=\"https:\/\/site.educa.madrid.org\/ies.antoniodenebrija.mostoles\/\/wp-content\/uploads\/ies.antoniodenebrija.mostoles\/2025\/09\/25-26-CRITERIOS-MATEMATICAS.pdf\" target=\"_blank\" rel=\"noreferrer noopener\"><strong>Criterios de calificaci\u00f3n 25 26<\/strong><\/a><\/div>\n<\/div>\n\n\n\n<div style=\"height:18px\" aria-hidden=\"true\" class=\"wp-block-spacer\"><\/div>\n\n\n\n<div class=\"wp-block-buttons is-content-justification-center is-layout-flex wp-container-core-buttons-is-layout-16018d1d wp-block-buttons-is-layout-flex\">\n<div class=\"wp-block-button\"><a class=\"wp-block-button__link has-vivid-red-color has-very-light-gray-to-cyan-bluish-gray-gradient-background has-text-color has-background has-link-color wp-element-button\" href=\"https:\/\/site.educa.madrid.org\/ies.antoniodenebrija.mostoles\/index.php\/concurso-de-fotografia-matematica\/\"><strong>Concurso de Fotograf\u00eda Matem\u00e1tica<\/strong><\/a><\/div>\n<\/div>\n\n\n\n<div style=\"height:18px\" aria-hidden=\"true\" class=\"wp-block-spacer\"><\/div>\n\n\n\n<div class=\"wp-block-buttons is-content-justification-center is-layout-flex wp-container-core-buttons-is-layout-16018d1d wp-block-buttons-is-layout-flex\">\n<div class=\"wp-block-button\"><a class=\"wp-block-button__link has-vivid-red-color has-very-light-gray-to-cyan-bluish-gray-gradient-background has-text-color has-background has-link-color wp-element-button\" href=\"https:\/\/site.educa.madrid.org\/ies.antoniodenebrija.mostoles\/index.php\/proyecto-stem-bilingual\/\"><strong>STEM<\/strong><\/a><\/div>\n<\/div>\n<\/div>\n<\/div>\n\n\n\n<p>.<\/p>\n\n\n\t\t<div class=\"rttpg-block-postgrid rttpg-block-wrapper rttpg-block-812ce0 tpg-filter-type-dropdown meta-visibility-show section-title-style-style1 img_hover_animation_default title-default title_position_default title_hover_border_default meta_position_default tpg-is-author-icon-default author-image-visibility-icon tpg-category-position-default readmore-btn-default-style grid-hover-overlay-type-always grid-hover-overlay-height-default hover-overlay-height-default tpg-title-border-default filter-nex-prev-btn-visible tpg-cat-style1 slider-scroll-hide act-label-style-inline\">\n\t\t\t<div class=\"rt-container-fluid rt-tpg-container tpg-el-main-wrapper tpg-gutenberg clearfix list-layout1-main\"\n\t\t\t\t id=\"rt-tpg-container-3908041868\"\n\t\t\t\t data-layout=\"list-layout1\"\n\t\t\t\t data-grid-style=\"tpg-even\" data-sc-id=\"elementor\"\n\t\t\t\t data-el-settings=''\n\t\t\t\t data-el-query=''\n\t\t\t\t data-el-path=''>\n\t\t\t\t\t\t\t\t<div class='tpg-header-wrapper '>\n\t\t\t\t\t\n        <div class=\"tpg-widget-heading-wrapper rt-clear heading-style1 \">\n            <span class=\"tpg-widget-heading-line line-left\"><\/span>\n\t\t\t<h2 class='tpg-widget-heading'>\n\t\t\t            <a href=\"#\"  >\n\t\t\t\t\n\t\t\t\t                    <span>\n\t\t\t\t\t\tSalidas extraescolares\t\t\t\t\t<\/span>\n\t\t\t\t\t\n\t\t\t\t            <\/a>\n\n\t\t\t\t\t<\/h2>            <span class=\"tpg-widget-heading-line line-right\"><\/span>\n\n\t\t\t\n        <\/div>\n\n\t\t\n\t\t\t\t\t\t<\/div>\n\t\t\t\t<div class=\"rt-row rt-content-loader gutenberg-inner list-layout1 tpg-even list-behaviour list-layout-wrapper\">\n\t\t\t\t\t\n<div class=\"rt-col-md-12 rt-col-sm-12 rt-col-xs-12 default rt-list-item rt-grid-item\" data-id=\"2317\">\n\t<div class=\"rt-holder tpg-post-holder \">\n\t\t<div class=\"rt-detail rt-el-content-wrapper\">\n\t\t\t\t\t\t\t<div class=\"rt-img-holder tpg-el-image-wrap has-thumbnail\">\n\t\t\t\t\t<a data-id=\"2317\" href=\"https:\/\/site.educa.madrid.org\/ies.antoniodenebrija.mostoles\/index.php\/2024\/12\/04\/la-nave-madrid-semana-de-la-ciencia-13-noviembre-de-2024\/\" class=\"tpg-post-link\" target=\"_self\">                        <img loading=\"lazy\" decoding=\"async\" src=\"https:\/\/site.educa.madrid.org\/ies.antoniodenebrija.mostoles\/\/wp-content\/uploads\/ies.antoniodenebrija.mostoles\/2024\/12\/20241113_093208-768x346.jpg\"\n                             class=\"rt-img-responsive\"\n                             width=\"768\"\n                             height=\"346\"\n                             alt=\"La Nave Madrid. Semana de la Ciencia (13 noviembre de 2024)\">\n\t\t\t\t\t\t\n\t\t\t\t\t\t\t\n\t\t<\/a>\n\t\t        <div class=\"overlay grid-hover-content\"><\/div>\n\t\t\t\t\t\t<\/div>\n\t\t\t\n\t\t\t<div class=\"post-right-content\">\n\n\t\t\t\t<div class=\"entry-title-wrapper\"><h3 class=\"entry-title\"><a data-id=\"2317\" href=\"https:\/\/site.educa.madrid.org\/ies.antoniodenebrija.mostoles\/index.php\/2024\/12\/04\/la-nave-madrid-semana-de-la-ciencia-13-noviembre-de-2024\/\" class=\"tpg-post-link\" target=\"_self\">La Nave Madrid. Semana de la Ciencia (13 noviembre de 2024)<\/a><\/h3><\/div>\n\t\t\t\t\t\t\t\t\t<div class=\"post-meta-tags rt-el-post-meta\">\n\t\t\t\t\t\t\t\t\t\t\t<\/div>\n\t\t\t\t\n\t\t\t\t\t\t\t\t\t<div class=\"tpg-excerpt tpg-el-excerpt\">\n\t\t\t\t\t\t\t\t\t\t\t\t\t<div class=\"tpg-excerpt-inner\">\n\t\t\t\t\t\t\t\tLa\u00a0Semana de la Ciencia y la Innovaci\u00f3n de Madrid, organizada por la Comunidad de Madrid a trav\u00e9s de&#8230;\t\t\t\t\t\t\t<\/div>\n\t\t\t\t\t\t\t\t\t\t\t\t\t\t\t\t\t<\/div>\n\t\t\t\t\n\t\t\t\t\t\t\t<\/div>\n\n\t\t<\/div>\n\t<\/div>\n<\/div>\t\t\t\t<\/div>\n\n\t\t\t\t\n\t\t\t<\/div>\n\t\t<\/div>\n\t\t","protected":false},"excerpt":{"rendered":"<p>\u201c<br \/>\nLos encantos de esta ciencia sublime, las matem\u00e1ticas, s\u00f3lo se le revelan en toda su belleza a aquellos que tienen el coraje de profundizar en ella.<\/p>\n<p>Carl Friedrich Gauss<br \/>\n(matem\u00e1tico y f\u00edsico alem\u00e1n, 1777-1855) <\/p>\n","protected":false},"author":2,"featured_media":2635,"parent":209,"menu_order":0,"comment_status":"closed","ping_status":"closed","template":"","meta":{"footnotes":""},"folder":[],"class_list":["post-572","page","type-page","status-publish","has-post-thumbnail","hentry"],"rttpg_featured_image_url":{"full":["https:\/\/site.educa.madrid.org\/ies.antoniodenebrija.mostoles\/\/wp-content\/uploads\/ies.antoniodenebrija.mostoles\/2025\/02\/REVISTA-EL-VIAJE-IV-EDICION-5.jpg",1414,2000,false],"landscape":["https:\/\/site.educa.madrid.org\/ies.antoniodenebrija.mostoles\/\/wp-content\/uploads\/ies.antoniodenebrija.mostoles\/2025\/02\/REVISTA-EL-VIAJE-IV-EDICION-5.jpg",1414,2000,false],"portraits":["https:\/\/site.educa.madrid.org\/ies.antoniodenebrija.mostoles\/\/wp-content\/uploads\/ies.antoniodenebrija.mostoles\/2025\/02\/REVISTA-EL-VIAJE-IV-EDICION-5.jpg",1414,2000,false],"thumbnail":["https:\/\/site.educa.madrid.org\/ies.antoniodenebrija.mostoles\/\/wp-content\/uploads\/ies.antoniodenebrija.mostoles\/2025\/02\/REVISTA-EL-VIAJE-IV-EDICION-5-150x150.jpg",150,150,true],"medium":["https:\/\/site.educa.madrid.org\/ies.antoniodenebrija.mostoles\/\/wp-content\/uploads\/ies.antoniodenebrija.mostoles\/2025\/02\/REVISTA-EL-VIAJE-IV-EDICION-5-212x300.jpg",212,300,true],"large":["https:\/\/site.educa.madrid.org\/ies.antoniodenebrija.mostoles\/\/wp-content\/uploads\/ies.antoniodenebrija.mostoles\/2025\/02\/REVISTA-EL-VIAJE-IV-EDICION-5-724x1024.jpg",724,1024,true],"thumblist":["https:\/\/site.educa.madrid.org\/ies.antoniodenebrija.mostoles\/\/wp-content\/uploads\/ies.antoniodenebrija.mostoles\/2025\/02\/REVISTA-EL-VIAJE-IV-EDICION-5-300x300.jpg",300,300,true],"thumbrelated":["https:\/\/site.educa.madrid.org\/ies.antoniodenebrija.mostoles\/\/wp-content\/uploads\/ies.antoniodenebrija.mostoles\/2025\/02\/REVISTA-EL-VIAJE-IV-EDICION-5-500x500.jpg",500,500,true],"meccarouselthumb":["https:\/\/site.educa.madrid.org\/ies.antoniodenebrija.mostoles\/\/wp-content\/uploads\/ies.antoniodenebrija.mostoles\/2025\/02\/REVISTA-EL-VIAJE-IV-EDICION-5-474x324.jpg",474,324,true],"gridsquare":["https:\/\/site.educa.madrid.org\/ies.antoniodenebrija.mostoles\/\/wp-content\/uploads\/ies.antoniodenebrija.mostoles\/2025\/02\/REVISTA-EL-VIAJE-IV-EDICION-5-391x260.jpg",391,260,true],"tileview":["https:\/\/site.educa.madrid.org\/ies.antoniodenebrija.mostoles\/\/wp-content\/uploads\/ies.antoniodenebrija.mostoles\/2025\/02\/REVISTA-EL-VIAJE-IV-EDICION-5-300x400.jpg",300,400,true],"1536x1536":["https:\/\/site.educa.madrid.org\/ies.antoniodenebrija.mostoles\/\/wp-content\/uploads\/ies.antoniodenebrija.mostoles\/2025\/02\/REVISTA-EL-VIAJE-IV-EDICION-5-1086x1536.jpg",1086,1536,true],"2048x2048":["https:\/\/site.educa.madrid.org\/ies.antoniodenebrija.mostoles\/\/wp-content\/uploads\/ies.antoniodenebrija.mostoles\/2025\/02\/REVISTA-EL-VIAJE-IV-EDICION-5.jpg",1414,2000,false],"onepress-blog-small":["https:\/\/site.educa.madrid.org\/ies.antoniodenebrija.mostoles\/\/wp-content\/uploads\/ies.antoniodenebrija.mostoles\/2025\/02\/REVISTA-EL-VIAJE-IV-EDICION-5-300x150.jpg",300,150,true],"onepress-small":["https:\/\/site.educa.madrid.org\/ies.antoniodenebrija.mostoles\/\/wp-content\/uploads\/ies.antoniodenebrija.mostoles\/2025\/02\/REVISTA-EL-VIAJE-IV-EDICION-5-480x300.jpg",480,300,true],"onepress-medium":["https:\/\/site.educa.madrid.org\/ies.antoniodenebrija.mostoles\/\/wp-content\/uploads\/ies.antoniodenebrija.mostoles\/2025\/02\/REVISTA-EL-VIAJE-IV-EDICION-5-640x400.jpg",640,400,true],"sow-carousel-default":["https:\/\/site.educa.madrid.org\/ies.antoniodenebrija.mostoles\/\/wp-content\/uploads\/ies.antoniodenebrija.mostoles\/2025\/02\/REVISTA-EL-VIAJE-IV-EDICION-5-272x182.jpg",272,182,true],"sow-post-carousel-overlay-theme":["https:\/\/site.educa.madrid.org\/ies.antoniodenebrija.mostoles\/\/wp-content\/uploads\/ies.antoniodenebrija.mostoles\/2025\/02\/REVISTA-EL-VIAJE-IV-EDICION-5.jpg",337,476,false],"sow-post-carousel-cards-theme":["https:\/\/site.educa.madrid.org\/ies.antoniodenebrija.mostoles\/\/wp-content\/uploads\/ies.antoniodenebrija.mostoles\/2025\/02\/REVISTA-EL-VIAJE-IV-EDICION-5.jpg",170,240,false],"rt_custom":["https:\/\/site.educa.madrid.org\/ies.antoniodenebrija.mostoles\/\/wp-content\/uploads\/ies.antoniodenebrija.mostoles\/2025\/02\/REVISTA-EL-VIAJE-IV-EDICION-5.jpg",1414,2000,false]},"rttpg_author":{"display_name":"tic.ies.antoniodenebrija.mostoles","author_link":"https:\/\/site.educa.madrid.org\/ies.antoniodenebrija.mostoles\/index.php\/author\/cuenta_tic-ies-antoniodenebrija-mostoles\/"},"rttpg_comment":0,"rttpg_category":false,"rttpg_excerpt":"\u201c Los encantos de esta ciencia sublime, las matem\u00e1ticas, s\u00f3lo se le revelan en toda su belleza a aquellos que tienen el coraje de profundizar en ella. Carl Friedrich Gauss (matem\u00e1tico y f\u00edsico alem\u00e1n, 1777-1855)","post_mailing_queue_ids":[],"_links":{"self":[{"href":"https:\/\/site.educa.madrid.org\/ies.antoniodenebrija.mostoles\/index.php\/wp-json\/wp\/v2\/pages\/572","targetHints":{"allow":["GET"]}}],"collection":[{"href":"https:\/\/site.educa.madrid.org\/ies.antoniodenebrija.mostoles\/index.php\/wp-json\/wp\/v2\/pages"}],"about":[{"href":"https:\/\/site.educa.madrid.org\/ies.antoniodenebrija.mostoles\/index.php\/wp-json\/wp\/v2\/types\/page"}],"author":[{"embeddable":true,"href":"https:\/\/site.educa.madrid.org\/ies.antoniodenebrija.mostoles\/index.php\/wp-json\/wp\/v2\/users\/2"}],"replies":[{"embeddable":true,"href":"https:\/\/site.educa.madrid.org\/ies.antoniodenebrija.mostoles\/index.php\/wp-json\/wp\/v2\/comments?post=572"}],"version-history":[{"count":40,"href":"https:\/\/site.educa.madrid.org\/ies.antoniodenebrija.mostoles\/index.php\/wp-json\/wp\/v2\/pages\/572\/revisions"}],"predecessor-version":[{"id":5012,"href":"https:\/\/site.educa.madrid.org\/ies.antoniodenebrija.mostoles\/index.php\/wp-json\/wp\/v2\/pages\/572\/revisions\/5012"}],"up":[{"embeddable":true,"href":"https:\/\/site.educa.madrid.org\/ies.antoniodenebrija.mostoles\/index.php\/wp-json\/wp\/v2\/pages\/209"}],"wp:featuredmedia":[{"embeddable":true,"href":"https:\/\/site.educa.madrid.org\/ies.antoniodenebrija.mostoles\/index.php\/wp-json\/wp\/v2\/media\/2635"}],"wp:attachment":[{"href":"https:\/\/site.educa.madrid.org\/ies.antoniodenebrija.mostoles\/index.php\/wp-json\/wp\/v2\/media?parent=572"}],"wp:term":[{"taxonomy":"folder","embeddable":true,"href":"https:\/\/site.educa.madrid.org\/ies.antoniodenebrija.mostoles\/index.php\/wp-json\/wp\/v2\/folder?post=572"}],"curies":[{"name":"wp","href":"https:\/\/api.w.org\/{rel}","templated":true}]}}