{"id":950,"date":"2024-03-06T15:55:13","date_gmt":"2024-03-06T14:55:13","guid":{"rendered":"https:\/\/site.educa.madrid.org\/ies.antoniodenebrija.mostoles\/?page_id=950"},"modified":"2025-09-24T16:24:50","modified_gmt":"2025-09-24T14:24:50","slug":"accede","status":"publish","type":"page","link":"https:\/\/site.educa.madrid.org\/ies.antoniodenebrija.mostoles\/index.php\/accede\/","title":{"rendered":"Accede"},"content":{"rendered":"\n<p class=\"has-text-align-center has-black-color has-text-color has-link-color has-medium-font-size wp-elements-94d6a93f50481cb41c50804d9c62971a\">Sistema de pr\u00e9stamo de los libros de texto y el material curricular de la Comunidad de Madrid<\/p>\n\n\n\n<p class=\"has-text-align-center has-black-color has-text-color has-link-color wp-elements-7c05af583b4051a10b214d653dd342c3\"><strong><strong>Para alumnado nuevo en el programa o en el centro, se puede proceder al ingreso de la fianza (30\u20ac en 1\u00ba, 2\u00ba y 3\u00ba ESO; 60\u20ac en 4\u00ba ESO; Bahillerato no incluido) del programa Accede en la cuenta <strong>ES58 2100 5731 7102 0006 3586<\/strong> en la primera semana de septiembre 2025, especificando en el concepto el <mark style=\"background-color:rgba(0, 0, 0, 0)\" class=\"has-inline-color has-vivid-red-color\">nombre del alumno correspondiente<\/mark>. El justificante de pago deber\u00e1 ser presentado en Secretar\u00eda durante la semana del 15 al 19 de septiembre 2025.<\/strong><\/strong><\/p>\n\n\n\n<p class=\"has-text-align-center has-black-color has-text-color has-link-color wp-elements-6012206d8ba03ce8868338711ee22541\"><strong>Las devoluciones correspondientes se tramitar\u00e1n a partir de octubre 2025.<\/strong><\/p>\n\n\n\n<p class=\"has-text-align-center has-black-color has-text-color has-link-color wp-elements-a7fb4ac6563926bfc90be87e1f3852ee\"><strong>El alumnado recibir\u00e1 sus libros tras el comienzo de las clases, seg\u00fan el calendario que se establezca en el momento. El reparto se realizar\u00e1 en la semana del 22 al 26 de septiembre<\/strong>.<\/p>\n\n\n\n<p class=\"has-text-align-center has-black-color has-text-color has-link-color wp-elements-c76ef56394217ed3496c4fc5ff743da0\"><strong>Descarga aqu\u00ed el formulario para la autorizaci\u00f3n de la recogida del dinero de ACCEDE del curso pasado<\/strong>.<\/p>\n\n\n\n<div data-wp-interactive=\"core\/file\" class=\"wp-block-file\"><object data-wp-bind--hidden=\"!state.hasPdfPreview\" hidden class=\"wp-block-file__embed\" data=\"https:\/\/site.educa.madrid.org\/ies.antoniodenebrija.mostoles\/\/wp-content\/uploads\/ies.antoniodenebrija.mostoles\/2025\/09\/autorizacion-devolucion-ACCEDE.pdf\" type=\"application\/pdf\" style=\"width:100%;height:600px\" aria-label=\"Incrustado de autorizaci\u00f3n devoluci\u00f3n ACCEDE.\"><\/object><a id=\"wp-block-file--media-ce162b0a-e20e-4fac-afdd-da2d73ca645a\" href=\"https:\/\/site.educa.madrid.org\/ies.antoniodenebrija.mostoles\/\/wp-content\/uploads\/ies.antoniodenebrija.mostoles\/2025\/09\/autorizacion-devolucion-ACCEDE.pdf\">autorizaci\u00f3n devoluci\u00f3n ACCEDE<\/a><a href=\"https:\/\/site.educa.madrid.org\/ies.antoniodenebrija.mostoles\/\/wp-content\/uploads\/ies.antoniodenebrija.mostoles\/2025\/09\/autorizacion-devolucion-ACCEDE.pdf\" class=\"wp-block-file__button wp-element-button\" download aria-describedby=\"wp-block-file--media-ce162b0a-e20e-4fac-afdd-da2d73ca645a\">Descarga<\/a><\/div>\n","protected":false},"excerpt":{"rendered":"<p>Sistema de pr\u00e9stamo de los libros de texto y el material curricular de la Comunidad de Madrid Para alumnado nuevo en el programa o en el centro, se puede proceder &#8230;<\/p>\n","protected":false},"author":11,"featured_media":0,"parent":0,"menu_order":0,"comment_status":"closed","ping_status":"closed","template":"","meta":{"footnotes":""},"folder":[],"class_list":["post-950","page","type-page","status-publish","hentry"],"rttpg_featured_image_url":null,"rttpg_author":{"display_name":"Alicia C\u00e1ceres Garc\u00eda","author_link":"https:\/\/site.educa.madrid.org\/ies.antoniodenebrija.mostoles\/index.php\/author\/alicia_caceres-garcia\/"},"rttpg_comment":0,"rttpg_category":false,"rttpg_excerpt":"Sistema de pr\u00e9stamo de los libros de texto y el material curricular de la Comunidad de Madrid Para alumnado nuevo en el programa o en el centro, se puede proceder ...","post_mailing_queue_ids":[],"_links":{"self":[{"href":"https:\/\/site.educa.madrid.org\/ies.antoniodenebrija.mostoles\/index.php\/wp-json\/wp\/v2\/pages\/950","targetHints":{"allow":["GET"]}}],"collection":[{"href":"https:\/\/site.educa.madrid.org\/ies.antoniodenebrija.mostoles\/index.php\/wp-json\/wp\/v2\/pages"}],"about":[{"href":"https:\/\/site.educa.madrid.org\/ies.antoniodenebrija.mostoles\/index.php\/wp-json\/wp\/v2\/types\/page"}],"author":[{"embeddable":true,"href":"https:\/\/site.educa.madrid.org\/ies.antoniodenebrija.mostoles\/index.php\/wp-json\/wp\/v2\/users\/11"}],"replies":[{"embeddable":true,"href":"https:\/\/site.educa.madrid.org\/ies.antoniodenebrija.mostoles\/index.php\/wp-json\/wp\/v2\/comments?post=950"}],"version-history":[{"count":14,"href":"https:\/\/site.educa.madrid.org\/ies.antoniodenebrija.mostoles\/index.php\/wp-json\/wp\/v2\/pages\/950\/revisions"}],"predecessor-version":[{"id":4075,"href":"https:\/\/site.educa.madrid.org\/ies.antoniodenebrija.mostoles\/index.php\/wp-json\/wp\/v2\/pages\/950\/revisions\/4075"}],"wp:attachment":[{"href":"https:\/\/site.educa.madrid.org\/ies.antoniodenebrija.mostoles\/index.php\/wp-json\/wp\/v2\/media?parent=950"}],"wp:term":[{"taxonomy":"folder","embeddable":true,"href":"https:\/\/site.educa.madrid.org\/ies.antoniodenebrija.mostoles\/index.php\/wp-json\/wp\/v2\/folder?post=950"}],"curies":[{"name":"wp","href":"https:\/\/api.w.org\/{rel}","templated":true}]}}