{"id":194,"date":"2024-02-13T09:41:33","date_gmt":"2024-02-13T08:41:33","guid":{"rendered":"https:\/\/site.educa.madrid.org\/ies.antoniogaudi.coslada\/?page_id=194"},"modified":"2025-03-12T11:01:22","modified_gmt":"2025-03-12T10:01:22","slug":"contacto","status":"publish","type":"page","link":"https:\/\/site.educa.madrid.org\/ies.antoniogaudi.coslada\/index.php\/contacto\/","title":{"rendered":"Contacto"},"content":{"rendered":"<p><strong>Correo Electr\u00f3nico Institucional: <a href=\"mailto:ies.antoniogaudi.coslada@educa.madrid.org\">ies.antoniogaudi.coslada@educa.madrid.org<\/a><\/strong><\/p>\n<p><strong>Correo Electr\u00f3nico de Secretar\u00eda: <a href=\"mailto:secretaria.ies.antoniogaudi.coslada@educa.madrid.org\">secretaria.ies.antoniogaudi.coslada@educa.madrid.org<\/a><\/strong><\/p>\n<p><strong>Correo Electr\u00f3nico de Orientaci\u00f3n: <a href=\"mailto:deporientacion.ies.antoniogaudi.coslada@educa.madrid.org\">deporientacion.ies.antoniogaudi.coslada@educa.madrid.org<\/a><\/strong><\/p>\n<p><strong>Tfno de Contacto: 916733314<\/strong><\/p>\n<p><strong>Horario de Contacto Telef\u00f3nico: 8:30 &#8211; 15:25<\/strong><\/p>\n<p><strong><span class=\"w8qArf\"><a class=\"fl\" href=\"https:\/\/www.google.com\/search?client=firefox-b-d&amp;sca_esv=8add31af34f47e86&amp;sxsrf=ACQVn09ZujwfmCix4fQwSdUDm62DV3EEUQ:1706616274244&amp;q=i.e.s.+antonio+gaud%C3%AD+direcci%C3%B3n&amp;ludocid=8963834062663225631&amp;sa=X&amp;ved=2ahUKEwjA76yGiYWEAxXegv0HHdxHAW4Q6BN6BAhREAI\" data-ved=\"2ahUKEwjA76yGiYWEAxXegv0HHdxHAW4Q6BN6BAhREAI\">Direcci\u00f3n<\/a>:<\/span><\/strong><\/p>\n<div class=\"M2Cv8e hP3ybd\">\n<div class=\"gqkR3b hP3ybd\"><strong><a tabindex=\"0\" href=\"https:\/\/www.google.com\/maps\/place\/\/data=!4m2!3m1!1s0xd423086d15991dd:0x7c65ef966a96911f?sa=X&amp;ved=2ahUKEwjA76yGiYWEAxXegv0HHdxHAW4Q4kB6BAg3EAA\" data-url=\"\/maps\/place\/\/data=!4m2!3m1!1s0xd423086d15991dd:0x7c65ef966a96911f?sa=X&amp;ved=2ahUKEwjA76yGiYWEAxXegv0HHdxHAW4Q4kB6BAg3EAA\" data-jsarwt=\"1\" data-usg=\"AOvVaw2uA3FtTB-EvQFhf58Vaw_x\" data-ved=\"2ahUKEwjA76yGiYWEAxXegv0HHdxHAW4Q4kB6BAhREAM\">C. del J\u00facar, 1, 28823 Coslada, Madrid<\/a><\/strong><\/div>\n<\/div>\n","protected":false},"excerpt":{"rendered":"<p>Correo Electr\u00f3nico Institucional: ies.antoniogaudi.coslada@educa.madrid.org Correo Electr\u00f3nico de Secretar\u00eda: secretaria.ies.antoniogaudi.coslada@educa.madrid.org Correo Electr\u00f3nico de Orientaci\u00f3n: deporientacion.ies.antoniogaudi.coslada@educa.madrid.org Tfno de Contacto: 916733314 Horario de Contacto Telef\u00f3nico: 8:30 &#8211; 15:25 Direcci\u00f3n: C. del J\u00facar, 1, 28823 Coslada, Madrid<\/p>\n","protected":false},"author":3,"featured_media":195,"parent":0,"menu_order":0,"comment_status":"closed","ping_status":"closed","template":"","meta":{"footnotes":""},"folder":[],"class_list":["post-194","page","type-page","status-publish","has-post-thumbnail","hentry"],"rttpg_featured_image_url":{"full":["https:\/\/site.educa.madrid.org\/ies.antoniogaudi.coslada\/\/wp-content\/uploads\/ies.antoniogaudi.coslada\/2024\/02\/fotogaudi.png",838,416,false],"landscape":["https:\/\/site.educa.madrid.org\/ies.antoniogaudi.coslada\/\/wp-content\/uploads\/ies.antoniogaudi.coslada\/2024\/02\/fotogaudi.png",838,416,false],"portraits":["https:\/\/site.educa.madrid.org\/ies.antoniogaudi.coslada\/\/wp-content\/uploads\/ies.antoniogaudi.coslada\/2024\/02\/fotogaudi.png",838,416,false],"thumbnail":["https:\/\/site.educa.madrid.org\/ies.antoniogaudi.coslada\/\/wp-content\/uploads\/ies.antoniogaudi.coslada\/2024\/02\/fotogaudi-150x150.png",150,150,true],"medium":["https:\/\/site.educa.madrid.org\/ies.antoniogaudi.coslada\/\/wp-content\/uploads\/ies.antoniogaudi.coslada\/2024\/02\/fotogaudi-300x149.png",300,149,true],"large":["https:\/\/site.educa.madrid.org\/ies.antoniogaudi.coslada\/\/wp-content\/uploads\/ies.antoniogaudi.coslada\/2024\/02\/fotogaudi.png",525,261,false],"thumblist":["https:\/\/site.educa.madrid.org\/ies.antoniogaudi.coslada\/\/wp-content\/uploads\/ies.antoniogaudi.coslada\/2024\/02\/fotogaudi-300x300.png",300,300,true],"thumbrelated":["https:\/\/site.educa.madrid.org\/ies.antoniogaudi.coslada\/\/wp-content\/uploads\/ies.antoniogaudi.coslada\/2024\/02\/fotogaudi.png",500,248,false],"meccarouselthumb":["https:\/\/site.educa.madrid.org\/ies.antoniogaudi.coslada\/\/wp-content\/uploads\/ies.antoniogaudi.coslada\/2024\/02\/fotogaudi-474x324.png",474,324,true],"gridsquare":["https:\/\/site.educa.madrid.org\/ies.antoniogaudi.coslada\/\/wp-content\/uploads\/ies.antoniogaudi.coslada\/2024\/02\/fotogaudi-391x260.png",391,260,true],"tileview":["https:\/\/site.educa.madrid.org\/ies.antoniogaudi.coslada\/\/wp-content\/uploads\/ies.antoniogaudi.coslada\/2024\/02\/fotogaudi-300x400.png",300,400,true],"1536x1536":["https:\/\/site.educa.madrid.org\/ies.antoniogaudi.coslada\/\/wp-content\/uploads\/ies.antoniogaudi.coslada\/2024\/02\/fotogaudi.png",838,416,false],"2048x2048":["https:\/\/site.educa.madrid.org\/ies.antoniogaudi.coslada\/\/wp-content\/uploads\/ies.antoniogaudi.coslada\/2024\/02\/fotogaudi.png",838,416,false],"gurukul-education-featured-image":["https:\/\/site.educa.madrid.org\/ies.antoniogaudi.coslada\/\/wp-content\/uploads\/ies.antoniogaudi.coslada\/2024\/02\/fotogaudi.png",838,416,false],"gurukul-education-thumbnail-avatar":["https:\/\/site.educa.madrid.org\/ies.antoniogaudi.coslada\/\/wp-content\/uploads\/ies.antoniogaudi.coslada\/2024\/02\/fotogaudi-100x100.png",100,100,true],"sow-carousel-default":["https:\/\/site.educa.madrid.org\/ies.antoniogaudi.coslada\/\/wp-content\/uploads\/ies.antoniogaudi.coslada\/2024\/02\/fotogaudi-272x182.png",272,182,true],"sow-post-carousel-overlay-theme":["https:\/\/site.educa.madrid.org\/ies.antoniogaudi.coslada\/\/wp-content\/uploads\/ies.antoniogaudi.coslada\/2024\/02\/fotogaudi.png",360,179,false],"sow-post-carousel-cards-theme":["https:\/\/site.educa.madrid.org\/ies.antoniogaudi.coslada\/\/wp-content\/uploads\/ies.antoniogaudi.coslada\/2024\/02\/fotogaudi.png",360,179,false],"rt_custom":["https:\/\/site.educa.madrid.org\/ies.antoniogaudi.coslada\/\/wp-content\/uploads\/ies.antoniogaudi.coslada\/2024\/02\/fotogaudi.png",838,416,false]},"rttpg_author":{"display_name":"ies.antoniogaudi.coslada","author_link":"https:\/\/site.educa.madrid.org\/ies.antoniogaudi.coslada\/index.php\/author\/cuenta_ies-antoniogaudi-coslada\/"},"rttpg_comment":0,"rttpg_category":false,"rttpg_excerpt":"Correo Electr\u00f3nico Institucional: ies.antoniogaudi.coslada@educa.madrid.org Correo Electr\u00f3nico de Secretar\u00eda: secretaria.ies.antoniogaudi.coslada@educa.madrid.org Correo Electr\u00f3nico de Orientaci\u00f3n: deporientacion.ies.antoniogaudi.coslada@educa.madrid.org Tfno de Contacto: 916733314 Horario de Contacto Telef\u00f3nico: 8:30 &#8211; 15:25 Direcci\u00f3n: C. del J\u00facar, 1, 28823 Coslada, Madrid","post_mailing_queue_ids":[],"_links":{"self":[{"href":"https:\/\/site.educa.madrid.org\/ies.antoniogaudi.coslada\/index.php\/wp-json\/wp\/v2\/pages\/194","targetHints":{"allow":["GET"]}}],"collection":[{"href":"https:\/\/site.educa.madrid.org\/ies.antoniogaudi.coslada\/index.php\/wp-json\/wp\/v2\/pages"}],"about":[{"href":"https:\/\/site.educa.madrid.org\/ies.antoniogaudi.coslada\/index.php\/wp-json\/wp\/v2\/types\/page"}],"author":[{"embeddable":true,"href":"https:\/\/site.educa.madrid.org\/ies.antoniogaudi.coslada\/index.php\/wp-json\/wp\/v2\/users\/3"}],"replies":[{"embeddable":true,"href":"https:\/\/site.educa.madrid.org\/ies.antoniogaudi.coslada\/index.php\/wp-json\/wp\/v2\/comments?post=194"}],"version-history":[{"count":4,"href":"https:\/\/site.educa.madrid.org\/ies.antoniogaudi.coslada\/index.php\/wp-json\/wp\/v2\/pages\/194\/revisions"}],"predecessor-version":[{"id":537,"href":"https:\/\/site.educa.madrid.org\/ies.antoniogaudi.coslada\/index.php\/wp-json\/wp\/v2\/pages\/194\/revisions\/537"}],"wp:featuredmedia":[{"embeddable":true,"href":"https:\/\/site.educa.madrid.org\/ies.antoniogaudi.coslada\/index.php\/wp-json\/wp\/v2\/media\/195"}],"wp:attachment":[{"href":"https:\/\/site.educa.madrid.org\/ies.antoniogaudi.coslada\/index.php\/wp-json\/wp\/v2\/media?parent=194"}],"wp:term":[{"taxonomy":"folder","embeddable":true,"href":"https:\/\/site.educa.madrid.org\/ies.antoniogaudi.coslada\/index.php\/wp-json\/wp\/v2\/folder?post=194"}],"curies":[{"name":"wp","href":"https:\/\/api.w.org\/{rel}","templated":true}]}}