{"id":201,"date":"2024-02-13T09:46:06","date_gmt":"2024-02-13T08:46:06","guid":{"rendered":"https:\/\/site.educa.madrid.org\/ies.antoniogaudi.coslada\/?page_id=201"},"modified":"2024-02-13T09:46:06","modified_gmt":"2024-02-13T08:46:06","slug":"informacion-administrativa","status":"publish","type":"page","link":"https:\/\/site.educa.madrid.org\/ies.antoniogaudi.coslada\/index.php\/informacion-administrativa\/","title":{"rendered":"Informaci\u00f3n Administrativa"},"content":{"rendered":"<section class=\"article-content clearfix\">\n<h1 class=\"uk-article-title\">Informaci\u00f3n 2\u00ba Bachillerato<\/h1>\n<p class=\"uk-article-meta\">\n<p><strong>Informaci\u00f3n sobre EVAU<\/strong><\/p>\n<ul>\n<li><strong><a href=\"https:\/\/www.uah.es\/es\/admision-y-ayudas\/grados\/pruebas-de-acceso\/Evaluacion-para-el-Acceso-a-la-Universidad\/\" target=\"_blank\" rel=\"noopener\">Universidad de Alcal\u00e1 de Henares<\/a><\/strong><\/li>\n<\/ul>\n<p><strong>Informaci\u00f3n sobre la Universidad<\/strong><\/p>\n<ul>\n<li><a href=\"http:\/\/www.comunidad.madrid\/servicios\/educacion\/universidades\" target=\"_blank\" rel=\"noopener\"><strong>Universidad\u00a0Comunidad de Madrid<\/strong><\/a><\/li>\n<\/ul>\n<p><strong>Informaci\u00f3n sobre Ciclos Formativos de Grado Superior<\/strong><\/p>\n<ul>\n<li><a href=\"http:\/\/www.comunidad.madrid\/servicios\/educacion\/formacion-profesional\" target=\"_blank\" rel=\"noopener\">\u00a0<strong>Formaci\u00f3n Profesional Comunidad de Madrid<\/strong><\/a><\/li>\n<\/ul>\n<\/section>\n","protected":false},"excerpt":{"rendered":"<p>Informaci\u00f3n 2\u00ba Bachillerato Informaci\u00f3n sobre EVAU Universidad de Alcal\u00e1 de Henares Informaci\u00f3n sobre la Universidad Universidad\u00a0Comunidad de Madrid Informaci\u00f3n sobre Ciclos Formativos de Grado Superior \u00a0Formaci\u00f3n Profesional Comunidad de Madrid<\/p>\n","protected":false},"author":3,"featured_media":0,"parent":0,"menu_order":0,"comment_status":"closed","ping_status":"closed","template":"","meta":{"footnotes":""},"folder":[],"class_list":["post-201","page","type-page","status-publish","hentry"],"rttpg_featured_image_url":null,"rttpg_author":{"display_name":"ies.antoniogaudi.coslada","author_link":"https:\/\/site.educa.madrid.org\/ies.antoniogaudi.coslada\/index.php\/author\/cuenta_ies-antoniogaudi-coslada\/"},"rttpg_comment":0,"rttpg_category":false,"rttpg_excerpt":"Informaci\u00f3n 2\u00ba Bachillerato Informaci\u00f3n sobre EVAU Universidad de Alcal\u00e1 de Henares Informaci\u00f3n sobre la Universidad Universidad\u00a0Comunidad de Madrid Informaci\u00f3n sobre Ciclos Formativos de Grado Superior \u00a0Formaci\u00f3n Profesional Comunidad de Madrid","post_mailing_queue_ids":[],"_links":{"self":[{"href":"https:\/\/site.educa.madrid.org\/ies.antoniogaudi.coslada\/index.php\/wp-json\/wp\/v2\/pages\/201","targetHints":{"allow":["GET"]}}],"collection":[{"href":"https:\/\/site.educa.madrid.org\/ies.antoniogaudi.coslada\/index.php\/wp-json\/wp\/v2\/pages"}],"about":[{"href":"https:\/\/site.educa.madrid.org\/ies.antoniogaudi.coslada\/index.php\/wp-json\/wp\/v2\/types\/page"}],"author":[{"embeddable":true,"href":"https:\/\/site.educa.madrid.org\/ies.antoniogaudi.coslada\/index.php\/wp-json\/wp\/v2\/users\/3"}],"replies":[{"embeddable":true,"href":"https:\/\/site.educa.madrid.org\/ies.antoniogaudi.coslada\/index.php\/wp-json\/wp\/v2\/comments?post=201"}],"version-history":[{"count":1,"href":"https:\/\/site.educa.madrid.org\/ies.antoniogaudi.coslada\/index.php\/wp-json\/wp\/v2\/pages\/201\/revisions"}],"predecessor-version":[{"id":202,"href":"https:\/\/site.educa.madrid.org\/ies.antoniogaudi.coslada\/index.php\/wp-json\/wp\/v2\/pages\/201\/revisions\/202"}],"wp:attachment":[{"href":"https:\/\/site.educa.madrid.org\/ies.antoniogaudi.coslada\/index.php\/wp-json\/wp\/v2\/media?parent=201"}],"wp:term":[{"taxonomy":"folder","embeddable":true,"href":"https:\/\/site.educa.madrid.org\/ies.antoniogaudi.coslada\/index.php\/wp-json\/wp\/v2\/folder?post=201"}],"curies":[{"name":"wp","href":"https:\/\/api.w.org\/{rel}","templated":true}]}}