{"id":203,"date":"2024-02-13T09:47:01","date_gmt":"2024-02-13T08:47:01","guid":{"rendered":"https:\/\/site.educa.madrid.org\/ies.antoniogaudi.coslada\/?page_id=203"},"modified":"2024-02-13T09:47:01","modified_gmt":"2024-02-13T08:47:01","slug":"matriculacion","status":"publish","type":"page","link":"https:\/\/site.educa.madrid.org\/ies.antoniogaudi.coslada\/index.php\/matriculacion\/","title":{"rendered":"Matriculaci\u00f3n"},"content":{"rendered":"<section class=\"article-content clearfix\">\n<h1 class=\"uk-article-title\">MATRICULACI\u00d3N CURSO 2023-2024<\/h1>\n<p><strong>Cerrado plazo de Matriculaci\u00f3n Ordinaria<br \/>\n<\/strong><\/p>\n<ul>\n<li><strong>Si tiene cualquier duda, por favor p\u00f3ngase en contacto con la Secretar\u00eda del Centro.<\/strong><\/li>\n<\/ul>\n<\/section>\n","protected":false},"excerpt":{"rendered":"<p>MATRICULACI\u00d3N CURSO 2023-2024 Cerrado plazo de Matriculaci\u00f3n Ordinaria Si tiene cualquier duda, por favor p\u00f3ngase en contacto con la Secretar\u00eda del Centro.<\/p>\n","protected":false},"author":3,"featured_media":0,"parent":0,"menu_order":0,"comment_status":"closed","ping_status":"closed","template":"","meta":{"footnotes":""},"folder":[],"class_list":["post-203","page","type-page","status-publish","hentry"],"rttpg_featured_image_url":null,"rttpg_author":{"display_name":"ies.antoniogaudi.coslada","author_link":"https:\/\/site.educa.madrid.org\/ies.antoniogaudi.coslada\/index.php\/author\/cuenta_ies-antoniogaudi-coslada\/"},"rttpg_comment":0,"rttpg_category":false,"rttpg_excerpt":"MATRICULACI\u00d3N CURSO 2023-2024 Cerrado plazo de Matriculaci\u00f3n Ordinaria Si tiene cualquier duda, por favor p\u00f3ngase en contacto con la Secretar\u00eda del Centro.","post_mailing_queue_ids":[],"_links":{"self":[{"href":"https:\/\/site.educa.madrid.org\/ies.antoniogaudi.coslada\/index.php\/wp-json\/wp\/v2\/pages\/203","targetHints":{"allow":["GET"]}}],"collection":[{"href":"https:\/\/site.educa.madrid.org\/ies.antoniogaudi.coslada\/index.php\/wp-json\/wp\/v2\/pages"}],"about":[{"href":"https:\/\/site.educa.madrid.org\/ies.antoniogaudi.coslada\/index.php\/wp-json\/wp\/v2\/types\/page"}],"author":[{"embeddable":true,"href":"https:\/\/site.educa.madrid.org\/ies.antoniogaudi.coslada\/index.php\/wp-json\/wp\/v2\/users\/3"}],"replies":[{"embeddable":true,"href":"https:\/\/site.educa.madrid.org\/ies.antoniogaudi.coslada\/index.php\/wp-json\/wp\/v2\/comments?post=203"}],"version-history":[{"count":1,"href":"https:\/\/site.educa.madrid.org\/ies.antoniogaudi.coslada\/index.php\/wp-json\/wp\/v2\/pages\/203\/revisions"}],"predecessor-version":[{"id":204,"href":"https:\/\/site.educa.madrid.org\/ies.antoniogaudi.coslada\/index.php\/wp-json\/wp\/v2\/pages\/203\/revisions\/204"}],"wp:attachment":[{"href":"https:\/\/site.educa.madrid.org\/ies.antoniogaudi.coslada\/index.php\/wp-json\/wp\/v2\/media?parent=203"}],"wp:term":[{"taxonomy":"folder","embeddable":true,"href":"https:\/\/site.educa.madrid.org\/ies.antoniogaudi.coslada\/index.php\/wp-json\/wp\/v2\/folder?post=203"}],"curies":[{"name":"wp","href":"https:\/\/api.w.org\/{rel}","templated":true}]}}