{"id":279,"date":"2024-02-13T13:08:25","date_gmt":"2024-02-13T12:08:25","guid":{"rendered":"https:\/\/site.educa.madrid.org\/ies.antoniogaudi.coslada\/?page_id=279"},"modified":"2026-02-25T10:36:16","modified_gmt":"2026-02-25T09:36:16","slug":"biologia-y-geologia-2-2-2-2-2-2-2-2-2-2","status":"publish","type":"page","link":"https:\/\/site.educa.madrid.org\/ies.antoniogaudi.coslada\/index.php\/biologia-y-geologia-2-2-2-2-2-2-2-2-2-2\/","title":{"rendered":"Lengua"},"content":{"rendered":"<ul>\n<li><strong>MATERIAS<\/strong><\/li>\n<li><strong>COMPOSICI\u00d3N<\/strong><\/li>\n<li><strong>PROGRAMACI\u00d3N DID\u00c1CTICA<\/strong><\/li>\n<li><a href=\"https:\/\/site.educa.madrid.org\/ies.antoniogaudi.coslada\/\/wp-content\/uploads\/ies.antoniogaudi.coslada\/2026\/02\/Criterios-de-calificacion-departamento-de-Lengua-Castellana-y-Literatura.pdf\"><strong>CRITERIOS DE CALIFICACI\u00d3N<\/strong><\/a><\/li>\n<li><strong>PENDIENTES<\/strong><\/li>\n<\/ul>\n","protected":false},"excerpt":{"rendered":"<p>MATERIAS COMPOSICI\u00d3N PROGRAMACI\u00d3N DID\u00c1CTICA CRITERIOS DE CALIFICACI\u00d3N PENDIENTES<\/p>\n","protected":false},"author":3,"featured_media":132,"parent":0,"menu_order":0,"comment_status":"closed","ping_status":"closed","template":"","meta":{"footnotes":""},"folder":[],"class_list":["post-279","page","type-page","status-publish","has-post-thumbnail","hentry"],"rttpg_featured_image_url":{"full":["https:\/\/site.educa.madrid.org\/ies.antoniogaudi.coslada\/\/wp-content\/uploads\/ies.antoniogaudi.coslada\/2024\/02\/literatura.jpg",900,340,false],"landscape":["https:\/\/site.educa.madrid.org\/ies.antoniogaudi.coslada\/\/wp-content\/uploads\/ies.antoniogaudi.coslada\/2024\/02\/literatura.jpg",900,340,false],"portraits":["https:\/\/site.educa.madrid.org\/ies.antoniogaudi.coslada\/\/wp-content\/uploads\/ies.antoniogaudi.coslada\/2024\/02\/literatura.jpg",900,340,false],"thumbnail":["https:\/\/site.educa.madrid.org\/ies.antoniogaudi.coslada\/\/wp-content\/uploads\/ies.antoniogaudi.coslada\/2024\/02\/literatura-150x150.jpg",150,150,true],"medium":["https:\/\/site.educa.madrid.org\/ies.antoniogaudi.coslada\/\/wp-content\/uploads\/ies.antoniogaudi.coslada\/2024\/02\/literatura-300x113.jpg",300,113,true],"large":["https:\/\/site.educa.madrid.org\/ies.antoniogaudi.coslada\/\/wp-content\/uploads\/ies.antoniogaudi.coslada\/2024\/02\/literatura.jpg",525,198,false],"thumblist":["https:\/\/site.educa.madrid.org\/ies.antoniogaudi.coslada\/\/wp-content\/uploads\/ies.antoniogaudi.coslada\/2024\/02\/literatura-300x300.jpg",300,300,true],"thumbrelated":["https:\/\/site.educa.madrid.org\/ies.antoniogaudi.coslada\/\/wp-content\/uploads\/ies.antoniogaudi.coslada\/2024\/02\/literatura.jpg",500,189,false],"meccarouselthumb":["https:\/\/site.educa.madrid.org\/ies.antoniogaudi.coslada\/\/wp-content\/uploads\/ies.antoniogaudi.coslada\/2024\/02\/literatura-474x324.jpg",474,324,true],"gridsquare":["https:\/\/site.educa.madrid.org\/ies.antoniogaudi.coslada\/\/wp-content\/uploads\/ies.antoniogaudi.coslada\/2024\/02\/literatura-391x260.jpg",391,260,true],"tileview":["https:\/\/site.educa.madrid.org\/ies.antoniogaudi.coslada\/\/wp-content\/uploads\/ies.antoniogaudi.coslada\/2024\/02\/literatura-300x340.jpg",300,340,true],"1536x1536":["https:\/\/site.educa.madrid.org\/ies.antoniogaudi.coslada\/\/wp-content\/uploads\/ies.antoniogaudi.coslada\/2024\/02\/literatura.jpg",900,340,false],"2048x2048":["https:\/\/site.educa.madrid.org\/ies.antoniogaudi.coslada\/\/wp-content\/uploads\/ies.antoniogaudi.coslada\/2024\/02\/literatura.jpg",900,340,false],"gurukul-education-featured-image":["https:\/\/site.educa.madrid.org\/ies.antoniogaudi.coslada\/\/wp-content\/uploads\/ies.antoniogaudi.coslada\/2024\/02\/literatura.jpg",900,340,false],"gurukul-education-thumbnail-avatar":["https:\/\/site.educa.madrid.org\/ies.antoniogaudi.coslada\/\/wp-content\/uploads\/ies.antoniogaudi.coslada\/2024\/02\/literatura.jpg",100,38,false],"sow-carousel-default":["https:\/\/site.educa.madrid.org\/ies.antoniogaudi.coslada\/\/wp-content\/uploads\/ies.antoniogaudi.coslada\/2024\/02\/literatura-272x182.jpg",272,182,true],"sow-post-carousel-overlay-theme":["https:\/\/site.educa.madrid.org\/ies.antoniogaudi.coslada\/\/wp-content\/uploads\/ies.antoniogaudi.coslada\/2024\/02\/literatura.jpg",360,136,false],"sow-post-carousel-cards-theme":["https:\/\/site.educa.madrid.org\/ies.antoniogaudi.coslada\/\/wp-content\/uploads\/ies.antoniogaudi.coslada\/2024\/02\/literatura.jpg",360,136,false],"rt_custom":["https:\/\/site.educa.madrid.org\/ies.antoniogaudi.coslada\/\/wp-content\/uploads\/ies.antoniogaudi.coslada\/2024\/02\/literatura.jpg",900,340,false]},"rttpg_author":{"display_name":"ies.antoniogaudi.coslada","author_link":"https:\/\/site.educa.madrid.org\/ies.antoniogaudi.coslada\/index.php\/author\/cuenta_ies-antoniogaudi-coslada\/"},"rttpg_comment":0,"rttpg_category":false,"rttpg_excerpt":"MATERIAS COMPOSICI\u00d3N PROGRAMACI\u00d3N DID\u00c1CTICA CRITERIOS DE CALIFICACI\u00d3N PENDIENTES","post_mailing_queue_ids":[],"_links":{"self":[{"href":"https:\/\/site.educa.madrid.org\/ies.antoniogaudi.coslada\/index.php\/wp-json\/wp\/v2\/pages\/279","targetHints":{"allow":["GET"]}}],"collection":[{"href":"https:\/\/site.educa.madrid.org\/ies.antoniogaudi.coslada\/index.php\/wp-json\/wp\/v2\/pages"}],"about":[{"href":"https:\/\/site.educa.madrid.org\/ies.antoniogaudi.coslada\/index.php\/wp-json\/wp\/v2\/types\/page"}],"author":[{"embeddable":true,"href":"https:\/\/site.educa.madrid.org\/ies.antoniogaudi.coslada\/index.php\/wp-json\/wp\/v2\/users\/3"}],"replies":[{"embeddable":true,"href":"https:\/\/site.educa.madrid.org\/ies.antoniogaudi.coslada\/index.php\/wp-json\/wp\/v2\/comments?post=279"}],"version-history":[{"count":2,"href":"https:\/\/site.educa.madrid.org\/ies.antoniogaudi.coslada\/index.php\/wp-json\/wp\/v2\/pages\/279\/revisions"}],"predecessor-version":[{"id":713,"href":"https:\/\/site.educa.madrid.org\/ies.antoniogaudi.coslada\/index.php\/wp-json\/wp\/v2\/pages\/279\/revisions\/713"}],"wp:featuredmedia":[{"embeddable":true,"href":"https:\/\/site.educa.madrid.org\/ies.antoniogaudi.coslada\/index.php\/wp-json\/wp\/v2\/media\/132"}],"wp:attachment":[{"href":"https:\/\/site.educa.madrid.org\/ies.antoniogaudi.coslada\/index.php\/wp-json\/wp\/v2\/media?parent=279"}],"wp:term":[{"taxonomy":"folder","embeddable":true,"href":"https:\/\/site.educa.madrid.org\/ies.antoniogaudi.coslada\/index.php\/wp-json\/wp\/v2\/folder?post=279"}],"curies":[{"name":"wp","href":"https:\/\/api.w.org\/{rel}","templated":true}]}}