{"id":281,"date":"2024-02-13T13:08:59","date_gmt":"2024-02-13T12:08:59","guid":{"rendered":"https:\/\/site.educa.madrid.org\/ies.antoniogaudi.coslada\/?page_id=281"},"modified":"2026-02-25T10:35:34","modified_gmt":"2026-02-25T09:35:34","slug":"biologia-y-geologia-2-2-2-2-2-2-2-2-2-2-2","status":"publish","type":"page","link":"https:\/\/site.educa.madrid.org\/ies.antoniogaudi.coslada\/index.php\/biologia-y-geologia-2-2-2-2-2-2-2-2-2-2-2\/","title":{"rendered":"Matem\u00e1ticas"},"content":{"rendered":"<ul>\n<li><strong>MATERIAS<\/strong><\/li>\n<li><strong>COMPOSICI\u00d3N<\/strong><\/li>\n<li><strong>PROGRAMACI\u00d3N DID\u00c1CTICA<\/strong><\/li>\n<li><a href=\"https:\/\/site.educa.madrid.org\/ies.antoniogaudi.coslada\/\/wp-content\/uploads\/ies.antoniogaudi.coslada\/2026\/02\/Criterios-de-calificacion-departamento-de-Matematicas.pdf\"><strong>CRITERIOS DE CALIFICACI\u00d3N<\/strong><\/a><\/li>\n<li><strong>PENDIENTES<\/strong><\/li>\n<\/ul>\n","protected":false},"excerpt":{"rendered":"<p>MATERIAS COMPOSICI\u00d3N PROGRAMACI\u00d3N DID\u00c1CTICA CRITERIOS DE CALIFICACI\u00d3N PENDIENTES<\/p>\n","protected":false},"author":3,"featured_media":133,"parent":0,"menu_order":0,"comment_status":"closed","ping_status":"closed","template":"","meta":{"footnotes":""},"folder":[],"class_list":["post-281","page","type-page","status-publish","has-post-thumbnail","hentry"],"rttpg_featured_image_url":{"full":["https:\/\/site.educa.madrid.org\/ies.antoniogaudi.coslada\/\/wp-content\/uploads\/ies.antoniogaudi.coslada\/2024\/02\/mates.jpg",755,212,false],"landscape":["https:\/\/site.educa.madrid.org\/ies.antoniogaudi.coslada\/\/wp-content\/uploads\/ies.antoniogaudi.coslada\/2024\/02\/mates.jpg",755,212,false],"portraits":["https:\/\/site.educa.madrid.org\/ies.antoniogaudi.coslada\/\/wp-content\/uploads\/ies.antoniogaudi.coslada\/2024\/02\/mates.jpg",755,212,false],"thumbnail":["https:\/\/site.educa.madrid.org\/ies.antoniogaudi.coslada\/\/wp-content\/uploads\/ies.antoniogaudi.coslada\/2024\/02\/mates-150x150.jpg",150,150,true],"medium":["https:\/\/site.educa.madrid.org\/ies.antoniogaudi.coslada\/\/wp-content\/uploads\/ies.antoniogaudi.coslada\/2024\/02\/mates-300x84.jpg",300,84,true],"large":["https:\/\/site.educa.madrid.org\/ies.antoniogaudi.coslada\/\/wp-content\/uploads\/ies.antoniogaudi.coslada\/2024\/02\/mates.jpg",525,147,false],"thumblist":["https:\/\/site.educa.madrid.org\/ies.antoniogaudi.coslada\/\/wp-content\/uploads\/ies.antoniogaudi.coslada\/2024\/02\/mates-300x212.jpg",300,212,true],"thumbrelated":["https:\/\/site.educa.madrid.org\/ies.antoniogaudi.coslada\/\/wp-content\/uploads\/ies.antoniogaudi.coslada\/2024\/02\/mates.jpg",500,140,false],"meccarouselthumb":["https:\/\/site.educa.madrid.org\/ies.antoniogaudi.coslada\/\/wp-content\/uploads\/ies.antoniogaudi.coslada\/2024\/02\/mates-474x212.jpg",474,212,true],"gridsquare":["https:\/\/site.educa.madrid.org\/ies.antoniogaudi.coslada\/\/wp-content\/uploads\/ies.antoniogaudi.coslada\/2024\/02\/mates-391x212.jpg",391,212,true],"tileview":["https:\/\/site.educa.madrid.org\/ies.antoniogaudi.coslada\/\/wp-content\/uploads\/ies.antoniogaudi.coslada\/2024\/02\/mates-300x212.jpg",300,212,true],"1536x1536":["https:\/\/site.educa.madrid.org\/ies.antoniogaudi.coslada\/\/wp-content\/uploads\/ies.antoniogaudi.coslada\/2024\/02\/mates.jpg",755,212,false],"2048x2048":["https:\/\/site.educa.madrid.org\/ies.antoniogaudi.coslada\/\/wp-content\/uploads\/ies.antoniogaudi.coslada\/2024\/02\/mates.jpg",755,212,false],"gurukul-education-featured-image":["https:\/\/site.educa.madrid.org\/ies.antoniogaudi.coslada\/\/wp-content\/uploads\/ies.antoniogaudi.coslada\/2024\/02\/mates.jpg",755,212,false],"gurukul-education-thumbnail-avatar":["https:\/\/site.educa.madrid.org\/ies.antoniogaudi.coslada\/\/wp-content\/uploads\/ies.antoniogaudi.coslada\/2024\/02\/mates.jpg",100,28,false],"sow-carousel-default":["https:\/\/site.educa.madrid.org\/ies.antoniogaudi.coslada\/\/wp-content\/uploads\/ies.antoniogaudi.coslada\/2024\/02\/mates-272x182.jpg",272,182,true],"sow-post-carousel-overlay-theme":["https:\/\/site.educa.madrid.org\/ies.antoniogaudi.coslada\/\/wp-content\/uploads\/ies.antoniogaudi.coslada\/2024\/02\/mates.jpg",360,101,false],"sow-post-carousel-cards-theme":["https:\/\/site.educa.madrid.org\/ies.antoniogaudi.coslada\/\/wp-content\/uploads\/ies.antoniogaudi.coslada\/2024\/02\/mates.jpg",360,101,false],"rt_custom":["https:\/\/site.educa.madrid.org\/ies.antoniogaudi.coslada\/\/wp-content\/uploads\/ies.antoniogaudi.coslada\/2024\/02\/mates.jpg",755,212,false]},"rttpg_author":{"display_name":"ies.antoniogaudi.coslada","author_link":"https:\/\/site.educa.madrid.org\/ies.antoniogaudi.coslada\/index.php\/author\/cuenta_ies-antoniogaudi-coslada\/"},"rttpg_comment":0,"rttpg_category":false,"rttpg_excerpt":"MATERIAS COMPOSICI\u00d3N PROGRAMACI\u00d3N DID\u00c1CTICA CRITERIOS DE CALIFICACI\u00d3N PENDIENTES","post_mailing_queue_ids":[],"_links":{"self":[{"href":"https:\/\/site.educa.madrid.org\/ies.antoniogaudi.coslada\/index.php\/wp-json\/wp\/v2\/pages\/281","targetHints":{"allow":["GET"]}}],"collection":[{"href":"https:\/\/site.educa.madrid.org\/ies.antoniogaudi.coslada\/index.php\/wp-json\/wp\/v2\/pages"}],"about":[{"href":"https:\/\/site.educa.madrid.org\/ies.antoniogaudi.coslada\/index.php\/wp-json\/wp\/v2\/types\/page"}],"author":[{"embeddable":true,"href":"https:\/\/site.educa.madrid.org\/ies.antoniogaudi.coslada\/index.php\/wp-json\/wp\/v2\/users\/3"}],"replies":[{"embeddable":true,"href":"https:\/\/site.educa.madrid.org\/ies.antoniogaudi.coslada\/index.php\/wp-json\/wp\/v2\/comments?post=281"}],"version-history":[{"count":3,"href":"https:\/\/site.educa.madrid.org\/ies.antoniogaudi.coslada\/index.php\/wp-json\/wp\/v2\/pages\/281\/revisions"}],"predecessor-version":[{"id":712,"href":"https:\/\/site.educa.madrid.org\/ies.antoniogaudi.coslada\/index.php\/wp-json\/wp\/v2\/pages\/281\/revisions\/712"}],"wp:featuredmedia":[{"embeddable":true,"href":"https:\/\/site.educa.madrid.org\/ies.antoniogaudi.coslada\/index.php\/wp-json\/wp\/v2\/media\/133"}],"wp:attachment":[{"href":"https:\/\/site.educa.madrid.org\/ies.antoniogaudi.coslada\/index.php\/wp-json\/wp\/v2\/media?parent=281"}],"wp:term":[{"taxonomy":"folder","embeddable":true,"href":"https:\/\/site.educa.madrid.org\/ies.antoniogaudi.coslada\/index.php\/wp-json\/wp\/v2\/folder?post=281"}],"curies":[{"name":"wp","href":"https:\/\/api.w.org\/{rel}","templated":true}]}}