{"id":285,"date":"2024-02-13T13:10:38","date_gmt":"2024-02-13T12:10:38","guid":{"rendered":"https:\/\/site.educa.madrid.org\/ies.antoniogaudi.coslada\/?page_id=285"},"modified":"2026-05-11T13:21:08","modified_gmt":"2026-05-11T11:21:08","slug":"biologia-y-geologia-2-2-2-2-2-2-2-2-2-2-2-3","status":"publish","type":"page","link":"https:\/\/site.educa.madrid.org\/ies.antoniogaudi.coslada\/index.php\/biologia-y-geologia-2-2-2-2-2-2-2-2-2-2-2-3\/","title":{"rendered":"Orientaci\u00f3n"},"content":{"rendered":"<h1>\u00a0<\/h1>\n<h1 style=\"text-align: center;\">\u00a1Bienvenido al departamento de orientaci\u00f3n!<\/h1>\n<h3>\u00a0<\/h3>\n<h3 style=\"text-align: center;\">OFERTA EDUCATIVA IES ANTONIO GAUD\u00cd<\/h3>\n<ul>\n<li><a href=\"https:\/\/site.educa.madrid.org\/ies.antoniogaudi.coslada\/\/wp-content\/uploads\/ies.antoniogaudi.coslada\/2024\/02\/ESO.pdf\">ESO.<\/a><\/li>\n<li><a href=\"https:\/\/site.educa.madrid.org\/ies.antoniogaudi.coslada\/\/wp-content\/uploads\/ies.antoniogaudi.coslada\/2024\/02\/Bachilerato.pdf\">Bachillerato<\/a><\/li>\n<li><a href=\"https:\/\/site.educa.madrid.org\/ies.antoniogaudi.coslada\/index.php\/ciclos-fp\/\">Formaci\u00f3n Profesional<\/a><\/li>\n<\/ul>\n<h3 style=\"text-align: center;\">INFORMACI\u00d3N PAU 25\/26 UAH<\/h3>\n<p><a href=\"https:\/\/www.uah.es\/es\/admision-y-ayudas\/grados\/pruebas-de-acceso\/Evaluacion-para-el-Acceso-a-la-Universidad\/\"><img loading=\"lazy\" decoding=\"async\" class=\"alignnone size-medium wp-image-802 aligncenter\" src=\"https:\/\/site.educa.madrid.org\/ies.antoniogaudi.coslada\/\/wp-content\/uploads\/ies.antoniogaudi.coslada\/2026\/05\/Captura-7-300x201.jpg\" alt=\"\" width=\"300\" height=\"201\" srcset=\"https:\/\/site.educa.madrid.org\/ies.antoniogaudi.coslada\/\/wp-content\/uploads\/ies.antoniogaudi.coslada\/2026\/05\/Captura-7-300x201.jpg 300w, https:\/\/site.educa.madrid.org\/ies.antoniogaudi.coslada\/\/wp-content\/uploads\/ies.antoniogaudi.coslada\/2026\/05\/Captura-7-768x514.jpg 768w, https:\/\/site.educa.madrid.org\/ies.antoniogaudi.coslada\/\/wp-content\/uploads\/ies.antoniogaudi.coslada\/2026\/05\/Captura-7-272x182.jpg 272w, https:\/\/site.educa.madrid.org\/ies.antoniogaudi.coslada\/\/wp-content\/uploads\/ies.antoniogaudi.coslada\/2026\/05\/Captura-7-360x240.jpg 360w, https:\/\/site.educa.madrid.org\/ies.antoniogaudi.coslada\/\/wp-content\/uploads\/ies.antoniogaudi.coslada\/2026\/05\/Captura-7.jpg 1019w\" sizes=\"auto, (max-width: 300px) 100vw, 300px\" \/><\/a><\/p>\n<h3 style=\"text-align: center;\">ACCESO A LA UNIVERSIDAD<\/h3>\n<ul>\n<li>Aqu\u00ed podr\u00e1s encontrar toda la informaci\u00f3n sobre la PAU y el acceso a la universidad, as\u00ed como informaci\u00f3n sobre los grados universitarios (p\u00fablicos y privados), notas de corte, ponderaciones, becas, etc.<\/li>\n<\/ul>\n<p><a href=\"https:\/\/www.comunidad.madrid\/educacion\/universidades\"><img loading=\"lazy\" decoding=\"async\" class=\"alignnone size-medium wp-image-776 aligncenter\" src=\"https:\/\/site.educa.madrid.org\/ies.antoniogaudi.coslada\/\/wp-content\/uploads\/ies.antoniogaudi.coslada\/2026\/05\/Captura-292x300.jpg\" alt=\"\" width=\"292\" height=\"300\" srcset=\"https:\/\/site.educa.madrid.org\/ies.antoniogaudi.coslada\/\/wp-content\/uploads\/ies.antoniogaudi.coslada\/2026\/05\/Captura-292x300.jpg 292w, https:\/\/site.educa.madrid.org\/ies.antoniogaudi.coslada\/\/wp-content\/uploads\/ies.antoniogaudi.coslada\/2026\/05\/Captura.jpg 728w\" sizes=\"auto, (max-width: 292px) 100vw, 292px\" \/><\/a><\/p>\n<h3 style=\"text-align: center;\">FORMACI\u00d3N PROFESIONAL<\/h3>\n<ul>\n<li>Formaci\u00f3n profesional: Aqu\u00ed encontrar\u00e1s toda la informaci\u00f3n referida a formaci\u00f3n profesional de grado b\u00e1sico, medio, superior y cursos de especializaci\u00f3n: oferta, plan de formaci\u00f3n, salidas profesionales, etc.<\/li>\n<\/ul>\n<p><a href=\"https:\/\/www.todofp.es\/inicio.html\"><img loading=\"lazy\" decoding=\"async\" class=\"alignnone size-medium wp-image-783 aligncenter\" src=\"https:\/\/site.educa.madrid.org\/ies.antoniogaudi.coslada\/\/wp-content\/uploads\/ies.antoniogaudi.coslada\/2026\/05\/Captura-2-1-300x200.jpg\" alt=\"\" width=\"300\" height=\"200\" srcset=\"https:\/\/site.educa.madrid.org\/ies.antoniogaudi.coslada\/\/wp-content\/uploads\/ies.antoniogaudi.coslada\/2026\/05\/Captura-2-1-300x200.jpg 300w, https:\/\/site.educa.madrid.org\/ies.antoniogaudi.coslada\/\/wp-content\/uploads\/ies.antoniogaudi.coslada\/2026\/05\/Captura-2-1-391x260.jpg 391w, https:\/\/site.educa.madrid.org\/ies.antoniogaudi.coslada\/\/wp-content\/uploads\/ies.antoniogaudi.coslada\/2026\/05\/Captura-2-1-272x182.jpg 272w, https:\/\/site.educa.madrid.org\/ies.antoniogaudi.coslada\/\/wp-content\/uploads\/ies.antoniogaudi.coslada\/2026\/05\/Captura-2-1-360x240.jpg 360w, https:\/\/site.educa.madrid.org\/ies.antoniogaudi.coslada\/\/wp-content\/uploads\/ies.antoniogaudi.coslada\/2026\/05\/Captura-2-1.jpg 760w\" sizes=\"auto, (max-width: 300px) 100vw, 300px\" \/><\/a><\/p>\n<ul>\n<li>Acceso y admisi\u00f3n a FP de Madrid: Aqu\u00ed encontrar\u00e1s instrucciones de acceso, solicitud, oferta educativa en Madrid, nota de corte y baremaci\u00f3n.\u00a0<\/li>\n<\/ul>\n<p><a href=\"https:\/\/www.comunidad.madrid\/educacion\/admision-formacion-profesional\"><img loading=\"lazy\" decoding=\"async\" class=\"alignnone size-medium wp-image-784 aligncenter\" src=\"https:\/\/site.educa.madrid.org\/ies.antoniogaudi.coslada\/\/wp-content\/uploads\/ies.antoniogaudi.coslada\/2026\/05\/Captura-3-1-276x300.jpg\" alt=\"\" width=\"276\" height=\"300\" srcset=\"https:\/\/site.educa.madrid.org\/ies.antoniogaudi.coslada\/\/wp-content\/uploads\/ies.antoniogaudi.coslada\/2026\/05\/Captura-3-1-276x300.jpg 276w, https:\/\/site.educa.madrid.org\/ies.antoniogaudi.coslada\/\/wp-content\/uploads\/ies.antoniogaudi.coslada\/2026\/05\/Captura-3-1.jpg 308w\" sizes=\"auto, (max-width: 276px) 100vw, 276px\" \/><\/a><\/p>\n<h3 style=\"text-align: center;\">CUADERNO DE ORIENTACI\u00d3N<\/h3>\n<ul>\n<li>Cuaderno de orientaci\u00f3n de la Comunidad de Madrid: Aqu\u00ed encontrar\u00e1s c\u00f3mo est\u00e1 estructurado el sistema educativo en la Comunidad de Madrid y la oferta educativa.<\/li>\n<\/ul>\n<p><a href=\"https:\/\/dgbilinguismoycalidad.educa.madrid.org\/cuadernodeorientacion\/\"><img loading=\"lazy\" decoding=\"async\" class=\"alignnone size-medium wp-image-789 aligncenter\" src=\"https:\/\/site.educa.madrid.org\/ies.antoniogaudi.coslada\/\/wp-content\/uploads\/ies.antoniogaudi.coslada\/2026\/05\/Captura-4-1-199x300.jpg\" alt=\"\" width=\"199\" height=\"300\" srcset=\"https:\/\/site.educa.madrid.org\/ies.antoniogaudi.coslada\/\/wp-content\/uploads\/ies.antoniogaudi.coslada\/2026\/05\/Captura-4-1-199x300.jpg 199w, https:\/\/site.educa.madrid.org\/ies.antoniogaudi.coslada\/\/wp-content\/uploads\/ies.antoniogaudi.coslada\/2026\/05\/Captura-4-1.jpg 405w\" sizes=\"auto, (max-width: 199px) 100vw, 199px\" \/><\/a><\/p>\n<h3 style=\"text-align: center;\">T\u00c9CNICAS DE ESTUDIO<\/h3>\n<ul>\n<li>\u00abTips\u00bb para rendir mejor en el estudio:<\/li>\n<\/ul>\n<p><a href=\"https:\/\/view.genially.com\/5e79cd0f0fcfb90d9fac43ba\"><img loading=\"lazy\" decoding=\"async\" class=\"alignnone size-medium wp-image-782 aligncenter\" src=\"https:\/\/site.educa.madrid.org\/ies.antoniogaudi.coslada\/\/wp-content\/uploads\/ies.antoniogaudi.coslada\/2026\/05\/Captura4-300x221.jpg\" alt=\"\" width=\"300\" height=\"221\" srcset=\"https:\/\/site.educa.madrid.org\/ies.antoniogaudi.coslada\/\/wp-content\/uploads\/ies.antoniogaudi.coslada\/2026\/05\/Captura4-300x221.jpg 300w, https:\/\/site.educa.madrid.org\/ies.antoniogaudi.coslada\/\/wp-content\/uploads\/ies.antoniogaudi.coslada\/2026\/05\/Captura4-768x567.jpg 768w, https:\/\/site.educa.madrid.org\/ies.antoniogaudi.coslada\/\/wp-content\/uploads\/ies.antoniogaudi.coslada\/2026\/05\/Captura4.jpg 821w\" sizes=\"auto, (max-width: 300px) 100vw, 300px\" \/><\/a><a href=\"https:\/\/view.genially.com\/5e71e046c661be7eee49c4c7\"><img loading=\"lazy\" decoding=\"async\" class=\"alignnone size-medium wp-image-797 aligncenter\" src=\"https:\/\/site.educa.madrid.org\/ies.antoniogaudi.coslada\/\/wp-content\/uploads\/ies.antoniogaudi.coslada\/2026\/05\/Captura6-300x216.jpg\" alt=\"\" width=\"300\" height=\"216\" srcset=\"https:\/\/site.educa.madrid.org\/ies.antoniogaudi.coslada\/\/wp-content\/uploads\/ies.antoniogaudi.coslada\/2026\/05\/Captura6-300x216.jpg 300w, https:\/\/site.educa.madrid.org\/ies.antoniogaudi.coslada\/\/wp-content\/uploads\/ies.antoniogaudi.coslada\/2026\/05\/Captura6.jpg 374w\" sizes=\"auto, (max-width: 300px) 100vw, 300px\" \/><\/a><\/p>\n<h3 style=\"text-align: center;\">T\u00c9CNICAS DE RELAJACI\u00d3N<\/h3>\n<ul>\n<li>Aqu\u00ed podr\u00e1s encontrar orientaciones sobre c\u00f3mo relajarnos y rebajar la ansiedad en nuestro d\u00eda a d\u00eda: Son meditaciones guiadas breves pero que requieren una pr\u00e1ctica diaria \u00a1An\u00edmate a hacerlas!<\/li>\n<\/ul>\n<p><a href=\"https:\/\/cultivarlamente.com\/meditaciones-guiadas\/\"><img loading=\"lazy\" decoding=\"async\" class=\"alignnone size-medium wp-image-794 aligncenter\" src=\"https:\/\/site.educa.madrid.org\/ies.antoniogaudi.coslada\/\/wp-content\/uploads\/ies.antoniogaudi.coslada\/2026\/05\/Captura5-300x220.jpg\" alt=\"\" width=\"300\" height=\"220\" srcset=\"https:\/\/site.educa.madrid.org\/ies.antoniogaudi.coslada\/\/wp-content\/uploads\/ies.antoniogaudi.coslada\/2026\/05\/Captura5-300x220.jpg 300w, https:\/\/site.educa.madrid.org\/ies.antoniogaudi.coslada\/\/wp-content\/uploads\/ies.antoniogaudi.coslada\/2026\/05\/Captura5.jpg 383w\" sizes=\"auto, (max-width: 300px) 100vw, 300px\" \/><\/a><\/p>\n<h3 style=\"text-align: center;\">CRITERIOS DE CALIFICACI\u00d3N<\/h3>\n<ul>\n<li><a href=\"https:\/\/site.educa.madrid.org\/ies.antoniogaudi.coslada\/\/wp-content\/uploads\/ies.antoniogaudi.coslada\/2025\/03\/Departamento-de-Orientacion-FOPP.pdf\"><strong>CRITERIOS DE CALIFICACI\u00d3N FOPP<\/strong><\/a><\/li>\n<\/ul>\n<p>\u00a0<\/p>\n\n\n<p><\/p>\n","protected":false},"excerpt":{"rendered":"<p>\u00a0 \u00a1Bienvenido al departamento de orientaci\u00f3n! \u00a0 OFERTA EDUCATIVA IES ANTONIO GAUD\u00cd ESO. Bachillerato Formaci\u00f3n Profesional INFORMACI\u00d3N PAU 25\/26 UAH ACCESO A LA UNIVERSIDAD Aqu\u00ed podr\u00e1s encontrar toda la informaci\u00f3n sobre la PAU y el acceso a la universidad, as\u00ed como informaci\u00f3n sobre los grados universitarios (p\u00fablicos y privados), notas de corte, ponderaciones, becas, etc. [&hellip;]<\/p>\n","protected":false},"author":3,"featured_media":135,"parent":0,"menu_order":0,"comment_status":"closed","ping_status":"closed","template":"","meta":{"footnotes":""},"folder":[],"class_list":["post-285","page","type-page","status-publish","has-post-thumbnail","hentry"],"rttpg_featured_image_url":{"full":["https:\/\/site.educa.madrid.org\/ies.antoniogaudi.coslada\/\/wp-content\/uploads\/ies.antoniogaudi.coslada\/2024\/02\/orientacion.png",1024,342,false],"landscape":["https:\/\/site.educa.madrid.org\/ies.antoniogaudi.coslada\/\/wp-content\/uploads\/ies.antoniogaudi.coslada\/2024\/02\/orientacion.png",1024,342,false],"portraits":["https:\/\/site.educa.madrid.org\/ies.antoniogaudi.coslada\/\/wp-content\/uploads\/ies.antoniogaudi.coslada\/2024\/02\/orientacion.png",1024,342,false],"thumbnail":["https:\/\/site.educa.madrid.org\/ies.antoniogaudi.coslada\/\/wp-content\/uploads\/ies.antoniogaudi.coslada\/2024\/02\/orientacion-150x150.png",150,150,true],"medium":["https:\/\/site.educa.madrid.org\/ies.antoniogaudi.coslada\/\/wp-content\/uploads\/ies.antoniogaudi.coslada\/2024\/02\/orientacion-300x100.png",300,100,true],"large":["https:\/\/site.educa.madrid.org\/ies.antoniogaudi.coslada\/\/wp-content\/uploads\/ies.antoniogaudi.coslada\/2024\/02\/orientacion.png",525,175,false],"thumblist":["https:\/\/site.educa.madrid.org\/ies.antoniogaudi.coslada\/\/wp-content\/uploads\/ies.antoniogaudi.coslada\/2024\/02\/orientacion-300x300.png",300,300,true],"thumbrelated":["https:\/\/site.educa.madrid.org\/ies.antoniogaudi.coslada\/\/wp-content\/uploads\/ies.antoniogaudi.coslada\/2024\/02\/orientacion.png",500,167,false],"meccarouselthumb":["https:\/\/site.educa.madrid.org\/ies.antoniogaudi.coslada\/\/wp-content\/uploads\/ies.antoniogaudi.coslada\/2024\/02\/orientacion-474x324.png",474,324,true],"gridsquare":["https:\/\/site.educa.madrid.org\/ies.antoniogaudi.coslada\/\/wp-content\/uploads\/ies.antoniogaudi.coslada\/2024\/02\/orientacion-391x260.png",391,260,true],"tileview":["https:\/\/site.educa.madrid.org\/ies.antoniogaudi.coslada\/\/wp-content\/uploads\/ies.antoniogaudi.coslada\/2024\/02\/orientacion-300x342.png",300,342,true],"1536x1536":["https:\/\/site.educa.madrid.org\/ies.antoniogaudi.coslada\/\/wp-content\/uploads\/ies.antoniogaudi.coslada\/2024\/02\/orientacion.png",1024,342,false],"2048x2048":["https:\/\/site.educa.madrid.org\/ies.antoniogaudi.coslada\/\/wp-content\/uploads\/ies.antoniogaudi.coslada\/2024\/02\/orientacion.png",1024,342,false],"gurukul-education-featured-image":["https:\/\/site.educa.madrid.org\/ies.antoniogaudi.coslada\/\/wp-content\/uploads\/ies.antoniogaudi.coslada\/2024\/02\/orientacion.png",1024,342,false],"gurukul-education-thumbnail-avatar":["https:\/\/site.educa.madrid.org\/ies.antoniogaudi.coslada\/\/wp-content\/uploads\/ies.antoniogaudi.coslada\/2024\/02\/orientacion.png",100,33,false],"sow-carousel-default":["https:\/\/site.educa.madrid.org\/ies.antoniogaudi.coslada\/\/wp-content\/uploads\/ies.antoniogaudi.coslada\/2024\/02\/orientacion-272x182.png",272,182,true],"sow-post-carousel-overlay-theme":["https:\/\/site.educa.madrid.org\/ies.antoniogaudi.coslada\/\/wp-content\/uploads\/ies.antoniogaudi.coslada\/2024\/02\/orientacion.png",360,120,false],"sow-post-carousel-cards-theme":["https:\/\/site.educa.madrid.org\/ies.antoniogaudi.coslada\/\/wp-content\/uploads\/ies.antoniogaudi.coslada\/2024\/02\/orientacion.png",360,120,false],"rt_custom":["https:\/\/site.educa.madrid.org\/ies.antoniogaudi.coslada\/\/wp-content\/uploads\/ies.antoniogaudi.coslada\/2024\/02\/orientacion.png",1024,342,false]},"rttpg_author":{"display_name":"ies.antoniogaudi.coslada","author_link":"https:\/\/site.educa.madrid.org\/ies.antoniogaudi.coslada\/index.php\/author\/cuenta_ies-antoniogaudi-coslada\/"},"rttpg_comment":0,"rttpg_category":false,"rttpg_excerpt":"\u00a0 \u00a1Bienvenido al departamento de orientaci\u00f3n! \u00a0 OFERTA EDUCATIVA IES ANTONIO GAUD\u00cd ESO. Bachillerato Formaci\u00f3n Profesional INFORMACI\u00d3N PAU 25\/26 UAH ACCESO A LA UNIVERSIDAD Aqu\u00ed podr\u00e1s encontrar toda la informaci\u00f3n sobre la PAU y el acceso a la universidad, as\u00ed como informaci\u00f3n sobre los grados universitarios (p\u00fablicos y privados), notas de corte, ponderaciones, becas, etc.&hellip;","post_mailing_queue_ids":[],"_links":{"self":[{"href":"https:\/\/site.educa.madrid.org\/ies.antoniogaudi.coslada\/index.php\/wp-json\/wp\/v2\/pages\/285","targetHints":{"allow":["GET"]}}],"collection":[{"href":"https:\/\/site.educa.madrid.org\/ies.antoniogaudi.coslada\/index.php\/wp-json\/wp\/v2\/pages"}],"about":[{"href":"https:\/\/site.educa.madrid.org\/ies.antoniogaudi.coslada\/index.php\/wp-json\/wp\/v2\/types\/page"}],"author":[{"embeddable":true,"href":"https:\/\/site.educa.madrid.org\/ies.antoniogaudi.coslada\/index.php\/wp-json\/wp\/v2\/users\/3"}],"replies":[{"embeddable":true,"href":"https:\/\/site.educa.madrid.org\/ies.antoniogaudi.coslada\/index.php\/wp-json\/wp\/v2\/comments?post=285"}],"version-history":[{"count":17,"href":"https:\/\/site.educa.madrid.org\/ies.antoniogaudi.coslada\/index.php\/wp-json\/wp\/v2\/pages\/285\/revisions"}],"predecessor-version":[{"id":805,"href":"https:\/\/site.educa.madrid.org\/ies.antoniogaudi.coslada\/index.php\/wp-json\/wp\/v2\/pages\/285\/revisions\/805"}],"wp:featuredmedia":[{"embeddable":true,"href":"https:\/\/site.educa.madrid.org\/ies.antoniogaudi.coslada\/index.php\/wp-json\/wp\/v2\/media\/135"}],"wp:attachment":[{"href":"https:\/\/site.educa.madrid.org\/ies.antoniogaudi.coslada\/index.php\/wp-json\/wp\/v2\/media?parent=285"}],"wp:term":[{"taxonomy":"folder","embeddable":true,"href":"https:\/\/site.educa.madrid.org\/ies.antoniogaudi.coslada\/index.php\/wp-json\/wp\/v2\/folder?post=285"}],"curies":[{"name":"wp","href":"https:\/\/api.w.org\/{rel}","templated":true}]}}