{"id":291,"date":"2024-02-13T13:12:05","date_gmt":"2024-02-13T12:12:05","guid":{"rendered":"https:\/\/site.educa.madrid.org\/ies.antoniogaudi.coslada\/?page_id=291"},"modified":"2024-02-13T13:12:05","modified_gmt":"2024-02-13T12:12:05","slug":"biologia-y-geologia-2-2-2-2-2-2-2-2-2-2-2-6","status":"publish","type":"page","link":"https:\/\/site.educa.madrid.org\/ies.antoniogaudi.coslada\/index.php\/biologia-y-geologia-2-2-2-2-2-2-2-2-2-2-2-6\/","title":{"rendered":"TIC"},"content":{"rendered":"<ul>\n<li><strong>MATERIAS<\/strong><\/li>\n<li><strong>COMPOSICI\u00d3N<\/strong><\/li>\n<li><strong>PROGRAMACI\u00d3N DID\u00c1CTICA<\/strong><\/li>\n<li><strong>CRITERIOS DE CALIFICACI\u00d3N<\/strong><\/li>\n<li><strong>PENDIENTES<\/strong><\/li>\n<\/ul>\n","protected":false},"excerpt":{"rendered":"<p>MATERIAS COMPOSICI\u00d3N PROGRAMACI\u00d3N DID\u00c1CTICA CRITERIOS DE CALIFICACI\u00d3N PENDIENTES<\/p>\n","protected":false},"author":3,"featured_media":139,"parent":0,"menu_order":0,"comment_status":"closed","ping_status":"closed","template":"","meta":{"footnotes":""},"folder":[],"class_list":["post-291","page","type-page","status-publish","has-post-thumbnail","hentry"],"rttpg_featured_image_url":{"full":["https:\/\/site.educa.madrid.org\/ies.antoniogaudi.coslada\/\/wp-content\/uploads\/ies.antoniogaudi.coslada\/2024\/02\/TIC.png",754,495,false],"landscape":["https:\/\/site.educa.madrid.org\/ies.antoniogaudi.coslada\/\/wp-content\/uploads\/ies.antoniogaudi.coslada\/2024\/02\/TIC.png",754,495,false],"portraits":["https:\/\/site.educa.madrid.org\/ies.antoniogaudi.coslada\/\/wp-content\/uploads\/ies.antoniogaudi.coslada\/2024\/02\/TIC.png",754,495,false],"thumbnail":["https:\/\/site.educa.madrid.org\/ies.antoniogaudi.coslada\/\/wp-content\/uploads\/ies.antoniogaudi.coslada\/2024\/02\/TIC-150x150.png",150,150,true],"medium":["https:\/\/site.educa.madrid.org\/ies.antoniogaudi.coslada\/\/wp-content\/uploads\/ies.antoniogaudi.coslada\/2024\/02\/TIC-300x197.png",300,197,true],"large":["https:\/\/site.educa.madrid.org\/ies.antoniogaudi.coslada\/\/wp-content\/uploads\/ies.antoniogaudi.coslada\/2024\/02\/TIC.png",525,345,false],"thumblist":["https:\/\/site.educa.madrid.org\/ies.antoniogaudi.coslada\/\/wp-content\/uploads\/ies.antoniogaudi.coslada\/2024\/02\/TIC-300x300.png",300,300,true],"thumbrelated":["https:\/\/site.educa.madrid.org\/ies.antoniogaudi.coslada\/\/wp-content\/uploads\/ies.antoniogaudi.coslada\/2024\/02\/TIC.png",500,328,false],"meccarouselthumb":["https:\/\/site.educa.madrid.org\/ies.antoniogaudi.coslada\/\/wp-content\/uploads\/ies.antoniogaudi.coslada\/2024\/02\/TIC-474x324.png",474,324,true],"gridsquare":["https:\/\/site.educa.madrid.org\/ies.antoniogaudi.coslada\/\/wp-content\/uploads\/ies.antoniogaudi.coslada\/2024\/02\/TIC-391x260.png",391,260,true],"tileview":["https:\/\/site.educa.madrid.org\/ies.antoniogaudi.coslada\/\/wp-content\/uploads\/ies.antoniogaudi.coslada\/2024\/02\/TIC-300x400.png",300,400,true],"1536x1536":["https:\/\/site.educa.madrid.org\/ies.antoniogaudi.coslada\/\/wp-content\/uploads\/ies.antoniogaudi.coslada\/2024\/02\/TIC.png",754,495,false],"2048x2048":["https:\/\/site.educa.madrid.org\/ies.antoniogaudi.coslada\/\/wp-content\/uploads\/ies.antoniogaudi.coslada\/2024\/02\/TIC.png",754,495,false],"gurukul-education-featured-image":["https:\/\/site.educa.madrid.org\/ies.antoniogaudi.coslada\/\/wp-content\/uploads\/ies.antoniogaudi.coslada\/2024\/02\/TIC.png",754,495,false],"gurukul-education-thumbnail-avatar":["https:\/\/site.educa.madrid.org\/ies.antoniogaudi.coslada\/\/wp-content\/uploads\/ies.antoniogaudi.coslada\/2024\/02\/TIC.png",100,66,false],"sow-carousel-default":["https:\/\/site.educa.madrid.org\/ies.antoniogaudi.coslada\/\/wp-content\/uploads\/ies.antoniogaudi.coslada\/2024\/02\/TIC-272x182.png",272,182,true],"sow-post-carousel-overlay-theme":["https:\/\/site.educa.madrid.org\/ies.antoniogaudi.coslada\/\/wp-content\/uploads\/ies.antoniogaudi.coslada\/2024\/02\/TIC.png",360,236,false],"sow-post-carousel-cards-theme":["https:\/\/site.educa.madrid.org\/ies.antoniogaudi.coslada\/\/wp-content\/uploads\/ies.antoniogaudi.coslada\/2024\/02\/TIC.png",360,236,false],"rt_custom":["https:\/\/site.educa.madrid.org\/ies.antoniogaudi.coslada\/\/wp-content\/uploads\/ies.antoniogaudi.coslada\/2024\/02\/TIC.png",754,495,false]},"rttpg_author":{"display_name":"ies.antoniogaudi.coslada","author_link":"https:\/\/site.educa.madrid.org\/ies.antoniogaudi.coslada\/index.php\/author\/cuenta_ies-antoniogaudi-coslada\/"},"rttpg_comment":0,"rttpg_category":false,"rttpg_excerpt":"MATERIAS COMPOSICI\u00d3N PROGRAMACI\u00d3N DID\u00c1CTICA CRITERIOS DE CALIFICACI\u00d3N PENDIENTES","post_mailing_queue_ids":[],"_links":{"self":[{"href":"https:\/\/site.educa.madrid.org\/ies.antoniogaudi.coslada\/index.php\/wp-json\/wp\/v2\/pages\/291","targetHints":{"allow":["GET"]}}],"collection":[{"href":"https:\/\/site.educa.madrid.org\/ies.antoniogaudi.coslada\/index.php\/wp-json\/wp\/v2\/pages"}],"about":[{"href":"https:\/\/site.educa.madrid.org\/ies.antoniogaudi.coslada\/index.php\/wp-json\/wp\/v2\/types\/page"}],"author":[{"embeddable":true,"href":"https:\/\/site.educa.madrid.org\/ies.antoniogaudi.coslada\/index.php\/wp-json\/wp\/v2\/users\/3"}],"replies":[{"embeddable":true,"href":"https:\/\/site.educa.madrid.org\/ies.antoniogaudi.coslada\/index.php\/wp-json\/wp\/v2\/comments?post=291"}],"version-history":[{"count":1,"href":"https:\/\/site.educa.madrid.org\/ies.antoniogaudi.coslada\/index.php\/wp-json\/wp\/v2\/pages\/291\/revisions"}],"predecessor-version":[{"id":292,"href":"https:\/\/site.educa.madrid.org\/ies.antoniogaudi.coslada\/index.php\/wp-json\/wp\/v2\/pages\/291\/revisions\/292"}],"wp:featuredmedia":[{"embeddable":true,"href":"https:\/\/site.educa.madrid.org\/ies.antoniogaudi.coslada\/index.php\/wp-json\/wp\/v2\/media\/139"}],"wp:attachment":[{"href":"https:\/\/site.educa.madrid.org\/ies.antoniogaudi.coslada\/index.php\/wp-json\/wp\/v2\/media?parent=291"}],"wp:term":[{"taxonomy":"folder","embeddable":true,"href":"https:\/\/site.educa.madrid.org\/ies.antoniogaudi.coslada\/index.php\/wp-json\/wp\/v2\/folder?post=291"}],"curies":[{"name":"wp","href":"https:\/\/api.w.org\/{rel}","templated":true}]}}