{"id":1029,"date":"2023-02-27T08:26:13","date_gmt":"2023-02-27T07:26:13","guid":{"rendered":"https:\/\/site.educa.madrid.org\/ies.becquer.algete\/?page_id=1029"},"modified":"2023-02-27T09:13:52","modified_gmt":"2023-02-27T08:13:52","slug":"que-es-el-autismo","status":"publish","type":"page","link":"https:\/\/site.educa.madrid.org\/ies.becquer.algete\/index.php\/inicio\/servicios-y-actividades\/aula-tgd\/que-es-el-autismo\/","title":{"rendered":"\u00bfQu\u00e9 es el autismo?"},"content":{"rendered":"\n<div class=\"wp-block-image\"><figure class=\"aligncenter size-large is-resized\"><img loading=\"lazy\" decoding=\"async\" src=\"https:\/\/site.educa.madrid.org\/ies.becquer.algete\/\/wp-content\/uploads\/ies.becquer.algete\/2023\/02\/autismo-1024x682.jpg\" alt=\"\" class=\"wp-image-1063\" width=\"585\" height=\"389\" srcset=\"https:\/\/site.educa.madrid.org\/ies.becquer.algete\/\/wp-content\/uploads\/ies.becquer.algete\/2023\/02\/autismo-1024x682.jpg 1024w, https:\/\/site.educa.madrid.org\/ies.becquer.algete\/\/wp-content\/uploads\/ies.becquer.algete\/2023\/02\/autismo-300x200.jpg 300w, https:\/\/site.educa.madrid.org\/ies.becquer.algete\/\/wp-content\/uploads\/ies.becquer.algete\/2023\/02\/autismo-768x512.jpg 768w, https:\/\/site.educa.madrid.org\/ies.becquer.algete\/\/wp-content\/uploads\/ies.becquer.algete\/2023\/02\/autismo-391x260.jpg 391w, https:\/\/site.educa.madrid.org\/ies.becquer.algete\/\/wp-content\/uploads\/ies.becquer.algete\/2023\/02\/autismo-272x182.jpg 272w, https:\/\/site.educa.madrid.org\/ies.becquer.algete\/\/wp-content\/uploads\/ies.becquer.algete\/2023\/02\/autismo.jpg 1280w\" sizes=\"auto, (max-width: 585px) 100vw, 585px\" \/><\/figure><\/div>\n\n\n\n<p>El&nbsp;<strong>autismo<\/strong>&nbsp;es un&nbsp;<strong>trastorno neurobiol\u00f3gico del desarrollo<\/strong>, se suele manifestar entorno a los tres primeros a\u00f1os de vida y que perdura a lo largo de todo el ciclo vital.&nbsp;<strong>No es una enfermedad; es una condici\u00f3n de vida.<\/strong><\/p>\n\n\n\n<p>Se caracteriza por\u00a0<strong>dificultades en la comunicaci\u00f3n y la interacci\u00f3n social, la imaginaci\u00f3n y la flexibilidad en su conducta y pensamiento<\/strong>.<\/p>\n\n\n\n<p>Entre sus\u00a0<strong>manifestaciones<\/strong>\u00a0podemos destacar, en general, en la etapa de\u00a0<strong>educaci\u00f3n secundaria<\/strong>:<\/p>\n\n\n\n<p class=\"has-text-align-center\"><strong>En su desarrollo sociocomunicativo<\/strong><\/p>\n\n\n\n<ul class=\"wp-block-list\"><li>Desean tener amigos, pero no saben c\u00f3mo lograrlo. Tienen dificultades para empatizar.<\/li><li>Necesitan mejorar su comprensi\u00f3n del mundo social. Les cuesta comprender las normas que rigen las relaciones con los dem\u00e1s, especialmente las que son sutiles. En los juegos, tambi\u00e9n han de aprender sus normas de forma estructurada.<\/li><li>Tienen dificultades para comprender y regular el lenguaje no verbal, el volumen, el tono de voz y adaptar el lenguaje a los diferentes contextos.<\/li><li>Les cuesta entender los dobles sentidos, las frases hechas, los chistes, las bromas. Comprenden el lenguaje de forma literal; entienden exactamente lo que oyen.<\/li><\/ul>\n\n\n\n<p class=\"has-text-align-center\"><strong>En el desarrollo de la imaginaci\u00f3n y la flexibilidad de su pensamiento<\/strong><\/p>\n\n\n\n<ul class=\"wp-block-list\"><li>Tienen dificultades para imaginar las consecuencias de situaciones novedosas.<\/li><li>Necesitan un entorno predecible, en el que se les anticipen los peque\u00f1os cambios.<\/li><li>Establecen peque\u00f1as rutinas e intereses por juegos u objetos, que les aportan seguridad.<\/li><\/ul>\n","protected":false},"excerpt":{"rendered":"<p>El&nbsp;autismo&nbsp;es un&nbsp;trastorno neurobiol\u00f3gico del desarrollo, se suele manifestar entorno a los tres primeros a\u00f1os de vida y que perdura a lo largo de todo el ciclo vital.&nbsp;No es una enfermedad; es una condici\u00f3n de vida. Se caracteriza por\u00a0dificultades en la comunicaci\u00f3n y la interacci\u00f3n social, la imaginaci\u00f3n y la flexibilidad en su conducta y pensamiento. &hellip; <\/p>\n<p class=\"link-more\"><a href=\"https:\/\/site.educa.madrid.org\/ies.becquer.algete\/index.php\/inicio\/servicios-y-actividades\/aula-tgd\/que-es-el-autismo\/\" class=\"more-link\">Continuar leyendo<span class=\"screen-reader-text\"> \u00ab\u00bfQu\u00e9 es el autismo?\u00bb<\/span><\/a><\/p>\n","protected":false},"author":3,"featured_media":0,"parent":741,"menu_order":1,"comment_status":"closed","ping_status":"closed","template":"page-with-siblings-submenu.php","meta":{"footnotes":""},"folder":[],"class_list":["post-1029","page","type-page","status-publish","hentry"],"rttpg_featured_image_url":null,"rttpg_author":{"display_name":"ies.becquer.algete","author_link":"https:\/\/site.educa.madrid.org\/ies.becquer.algete\/index.php\/author\/cuenta_ies-becquer-algete\/"},"rttpg_comment":0,"rttpg_category":false,"rttpg_excerpt":"El&nbsp;autismo&nbsp;es un&nbsp;trastorno neurobiol\u00f3gico del desarrollo, se suele manifestar entorno a los tres primeros a\u00f1os de vida y que perdura a lo largo de todo el ciclo vital.&nbsp;No es una enfermedad; es una condici\u00f3n de vida. Se caracteriza por\u00a0dificultades en la comunicaci\u00f3n y la interacci\u00f3n social, la imaginaci\u00f3n y la flexibilidad en su conducta y pensamiento.&hellip;","post_mailing_queue_ids":[],"_links":{"self":[{"href":"https:\/\/site.educa.madrid.org\/ies.becquer.algete\/index.php\/wp-json\/wp\/v2\/pages\/1029","targetHints":{"allow":["GET"]}}],"collection":[{"href":"https:\/\/site.educa.madrid.org\/ies.becquer.algete\/index.php\/wp-json\/wp\/v2\/pages"}],"about":[{"href":"https:\/\/site.educa.madrid.org\/ies.becquer.algete\/index.php\/wp-json\/wp\/v2\/types\/page"}],"author":[{"embeddable":true,"href":"https:\/\/site.educa.madrid.org\/ies.becquer.algete\/index.php\/wp-json\/wp\/v2\/users\/3"}],"replies":[{"embeddable":true,"href":"https:\/\/site.educa.madrid.org\/ies.becquer.algete\/index.php\/wp-json\/wp\/v2\/comments?post=1029"}],"version-history":[{"count":3,"href":"https:\/\/site.educa.madrid.org\/ies.becquer.algete\/index.php\/wp-json\/wp\/v2\/pages\/1029\/revisions"}],"predecessor-version":[{"id":1065,"href":"https:\/\/site.educa.madrid.org\/ies.becquer.algete\/index.php\/wp-json\/wp\/v2\/pages\/1029\/revisions\/1065"}],"up":[{"embeddable":true,"href":"https:\/\/site.educa.madrid.org\/ies.becquer.algete\/index.php\/wp-json\/wp\/v2\/pages\/741"}],"wp:attachment":[{"href":"https:\/\/site.educa.madrid.org\/ies.becquer.algete\/index.php\/wp-json\/wp\/v2\/media?parent=1029"}],"wp:term":[{"taxonomy":"folder","embeddable":true,"href":"https:\/\/site.educa.madrid.org\/ies.becquer.algete\/index.php\/wp-json\/wp\/v2\/folder?post=1029"}],"curies":[{"name":"wp","href":"https:\/\/api.w.org\/{rel}","templated":true}]}}