{"id":1043,"date":"2023-02-27T08:34:27","date_gmt":"2023-02-27T07:34:27","guid":{"rendered":"https:\/\/site.educa.madrid.org\/ies.becquer.algete\/?page_id=1043"},"modified":"2023-02-27T09:32:11","modified_gmt":"2023-02-27T08:32:11","slug":"proyecto-circulo-de-amigos","status":"publish","type":"page","link":"https:\/\/site.educa.madrid.org\/ies.becquer.algete\/index.php\/inicio\/servicios-y-actividades\/aula-tgd\/proyecto-circulo-de-amigos\/","title":{"rendered":"Proyecto \u00abC\u00edrculo de amigos\u00bb"},"content":{"rendered":"\n<div class=\"wp-block-image\"><figure class=\"aligncenter size-large is-resized\"><img loading=\"lazy\" decoding=\"async\" src=\"https:\/\/site.educa.madrid.org\/ies.becquer.algete\/\/wp-content\/uploads\/ies.becquer.algete\/2023\/02\/circulo-de-amigos-1024x674.jpg\" alt=\"\" class=\"wp-image-1084\" width=\"565\" height=\"371\" srcset=\"https:\/\/site.educa.madrid.org\/ies.becquer.algete\/\/wp-content\/uploads\/ies.becquer.algete\/2023\/02\/circulo-de-amigos-1024x674.jpg 1024w, https:\/\/site.educa.madrid.org\/ies.becquer.algete\/\/wp-content\/uploads\/ies.becquer.algete\/2023\/02\/circulo-de-amigos-300x198.jpg 300w, https:\/\/site.educa.madrid.org\/ies.becquer.algete\/\/wp-content\/uploads\/ies.becquer.algete\/2023\/02\/circulo-de-amigos-768x506.jpg 768w, https:\/\/site.educa.madrid.org\/ies.becquer.algete\/\/wp-content\/uploads\/ies.becquer.algete\/2023\/02\/circulo-de-amigos.jpg 1280w\" sizes=\"auto, (max-width: 565px) 100vw, 565px\" \/><\/figure><\/div>\n\n\n\n<p>Es un proyecto dirigida a favorecer la\u00a0<strong>inclusi\u00f3n de alumnos<\/strong>\u00a0con riesgo de exclusi\u00f3n social, por distintas causas dificultades emocionales, problemas de comportamiento, v\u00edctimas de acoso, persona con TEA.<\/p>\n\n\n\n<p>Es una estrategia que recurre al&nbsp;<strong>apoyo de compa\u00f1eros<\/strong>&nbsp;para ayudar a los alumnos que tienen dificultades de relaci\u00f3n, aportando mejoras no solo sociales sino tambi\u00e9n acad\u00e9micas.<\/p>\n\n\n\n<p>Consiste en crear un&nbsp;<strong>c\u00edrculo de amigos<\/strong>&nbsp;en torno a la persona aislada en concreto.<\/p>\n\n\n\n<p>Se realizan sesiones de&nbsp;<strong>sensibilizaci\u00f3n<\/strong>, de&nbsp;<strong>formaci\u00f3n<\/strong>&nbsp;y&nbsp;<strong>seguimiento<\/strong>.<\/p>\n\n\n\n<p>Formada por&nbsp;<strong>alumnos voluntarios<\/strong>, que ayudan a estos otros alumnos a nivel curricular, de acompa\u00f1amiento, de supervisi\u00f3n, en las distintas necesidades que presente.<\/p>\n","protected":false},"excerpt":{"rendered":"<p>Es un proyecto dirigida a favorecer la\u00a0inclusi\u00f3n de alumnos\u00a0con riesgo de exclusi\u00f3n social, por distintas causas dificultades emocionales, problemas de comportamiento, v\u00edctimas de acoso, persona con TEA. Es una estrategia que recurre al&nbsp;apoyo de compa\u00f1eros&nbsp;para ayudar a los alumnos que tienen dificultades de relaci\u00f3n, aportando mejoras no solo sociales sino tambi\u00e9n acad\u00e9micas. Consiste en crear &hellip; <\/p>\n<p class=\"link-more\"><a href=\"https:\/\/site.educa.madrid.org\/ies.becquer.algete\/index.php\/inicio\/servicios-y-actividades\/aula-tgd\/proyecto-circulo-de-amigos\/\" class=\"more-link\">Continuar leyendo<span class=\"screen-reader-text\"> \u00abProyecto \u00abC\u00edrculo de amigos\u00bb\u00bb<\/span><\/a><\/p>\n","protected":false},"author":3,"featured_media":0,"parent":741,"menu_order":8,"comment_status":"closed","ping_status":"closed","template":"page-with-siblings-submenu.php","meta":{"footnotes":""},"folder":[],"class_list":["post-1043","page","type-page","status-publish","hentry"],"rttpg_featured_image_url":null,"rttpg_author":{"display_name":"ies.becquer.algete","author_link":"https:\/\/site.educa.madrid.org\/ies.becquer.algete\/index.php\/author\/cuenta_ies-becquer-algete\/"},"rttpg_comment":0,"rttpg_category":false,"rttpg_excerpt":"Es un proyecto dirigida a favorecer la\u00a0inclusi\u00f3n de alumnos\u00a0con riesgo de exclusi\u00f3n social, por distintas causas dificultades emocionales, problemas de comportamiento, v\u00edctimas de acoso, persona con TEA. Es una estrategia que recurre al&nbsp;apoyo de compa\u00f1eros&nbsp;para ayudar a los alumnos que tienen dificultades de relaci\u00f3n, aportando mejoras no solo sociales sino tambi\u00e9n acad\u00e9micas. Consiste en crear&hellip;","post_mailing_queue_ids":[],"_links":{"self":[{"href":"https:\/\/site.educa.madrid.org\/ies.becquer.algete\/index.php\/wp-json\/wp\/v2\/pages\/1043","targetHints":{"allow":["GET"]}}],"collection":[{"href":"https:\/\/site.educa.madrid.org\/ies.becquer.algete\/index.php\/wp-json\/wp\/v2\/pages"}],"about":[{"href":"https:\/\/site.educa.madrid.org\/ies.becquer.algete\/index.php\/wp-json\/wp\/v2\/types\/page"}],"author":[{"embeddable":true,"href":"https:\/\/site.educa.madrid.org\/ies.becquer.algete\/index.php\/wp-json\/wp\/v2\/users\/3"}],"replies":[{"embeddable":true,"href":"https:\/\/site.educa.madrid.org\/ies.becquer.algete\/index.php\/wp-json\/wp\/v2\/comments?post=1043"}],"version-history":[{"count":3,"href":"https:\/\/site.educa.madrid.org\/ies.becquer.algete\/index.php\/wp-json\/wp\/v2\/pages\/1043\/revisions"}],"predecessor-version":[{"id":1086,"href":"https:\/\/site.educa.madrid.org\/ies.becquer.algete\/index.php\/wp-json\/wp\/v2\/pages\/1043\/revisions\/1086"}],"up":[{"embeddable":true,"href":"https:\/\/site.educa.madrid.org\/ies.becquer.algete\/index.php\/wp-json\/wp\/v2\/pages\/741"}],"wp:attachment":[{"href":"https:\/\/site.educa.madrid.org\/ies.becquer.algete\/index.php\/wp-json\/wp\/v2\/media?parent=1043"}],"wp:term":[{"taxonomy":"folder","embeddable":true,"href":"https:\/\/site.educa.madrid.org\/ies.becquer.algete\/index.php\/wp-json\/wp\/v2\/folder?post=1043"}],"curies":[{"name":"wp","href":"https:\/\/api.w.org\/{rel}","templated":true}]}}