{"id":1045,"date":"2023-02-27T08:37:07","date_gmt":"2023-02-27T07:37:07","guid":{"rendered":"https:\/\/site.educa.madrid.org\/ies.becquer.algete\/?page_id=1045"},"modified":"2024-01-28T21:27:10","modified_gmt":"2024-01-28T20:27:10","slug":"programabilingue","status":"publish","type":"page","link":"https:\/\/site.educa.madrid.org\/ies.becquer.algete\/index.php\/inicio\/programabilingue\/","title":{"rendered":"Programa biling\u00fce"},"content":{"rendered":"<div class=\"wp-block-image\">\n<figure class=\"aligncenter size-full is-resized\"><img loading=\"lazy\" decoding=\"async\" src=\"https:\/\/site.educa.madrid.org\/ies.becquer.algete\/\/wp-content\/uploads\/ies.becquer.algete\/2024\/01\/london-1900570_640.jpg\" alt=\"\" class=\"wp-image-1839\" width=\"533\" height=\"317\" srcset=\"https:\/\/site.educa.madrid.org\/ies.becquer.algete\/\/wp-content\/uploads\/ies.becquer.algete\/2024\/01\/london-1900570_640.jpg 640w, https:\/\/site.educa.madrid.org\/ies.becquer.algete\/\/wp-content\/uploads\/ies.becquer.algete\/2024\/01\/london-1900570_640-300x179.jpg 300w\" sizes=\"auto, (max-width: 533px) 100vw, 533px\" \/><\/figure>\n<\/div>\n\n\n<p>Nuestro centro comenz\u00f3 en el<strong> Programa Biling\u00fce de la Comunidad de Madrid<\/strong> en el curso <strong>2018-19<\/strong>. En toda la etapa de ESO los alumnos se dividen en Secci\u00f3n Biling\u00fce y Programa Biling\u00fce.<\/p>\n\n\n\n<p>Los alumnos de <strong>Secci\u00f3n Biling\u00fce<\/strong> cursan <strong>5 horas<\/strong> semanales de <strong>Ingl\u00e9s Avanzado<\/strong>, y las materias de <strong>Biolog\u00eda y Geolog\u00eda<\/strong>, <strong>Geograf\u00eda e Historia<\/strong> y <strong>tutor\u00eda <\/strong>en ingl\u00e9s . Adem\u00e1s, y en diferentes cursos de ESO, los alumnos de Secci\u00f3n Biling\u00fce cursan en ingl\u00e9s las materias de <strong>Tecnolog\u00eda<\/strong>, <strong>Educaci\u00f3n Pl\u00e1stica y Visual<\/strong>, <strong>Educaci\u00f3n F\u00edsica<\/strong>, <strong>F\u00edsica y Qu\u00edmica<\/strong> y <strong>Econom\u00eda<\/strong>.<\/p>\n\n\n\n<p>Los alumnos de <strong>Programa Biling\u00fce<\/strong> reciben tambi\u00e9n <strong>5 horas<\/strong> semanas de <strong>Ingl\u00e9s<\/strong>, y otra asignatura en ingl\u00e9s, que var\u00eda cada a\u00f1o: <strong>Educaci\u00f3n Pl\u00e1stica y Visual <\/strong>en 1\u00ba de ESO; <strong>Tecnolog\u00eda <\/strong>en 2\u00ba de ESO; <strong>Educaci\u00f3n F\u00edsica <\/strong>en 3\u00ba y 4\u00ba de ESO.<\/p>\n","protected":false},"excerpt":{"rendered":"<p>Nuestro centro comenz\u00f3 en el Programa Biling\u00fce de la Comunidad de Madrid en el curso 2018-19. En toda la etapa de ESO los alumnos se dividen en Secci\u00f3n Biling\u00fce y Programa Biling\u00fce. Los alumnos de Secci\u00f3n Biling\u00fce cursan 5 horas semanales de Ingl\u00e9s Avanzado, y las materias de Biolog\u00eda y Geolog\u00eda, Geograf\u00eda e Historia y &hellip; <\/p>\n<p class=\"link-more\"><a href=\"https:\/\/site.educa.madrid.org\/ies.becquer.algete\/index.php\/inicio\/programabilingue\/\" class=\"more-link\">Continuar leyendo<span class=\"screen-reader-text\"> \u00abPrograma biling\u00fce\u00bb<\/span><\/a><\/p>\n","protected":false},"author":3,"featured_media":0,"parent":116,"menu_order":10,"comment_status":"closed","ping_status":"closed","template":"page-with-submenu.php","meta":{"footnotes":""},"folder":[],"class_list":["post-1045","page","type-page","status-publish","hentry"],"rttpg_featured_image_url":null,"rttpg_author":{"display_name":"ies.becquer.algete","author_link":"https:\/\/site.educa.madrid.org\/ies.becquer.algete\/index.php\/author\/cuenta_ies-becquer-algete\/"},"rttpg_comment":0,"rttpg_category":false,"rttpg_excerpt":"Nuestro centro comenz\u00f3 en el Programa Biling\u00fce de la Comunidad de Madrid en el curso 2018-19. En toda la etapa de ESO los alumnos se dividen en Secci\u00f3n Biling\u00fce y Programa Biling\u00fce. Los alumnos de Secci\u00f3n Biling\u00fce cursan 5 horas semanales de Ingl\u00e9s Avanzado, y las materias de Biolog\u00eda y Geolog\u00eda, Geograf\u00eda e Historia y&hellip;","post_mailing_queue_ids":[],"_links":{"self":[{"href":"https:\/\/site.educa.madrid.org\/ies.becquer.algete\/index.php\/wp-json\/wp\/v2\/pages\/1045","targetHints":{"allow":["GET"]}}],"collection":[{"href":"https:\/\/site.educa.madrid.org\/ies.becquer.algete\/index.php\/wp-json\/wp\/v2\/pages"}],"about":[{"href":"https:\/\/site.educa.madrid.org\/ies.becquer.algete\/index.php\/wp-json\/wp\/v2\/types\/page"}],"author":[{"embeddable":true,"href":"https:\/\/site.educa.madrid.org\/ies.becquer.algete\/index.php\/wp-json\/wp\/v2\/users\/3"}],"replies":[{"embeddable":true,"href":"https:\/\/site.educa.madrid.org\/ies.becquer.algete\/index.php\/wp-json\/wp\/v2\/comments?post=1045"}],"version-history":[{"count":12,"href":"https:\/\/site.educa.madrid.org\/ies.becquer.algete\/index.php\/wp-json\/wp\/v2\/pages\/1045\/revisions"}],"predecessor-version":[{"id":1842,"href":"https:\/\/site.educa.madrid.org\/ies.becquer.algete\/index.php\/wp-json\/wp\/v2\/pages\/1045\/revisions\/1842"}],"up":[{"embeddable":true,"href":"https:\/\/site.educa.madrid.org\/ies.becquer.algete\/index.php\/wp-json\/wp\/v2\/pages\/116"}],"wp:attachment":[{"href":"https:\/\/site.educa.madrid.org\/ies.becquer.algete\/index.php\/wp-json\/wp\/v2\/media?parent=1045"}],"wp:term":[{"taxonomy":"folder","embeddable":true,"href":"https:\/\/site.educa.madrid.org\/ies.becquer.algete\/index.php\/wp-json\/wp\/v2\/folder?post=1045"}],"curies":[{"name":"wp","href":"https:\/\/api.w.org\/{rel}","templated":true}]}}