{"id":120,"date":"2022-06-06T09:28:10","date_gmt":"2022-06-06T07:28:10","guid":{"rendered":"https:\/\/site.educa.madrid.org\/ies.becquer.algete\/?page_id=120"},"modified":"2023-03-02T19:18:45","modified_gmt":"2023-03-02T18:18:45","slug":"quienes-somos","status":"publish","type":"page","link":"https:\/\/site.educa.madrid.org\/ies.becquer.algete\/index.php\/inicio\/nuestro-centro\/quienes-somos\/","title":{"rendered":"Qui\u00e9nes somos"},"content":{"rendered":"\n<h2 class=\"wp-block-heading\">Gustavo Adolfo B\u00e9cquer<\/h2>\n\n\n\n<div class=\"wp-block-image\"><figure class=\"aligncenter size-large is-resized\"><img loading=\"lazy\" decoding=\"async\" src=\"https:\/\/site.educa.madrid.org\/ies.becquer.algete\/\/wp-content\/uploads\/ies.becquer.algete\/2023\/03\/Gustavo-Adolfo-Becquer-737x1024.jpg\" alt=\"\" class=\"wp-image-1114\" width=\"576\" height=\"800\" srcset=\"https:\/\/site.educa.madrid.org\/ies.becquer.algete\/\/wp-content\/uploads\/ies.becquer.algete\/2023\/03\/Gustavo-Adolfo-Becquer-737x1024.jpg 737w, https:\/\/site.educa.madrid.org\/ies.becquer.algete\/\/wp-content\/uploads\/ies.becquer.algete\/2023\/03\/Gustavo-Adolfo-Becquer-216x300.jpg 216w, https:\/\/site.educa.madrid.org\/ies.becquer.algete\/\/wp-content\/uploads\/ies.becquer.algete\/2023\/03\/Gustavo-Adolfo-Becquer-768x1068.jpg 768w, https:\/\/site.educa.madrid.org\/ies.becquer.algete\/\/wp-content\/uploads\/ies.becquer.algete\/2023\/03\/Gustavo-Adolfo-Becquer.jpg 800w\" sizes=\"auto, (max-width: 576px) 100vw, 576px\" \/><\/figure><\/div>\n\n\n\n<p>El nombre de nuestro centro se debe a este ilustre <strong>escritor rom\u00e1ntico<\/strong>, iniciador de la poes\u00eda espa\u00f1ola moderna. Naci\u00f3 en Sevilla en 1836. Hu\u00e9rfano a los diez a\u00f1os, conoci\u00f3 la estrechez durante toda su vida y padeci\u00f3 desde muy joven una grave tuberculosis pulmonar. En 1854 se traslad\u00f3 a Madrid, donde se dedic\u00f3 al periodismo. En 1858 comenz\u00f3 a publicar sus <em><strong>Leyendas <\/strong><\/em>que, junto con las <em><strong>Rimas<\/strong><\/em>, peque\u00f1os poemas de corte intimista, son sus obras m\u00e1s celebradas. Muri\u00f3 en el a\u00f1o 1870.<\/p>\n","protected":false},"excerpt":{"rendered":"<p>Gustavo Adolfo B\u00e9cquer El nombre de nuestro centro se debe a este ilustre escritor rom\u00e1ntico, iniciador de la poes\u00eda espa\u00f1ola moderna. Naci\u00f3 en Sevilla en 1836. Hu\u00e9rfano a los diez a\u00f1os, conoci\u00f3 la estrechez durante toda su vida y padeci\u00f3 desde muy joven una grave tuberculosis pulmonar. En 1854 se traslad\u00f3 a Madrid, donde se &hellip; <\/p>\n<p class=\"link-more\"><a href=\"https:\/\/site.educa.madrid.org\/ies.becquer.algete\/index.php\/inicio\/nuestro-centro\/quienes-somos\/\" class=\"more-link\">Continuar leyendo<span class=\"screen-reader-text\"> \u00abQui\u00e9nes somos\u00bb<\/span><\/a><\/p>\n","protected":false},"author":5,"featured_media":0,"parent":664,"menu_order":1,"comment_status":"closed","ping_status":"closed","template":"page-with-siblings-submenu.php","meta":{"footnotes":""},"folder":[],"class_list":["post-120","page","type-page","status-publish","hentry"],"rttpg_featured_image_url":null,"rttpg_author":{"display_name":"Cuenta Admin-educamadrid","author_link":"https:\/\/site.educa.madrid.org\/ies.becquer.algete\/index.php\/author\/cuenta_admin-educamadrid\/"},"rttpg_comment":0,"rttpg_category":false,"rttpg_excerpt":"Gustavo Adolfo B\u00e9cquer El nombre de nuestro centro se debe a este ilustre escritor rom\u00e1ntico, iniciador de la poes\u00eda espa\u00f1ola moderna. Naci\u00f3 en Sevilla en 1836. Hu\u00e9rfano a los diez a\u00f1os, conoci\u00f3 la estrechez durante toda su vida y padeci\u00f3 desde muy joven una grave tuberculosis pulmonar. En 1854 se traslad\u00f3 a Madrid, donde se&hellip;","post_mailing_queue_ids":[],"_links":{"self":[{"href":"https:\/\/site.educa.madrid.org\/ies.becquer.algete\/index.php\/wp-json\/wp\/v2\/pages\/120","targetHints":{"allow":["GET"]}}],"collection":[{"href":"https:\/\/site.educa.madrid.org\/ies.becquer.algete\/index.php\/wp-json\/wp\/v2\/pages"}],"about":[{"href":"https:\/\/site.educa.madrid.org\/ies.becquer.algete\/index.php\/wp-json\/wp\/v2\/types\/page"}],"author":[{"embeddable":true,"href":"https:\/\/site.educa.madrid.org\/ies.becquer.algete\/index.php\/wp-json\/wp\/v2\/users\/5"}],"replies":[{"embeddable":true,"href":"https:\/\/site.educa.madrid.org\/ies.becquer.algete\/index.php\/wp-json\/wp\/v2\/comments?post=120"}],"version-history":[{"count":8,"href":"https:\/\/site.educa.madrid.org\/ies.becquer.algete\/index.php\/wp-json\/wp\/v2\/pages\/120\/revisions"}],"predecessor-version":[{"id":1115,"href":"https:\/\/site.educa.madrid.org\/ies.becquer.algete\/index.php\/wp-json\/wp\/v2\/pages\/120\/revisions\/1115"}],"up":[{"embeddable":true,"href":"https:\/\/site.educa.madrid.org\/ies.becquer.algete\/index.php\/wp-json\/wp\/v2\/pages\/664"}],"wp:attachment":[{"href":"https:\/\/site.educa.madrid.org\/ies.becquer.algete\/index.php\/wp-json\/wp\/v2\/media?parent=120"}],"wp:term":[{"taxonomy":"folder","embeddable":true,"href":"https:\/\/site.educa.madrid.org\/ies.becquer.algete\/index.php\/wp-json\/wp\/v2\/folder?post=120"}],"curies":[{"name":"wp","href":"https:\/\/api.w.org\/{rel}","templated":true}]}}