{"id":124,"date":"2022-06-06T09:28:10","date_gmt":"2022-06-06T07:28:10","guid":{"rendered":"https:\/\/site.educa.madrid.org\/ies.becquer.algete\/?page_id=124"},"modified":"2023-03-02T20:03:58","modified_gmt":"2023-03-02T19:03:58","slug":"ampa","status":"publish","type":"page","link":"https:\/\/site.educa.madrid.org\/ies.becquer.algete\/index.php\/inicio\/nuestro-centro\/ampa\/","title":{"rendered":"AMPA"},"content":{"rendered":"\n<div class=\"wp-block-image\"><figure class=\"aligncenter size-large is-resized\"><img loading=\"lazy\" decoding=\"async\" src=\"https:\/\/site.educa.madrid.org\/ies.becquer.algete\/\/wp-content\/uploads\/ies.becquer.algete\/2023\/03\/ampa-1024x598.png\" alt=\"\" class=\"wp-image-1133\" width=\"618\" height=\"360\" srcset=\"https:\/\/site.educa.madrid.org\/ies.becquer.algete\/\/wp-content\/uploads\/ies.becquer.algete\/2023\/03\/ampa-1024x598.png 1024w, https:\/\/site.educa.madrid.org\/ies.becquer.algete\/\/wp-content\/uploads\/ies.becquer.algete\/2023\/03\/ampa-300x175.png 300w, https:\/\/site.educa.madrid.org\/ies.becquer.algete\/\/wp-content\/uploads\/ies.becquer.algete\/2023\/03\/ampa-768x449.png 768w, https:\/\/site.educa.madrid.org\/ies.becquer.algete\/\/wp-content\/uploads\/ies.becquer.algete\/2023\/03\/ampa.png 1280w\" sizes=\"auto, (max-width: 618px) 100vw, 618px\" \/><\/figure><\/div>\n\n\n\n<p>La Asociaci\u00f3n de Madres y Padres es el mejor y\u00a0<strong>m\u00e1s eficiente \u00f3rgano de representaci\u00f3n de las familias en el centro educativo y de participaci\u00f3n activa en la gesti\u00f3n y el modelo educativo del mismo\u00a0<\/strong>y su importancia es reconocida por todo el mundo. Y es que, igual que nos preocupamos por educar a nuestros hijos e hijas, los padres y madres tambi\u00e9n debemos participar desde la Asociaci\u00f3n para colaborar con el centro educativo en dicha educaci\u00f3n.<\/p>\n\n\n\n<p>Si quieres ser miembro de la&nbsp;<strong>AMPA&nbsp;<\/strong>y participar con ello en la actividad de la comunidad educativa, lo puedes hacer abonando la cuota anual de socio en el n\u00famero de la cuenta bancaria indicada y rellenando el formulario de inscripci\u00f3n.<\/p>\n","protected":false},"excerpt":{"rendered":"<p>La Asociaci\u00f3n de Madres y Padres es el mejor y\u00a0m\u00e1s eficiente \u00f3rgano de representaci\u00f3n de las familias en el centro educativo y de participaci\u00f3n activa en la gesti\u00f3n y el modelo educativo del mismo\u00a0y su importancia es reconocida por todo el mundo. Y es que, igual que nos preocupamos por educar a nuestros hijos e &hellip; <\/p>\n<p class=\"link-more\"><a href=\"https:\/\/site.educa.madrid.org\/ies.becquer.algete\/index.php\/inicio\/nuestro-centro\/ampa\/\" class=\"more-link\">Continuar leyendo<span class=\"screen-reader-text\"> \u00abAMPA\u00bb<\/span><\/a><\/p>\n","protected":false},"author":5,"featured_media":0,"parent":664,"menu_order":10,"comment_status":"closed","ping_status":"closed","template":"page-with-siblings-submenu.php","meta":{"footnotes":""},"folder":[],"class_list":["post-124","page","type-page","status-publish","hentry"],"rttpg_featured_image_url":null,"rttpg_author":{"display_name":"Cuenta Admin-educamadrid","author_link":"https:\/\/site.educa.madrid.org\/ies.becquer.algete\/index.php\/author\/cuenta_admin-educamadrid\/"},"rttpg_comment":0,"rttpg_category":false,"rttpg_excerpt":"La Asociaci\u00f3n de Madres y Padres es el mejor y\u00a0m\u00e1s eficiente \u00f3rgano de representaci\u00f3n de las familias en el centro educativo y de participaci\u00f3n activa en la gesti\u00f3n y el modelo educativo del mismo\u00a0y su importancia es reconocida por todo el mundo. Y es que, igual que nos preocupamos por educar a nuestros hijos e&hellip;","post_mailing_queue_ids":[],"_links":{"self":[{"href":"https:\/\/site.educa.madrid.org\/ies.becquer.algete\/index.php\/wp-json\/wp\/v2\/pages\/124","targetHints":{"allow":["GET"]}}],"collection":[{"href":"https:\/\/site.educa.madrid.org\/ies.becquer.algete\/index.php\/wp-json\/wp\/v2\/pages"}],"about":[{"href":"https:\/\/site.educa.madrid.org\/ies.becquer.algete\/index.php\/wp-json\/wp\/v2\/types\/page"}],"author":[{"embeddable":true,"href":"https:\/\/site.educa.madrid.org\/ies.becquer.algete\/index.php\/wp-json\/wp\/v2\/users\/5"}],"replies":[{"embeddable":true,"href":"https:\/\/site.educa.madrid.org\/ies.becquer.algete\/index.php\/wp-json\/wp\/v2\/comments?post=124"}],"version-history":[{"count":6,"href":"https:\/\/site.educa.madrid.org\/ies.becquer.algete\/index.php\/wp-json\/wp\/v2\/pages\/124\/revisions"}],"predecessor-version":[{"id":1134,"href":"https:\/\/site.educa.madrid.org\/ies.becquer.algete\/index.php\/wp-json\/wp\/v2\/pages\/124\/revisions\/1134"}],"up":[{"embeddable":true,"href":"https:\/\/site.educa.madrid.org\/ies.becquer.algete\/index.php\/wp-json\/wp\/v2\/pages\/664"}],"wp:attachment":[{"href":"https:\/\/site.educa.madrid.org\/ies.becquer.algete\/index.php\/wp-json\/wp\/v2\/media?parent=124"}],"wp:term":[{"taxonomy":"folder","embeddable":true,"href":"https:\/\/site.educa.madrid.org\/ies.becquer.algete\/index.php\/wp-json\/wp\/v2\/folder?post=124"}],"curies":[{"name":"wp","href":"https:\/\/api.w.org\/{rel}","templated":true}]}}