{"id":125,"date":"2022-06-06T09:28:10","date_gmt":"2022-06-06T07:28:10","guid":{"rendered":"https:\/\/site.educa.madrid.org\/ies.becquer.algete\/?page_id=125"},"modified":"2024-04-17T19:05:55","modified_gmt":"2024-04-17T17:05:55","slug":"ensenanzas","status":"publish","type":"page","link":"https:\/\/site.educa.madrid.org\/ies.becquer.algete\/index.php\/inicio\/ensenanzas\/","title":{"rendered":"Ense\u00f1anzas"},"content":{"rendered":"\n<p>En nuestro centro se imparten tres niveles educativos:<\/p>\n\n\n\n<h2 class=\"wp-block-heading\"><strong>Educaci\u00f3n Secundaria Obligatoria<\/strong><\/h2>\n\n\n\n<p>La Educaci\u00f3n Secundaria Obligatoria forma parte de la ense\u00f1anza b\u00e1sica y, por tanto, tiene car\u00e1cter obligatorio y gratuito. Comprende dos ciclos, el primero de tres cursos escolares y el segundo de uno.<\/p>\n\n\n\n<p>La finalidad de la Educaci\u00f3n Secundaria Obligatoria consiste en lograr que los alumnos adquieran los <strong>elementos b\u00e1sicos de la cultura<\/strong>, especialmente en sus aspectos human\u00edstico, art\u00edstico, cient\u00edfico y tecnol\u00f3gico; <strong>desarrollar y consolidar en ellos h\u00e1bitos de estudio y de trabajo<\/strong>; prepararles para su <strong>incorporaci\u00f3n a estudios posteriores<\/strong> y para su <strong>inserci\u00f3n laboral <\/strong>y formarles para el ejercicio de sus <strong>derechos y obligaciones<\/strong> en la vida como ciudadanos.<\/p>\n\n\n<div class=\"wp-block-image\">\n<figure class=\"aligncenter size-large is-resized\"><img loading=\"lazy\" decoding=\"async\" src=\"https:\/\/site.educa.madrid.org\/ies.becquer.algete\/\/wp-content\/uploads\/ies.becquer.algete\/2023\/02\/eso-edited.jpg\" alt=\"\" class=\"wp-image-866\" width=\"620\" height=\"387\" srcset=\"https:\/\/site.educa.madrid.org\/ies.becquer.algete\/\/wp-content\/uploads\/ies.becquer.algete\/2023\/02\/eso-edited.jpg 1280w, https:\/\/site.educa.madrid.org\/ies.becquer.algete\/\/wp-content\/uploads\/ies.becquer.algete\/2023\/02\/eso-edited-300x188.jpg 300w, https:\/\/site.educa.madrid.org\/ies.becquer.algete\/\/wp-content\/uploads\/ies.becquer.algete\/2023\/02\/eso-edited-1024x640.jpg 1024w, https:\/\/site.educa.madrid.org\/ies.becquer.algete\/\/wp-content\/uploads\/ies.becquer.algete\/2023\/02\/eso-edited-768x480.jpg 768w\" sizes=\"auto, (max-width: 620px) 100vw, 620px\" \/><\/figure>\n<\/div>\n\n\n<h2 class=\"wp-block-heading\"><strong>Bachillerato<\/strong><\/h2>\n\n\n\n<p>Comprende dos cursos, se desarrolla en <strong>modalidades diferentes<\/strong>, se organiza de modo flexible y, en su caso, en distintas v\u00edas, a fin de que pueda ofrecer una <strong>preparaci\u00f3n especializada<\/strong> a los alumnos y alumnas acorde con sus perspectivas e intereses de formaci\u00f3n o permita la <strong>incorporaci\u00f3n a la vida activa <\/strong>una vez finalizado el mismo.<\/p>\n\n\n\n<p>El Bachillerato tiene como <strong>finalidad<\/strong> proporcionar formaci\u00f3n, madurez intelectual y humana, conocimientos, habilidades y actitudes que permitan desarrollar funciones sociales e incorporarse a la vida activa con responsabilidad y competencia.<\/p>\n\n\n\n<p>Asimismo, esta etapa permite la <strong>adquisici\u00f3n y logro de las competencias i<\/strong>ndispensables para el futuro formativo y profesional y capacitar para el acceso a la educaci\u00f3n superior.<\/p>\n\n\n<div class=\"wp-block-image\">\n<figure class=\"aligncenter size-large is-resized\"><img loading=\"lazy\" decoding=\"async\" src=\"https:\/\/site.educa.madrid.org\/ies.becquer.algete\/\/wp-content\/uploads\/ies.becquer.algete\/2023\/02\/bachillerato-edited.jpg\" alt=\"\" class=\"wp-image-868\" width=\"631\" height=\"394\" srcset=\"https:\/\/site.educa.madrid.org\/ies.becquer.algete\/\/wp-content\/uploads\/ies.becquer.algete\/2023\/02\/bachillerato-edited.jpg 1280w, https:\/\/site.educa.madrid.org\/ies.becquer.algete\/\/wp-content\/uploads\/ies.becquer.algete\/2023\/02\/bachillerato-edited-300x188.jpg 300w, https:\/\/site.educa.madrid.org\/ies.becquer.algete\/\/wp-content\/uploads\/ies.becquer.algete\/2023\/02\/bachillerato-edited-1024x640.jpg 1024w, https:\/\/site.educa.madrid.org\/ies.becquer.algete\/\/wp-content\/uploads\/ies.becquer.algete\/2023\/02\/bachillerato-edited-768x480.jpg 768w\" sizes=\"auto, (max-width: 631px) 100vw, 631px\" \/><\/figure>\n<\/div>\n\n\n<h2 class=\"wp-block-heading\"><strong>Formaci\u00f3n profesional<\/strong><\/h2>\n\n\n\n<figure class=\"wp-block-image size-full is-resized\"><img loading=\"lazy\" decoding=\"async\" src=\"https:\/\/site.educa.madrid.org\/ies.becquer.algete\/\/wp-content\/uploads\/ies.becquer.algete\/2024\/04\/exercise-86200_640.jpg\" alt=\"\" class=\"wp-image-2005\" width=\"662\" height=\"442\" srcset=\"https:\/\/site.educa.madrid.org\/ies.becquer.algete\/\/wp-content\/uploads\/ies.becquer.algete\/2024\/04\/exercise-86200_640.jpg 640w, https:\/\/site.educa.madrid.org\/ies.becquer.algete\/\/wp-content\/uploads\/ies.becquer.algete\/2024\/04\/exercise-86200_640-300x200.jpg 300w, https:\/\/site.educa.madrid.org\/ies.becquer.algete\/\/wp-content\/uploads\/ies.becquer.algete\/2024\/04\/exercise-86200_640-391x260.jpg 391w, https:\/\/site.educa.madrid.org\/ies.becquer.algete\/\/wp-content\/uploads\/ies.becquer.algete\/2024\/04\/exercise-86200_640-272x182.jpg 272w\" sizes=\"auto, (max-width: 662px) 100vw, 662px\" \/><\/figure>\n\n\n\n<p>Se imparten en este centro un <strong>Ciclo formativo de T\u00e9cnico Superior en Ense\u00f1anza y Animaci\u00f3n Sociodeportiva<\/strong>, un <strong>Ciclo Formativo de FP B\u00e1sica en Artes Gr\u00e1ficas<\/strong>, un <strong>Ciclo Formativo de Grado Medio en Preimpresi\u00f3n Digital<\/strong> y adem\u00e1s, a partir del curso 2024\/25, un <strong>Ciclo T\u00e9cnico Superior en Dise\u00f1o y Edici\u00f3n de Publicaciones Impresas y Multimedia<\/strong>. Todos ellos tienen una organizaci\u00f3n modular e integran los contenidos te\u00f3rico-pr\u00e1cticos adecuados a los diversos campos profesionales.<\/p>\n\n\n\n<p>La Formaci\u00f3n profesional, en el sistema educativo, tiene por <strong>finalidad<\/strong> preparar al alumnado para la <strong>actividad en un campo profesional<\/strong> y facilitar su <strong>adaptaci\u00f3n a las modificaciones laborales<\/strong> que pueden producirse a lo largo de su vida, contribuir a su desarrollo personal y al ejercicio de una ciudadan\u00eda democr\u00e1tica y pac\u00edfica, y permitir su <strong>progresi\u00f3n en el sistema educativo<\/strong> en el marco del aprendizaje a lo largo de la vida.<\/p>\n\n\n<div class=\"wp-block-image\">\n<figure class=\"aligncenter size-large is-resized\"><img loading=\"lazy\" decoding=\"async\" src=\"https:\/\/site.educa.madrid.org\/ies.becquer.algete\/\/wp-content\/uploads\/ies.becquer.algete\/2023\/02\/fp2-edited-1.jpg\" alt=\"\" class=\"wp-image-870\" width=\"650\" height=\"405\" srcset=\"https:\/\/site.educa.madrid.org\/ies.becquer.algete\/\/wp-content\/uploads\/ies.becquer.algete\/2023\/02\/fp2-edited-1.jpg 1280w, https:\/\/site.educa.madrid.org\/ies.becquer.algete\/\/wp-content\/uploads\/ies.becquer.algete\/2023\/02\/fp2-edited-1-300x187.jpg 300w, https:\/\/site.educa.madrid.org\/ies.becquer.algete\/\/wp-content\/uploads\/ies.becquer.algete\/2023\/02\/fp2-edited-1-1024x639.jpg 1024w, https:\/\/site.educa.madrid.org\/ies.becquer.algete\/\/wp-content\/uploads\/ies.becquer.algete\/2023\/02\/fp2-edited-1-768x479.jpg 768w\" sizes=\"auto, (max-width: 650px) 100vw, 650px\" \/><\/figure>\n<\/div>","protected":false},"excerpt":{"rendered":"<p>En nuestro centro se imparten tres niveles educativos: Educaci\u00f3n Secundaria Obligatoria La Educaci\u00f3n Secundaria Obligatoria forma parte de la ense\u00f1anza b\u00e1sica y, por tanto, tiene car\u00e1cter obligatorio y gratuito. Comprende dos ciclos, el primero de tres cursos escolares y el segundo de uno. La finalidad de la Educaci\u00f3n Secundaria Obligatoria consiste en lograr que los &hellip; <\/p>\n<p class=\"link-more\"><a href=\"https:\/\/site.educa.madrid.org\/ies.becquer.algete\/index.php\/inicio\/ensenanzas\/\" class=\"more-link\">Continuar leyendo<span class=\"screen-reader-text\"> \u00abEnse\u00f1anzas\u00bb<\/span><\/a><\/p>\n","protected":false},"author":5,"featured_media":0,"parent":116,"menu_order":2,"comment_status":"closed","ping_status":"closed","template":"page-with-submenu.php","meta":{"footnotes":""},"folder":[],"class_list":["post-125","page","type-page","status-publish","hentry"],"rttpg_featured_image_url":null,"rttpg_author":{"display_name":"Cuenta Admin-educamadrid","author_link":"https:\/\/site.educa.madrid.org\/ies.becquer.algete\/index.php\/author\/cuenta_admin-educamadrid\/"},"rttpg_comment":0,"rttpg_category":false,"rttpg_excerpt":"En nuestro centro se imparten tres niveles educativos: Educaci\u00f3n Secundaria Obligatoria La Educaci\u00f3n Secundaria Obligatoria forma parte de la ense\u00f1anza b\u00e1sica y, por tanto, tiene car\u00e1cter obligatorio y gratuito. Comprende dos ciclos, el primero de tres cursos escolares y el segundo de uno. La finalidad de la Educaci\u00f3n Secundaria Obligatoria consiste en lograr que los&hellip;","post_mailing_queue_ids":[],"_links":{"self":[{"href":"https:\/\/site.educa.madrid.org\/ies.becquer.algete\/index.php\/wp-json\/wp\/v2\/pages\/125","targetHints":{"allow":["GET"]}}],"collection":[{"href":"https:\/\/site.educa.madrid.org\/ies.becquer.algete\/index.php\/wp-json\/wp\/v2\/pages"}],"about":[{"href":"https:\/\/site.educa.madrid.org\/ies.becquer.algete\/index.php\/wp-json\/wp\/v2\/types\/page"}],"author":[{"embeddable":true,"href":"https:\/\/site.educa.madrid.org\/ies.becquer.algete\/index.php\/wp-json\/wp\/v2\/users\/5"}],"replies":[{"embeddable":true,"href":"https:\/\/site.educa.madrid.org\/ies.becquer.algete\/index.php\/wp-json\/wp\/v2\/comments?post=125"}],"version-history":[{"count":12,"href":"https:\/\/site.educa.madrid.org\/ies.becquer.algete\/index.php\/wp-json\/wp\/v2\/pages\/125\/revisions"}],"predecessor-version":[{"id":2009,"href":"https:\/\/site.educa.madrid.org\/ies.becquer.algete\/index.php\/wp-json\/wp\/v2\/pages\/125\/revisions\/2009"}],"up":[{"embeddable":true,"href":"https:\/\/site.educa.madrid.org\/ies.becquer.algete\/index.php\/wp-json\/wp\/v2\/pages\/116"}],"wp:attachment":[{"href":"https:\/\/site.educa.madrid.org\/ies.becquer.algete\/index.php\/wp-json\/wp\/v2\/media?parent=125"}],"wp:term":[{"taxonomy":"folder","embeddable":true,"href":"https:\/\/site.educa.madrid.org\/ies.becquer.algete\/index.php\/wp-json\/wp\/v2\/folder?post=125"}],"curies":[{"name":"wp","href":"https:\/\/api.w.org\/{rel}","templated":true}]}}