{"id":137,"date":"2022-06-06T09:28:11","date_gmt":"2022-06-06T07:28:11","guid":{"rendered":"https:\/\/site.educa.madrid.org\/ies.becquer.algete\/?page_id=137"},"modified":"2022-07-11T11:52:22","modified_gmt":"2022-07-11T09:52:22","slug":"erasmus","status":"publish","type":"page","link":"https:\/\/site.educa.madrid.org\/ies.becquer.algete\/index.php\/inicio\/proyectos\/otros-programas\/erasmus\/","title":{"rendered":"Erasmus"},"content":{"rendered":"\n<figure class=\"wp-block-gallery has-nested-images columns-default is-cropped wp-block-gallery-1 is-layout-flex wp-block-gallery-is-layout-flex\">\n<figure class=\"wp-block-image size-large\"><img loading=\"lazy\" decoding=\"async\" width=\"1024\" height=\"683\" data-id=\"325\" src=\"https:\/\/site.educa.madrid.org\/ies.becquer.algete\/\/wp-content\/uploads\/ies.becquer.algete\/2022\/06\/sincerely-media-dGxOgeXAXm8-unsplash-1024x683.jpg\" alt=\"Alumnos sentados tomando apuntes\" class=\"wp-image-325\" srcset=\"https:\/\/site.educa.madrid.org\/ies.becquer.algete\/\/wp-content\/uploads\/ies.becquer.algete\/2022\/06\/sincerely-media-dGxOgeXAXm8-unsplash-1024x683.jpg 1024w, https:\/\/site.educa.madrid.org\/ies.becquer.algete\/\/wp-content\/uploads\/ies.becquer.algete\/2022\/06\/sincerely-media-dGxOgeXAXm8-unsplash-300x200.jpg 300w, https:\/\/site.educa.madrid.org\/ies.becquer.algete\/\/wp-content\/uploads\/ies.becquer.algete\/2022\/06\/sincerely-media-dGxOgeXAXm8-unsplash-768x512.jpg 768w, https:\/\/site.educa.madrid.org\/ies.becquer.algete\/\/wp-content\/uploads\/ies.becquer.algete\/2022\/06\/sincerely-media-dGxOgeXAXm8-unsplash-391x260.jpg 391w, https:\/\/site.educa.madrid.org\/ies.becquer.algete\/\/wp-content\/uploads\/ies.becquer.algete\/2022\/06\/sincerely-media-dGxOgeXAXm8-unsplash-1536x1024.jpg 1536w, https:\/\/site.educa.madrid.org\/ies.becquer.algete\/\/wp-content\/uploads\/ies.becquer.algete\/2022\/06\/sincerely-media-dGxOgeXAXm8-unsplash-272x182.jpg 272w, https:\/\/site.educa.madrid.org\/ies.becquer.algete\/\/wp-content\/uploads\/ies.becquer.algete\/2022\/06\/sincerely-media-dGxOgeXAXm8-unsplash.jpg 1920w\" sizes=\"auto, (max-width: 706px) 89vw, (max-width: 767px) 82vw, 740px\" \/><\/figure>\n<\/figure>\n\n\n\n<h2 class=\"wp-block-heading\">Objetivo general<\/h2>\n\n\n\n<p>El objetivo general del Programa Erasmus+ es apoyar, a trav\u00e9s del aprendizaje permanente, el desarrollo educativo, profesional y personal de las personas en los \u00e1mbitos de la educaci\u00f3n, la formaci\u00f3n, la juventud y el deporte, dentro de Europa y fuera de su territorio, contribuyendo as\u00ed al crecimiento sostenible, al empleo de calidad y a la cohesi\u00f3n social, adem\u00e1s de a impulsar la innovaci\u00f3n y a fortalecer la identidad europea y la ciudadan\u00eda activa. Por consiguiente, el Programa ser\u00e1 un instrumento clave para desarrollar un Espacio Europeo de Educaci\u00f3n y respaldar la cooperaci\u00f3n estrat\u00e9gica europea en el campo de la educaci\u00f3n y la formaci\u00f3n, con sus correspondientes agendas sectoriales. A su vez, resulta fundamental para impulsar la cooperaci\u00f3n en materia de pol\u00edtica de juventud en el marco de la Estrategia de la UE para la Juventud del per\u00edodo 2019-2027 y desarrollar la dimensi\u00f3n europea en el deporte.<\/p>\n\n\n\n<h2 class=\"wp-block-heading\">Objetivos espec\u00edficos<\/h2>\n\n\n\n<p>El Programa persigue los objetivos espec\u00edficos siguientes:<\/p>\n\n\n\n<ul class=\"wp-block-list\"><li>promover la movilidad educativa de las personas y los colectivos, as\u00ed como la cooperaci\u00f3n, la calidad, la inclusi\u00f3n y la equidad, la excelencia, la creatividad y la innovaci\u00f3n a nivel de las organizaciones y las pol\u00edticas en el \u00e1mbito de la educaci\u00f3n y la formaci\u00f3n;<\/li><li>promover la movilidad en el aprendizaje no formal e informal y la participaci\u00f3n activa entre los j\u00f3venes, as\u00ed como la cooperaci\u00f3n, la calidad, la inclusi\u00f3n, la creatividad y la innovaci\u00f3n a nivel de las organizaciones y las pol\u00edticas en la esfera de la juventud;<\/li><li>promover la movilidad educativa del personal del \u00e1mbito deportivo, as\u00ed como la cooperaci\u00f3n, la calidad, la inclusi\u00f3n, la creatividad y la innovaci\u00f3n a nivel de las organizaciones deportivas y las pol\u00edticas de deporte.<\/li><\/ul>\n\n\n\n<p>[Informaci\u00f3n extra\u00edda de la p\u00e1gina <a href=\"https:\/\/erasmus-plus.ec.europa.eu\/es\/programme-guide\/part-a\/priorities-of-the-erasmus-programme\/objectives-features\">https:\/\/erasmus-plus.ec.europa.eu\/es\/programme-guide\/part-a\/priorities-of-the-erasmus-programme\/objectives-features<\/a>]<\/p>\n","protected":false},"excerpt":{"rendered":"<p>Objetivo general El objetivo general del Programa Erasmus+ es apoyar, a trav\u00e9s del aprendizaje permanente, el desarrollo educativo, profesional y personal de las personas en los \u00e1mbitos de la educaci\u00f3n, la formaci\u00f3n, la juventud y el deporte, dentro de Europa y fuera de su territorio, contribuyendo as\u00ed al crecimiento sostenible, al empleo de calidad y &hellip; <\/p>\n<p class=\"link-more\"><a href=\"https:\/\/site.educa.madrid.org\/ies.becquer.algete\/index.php\/inicio\/proyectos\/otros-programas\/erasmus\/\" class=\"more-link\">Continuar leyendo<span class=\"screen-reader-text\"> \u00abErasmus\u00bb<\/span><\/a><\/p>\n","protected":false},"author":5,"featured_media":0,"parent":568,"menu_order":1,"comment_status":"closed","ping_status":"closed","template":"page-with-siblings-submenu.php","meta":{"footnotes":""},"folder":[],"class_list":["post-137","page","type-page","status-publish","hentry"],"rttpg_featured_image_url":null,"rttpg_author":{"display_name":"Cuenta Admin-educamadrid","author_link":"https:\/\/site.educa.madrid.org\/ies.becquer.algete\/index.php\/author\/cuenta_admin-educamadrid\/"},"rttpg_comment":0,"rttpg_category":false,"rttpg_excerpt":"Objetivo general El objetivo general del Programa Erasmus+ es apoyar, a trav\u00e9s del aprendizaje permanente, el desarrollo educativo, profesional y personal de las personas en los \u00e1mbitos de la educaci\u00f3n, la formaci\u00f3n, la juventud y el deporte, dentro de Europa y fuera de su territorio, contribuyendo as\u00ed al crecimiento sostenible, al empleo de calidad y&hellip;","post_mailing_queue_ids":[],"_links":{"self":[{"href":"https:\/\/site.educa.madrid.org\/ies.becquer.algete\/index.php\/wp-json\/wp\/v2\/pages\/137","targetHints":{"allow":["GET"]}}],"collection":[{"href":"https:\/\/site.educa.madrid.org\/ies.becquer.algete\/index.php\/wp-json\/wp\/v2\/pages"}],"about":[{"href":"https:\/\/site.educa.madrid.org\/ies.becquer.algete\/index.php\/wp-json\/wp\/v2\/types\/page"}],"author":[{"embeddable":true,"href":"https:\/\/site.educa.madrid.org\/ies.becquer.algete\/index.php\/wp-json\/wp\/v2\/users\/5"}],"replies":[{"embeddable":true,"href":"https:\/\/site.educa.madrid.org\/ies.becquer.algete\/index.php\/wp-json\/wp\/v2\/comments?post=137"}],"version-history":[{"count":4,"href":"https:\/\/site.educa.madrid.org\/ies.becquer.algete\/index.php\/wp-json\/wp\/v2\/pages\/137\/revisions"}],"predecessor-version":[{"id":342,"href":"https:\/\/site.educa.madrid.org\/ies.becquer.algete\/index.php\/wp-json\/wp\/v2\/pages\/137\/revisions\/342"}],"up":[{"embeddable":true,"href":"https:\/\/site.educa.madrid.org\/ies.becquer.algete\/index.php\/wp-json\/wp\/v2\/pages\/568"}],"wp:attachment":[{"href":"https:\/\/site.educa.madrid.org\/ies.becquer.algete\/index.php\/wp-json\/wp\/v2\/media?parent=137"}],"wp:term":[{"taxonomy":"folder","embeddable":true,"href":"https:\/\/site.educa.madrid.org\/ies.becquer.algete\/index.php\/wp-json\/wp\/v2\/folder?post=137"}],"curies":[{"name":"wp","href":"https:\/\/api.w.org\/{rel}","templated":true}]}}