{"id":138,"date":"2022-06-06T09:28:11","date_gmt":"2022-06-06T07:28:11","guid":{"rendered":"https:\/\/site.educa.madrid.org\/ies.becquer.algete\/?page_id=138"},"modified":"2023-03-22T17:41:10","modified_gmt":"2023-03-22T16:41:10","slug":"escuelas-sostenibles","status":"publish","type":"page","link":"https:\/\/site.educa.madrid.org\/ies.becquer.algete\/index.php\/inicio\/proyectos\/otros-programas\/escuelas-sostenibles\/","title":{"rendered":"Escuelas sostenibles"},"content":{"rendered":"\n<figure class=\"wp-block-gallery has-nested-images columns-default is-cropped wp-block-gallery-1 is-layout-flex wp-block-gallery-is-layout-flex\">\n<figure class=\"wp-block-image size-large\"><img loading=\"lazy\" decoding=\"async\" width=\"1024\" height=\"683\" data-id=\"327\" src=\"https:\/\/site.educa.madrid.org\/ies.becquer.algete\/\/wp-content\/uploads\/ies.becquer.algete\/2022\/06\/markus-spiske-r1BS0pzlr1M-unsplash-1024x683.jpg\" alt=\"Cartel con el dibujo del mundo que pone &quot;un mundo&quot; en ingl\u00e9s\" class=\"wp-image-327\" srcset=\"https:\/\/site.educa.madrid.org\/ies.becquer.algete\/\/wp-content\/uploads\/ies.becquer.algete\/2022\/06\/markus-spiske-r1BS0pzlr1M-unsplash-1024x683.jpg 1024w, https:\/\/site.educa.madrid.org\/ies.becquer.algete\/\/wp-content\/uploads\/ies.becquer.algete\/2022\/06\/markus-spiske-r1BS0pzlr1M-unsplash-300x200.jpg 300w, https:\/\/site.educa.madrid.org\/ies.becquer.algete\/\/wp-content\/uploads\/ies.becquer.algete\/2022\/06\/markus-spiske-r1BS0pzlr1M-unsplash-768x512.jpg 768w, https:\/\/site.educa.madrid.org\/ies.becquer.algete\/\/wp-content\/uploads\/ies.becquer.algete\/2022\/06\/markus-spiske-r1BS0pzlr1M-unsplash-391x260.jpg 391w, https:\/\/site.educa.madrid.org\/ies.becquer.algete\/\/wp-content\/uploads\/ies.becquer.algete\/2022\/06\/markus-spiske-r1BS0pzlr1M-unsplash-1536x1024.jpg 1536w, https:\/\/site.educa.madrid.org\/ies.becquer.algete\/\/wp-content\/uploads\/ies.becquer.algete\/2022\/06\/markus-spiske-r1BS0pzlr1M-unsplash-272x182.jpg 272w, https:\/\/site.educa.madrid.org\/ies.becquer.algete\/\/wp-content\/uploads\/ies.becquer.algete\/2022\/06\/markus-spiske-r1BS0pzlr1M-unsplash.jpg 1920w\" sizes=\"auto, (max-width: 706px) 89vw, (max-width: 767px) 82vw, 740px\" \/><\/figure>\n<\/figure>\n\n\n\n<p>Nuestra comunidad educativa<strong> se compromete con el medio ambiente<\/strong> a trav\u00e9s de este proyecto. Queremos que nuestro centro sea respetuoso con el entorno natural y que, con la participaci\u00f3n de alumnos, profesores, familias y personal de administraci\u00f3n y servicios sea cada vez m\u00e1s sostenible.<\/p>\n\n\n\n<p>Para ello <strong>contamos con ecodelegadas y ecodelegados que velan por el ahorro energ\u00e9tico y la gesti\u00f3n de residuos en las aulas, desarrollamos proyectos relacionados con la contaminaci\u00f3n ac\u00fastica, el ahorro de agua o la movilidad sostenible en nuestro entorno; tambi\u00e9n trabajamos en el cuidado de nuestras zonas ajardinadas.<\/strong><\/p>\n\n\n\n<blockquote class=\"wp-block-quote is-layout-flow wp-block-quote-is-layout-flow\"><p>\u00a1An\u00edmate y participa con nosotros!<\/p><\/blockquote>\n\n\n\n<p>Dir\u00edgete a Jefatura de estudios para inscribirte en el proyecto.<\/p>\n","protected":false},"excerpt":{"rendered":"<p>Nuestra comunidad educativa se compromete con el medio ambiente a trav\u00e9s de este proyecto. Queremos que nuestro centro sea respetuoso con el entorno natural y que, con la participaci\u00f3n de alumnos, profesores, familias y personal de administraci\u00f3n y servicios sea cada vez m\u00e1s sostenible. Para ello contamos con ecodelegadas y ecodelegados que velan por el &hellip; <\/p>\n<p class=\"link-more\"><a href=\"https:\/\/site.educa.madrid.org\/ies.becquer.algete\/index.php\/inicio\/proyectos\/otros-programas\/escuelas-sostenibles\/\" class=\"more-link\">Continuar leyendo<span class=\"screen-reader-text\"> \u00abEscuelas sostenibles\u00bb<\/span><\/a><\/p>\n","protected":false},"author":5,"featured_media":0,"parent":568,"menu_order":2,"comment_status":"closed","ping_status":"closed","template":"page-with-siblings-submenu.php","meta":{"footnotes":""},"folder":[],"class_list":["post-138","page","type-page","status-publish","hentry"],"rttpg_featured_image_url":null,"rttpg_author":{"display_name":"Cuenta Admin-educamadrid","author_link":"https:\/\/site.educa.madrid.org\/ies.becquer.algete\/index.php\/author\/cuenta_admin-educamadrid\/"},"rttpg_comment":0,"rttpg_category":false,"rttpg_excerpt":"Nuestra comunidad educativa se compromete con el medio ambiente a trav\u00e9s de este proyecto. Queremos que nuestro centro sea respetuoso con el entorno natural y que, con la participaci\u00f3n de alumnos, profesores, familias y personal de administraci\u00f3n y servicios sea cada vez m\u00e1s sostenible. Para ello contamos con ecodelegadas y ecodelegados que velan por el&hellip;","post_mailing_queue_ids":[],"_links":{"self":[{"href":"https:\/\/site.educa.madrid.org\/ies.becquer.algete\/index.php\/wp-json\/wp\/v2\/pages\/138","targetHints":{"allow":["GET"]}}],"collection":[{"href":"https:\/\/site.educa.madrid.org\/ies.becquer.algete\/index.php\/wp-json\/wp\/v2\/pages"}],"about":[{"href":"https:\/\/site.educa.madrid.org\/ies.becquer.algete\/index.php\/wp-json\/wp\/v2\/types\/page"}],"author":[{"embeddable":true,"href":"https:\/\/site.educa.madrid.org\/ies.becquer.algete\/index.php\/wp-json\/wp\/v2\/users\/5"}],"replies":[{"embeddable":true,"href":"https:\/\/site.educa.madrid.org\/ies.becquer.algete\/index.php\/wp-json\/wp\/v2\/comments?post=138"}],"version-history":[{"count":7,"href":"https:\/\/site.educa.madrid.org\/ies.becquer.algete\/index.php\/wp-json\/wp\/v2\/pages\/138\/revisions"}],"predecessor-version":[{"id":1555,"href":"https:\/\/site.educa.madrid.org\/ies.becquer.algete\/index.php\/wp-json\/wp\/v2\/pages\/138\/revisions\/1555"}],"up":[{"embeddable":true,"href":"https:\/\/site.educa.madrid.org\/ies.becquer.algete\/index.php\/wp-json\/wp\/v2\/pages\/568"}],"wp:attachment":[{"href":"https:\/\/site.educa.madrid.org\/ies.becquer.algete\/index.php\/wp-json\/wp\/v2\/media?parent=138"}],"wp:term":[{"taxonomy":"folder","embeddable":true,"href":"https:\/\/site.educa.madrid.org\/ies.becquer.algete\/index.php\/wp-json\/wp\/v2\/folder?post=138"}],"curies":[{"name":"wp","href":"https:\/\/api.w.org\/{rel}","templated":true}]}}