{"id":1825,"date":"2024-01-28T20:55:03","date_gmt":"2024-01-28T19:55:03","guid":{"rendered":"https:\/\/site.educa.madrid.org\/ies.becquer.algete\/?page_id=1825"},"modified":"2024-01-28T21:31:31","modified_gmt":"2024-01-28T20:31:31","slug":"requisitos","status":"publish","type":"page","link":"https:\/\/site.educa.madrid.org\/ies.becquer.algete\/index.php\/inicio\/programabilingue\/requisitos\/","title":{"rendered":"Requisitos"},"content":{"rendered":"\n<figure class=\"wp-block-image size-full\"><img loading=\"lazy\" decoding=\"async\" width=\"640\" height=\"428\" src=\"https:\/\/site.educa.madrid.org\/ies.becquer.algete\/\/wp-content\/uploads\/ies.becquer.algete\/2024\/01\/Bilinguismo.jpg\" alt=\"\" class=\"wp-image-1845\" srcset=\"https:\/\/site.educa.madrid.org\/ies.becquer.algete\/\/wp-content\/uploads\/ies.becquer.algete\/2024\/01\/Bilinguismo.jpg 640w, https:\/\/site.educa.madrid.org\/ies.becquer.algete\/\/wp-content\/uploads\/ies.becquer.algete\/2024\/01\/Bilinguismo-300x201.jpg 300w, https:\/\/site.educa.madrid.org\/ies.becquer.algete\/\/wp-content\/uploads\/ies.becquer.algete\/2024\/01\/Bilinguismo-391x260.jpg 391w, https:\/\/site.educa.madrid.org\/ies.becquer.algete\/\/wp-content\/uploads\/ies.becquer.algete\/2024\/01\/Bilinguismo-272x182.jpg 272w\" sizes=\"auto, (max-width: 640px) 100vw, 640px\" \/><\/figure>\n\n\n\n<p>Para acceder a la <strong>Secci\u00f3n Biling\u00fce<\/strong>, los<strong> alumnos procedentes de colegios biling\u00fces p\u00fablicos de la Comunidad de Madrid <\/strong>deben acreditar al menos el <strong>nivel A2<\/strong> en la prueba de evaluaci\u00f3n externa de ingl\u00e9s de sexto curso de Educaci\u00f3n Primaria establecida por la Consejer\u00eda de Educaci\u00f3n e Innovaci\u00f3n de la Comunidad de Madrid. Este requisito es imprescindible para los alumnos que se incorporen a <strong>1\u00ba <\/strong>o <strong>2\u00ba de ESO<\/strong>. Si el alumno que desea incorporarse al centro solicita plaza en <strong>3\u00ba<\/strong> o <strong>4\u00ba de ESO<\/strong>, deber\u00e1 acreditar un <strong>nivel m\u00ednimo de B1<\/strong>.<\/p>\n\n\n\n<p>Aquellos<strong> alumnos NO procedentes de colegios biling\u00fces p\u00fablicos de la Comunidad de Madrid<\/strong> que deseen acceder a la Secci\u00f3n Biling\u00fce deber\u00e1n acreditar al menos el <strong>nivel B1<\/strong> para los cursos de <strong>1\u00ba<\/strong> y <strong>2\u00ba de ESO<\/strong>, y <strong>nivel m\u00ednimo de B2<\/strong> para acceder a <strong>3\u00ba<\/strong> y <strong>4\u00ba de ESO<\/strong>.<\/p>\n\n\n\n<p>Se podr\u00e1 realizar el cambio de Secci\u00f3n a Programa y viceversa en 1\u00ba y 2\u00ba de ESO siempre que el equipo docente en junta de evaluaci\u00f3n final decida que este paso supondr\u00e1 un beneficio para el alumno.<\/p>\n","protected":false},"excerpt":{"rendered":"<p>Para acceder a la Secci\u00f3n Biling\u00fce, los alumnos procedentes de colegios biling\u00fces p\u00fablicos de la Comunidad de Madrid deben acreditar al menos el nivel A2 en la prueba de evaluaci\u00f3n externa de ingl\u00e9s de sexto curso de Educaci\u00f3n Primaria establecida por la Consejer\u00eda de Educaci\u00f3n e Innovaci\u00f3n de la Comunidad de Madrid. Este requisito es &hellip; <\/p>\n<p class=\"link-more\"><a href=\"https:\/\/site.educa.madrid.org\/ies.becquer.algete\/index.php\/inicio\/programabilingue\/requisitos\/\" class=\"more-link\">Continuar leyendo<span class=\"screen-reader-text\"> \u00abRequisitos\u00bb<\/span><\/a><\/p>\n","protected":false},"author":3,"featured_media":0,"parent":1045,"menu_order":1,"comment_status":"closed","ping_status":"closed","template":"page-with-siblings-submenu.php","meta":{"footnotes":""},"folder":[],"class_list":["post-1825","page","type-page","status-publish","hentry"],"rttpg_featured_image_url":null,"rttpg_author":{"display_name":"ies.becquer.algete","author_link":"https:\/\/site.educa.madrid.org\/ies.becquer.algete\/index.php\/author\/cuenta_ies-becquer-algete\/"},"rttpg_comment":0,"rttpg_category":false,"rttpg_excerpt":"Para acceder a la Secci\u00f3n Biling\u00fce, los alumnos procedentes de colegios biling\u00fces p\u00fablicos de la Comunidad de Madrid deben acreditar al menos el nivel A2 en la prueba de evaluaci\u00f3n externa de ingl\u00e9s de sexto curso de Educaci\u00f3n Primaria establecida por la Consejer\u00eda de Educaci\u00f3n e Innovaci\u00f3n de la Comunidad de Madrid. Este requisito es&hellip;","post_mailing_queue_ids":[],"_links":{"self":[{"href":"https:\/\/site.educa.madrid.org\/ies.becquer.algete\/index.php\/wp-json\/wp\/v2\/pages\/1825","targetHints":{"allow":["GET"]}}],"collection":[{"href":"https:\/\/site.educa.madrid.org\/ies.becquer.algete\/index.php\/wp-json\/wp\/v2\/pages"}],"about":[{"href":"https:\/\/site.educa.madrid.org\/ies.becquer.algete\/index.php\/wp-json\/wp\/v2\/types\/page"}],"author":[{"embeddable":true,"href":"https:\/\/site.educa.madrid.org\/ies.becquer.algete\/index.php\/wp-json\/wp\/v2\/users\/3"}],"replies":[{"embeddable":true,"href":"https:\/\/site.educa.madrid.org\/ies.becquer.algete\/index.php\/wp-json\/wp\/v2\/comments?post=1825"}],"version-history":[{"count":3,"href":"https:\/\/site.educa.madrid.org\/ies.becquer.algete\/index.php\/wp-json\/wp\/v2\/pages\/1825\/revisions"}],"predecessor-version":[{"id":1846,"href":"https:\/\/site.educa.madrid.org\/ies.becquer.algete\/index.php\/wp-json\/wp\/v2\/pages\/1825\/revisions\/1846"}],"up":[{"embeddable":true,"href":"https:\/\/site.educa.madrid.org\/ies.becquer.algete\/index.php\/wp-json\/wp\/v2\/pages\/1045"}],"wp:attachment":[{"href":"https:\/\/site.educa.madrid.org\/ies.becquer.algete\/index.php\/wp-json\/wp\/v2\/media?parent=1825"}],"wp:term":[{"taxonomy":"folder","embeddable":true,"href":"https:\/\/site.educa.madrid.org\/ies.becquer.algete\/index.php\/wp-json\/wp\/v2\/folder?post=1825"}],"curies":[{"name":"wp","href":"https:\/\/api.w.org\/{rel}","templated":true}]}}