{"id":1829,"date":"2024-01-28T21:00:55","date_gmt":"2024-01-28T20:00:55","guid":{"rendered":"https:\/\/site.educa.madrid.org\/ies.becquer.algete\/?page_id=1829"},"modified":"2024-01-28T21:34:48","modified_gmt":"2024-01-28T20:34:48","slug":"pruebas-externas","status":"publish","type":"page","link":"https:\/\/site.educa.madrid.org\/ies.becquer.algete\/index.php\/inicio\/programabilingue\/pruebas-externas\/","title":{"rendered":"Pruebas externas"},"content":{"rendered":"\n<figure class=\"wp-block-image size-full is-resized\"><img loading=\"lazy\" decoding=\"async\" src=\"https:\/\/site.educa.madrid.org\/ies.becquer.algete\/\/wp-content\/uploads\/ies.becquer.algete\/2024\/01\/Guards.jpg\" alt=\"\" class=\"wp-image-1849\" width=\"674\" height=\"451\" srcset=\"https:\/\/site.educa.madrid.org\/ies.becquer.algete\/\/wp-content\/uploads\/ies.becquer.algete\/2024\/01\/Guards.jpg 640w, https:\/\/site.educa.madrid.org\/ies.becquer.algete\/\/wp-content\/uploads\/ies.becquer.algete\/2024\/01\/Guards-300x201.jpg 300w, https:\/\/site.educa.madrid.org\/ies.becquer.algete\/\/wp-content\/uploads\/ies.becquer.algete\/2024\/01\/Guards-272x182.jpg 272w\" sizes=\"auto, (max-width: 674px) 100vw, 674px\" \/><\/figure>\n\n\n\n<p>Por ser un centro biling\u00fce, todos los<strong> alumnos de 4\u00ba de ESO<\/strong>, tanto de Programa como de Secci\u00f3n, podr\u00e1n realizar la <strong>prueba de evaluaci\u00f3n externa de ingl\u00e9s<\/strong> establecida por la Consejer\u00eda de Educaci\u00f3n e Innovaci\u00f3n de la Comunidad de Madrid.\u00a0\u00a0\u00a0\u00a0\u00a0<\/p>\n\n\n\n<p>Estos ex\u00e1menes se realizan en el <strong>\u00faltimo trimestre del curso<\/strong> en nuestro centro, donde se desplazan especialistas de centros oficiales autorizados por la <strong>Universidad de Cambridge<\/strong>. En estas pruebas se eval\u00faan las cuatro destrezas: comprensi\u00f3n y expresi\u00f3n oral y comprensi\u00f3n y expresi\u00f3n escrita.\u00a0 Los resultados ser\u00e1n recibidos en el centro y las familias ser\u00e1n informadas de estos resultados.<\/p>\n\n\n\n<p>Los alumnos podr\u00e1n presentarse a las pruebas que acreditan el <strong>nivel A2, B1, B2<\/strong> y, <strong>excepcionalmente<\/strong>, <strong>C1 para alumnos de Secci\u00f3n<\/strong>. El examen al que se presentar\u00e1 cada alumno lo decidir\u00e1 el profesor que imparta clase a dicho alumno, teniendo en cuenta la evoluci\u00f3n de \u00e9ste a lo largo del curso y los resultados obtenidos en distintas pruebas objetivas realizadas en los distintos trimestres.<\/p>\n\n\n\n<p>En el curso 22-23 de los 91 alumnos presentados, 18 alumnos han obtenido la certificaci\u00f3n del nivel A2, 38 alumnos han obtenido la certificaci\u00f3n del nivel B1, 15 alumnos han obtenido la certificaci\u00f3n del nivel B2, y 5 alumnos han obtenido la certificaci\u00f3n del nivel C1.<\/p>\n","protected":false},"excerpt":{"rendered":"<p>Por ser un centro biling\u00fce, todos los alumnos de 4\u00ba de ESO, tanto de Programa como de Secci\u00f3n, podr\u00e1n realizar la prueba de evaluaci\u00f3n externa de ingl\u00e9s establecida por la Consejer\u00eda de Educaci\u00f3n e Innovaci\u00f3n de la Comunidad de Madrid.\u00a0\u00a0\u00a0\u00a0\u00a0 Estos ex\u00e1menes se realizan en el \u00faltimo trimestre del curso en nuestro centro, donde se &hellip; <\/p>\n<p class=\"link-more\"><a href=\"https:\/\/site.educa.madrid.org\/ies.becquer.algete\/index.php\/inicio\/programabilingue\/pruebas-externas\/\" class=\"more-link\">Continuar leyendo<span class=\"screen-reader-text\"> \u00abPruebas externas\u00bb<\/span><\/a><\/p>\n","protected":false},"author":3,"featured_media":0,"parent":1045,"menu_order":2,"comment_status":"closed","ping_status":"closed","template":"page-with-siblings-submenu.php","meta":{"footnotes":""},"folder":[],"class_list":["post-1829","page","type-page","status-publish","hentry"],"rttpg_featured_image_url":null,"rttpg_author":{"display_name":"ies.becquer.algete","author_link":"https:\/\/site.educa.madrid.org\/ies.becquer.algete\/index.php\/author\/cuenta_ies-becquer-algete\/"},"rttpg_comment":0,"rttpg_category":false,"rttpg_excerpt":"Por ser un centro biling\u00fce, todos los alumnos de 4\u00ba de ESO, tanto de Programa como de Secci\u00f3n, podr\u00e1n realizar la prueba de evaluaci\u00f3n externa de ingl\u00e9s establecida por la Consejer\u00eda de Educaci\u00f3n e Innovaci\u00f3n de la Comunidad de Madrid.\u00a0\u00a0\u00a0\u00a0\u00a0 Estos ex\u00e1menes se realizan en el \u00faltimo trimestre del curso en nuestro centro, donde se&hellip;","post_mailing_queue_ids":[],"_links":{"self":[{"href":"https:\/\/site.educa.madrid.org\/ies.becquer.algete\/index.php\/wp-json\/wp\/v2\/pages\/1829","targetHints":{"allow":["GET"]}}],"collection":[{"href":"https:\/\/site.educa.madrid.org\/ies.becquer.algete\/index.php\/wp-json\/wp\/v2\/pages"}],"about":[{"href":"https:\/\/site.educa.madrid.org\/ies.becquer.algete\/index.php\/wp-json\/wp\/v2\/types\/page"}],"author":[{"embeddable":true,"href":"https:\/\/site.educa.madrid.org\/ies.becquer.algete\/index.php\/wp-json\/wp\/v2\/users\/3"}],"replies":[{"embeddable":true,"href":"https:\/\/site.educa.madrid.org\/ies.becquer.algete\/index.php\/wp-json\/wp\/v2\/comments?post=1829"}],"version-history":[{"count":3,"href":"https:\/\/site.educa.madrid.org\/ies.becquer.algete\/index.php\/wp-json\/wp\/v2\/pages\/1829\/revisions"}],"predecessor-version":[{"id":1851,"href":"https:\/\/site.educa.madrid.org\/ies.becquer.algete\/index.php\/wp-json\/wp\/v2\/pages\/1829\/revisions\/1851"}],"up":[{"embeddable":true,"href":"https:\/\/site.educa.madrid.org\/ies.becquer.algete\/index.php\/wp-json\/wp\/v2\/pages\/1045"}],"wp:attachment":[{"href":"https:\/\/site.educa.madrid.org\/ies.becquer.algete\/index.php\/wp-json\/wp\/v2\/media?parent=1829"}],"wp:term":[{"taxonomy":"folder","embeddable":true,"href":"https:\/\/site.educa.madrid.org\/ies.becquer.algete\/index.php\/wp-json\/wp\/v2\/folder?post=1829"}],"curies":[{"name":"wp","href":"https:\/\/api.w.org\/{rel}","templated":true}]}}