{"id":1836,"date":"2024-01-28T21:04:23","date_gmt":"2024-01-28T20:04:23","guid":{"rendered":"https:\/\/site.educa.madrid.org\/ies.becquer.algete\/?page_id=1836"},"modified":"2024-01-29T20:25:26","modified_gmt":"2024-01-29T19:25:26","slug":"normativa-del-programa-bilingue","status":"publish","type":"page","link":"https:\/\/site.educa.madrid.org\/ies.becquer.algete\/index.php\/inicio\/programabilingue\/normativa-del-programa-bilingue\/","title":{"rendered":"Normativa del Programa biling\u00fce"},"content":{"rendered":"<div class=\"wp-block-image\">\n<figure class=\"aligncenter size-full is-resized\"><img loading=\"lazy\" decoding=\"async\" src=\"https:\/\/site.educa.madrid.org\/ies.becquer.algete\/\/wp-content\/uploads\/ies.becquer.algete\/2024\/01\/trinity-college-library-5174182_640.jpg\" alt=\"\" class=\"wp-image-1858\" width=\"551\" height=\"413\" srcset=\"https:\/\/site.educa.madrid.org\/ies.becquer.algete\/\/wp-content\/uploads\/ies.becquer.algete\/2024\/01\/trinity-college-library-5174182_640.jpg 640w, https:\/\/site.educa.madrid.org\/ies.becquer.algete\/\/wp-content\/uploads\/ies.becquer.algete\/2024\/01\/trinity-college-library-5174182_640-300x225.jpg 300w\" sizes=\"auto, (max-width: 551px) 100vw, 551px\" \/><\/figure>\n<\/div>\n\n\n<p>La principal normativa que est\u00e1 en vigor para los centros biling\u00fces es la siguiente:<\/p>\n\n\n\n<ul class=\"wp-block-list\">\n<li><a href=\"https:\/\/site.educa.madrid.org\/ies.becquer.algete\/\/wp-content\/uploads\/ies.becquer.algete\/2024\/01\/Orden-972-2017.pdf\" target=\"_blank\" rel=\"noreferrer noopener\">ORDEN 972\/2017, de 7 de abril, de la Consejer\u00eda de Educaci\u00f3n, Juventud y Deporte, por la que se regulan los institutos biling\u00fces espa\u00f1ol-ingl\u00e9s de la Comunidad de Madrid.<\/a><\/li>\n\n\n\n<li><a href=\"https:\/\/site.educa.madrid.org\/ies.becquer.algete\/\/wp-content\/uploads\/ies.becquer.algete\/2024\/01\/Orden-4634-2010.pdf\" target=\"_blank\" rel=\"noreferrer noopener\">Orden 4634\/2010, de 3 de septiembre, por la que se extiende el programa de secciones ling\u00fc\u00edsticas a la ense\u00f1anza de bachillerato en los institutos de Educaci\u00f3n Secundaria con secci\u00f3n ling\u00fc\u00edstica de la Comunidad de Madrid.&nbsp;<\/a><\/li>\n\n\n\n<li><a href=\"https:\/\/site.educa.madrid.org\/ies.becquer.algete\/\/wp-content\/uploads\/ies.becquer.algete\/2024\/01\/Orden-2876-2018-27-julio.pdf\" target=\"_blank\" rel=\"noreferrer noopener\">Orden 2876\/2018 de 27 de julio de la Comunidad de Madrid, por el que se establece el curr\u00edculo avanzado Ingl\u00e9s en la ESO<\/a><\/li>\n<\/ul>\n\n\n\n<p>Puedes consultar toda la informaci\u00f3n actualizada en la web <a href=\"https:\/\/www.comunidad.madrid\/servicios\/educacion\/madrid-comunidad-bilingue\" target=\"_blank\" rel=\"noreferrer noopener\">Madrid comunidad biling\u00fce<\/a>.<\/p>\n","protected":false},"excerpt":{"rendered":"<p>La principal normativa que est\u00e1 en vigor para los centros biling\u00fces es la siguiente: Puedes consultar toda la informaci\u00f3n actualizada en la web Madrid comunidad biling\u00fce.<\/p>\n","protected":false},"author":3,"featured_media":0,"parent":1045,"menu_order":5,"comment_status":"closed","ping_status":"closed","template":"page-with-siblings-submenu.php","meta":{"footnotes":""},"folder":[],"class_list":["post-1836","page","type-page","status-publish","hentry"],"rttpg_featured_image_url":null,"rttpg_author":{"display_name":"ies.becquer.algete","author_link":"https:\/\/site.educa.madrid.org\/ies.becquer.algete\/index.php\/author\/cuenta_ies-becquer-algete\/"},"rttpg_comment":0,"rttpg_category":false,"rttpg_excerpt":"La principal normativa que est\u00e1 en vigor para los centros biling\u00fces es la siguiente: Puedes consultar toda la informaci\u00f3n actualizada en la web Madrid comunidad biling\u00fce.","post_mailing_queue_ids":[],"_links":{"self":[{"href":"https:\/\/site.educa.madrid.org\/ies.becquer.algete\/index.php\/wp-json\/wp\/v2\/pages\/1836","targetHints":{"allow":["GET"]}}],"collection":[{"href":"https:\/\/site.educa.madrid.org\/ies.becquer.algete\/index.php\/wp-json\/wp\/v2\/pages"}],"about":[{"href":"https:\/\/site.educa.madrid.org\/ies.becquer.algete\/index.php\/wp-json\/wp\/v2\/types\/page"}],"author":[{"embeddable":true,"href":"https:\/\/site.educa.madrid.org\/ies.becquer.algete\/index.php\/wp-json\/wp\/v2\/users\/3"}],"replies":[{"embeddable":true,"href":"https:\/\/site.educa.madrid.org\/ies.becquer.algete\/index.php\/wp-json\/wp\/v2\/comments?post=1836"}],"version-history":[{"count":9,"href":"https:\/\/site.educa.madrid.org\/ies.becquer.algete\/index.php\/wp-json\/wp\/v2\/pages\/1836\/revisions"}],"predecessor-version":[{"id":1904,"href":"https:\/\/site.educa.madrid.org\/ies.becquer.algete\/index.php\/wp-json\/wp\/v2\/pages\/1836\/revisions\/1904"}],"up":[{"embeddable":true,"href":"https:\/\/site.educa.madrid.org\/ies.becquer.algete\/index.php\/wp-json\/wp\/v2\/pages\/1045"}],"wp:attachment":[{"href":"https:\/\/site.educa.madrid.org\/ies.becquer.algete\/index.php\/wp-json\/wp\/v2\/media?parent=1836"}],"wp:term":[{"taxonomy":"folder","embeddable":true,"href":"https:\/\/site.educa.madrid.org\/ies.becquer.algete\/index.php\/wp-json\/wp\/v2\/folder?post=1836"}],"curies":[{"name":"wp","href":"https:\/\/api.w.org\/{rel}","templated":true}]}}