{"id":1862,"date":"2024-01-29T18:36:44","date_gmt":"2024-01-29T17:36:44","guid":{"rendered":"https:\/\/site.educa.madrid.org\/ies.becquer.algete\/?page_id=1862"},"modified":"2026-02-02T20:31:34","modified_gmt":"2026-02-02T19:31:34","slug":"informacion-a-las-familias","status":"publish","type":"page","link":"https:\/\/site.educa.madrid.org\/ies.becquer.algete\/index.php\/inicio\/informacion-a-las-familias\/","title":{"rendered":"Informaci\u00f3n a las familias"},"content":{"rendered":"\n<figure class=\"wp-block-image size-full\"><img loading=\"lazy\" decoding=\"async\" width=\"640\" height=\"378\" src=\"https:\/\/site.educa.madrid.org\/ies.becquer.algete\/\/wp-content\/uploads\/ies.becquer.algete\/2024\/01\/man-593333_640.jpg\" alt=\"\" class=\"wp-image-1864\" srcset=\"https:\/\/site.educa.madrid.org\/ies.becquer.algete\/\/wp-content\/uploads\/ies.becquer.algete\/2024\/01\/man-593333_640.jpg 640w, https:\/\/site.educa.madrid.org\/ies.becquer.algete\/\/wp-content\/uploads\/ies.becquer.algete\/2024\/01\/man-593333_640-300x177.jpg 300w\" sizes=\"auto, (max-width: 640px) 100vw, 640px\" \/><\/figure>\n\n\n\n<ul class=\"wp-block-list\">\n<li>Oferta educativa: ense\u00f1anzas, etapas y niveles; modalidades, turnos e itinerarios formativos.\n<ul class=\"wp-block-list\">\n<li><a href=\"https:\/\/site.educa.madrid.org\/ies.becquer.algete\/\/wp-content\/uploads\/ies.becquer.algete\/2025\/03\/1eso.pdf\" target=\"_blank\" rel=\"noreferrer noopener\">Primero de  ESO.<\/a><\/li>\n\n\n\n<li><a href=\"https:\/\/site.educa.madrid.org\/ies.becquer.algete\/\/wp-content\/uploads\/ies.becquer.algete\/2025\/03\/2eso.pdf\" target=\"_blank\" rel=\"noreferrer noopener\">Segundo de  ESO.<\/a><\/li>\n\n\n\n<li><a href=\"https:\/\/site.educa.madrid.org\/ies.becquer.algete\/\/wp-content\/uploads\/ies.becquer.algete\/2025\/03\/3eso.pdf\" target=\"_blank\" rel=\"noreferrer noopener\">Tercero de ESO.<\/a><\/li>\n\n\n\n<li><a href=\"https:\/\/site.educa.madrid.org\/ies.becquer.algete\/\/wp-content\/uploads\/ies.becquer.algete\/2025\/03\/4eso.pdf\" target=\"_blank\" rel=\"noreferrer noopener\">Cuarto de ESO.<\/a><\/li>\n\n\n\n<li><a href=\"https:\/\/site.educa.madrid.org\/ies.becquer.algete\/\/wp-content\/uploads\/ies.becquer.algete\/2025\/03\/1div.pdf\" target=\"_blank\" rel=\"noreferrer noopener\">Primer curso programa de Diversificaci\u00f3n.<\/a><\/li>\n\n\n\n<li><a href=\"https:\/\/site.educa.madrid.org\/ies.becquer.algete\/\/wp-content\/uploads\/ies.becquer.algete\/2025\/03\/2div.pdf\" target=\"_blank\" rel=\"noreferrer noopener\">Segundo curso programa de Diversificaci\u00f3n.<\/a><\/li>\n\n\n\n<li><a href=\"https:\/\/site.educa.madrid.org\/ies.becquer.algete\/\/wp-content\/uploads\/ies.becquer.algete\/2025\/03\/1bach.pdf\" target=\"_blank\" rel=\"noreferrer noopener\">Primero de bachillerato.<\/a><\/li>\n\n\n\n<li><a href=\"https:\/\/site.educa.madrid.org\/ies.becquer.algete\/\/wp-content\/uploads\/ies.becquer.algete\/2025\/03\/2bach.pdf\" target=\"_blank\" rel=\"noreferrer noopener\">Segundo de bachillerato.<\/a><\/li>\n\n\n\n<li><a href=\"https:\/\/site.educa.madrid.org\/ies.becquer.algete\/\/wp-content\/uploads\/ies.becquer.algete\/2025\/03\/Continuidad-entre-materias-de-bachillerato.pdf\" target=\"_blank\" rel=\"noreferrer noopener\">Continuidad entre materias de bachillerato.<\/a><\/li>\n\n\n\n<li><a href=\"https:\/\/www.comunidad.madrid\/servicios\/educacion\/ensenanzas-formacion-profesional#fp-basica\" target=\"_blank\" rel=\"noreferrer noopener\">Ciclos formativos de FP b\u00e1sica.<\/a><\/li>\n\n\n\n<li><a href=\"https:\/\/www.comunidad.madrid\/servicios\/educacion\/ensenanzas-formacion-profesional#grado-medio\" target=\"_blank\" rel=\"noreferrer noopener\">Ciclos formativos de grado medio.<\/a><\/li>\n<\/ul>\n<\/li>\n\n\n\n<li><a href=\"https:\/\/site.educa.madrid.org\/ies.becquer.algete\/index.php\/inicio\/servicios-y-actividades\/\" target=\"_blank\" rel=\"noreferrer noopener\">Servicios complementarios<\/a>.<\/li>\n\n\n\n<li><a href=\"https:\/\/site.educa.madrid.org\/ies.becquer.algete\/\/wp-content\/uploads\/ies.becquer.algete\/2026\/01\/Programas-y-proyectos-del-centro.pdf\" target=\"_blank\" rel=\"noreferrer noopener\">Programas y proyectos educativos que se desarrollan en el centro.<\/a><\/li>\n\n\n\n<li><a href=\"https:\/\/site.educa.madrid.org\/ies.becquer.algete\/\/wp-content\/uploads\/ies.becquer.algete\/2026\/01\/Lineas-basicas-PEC-WEB.pdf\" target=\"_blank\" rel=\"noreferrer noopener\">L\u00edneas b\u00e1sicas del Proyecto educativo.<\/a><\/li>\n\n\n\n<li><a href=\"https:\/\/site.educa.madrid.org\/ies.becquer.algete\/\/wp-content\/uploads\/ies.becquer.algete\/2026\/01\/Manual-de-funcionamiento-2025_2026.pdf\" target=\"_blank\" rel=\"noreferrer noopener\">Normas de organizaci\u00f3n y funcionamiento.<\/a><\/li>\n\n\n\n<li><a href=\"https:\/\/site.educa.madrid.org\/ies.becquer.algete\/\/wp-content\/uploads\/ies.becquer.algete\/2026\/01\/Actividades-extraescolares-y-complementarias.pdf\" target=\"_blank\" rel=\"noreferrer noopener\">Actividades complementarias y extraescolares &#8211; Curso 2025-26.<\/a><\/li>\n\n\n\n<li><a href=\"https:\/\/site.educa.madrid.org\/ies.becquer.algete\/\/wp-content\/uploads\/ies.becquer.algete\/2024\/01\/Informe-resultados-evalum-2223.pdf\" target=\"_blank\" rel=\"noreferrer noopener\">Resultados evaluaci\u00f3n censal 4\u00ba ESO. <\/a><\/li>\n\n\n\n<li><a href=\"https:\/\/site.educa.madrid.org\/ies.becquer.algete\/\/wp-content\/uploads\/ies.becquer.algete\/2026\/01\/Resultados-PAU-2025.pdf\" target=\"_blank\" rel=\"noreferrer noopener\">Resultados de las pruebas de acceso a la universidad &#8211; Curso 2024-25.<\/a><\/li>\n\n\n\n<li><a href=\"https:\/\/site.educa.madrid.org\/ies.becquer.algete\/\/wp-content\/uploads\/ies.becquer.algete\/2026\/01\/INFORME-PRUEBAS-EXTERNAS-WEB.pdf\" target=\"_blank\" rel=\"noreferrer noopener\">Resultados de las pruebas de evaluaci\u00f3n del programa biling\u00fce espa\u00f1ol-ingl\u00e9s.<\/a><\/li>\n\n\n\n<li><a href=\"https:\/\/site.educa.madrid.org\/ies.becquer.algete\/\/wp-content\/uploads\/ies.becquer.algete\/2026\/01\/Recursos-personales-y-materiales-del-centro.pdf\" target=\"_blank\" rel=\"noreferrer noopener\">Recursos personales y materiales del centro.<\/a><\/li>\n\n\n\n<li>Oferta de vacantes &#8211; Curso 2026-27.<\/li>\n<\/ul>\n\n\n\n<p>El Servicio de Apoyo a la Escolarizaci\u00f3n (SAE) se encuentra ubicado en la Casa de la Juventud de Algete (Ronda de la Constituci\u00f3n, 173).<\/p>\n\n\n\n<p>Tel\u00e9fonos y correos de contacto de la direcci\u00f3n y la administraci\u00f3n del centro.<\/p>\n\n\n\n<p>Tel\u00e9fono: 91 629 16 01 \/ 91 629 10 94<br>Fax: 91 628 14 89<\/p>\n\n\n\n<p>Correo electr\u00f3nico del centro (asuntos acad\u00e9micos):&nbsp;<a href=\"mailto:ies.becquer.algete@educa.madrid.org%20%3Cies.becquer.algete@educa.madrid.org%3E\">ies.becquer.algete@educa.madrid.org<\/a><br>Correo electr\u00f3nico de secretar\u00eda:&nbsp;<a href=\"mailto:secretaria.ies.becquer.algete@educa.madrid.org%20%3Csecretaria.ies.becquer.algete@educa.madrid.org%3E;\">secretaria.ies.becquer.algete@educa.madrid.org<\/a><\/p>\n","protected":false},"excerpt":{"rendered":"<p>El Servicio de Apoyo a la Escolarizaci\u00f3n (SAE) se encuentra ubicado en la Casa de la Juventud de Algete (Ronda de la Constituci\u00f3n, 173). Tel\u00e9fonos y correos de contacto de la direcci\u00f3n y la administraci\u00f3n del centro. Tel\u00e9fono: 91 629 16 01 \/ 91 629 10 94Fax: 91 628 14 89 Correo electr\u00f3nico del centro &hellip; <\/p>\n<p class=\"link-more\"><a href=\"https:\/\/site.educa.madrid.org\/ies.becquer.algete\/index.php\/inicio\/informacion-a-las-familias\/\" class=\"more-link\">Continuar leyendo<span class=\"screen-reader-text\"> \u00abInformaci\u00f3n a las familias\u00bb<\/span><\/a><\/p>\n","protected":false},"author":3,"featured_media":0,"parent":116,"menu_order":10,"comment_status":"closed","ping_status":"closed","template":"","meta":{"footnotes":""},"folder":[],"class_list":["post-1862","page","type-page","status-publish","hentry"],"rttpg_featured_image_url":null,"rttpg_author":{"display_name":"ies.becquer.algete","author_link":"https:\/\/site.educa.madrid.org\/ies.becquer.algete\/index.php\/author\/cuenta_ies-becquer-algete\/"},"rttpg_comment":0,"rttpg_category":false,"rttpg_excerpt":"El Servicio de Apoyo a la Escolarizaci\u00f3n (SAE) se encuentra ubicado en la Casa de la Juventud de Algete (Ronda de la Constituci\u00f3n, 173). Tel\u00e9fonos y correos de contacto de la direcci\u00f3n y la administraci\u00f3n del centro. Tel\u00e9fono: 91 629 16 01 \/ 91 629 10 94Fax: 91 628 14 89 Correo electr\u00f3nico del centro&hellip;","post_mailing_queue_ids":[],"_links":{"self":[{"href":"https:\/\/site.educa.madrid.org\/ies.becquer.algete\/index.php\/wp-json\/wp\/v2\/pages\/1862","targetHints":{"allow":["GET"]}}],"collection":[{"href":"https:\/\/site.educa.madrid.org\/ies.becquer.algete\/index.php\/wp-json\/wp\/v2\/pages"}],"about":[{"href":"https:\/\/site.educa.madrid.org\/ies.becquer.algete\/index.php\/wp-json\/wp\/v2\/types\/page"}],"author":[{"embeddable":true,"href":"https:\/\/site.educa.madrid.org\/ies.becquer.algete\/index.php\/wp-json\/wp\/v2\/users\/3"}],"replies":[{"embeddable":true,"href":"https:\/\/site.educa.madrid.org\/ies.becquer.algete\/index.php\/wp-json\/wp\/v2\/comments?post=1862"}],"version-history":[{"count":36,"href":"https:\/\/site.educa.madrid.org\/ies.becquer.algete\/index.php\/wp-json\/wp\/v2\/pages\/1862\/revisions"}],"predecessor-version":[{"id":2609,"href":"https:\/\/site.educa.madrid.org\/ies.becquer.algete\/index.php\/wp-json\/wp\/v2\/pages\/1862\/revisions\/2609"}],"up":[{"embeddable":true,"href":"https:\/\/site.educa.madrid.org\/ies.becquer.algete\/index.php\/wp-json\/wp\/v2\/pages\/116"}],"wp:attachment":[{"href":"https:\/\/site.educa.madrid.org\/ies.becquer.algete\/index.php\/wp-json\/wp\/v2\/media?parent=1862"}],"wp:term":[{"taxonomy":"folder","embeddable":true,"href":"https:\/\/site.educa.madrid.org\/ies.becquer.algete\/index.php\/wp-json\/wp\/v2\/folder?post=1862"}],"curies":[{"name":"wp","href":"https:\/\/api.w.org\/{rel}","templated":true}]}}