{"id":412,"date":"2022-06-24T10:54:17","date_gmt":"2022-06-24T08:54:17","guid":{"rendered":"https:\/\/site.educa.madrid.org\/ies.becquer.algete\/?page_id=412"},"modified":"2025-12-11T20:18:56","modified_gmt":"2025-12-11T19:18:56","slug":"planes","status":"publish","type":"page","link":"https:\/\/site.educa.madrid.org\/ies.becquer.algete\/index.php\/inicio\/proyectos\/planes\/","title":{"rendered":"Planes"},"content":{"rendered":"<div class=\"wp-block-image\">\n<figure class=\"aligncenter size-large is-resized\"><img loading=\"lazy\" decoding=\"async\" width=\"1024\" height=\"682\" src=\"https:\/\/site.educa.madrid.org\/ies.becquer.algete\/\/wp-content\/uploads\/ies.becquer.algete\/2023\/03\/planes-1024x682.jpg\" alt=\"\" class=\"wp-image-1282\" style=\"width:502px;height:334px\" srcset=\"https:\/\/site.educa.madrid.org\/ies.becquer.algete\/\/wp-content\/uploads\/ies.becquer.algete\/2023\/03\/planes-1024x682.jpg 1024w, https:\/\/site.educa.madrid.org\/ies.becquer.algete\/\/wp-content\/uploads\/ies.becquer.algete\/2023\/03\/planes-300x200.jpg 300w, https:\/\/site.educa.madrid.org\/ies.becquer.algete\/\/wp-content\/uploads\/ies.becquer.algete\/2023\/03\/planes-768x512.jpg 768w, https:\/\/site.educa.madrid.org\/ies.becquer.algete\/\/wp-content\/uploads\/ies.becquer.algete\/2023\/03\/planes-391x260.jpg 391w, https:\/\/site.educa.madrid.org\/ies.becquer.algete\/\/wp-content\/uploads\/ies.becquer.algete\/2023\/03\/planes-272x182.jpg 272w, https:\/\/site.educa.madrid.org\/ies.becquer.algete\/\/wp-content\/uploads\/ies.becquer.algete\/2023\/03\/planes.jpg 1280w\" sizes=\"auto, (max-width: 706px) 89vw, (max-width: 767px) 82vw, 740px\" \/><\/figure>\n<\/div>\n\n\n<h2 class=\"wp-block-heading\">Nuestro plan de convivencia<\/h2>\n\n\n\n<p>Nuestro plan de convivencia est\u00e1 elaborado de acuerdo con el marco que rige las&nbsp;<strong>relaciones humanas en el centro, construido por toda la comunidad.<\/strong>&nbsp;Est\u00e1 elaborado por la comisi\u00f3n de convivencia del Consejo Escolar con la participaci\u00f3n efectiva de toda la comunidad educativa a trav\u00e9s de un di\u00e1logo compartido, toma de decisiones conjuntas y acciones de evaluaci\u00f3n de acuerdo con lo dispuesto en el art\u00edculo 12 del Decreto 32\/2019 de la Comunidad de Madrid, de 9 de abril por el que se establece el marco regulador de la convivencia en los centros docentes de la Comunidad de Madrid.<\/p>\n\n\n\n<p>El Plan de Convivencia&nbsp;<strong>ha sido aprobado por el director del centro, siendo informado previamente el Claustro de profesores y el Consejo Escolar, que se ocupar\u00e1 de realizar el seguimiento y la evaluaci\u00f3n anual de dicho plan.<\/strong><\/p>\n\n\n\n<p><a href=\"https:\/\/site.educa.madrid.org\/ies.becquer.algete\/\/wp-content\/uploads\/ies.becquer.algete\/2025\/12\/Plan-de-Convivencia-2025_2026.pdf\" target=\"_blank\" rel=\"noreferrer noopener\">Plan de Convivencia del centro<\/a><\/p>\n\n\n\n<h2 class=\"wp-block-heading\">Plan de acogida<\/h2>\n\n\n\n<p>El <strong>Plan de Acogida<\/strong> es un protocolo de actuaciones cuyo <strong>objetivo es facilitar la integraci\u00f3n<\/strong> <strong>de los nuevos miembros de la Comunidad Educativa en el centro escolar<\/strong>, ya sea alumnado, profesorado o familias.<\/p>\n\n\n\n<p>El Plan de Acogida de nuestro centro forma parte del Plan de Convivencia y recoge los dos principios en los que se basa la gesti\u00f3n de la convivencia en nuestro instituto: l<strong>a participaci\u00f3n y la inclusi\u00f3n de todos los miembros de la comunidad educativa<\/strong>. En este Plan la participaci\u00f3n es al tiempo un objetivo y una metodolog\u00eda de trabajo.<\/p>\n\n\n\n<h2 class=\"wp-block-heading\">Plan de Atenci\u00f3n a la Diversidad<\/h2>\n\n\n\n<p>El <strong>Plan de Atenci\u00f3n a la Diversidad<\/strong> (PAD) es el documento en el que se recogen las <strong>medidas organizativas, preventivas y de intervenci\u00f3n<\/strong> que adopta el centro para facilitar el acceso al curr\u00edculo del alumnado, en funci\u00f3n de sus necesidades y caracter\u00edsticas, con objeto de contribuir a la superaci\u00f3n de las dificultades que presente. Ha de contemplar, entre otros aspectos, los <strong>procedimientos, protocolos y plazos<\/strong> para llevarlas a cabo en diferentes situaciones educativas.<\/p>\n\n\n\n<p>Este plan se incorporar\u00e1 al Proyecto Educativo de Centro y su concreci\u00f3n se incluir\u00e1 en la Programaci\u00f3n General Anual. Asimismo, este documento tiene relaci\u00f3n con otros dos instrumentos incluidos en el Proyecto Educativo y que contribuyen a la atenci\u00f3n a la diversidad de forma ordinaria, como son el Plan de Acci\u00f3n Tutorial y Plan de Orientaci\u00f3n Acad\u00e9mica y Profesional. La Comisi\u00f3n de Coordinaci\u00f3n Pedag\u00f3gica ser\u00e1 conocedora del mismo y aprobar\u00e1 las l\u00edneas generales de dichos documentos. Los departamentos did\u00e1cticos incluir\u00e1n en sus programaciones un apartado dedicado a la atenci\u00f3n a la diversidad, dentro del cual se recoger\u00e1n los aspectos generales que compete a la organizaci\u00f3n de las medidas que se plantean en este documento.<\/p>\n","protected":false},"excerpt":{"rendered":"<p>Nuestro plan de convivencia Nuestro plan de convivencia est\u00e1 elaborado de acuerdo con el marco que rige las&nbsp;relaciones humanas en el centro, construido por toda la comunidad.&nbsp;Est\u00e1 elaborado por la comisi\u00f3n de convivencia del Consejo Escolar con la participaci\u00f3n efectiva de toda la comunidad educativa a trav\u00e9s de un di\u00e1logo compartido, toma de decisiones conjuntas &hellip; <\/p>\n<p class=\"link-more\"><a href=\"https:\/\/site.educa.madrid.org\/ies.becquer.algete\/index.php\/inicio\/proyectos\/planes\/\" class=\"more-link\">Continuar leyendo<span class=\"screen-reader-text\"> \u00abPlanes\u00bb<\/span><\/a><\/p>\n","protected":false},"author":5,"featured_media":0,"parent":136,"menu_order":0,"comment_status":"closed","ping_status":"closed","template":"page-with-siblings-submenu.php","meta":{"footnotes":""},"folder":[],"class_list":["post-412","page","type-page","status-publish","hentry"],"rttpg_featured_image_url":null,"rttpg_author":{"display_name":"Cuenta Admin-educamadrid","author_link":"https:\/\/site.educa.madrid.org\/ies.becquer.algete\/index.php\/author\/cuenta_admin-educamadrid\/"},"rttpg_comment":0,"rttpg_category":false,"rttpg_excerpt":"Nuestro plan de convivencia Nuestro plan de convivencia est\u00e1 elaborado de acuerdo con el marco que rige las&nbsp;relaciones humanas en el centro, construido por toda la comunidad.&nbsp;Est\u00e1 elaborado por la comisi\u00f3n de convivencia del Consejo Escolar con la participaci\u00f3n efectiva de toda la comunidad educativa a trav\u00e9s de un di\u00e1logo compartido, toma de decisiones conjuntas&hellip;","post_mailing_queue_ids":[],"_links":{"self":[{"href":"https:\/\/site.educa.madrid.org\/ies.becquer.algete\/index.php\/wp-json\/wp\/v2\/pages\/412","targetHints":{"allow":["GET"]}}],"collection":[{"href":"https:\/\/site.educa.madrid.org\/ies.becquer.algete\/index.php\/wp-json\/wp\/v2\/pages"}],"about":[{"href":"https:\/\/site.educa.madrid.org\/ies.becquer.algete\/index.php\/wp-json\/wp\/v2\/types\/page"}],"author":[{"embeddable":true,"href":"https:\/\/site.educa.madrid.org\/ies.becquer.algete\/index.php\/wp-json\/wp\/v2\/users\/5"}],"replies":[{"embeddable":true,"href":"https:\/\/site.educa.madrid.org\/ies.becquer.algete\/index.php\/wp-json\/wp\/v2\/comments?post=412"}],"version-history":[{"count":7,"href":"https:\/\/site.educa.madrid.org\/ies.becquer.algete\/index.php\/wp-json\/wp\/v2\/pages\/412\/revisions"}],"predecessor-version":[{"id":2576,"href":"https:\/\/site.educa.madrid.org\/ies.becquer.algete\/index.php\/wp-json\/wp\/v2\/pages\/412\/revisions\/2576"}],"up":[{"embeddable":true,"href":"https:\/\/site.educa.madrid.org\/ies.becquer.algete\/index.php\/wp-json\/wp\/v2\/pages\/136"}],"wp:attachment":[{"href":"https:\/\/site.educa.madrid.org\/ies.becquer.algete\/index.php\/wp-json\/wp\/v2\/media?parent=412"}],"wp:term":[{"taxonomy":"folder","embeddable":true,"href":"https:\/\/site.educa.madrid.org\/ies.becquer.algete\/index.php\/wp-json\/wp\/v2\/folder?post=412"}],"curies":[{"name":"wp","href":"https:\/\/api.w.org\/{rel}","templated":true}]}}