{"id":507,"date":"2022-06-29T10:18:16","date_gmt":"2022-06-29T08:18:16","guid":{"rendered":"https:\/\/site.educa.madrid.org\/ies.becquer.algete\/?page_id=507"},"modified":"2025-10-13T19:57:47","modified_gmt":"2025-10-13T17:57:47","slug":"matematicas","status":"publish","type":"page","link":"https:\/\/site.educa.madrid.org\/ies.becquer.algete\/index.php\/inicio\/ensenanzas\/departamentos\/matematicas\/","title":{"rendered":"Matem\u00e1ticas"},"content":{"rendered":"<div class=\"wp-block-image\">\n<figure class=\"aligncenter size-large is-resized\"><img loading=\"lazy\" decoding=\"async\" width=\"1024\" height=\"682\" src=\"https:\/\/site.educa.madrid.org\/ies.becquer.algete\/\/wp-content\/uploads\/ies.becquer.algete\/2023\/03\/matematicas-1024x682.jpg\" alt=\"\" class=\"wp-image-1252\" style=\"width:486px;height:323px\" srcset=\"https:\/\/site.educa.madrid.org\/ies.becquer.algete\/\/wp-content\/uploads\/ies.becquer.algete\/2023\/03\/matematicas-1024x682.jpg 1024w, https:\/\/site.educa.madrid.org\/ies.becquer.algete\/\/wp-content\/uploads\/ies.becquer.algete\/2023\/03\/matematicas-300x200.jpg 300w, https:\/\/site.educa.madrid.org\/ies.becquer.algete\/\/wp-content\/uploads\/ies.becquer.algete\/2023\/03\/matematicas-768x512.jpg 768w, https:\/\/site.educa.madrid.org\/ies.becquer.algete\/\/wp-content\/uploads\/ies.becquer.algete\/2023\/03\/matematicas-391x260.jpg 391w, https:\/\/site.educa.madrid.org\/ies.becquer.algete\/\/wp-content\/uploads\/ies.becquer.algete\/2023\/03\/matematicas-272x182.jpg 272w, https:\/\/site.educa.madrid.org\/ies.becquer.algete\/\/wp-content\/uploads\/ies.becquer.algete\/2023\/03\/matematicas.jpg 1280w\" sizes=\"auto, (max-width: 706px) 89vw, (max-width: 767px) 82vw, 740px\" \/><\/figure>\n<\/div>\n\n\n<p>Las<span class=\"StrongEmphasis\"> matem\u00e1ticas <\/span>son fundamentales para el desarrollo intelectual de los adolescentes: les ayudan a <b>ser l\u00f3gicos, a razonar ordenadamente y a tener una mente preparada para el pensamiento, la cr\u00edtica y la abstracci\u00f3n.<\/b><\/p>\n\n\n\n<p>En el \u00e1mbito educativo, las <span class=\"StrongEmphasis\">matem\u00e1ticas<\/span> <b>configuran actitudes y valores<\/b> en los alumnos pues garantizan una solidez en sus fundamentos, seguridad en los procedimientos y confianza en los resultados obtenidos. Todo esto crea en los ni\u00f1os una disposici\u00f3n consciente y favorable para emprender acciones que conducen a la soluci\u00f3n de los problemas a los que se enfrentan cada d\u00eda.<\/p>\n\n\n\n<p>A su vez, las <span class=\"StrongEmphasis\">matem\u00e1ticas<\/span> contribuyen al desarrollo de un estilo de enfrentarse a la realidad l\u00f3gico y coherente, la b\u00fasqueda de la exactitud en los resultados, una comprensi\u00f3n y expresi\u00f3n clara a trav\u00e9s de la utilizaci\u00f3n de s\u00edmbolos, capacidad de <span class=\"StrongEmphasis\">abstracci\u00f3n<\/span>, <span class=\"StrongEmphasis\">razonamiento <\/span>y generalizaci\u00f3n y la percepci\u00f3n de la creatividad como un valor.<\/p>\n\n\n\n<p><b><span style=\"font-size: 14.0pt; line-height: 115%;\">Criterios de calificaci\u00f3n de la materias<\/span><\/b><\/p>\n\n\n\n<p><a href=\"https:\/\/site.educa.madrid.org\/ies.becquer.algete\/\/wp-content\/uploads\/ies.becquer.algete\/2025\/10\/MA-ESO-2025-26.pdf\" target=\"_blank\" rel=\"noreferrer noopener\">Criterios de evaluaci\u00f3n y calificaci\u00f3n de Matem\u00e1ticas y Recuperaci\u00f3n de Matem\u00e1ticas ESO<br><\/a><a href=\"https:\/\/site.educa.madrid.org\/ies.becquer.algete\/\/wp-content\/uploads\/ies.becquer.algete\/2025\/10\/MA-Bach-2025-26.pdf\" target=\"_blank\" rel=\"noreferrer noopener\">Criterios de evaluaci\u00f3n y calificaci\u00f3n de Matem\u00e1ticas Bachillerato<\/a><\/p>\n","protected":false},"excerpt":{"rendered":"<p>Las matem\u00e1ticas son fundamentales para el desarrollo intelectual de los adolescentes: les ayudan a ser l\u00f3gicos, a razonar ordenadamente y a tener una mente preparada para el pensamiento, la cr\u00edtica y la abstracci\u00f3n. En el \u00e1mbito educativo, las matem\u00e1ticas configuran actitudes y valores en los alumnos pues garantizan una solidez en sus fundamentos, seguridad en &hellip; <\/p>\n<p class=\"link-more\"><a href=\"https:\/\/site.educa.madrid.org\/ies.becquer.algete\/index.php\/inicio\/ensenanzas\/departamentos\/matematicas\/\" class=\"more-link\">Continuar leyendo<span class=\"screen-reader-text\"> \u00abMatem\u00e1ticas\u00bb<\/span><\/a><\/p>\n","protected":false},"author":5,"featured_media":0,"parent":681,"menu_order":11,"comment_status":"closed","ping_status":"closed","template":"page-with-siblings-submenu.php","meta":{"footnotes":""},"folder":[],"class_list":["post-507","page","type-page","status-publish","hentry"],"rttpg_featured_image_url":null,"rttpg_author":{"display_name":"Cuenta Admin-educamadrid","author_link":"https:\/\/site.educa.madrid.org\/ies.becquer.algete\/index.php\/author\/cuenta_admin-educamadrid\/"},"rttpg_comment":0,"rttpg_category":false,"rttpg_excerpt":"Las matem\u00e1ticas son fundamentales para el desarrollo intelectual de los adolescentes: les ayudan a ser l\u00f3gicos, a razonar ordenadamente y a tener una mente preparada para el pensamiento, la cr\u00edtica y la abstracci\u00f3n. En el \u00e1mbito educativo, las matem\u00e1ticas configuran actitudes y valores en los alumnos pues garantizan una solidez en sus fundamentos, seguridad en&hellip;","post_mailing_queue_ids":[],"_links":{"self":[{"href":"https:\/\/site.educa.madrid.org\/ies.becquer.algete\/index.php\/wp-json\/wp\/v2\/pages\/507","targetHints":{"allow":["GET"]}}],"collection":[{"href":"https:\/\/site.educa.madrid.org\/ies.becquer.algete\/index.php\/wp-json\/wp\/v2\/pages"}],"about":[{"href":"https:\/\/site.educa.madrid.org\/ies.becquer.algete\/index.php\/wp-json\/wp\/v2\/types\/page"}],"author":[{"embeddable":true,"href":"https:\/\/site.educa.madrid.org\/ies.becquer.algete\/index.php\/wp-json\/wp\/v2\/users\/5"}],"replies":[{"embeddable":true,"href":"https:\/\/site.educa.madrid.org\/ies.becquer.algete\/index.php\/wp-json\/wp\/v2\/comments?post=507"}],"version-history":[{"count":11,"href":"https:\/\/site.educa.madrid.org\/ies.becquer.algete\/index.php\/wp-json\/wp\/v2\/pages\/507\/revisions"}],"predecessor-version":[{"id":2509,"href":"https:\/\/site.educa.madrid.org\/ies.becquer.algete\/index.php\/wp-json\/wp\/v2\/pages\/507\/revisions\/2509"}],"up":[{"embeddable":true,"href":"https:\/\/site.educa.madrid.org\/ies.becquer.algete\/index.php\/wp-json\/wp\/v2\/pages\/681"}],"wp:attachment":[{"href":"https:\/\/site.educa.madrid.org\/ies.becquer.algete\/index.php\/wp-json\/wp\/v2\/media?parent=507"}],"wp:term":[{"taxonomy":"folder","embeddable":true,"href":"https:\/\/site.educa.madrid.org\/ies.becquer.algete\/index.php\/wp-json\/wp\/v2\/folder?post=507"}],"curies":[{"name":"wp","href":"https:\/\/api.w.org\/{rel}","templated":true}]}}