{"id":509,"date":"2022-06-29T10:19:10","date_gmt":"2022-06-29T08:19:10","guid":{"rendered":"https:\/\/site.educa.madrid.org\/ies.becquer.algete\/?page_id=509"},"modified":"2025-11-24T20:01:57","modified_gmt":"2025-11-24T19:01:57","slug":"biologia-y-geologia","status":"publish","type":"page","link":"https:\/\/site.educa.madrid.org\/ies.becquer.algete\/index.php\/inicio\/ensenanzas\/departamentos\/biologia-y-geologia\/","title":{"rendered":"Biolog\u00eda y Geolog\u00eda"},"content":{"rendered":"<div class=\"wp-block-image\">\n<figure class=\"aligncenter size-large is-resized\"><img loading=\"lazy\" decoding=\"async\" width=\"1024\" height=\"683\" src=\"https:\/\/site.educa.madrid.org\/ies.becquer.algete\/\/wp-content\/uploads\/ies.becquer.algete\/2023\/03\/biologia-1024x683.jpg\" alt=\"\" class=\"wp-image-1241\" style=\"width:545px;height:363px\" srcset=\"https:\/\/site.educa.madrid.org\/ies.becquer.algete\/\/wp-content\/uploads\/ies.becquer.algete\/2023\/03\/biologia-1024x683.jpg 1024w, https:\/\/site.educa.madrid.org\/ies.becquer.algete\/\/wp-content\/uploads\/ies.becquer.algete\/2023\/03\/biologia-300x200.jpg 300w, https:\/\/site.educa.madrid.org\/ies.becquer.algete\/\/wp-content\/uploads\/ies.becquer.algete\/2023\/03\/biologia-768x512.jpg 768w, https:\/\/site.educa.madrid.org\/ies.becquer.algete\/\/wp-content\/uploads\/ies.becquer.algete\/2023\/03\/biologia-391x260.jpg 391w, https:\/\/site.educa.madrid.org\/ies.becquer.algete\/\/wp-content\/uploads\/ies.becquer.algete\/2023\/03\/biologia-272x182.jpg 272w, https:\/\/site.educa.madrid.org\/ies.becquer.algete\/\/wp-content\/uploads\/ies.becquer.algete\/2023\/03\/biologia.jpg 1280w\" sizes=\"auto, (max-width: 706px) 89vw, (max-width: 767px) 82vw, 740px\" \/><\/figure>\n<\/div>\n\n\n<p>Nuestro Departamento pretende <strong>poner al alcance de los alumnos la cultura cient\u00edfica<\/strong> necesaria para que puedan desenvolverse en una sociedad en la que cada vez tienen m\u00e1s peso los aspectos relacionados con la ciencia y la tecnolog\u00eda.<\/p>\n\n\n\n<p>Pretendemos conseguir <strong>tres grandes finalidades:<\/strong><\/p>\n\n\n\n<ul class=\"wp-block-list\">\n<li>Que los alumnos conozcan <strong>aspectos generales de los temas cient\u00edficos actuales,<\/strong> analizando noticias o textos cient\u00edficos, buscando informaci\u00f3n mediante las tecnolog\u00edas de la informaci\u00f3n y comunicando los resultados obtenidos al resto de la comunidad educativa.<\/li>\n\n\n\n<li>Que se <strong>familiaricen con la naturaleza y con los procesos<\/strong> que tienen lugar en ella mediante la observaci\u00f3n y la recogida de datos en la propia naturaleza y su posterior estudio en el laboratorio.<\/li>\n\n\n\n<li>Que <strong>adquieran actitudes de curiosidad, tolerancia y de respeto<\/strong> a las personas y al medio ambiente, trabajando en grupo, favoreciendo la escucha de unos a otros y respetando opiniones diferentes.<\/li>\n<\/ul>\n\n\n\n<p><strong>Criterios de calificaci\u00f3n de la materias<\/strong><\/p>\n\n\n\n<ul class=\"wp-block-list\">\n<li><a href=\"https:\/\/site.educa.madrid.org\/ies.becquer.algete\/\/wp-content\/uploads\/ies.becquer.algete\/2025\/11\/BIO-2025-26.pdf\" target=\"_blank\" rel=\"noreferrer noopener\">Criterios de evaluaci\u00f3n y calificaci\u00f3n<\/a><\/li>\n\n\n\n<li><a href=\"https:\/\/site.educa.madrid.org\/ies.becquer.algete\/\/wp-content\/uploads\/ies.becquer.algete\/2025\/10\/BIO-Matematicas-y-ciencias-aplicadas-2025-26.pdf\" target=\"_blank\" rel=\"noreferrer noopener\">Criterios de evaluaci\u00f3n y calificaci\u00f3n &#8211; Matem\u00e1ticas y ciencias aplicadas<\/a><\/li>\n<\/ul>\n\n\n\n<p><strong>Asignatura optativas<\/strong><\/p>\n\n\n\n<p>&gt; Proyecto en cultura cient\u00edfica<\/p>\n\n\n<div\n\t\t\t\n\t\t\tclass=\"so-widget-sow-video so-widget-sow-video-default-f379b959fc93\"\n\t\t\t\n\t\t>\n<div class=\"sow-video-wrapper no-controls\">\n\t\t\t<video\n\t\t\t\t\t\t\tid=\"sow-player-1\" \t\t\t\t\t\t\tclass=\"sow-video-widget\" \t\t\t\t\t\t\tpreload=\"auto\" \t\t\t\t\t\t\tstyle=\"width:100%;height:100%;\" \t\t\t\t\t\t\t\t>\n\t\t\t\t\t\t\t<source type=\"video\/mp4\" src=\"https:\/\/site.educa.madrid.org\/ies.becquer.algete\/\/wp-content\/uploads\/ies.becquer.algete\/2025\/06\/Proyecto-en-Cultura-Cientifica-pqno.mp4\"\/>\n\t\t\t\t\t<\/video>\n\t<\/div>\n<\/div>\n\n\n<p>&gt; Proyecto en bot\u00e1nica aplicada<\/p>\n\n\n<div\n\t\t\t\n\t\t\tclass=\"so-widget-sow-video so-widget-sow-video-default-f379b959fc93\"\n\t\t\t\n\t\t>\n<div class=\"sow-video-wrapper no-controls\">\n\t\t\t<video\n\t\t\t\t\t\t\tid=\"sow-player-2\" \t\t\t\t\t\t\tclass=\"sow-video-widget\" \t\t\t\t\t\t\tpreload=\"auto\" \t\t\t\t\t\t\tstyle=\"width:100%;height:100%;\" \t\t\t\t\t\t\t\t>\n\t\t\t\t\t\t\t<source type=\"video\/mp4\" src=\"https:\/\/site.educa.madrid.org\/ies.becquer.algete\/\/wp-content\/uploads\/ies.becquer.algete\/2025\/06\/Proyecto-en-Botanica-Aplicada-pqno.mp4\"\/>\n\t\t\t\t\t<\/video>\n\t<\/div>\n<\/div>\n\n\n<p>&gt; Anatom\u00eda y fisiolog\u00eda humanas<\/p>\n\n\n<div\n\t\t\t\n\t\t\tclass=\"so-widget-sow-video so-widget-sow-video-default-f379b959fc93\"\n\t\t\t\n\t\t>\n<div class=\"sow-video-wrapper no-controls\">\n\t\t\t<video\n\t\t\t\t\t\t\tid=\"sow-player-3\" \t\t\t\t\t\t\tclass=\"sow-video-widget\" \t\t\t\t\t\t\tpreload=\"auto\" \t\t\t\t\t\t\tstyle=\"width:100%;height:100%;\" \t\t\t\t\t\t\t\t>\n\t\t\t\t\t\t\t<source type=\"video\/mp4\" src=\"https:\/\/site.educa.madrid.org\/ies.becquer.algete\/\/wp-content\/uploads\/ies.becquer.algete\/2025\/06\/Anatomia-y-Fisiologia-Humana-pqno.mp4\"\/>\n\t\t\t\t\t<\/video>\n\t<\/div>\n<\/div>\n\n\n<p>&gt; Geolog\u00eda y ciencias ambientales<\/p>\n\n\n<div\n\t\t\t\n\t\t\tclass=\"so-widget-sow-video so-widget-sow-video-default-f379b959fc93\"\n\t\t\t\n\t\t>\n<div class=\"sow-video-wrapper no-controls\">\n\t\t\t<video\n\t\t\t\t\t\t\tid=\"sow-player-4\" \t\t\t\t\t\t\tclass=\"sow-video-widget\" \t\t\t\t\t\t\tpreload=\"auto\" \t\t\t\t\t\t\tstyle=\"width:100%;height:100%;\" \t\t\t\t\t\t\t\t>\n\t\t\t\t\t\t\t<source type=\"video\/mp4\" src=\"https:\/\/site.educa.madrid.org\/ies.becquer.algete\/\/wp-content\/uploads\/ies.becquer.algete\/2025\/06\/Geologia-y-Ciencias-Ambientales-pqno.mp4\"\/>\n\t\t\t\t\t<\/video>\n\t<\/div>\n<\/div>","protected":false},"excerpt":{"rendered":"<p>Nuestro Departamento pretende poner al alcance de los alumnos la cultura cient\u00edfica necesaria para que puedan desenvolverse en una sociedad en la que cada vez tienen m\u00e1s peso los aspectos relacionados con la ciencia y la tecnolog\u00eda. Pretendemos conseguir tres grandes finalidades: Criterios de calificaci\u00f3n de la materias Asignatura optativas &gt; Proyecto en cultura cient\u00edfica &hellip; <\/p>\n<p class=\"link-more\"><a href=\"https:\/\/site.educa.madrid.org\/ies.becquer.algete\/index.php\/inicio\/ensenanzas\/departamentos\/biologia-y-geologia\/\" class=\"more-link\">Continuar leyendo<span class=\"screen-reader-text\"> \u00abBiolog\u00eda y Geolog\u00eda\u00bb<\/span><\/a><\/p>\n","protected":false},"author":5,"featured_media":0,"parent":681,"menu_order":1,"comment_status":"closed","ping_status":"closed","template":"page-with-siblings-submenu.php","meta":{"footnotes":""},"folder":[],"class_list":["post-509","page","type-page","status-publish","hentry"],"rttpg_featured_image_url":null,"rttpg_author":{"display_name":"Cuenta Admin-educamadrid","author_link":"https:\/\/site.educa.madrid.org\/ies.becquer.algete\/index.php\/author\/cuenta_admin-educamadrid\/"},"rttpg_comment":0,"rttpg_category":false,"rttpg_excerpt":"Nuestro Departamento pretende poner al alcance de los alumnos la cultura cient\u00edfica necesaria para que puedan desenvolverse en una sociedad en la que cada vez tienen m\u00e1s peso los aspectos relacionados con la ciencia y la tecnolog\u00eda. Pretendemos conseguir tres grandes finalidades: Criterios de calificaci\u00f3n de la materias Asignatura optativas &gt; Proyecto en cultura cient\u00edfica&hellip;","post_mailing_queue_ids":[],"_links":{"self":[{"href":"https:\/\/site.educa.madrid.org\/ies.becquer.algete\/index.php\/wp-json\/wp\/v2\/pages\/509","targetHints":{"allow":["GET"]}}],"collection":[{"href":"https:\/\/site.educa.madrid.org\/ies.becquer.algete\/index.php\/wp-json\/wp\/v2\/pages"}],"about":[{"href":"https:\/\/site.educa.madrid.org\/ies.becquer.algete\/index.php\/wp-json\/wp\/v2\/types\/page"}],"author":[{"embeddable":true,"href":"https:\/\/site.educa.madrid.org\/ies.becquer.algete\/index.php\/wp-json\/wp\/v2\/users\/5"}],"replies":[{"embeddable":true,"href":"https:\/\/site.educa.madrid.org\/ies.becquer.algete\/index.php\/wp-json\/wp\/v2\/comments?post=509"}],"version-history":[{"count":15,"href":"https:\/\/site.educa.madrid.org\/ies.becquer.algete\/index.php\/wp-json\/wp\/v2\/pages\/509\/revisions"}],"predecessor-version":[{"id":2573,"href":"https:\/\/site.educa.madrid.org\/ies.becquer.algete\/index.php\/wp-json\/wp\/v2\/pages\/509\/revisions\/2573"}],"up":[{"embeddable":true,"href":"https:\/\/site.educa.madrid.org\/ies.becquer.algete\/index.php\/wp-json\/wp\/v2\/pages\/681"}],"wp:attachment":[{"href":"https:\/\/site.educa.madrid.org\/ies.becquer.algete\/index.php\/wp-json\/wp\/v2\/media?parent=509"}],"wp:term":[{"taxonomy":"folder","embeddable":true,"href":"https:\/\/site.educa.madrid.org\/ies.becquer.algete\/index.php\/wp-json\/wp\/v2\/folder?post=509"}],"curies":[{"name":"wp","href":"https:\/\/api.w.org\/{rel}","templated":true}]}}