{"id":511,"date":"2022-06-29T10:20:09","date_gmt":"2022-06-29T08:20:09","guid":{"rendered":"https:\/\/site.educa.madrid.org\/ies.becquer.algete\/?page_id=511"},"modified":"2025-11-23T21:46:07","modified_gmt":"2025-11-23T20:46:07","slug":"educacion-fisica","status":"publish","type":"page","link":"https:\/\/site.educa.madrid.org\/ies.becquer.algete\/index.php\/inicio\/ensenanzas\/departamentos\/educacion-fisica\/","title":{"rendered":"Educaci\u00f3n f\u00edsica"},"content":{"rendered":"<div class=\"wp-block-image\">\n<figure class=\"aligncenter size-large is-resized\"><img loading=\"lazy\" decoding=\"async\" width=\"1024\" height=\"682\" src=\"https:\/\/site.educa.madrid.org\/ies.becquer.algete\/\/wp-content\/uploads\/ies.becquer.algete\/2023\/03\/educacion-fisica-1024x682.jpg\" alt=\"\" class=\"wp-image-1243\" style=\"width:513px;height:341px\" srcset=\"https:\/\/site.educa.madrid.org\/ies.becquer.algete\/\/wp-content\/uploads\/ies.becquer.algete\/2023\/03\/educacion-fisica-1024x682.jpg 1024w, https:\/\/site.educa.madrid.org\/ies.becquer.algete\/\/wp-content\/uploads\/ies.becquer.algete\/2023\/03\/educacion-fisica-300x200.jpg 300w, https:\/\/site.educa.madrid.org\/ies.becquer.algete\/\/wp-content\/uploads\/ies.becquer.algete\/2023\/03\/educacion-fisica-768x512.jpg 768w, https:\/\/site.educa.madrid.org\/ies.becquer.algete\/\/wp-content\/uploads\/ies.becquer.algete\/2023\/03\/educacion-fisica-391x260.jpg 391w, https:\/\/site.educa.madrid.org\/ies.becquer.algete\/\/wp-content\/uploads\/ies.becquer.algete\/2023\/03\/educacion-fisica-272x182.jpg 272w, https:\/\/site.educa.madrid.org\/ies.becquer.algete\/\/wp-content\/uploads\/ies.becquer.algete\/2023\/03\/educacion-fisica.jpg 1280w\" sizes=\"auto, (max-width: 706px) 89vw, (max-width: 767px) 82vw, 740px\" \/><\/figure>\n<\/div>\n\n\n<p>La materia de Educaci\u00f3n f\u00edsica tiene como finalidad no s\u00f3lo desarrollar las capacidades instrumentales y generar <strong><span class=\"StrongEmphasis\">h\u00e1bitos de pr\u00e1ctica continuada de la actividad f\u00edsica<\/span><\/strong>, sino que, adem\u00e1s, educar en los alumnos una <strong><span class=\"StrongEmphasis\">escala de valores, actitudes y normas<\/span><\/strong>, y concienciarlos sobre los<strong> <span class=\"StrongEmphasis\">efectos que tiene sobre el desarrollo personal<\/span>,<\/strong> contribuyendo de esta forma al logro de los objetivos generales de la etapa.<\/p>\n\n\n\n<p>Este Departamento enfoca la actividad f\u00edsica de manera que contribuya a la <strong><span class=\"StrongEmphasis\">conservaci\u00f3n y mejora de la salud y el estado f\u00edsico<\/span>, a la <span class=\"StrongEmphasis\">prevenci\u00f3n de determinadas enfermedades y disfunciones<\/span> y al <span class=\"StrongEmphasis\">equilibrio ps\u00edquico.<\/span> <\/strong>Todo ello resulta incluso m\u00e1s necesario dado el papel del deporte para compensar las restricciones del medio y el sedentarismo habitual de la sociedad actual. La materia de Educaci\u00f3n f\u00edsica act\u00faa en este sentido como factor de prevenci\u00f3n de primer orden.<\/p>\n\n\n\n<p><b><span style=\"font-size: 14.0pt; line-height: 115%;\">Criterios de calificaci\u00f3n de la materias<\/span><\/b><\/p>\n\n\n\n<p><a href=\"https:\/\/site.educa.madrid.org\/ies.becquer.algete\/\/wp-content\/uploads\/ies.becquer.algete\/2025\/11\/EF-2025-26.pdf\" data-type=\"link\" data-id=\"https:\/\/site.educa.madrid.org\/ies.becquer.algete\/\/wp-content\/uploads\/ies.becquer.algete\/2025\/11\/EF-2025-26.pdf\" target=\"_blank\" rel=\"noreferrer noopener\">Criterios de evaluaci\u00f3n y calificaci\u00f3n<\/a><\/p>\n","protected":false},"excerpt":{"rendered":"<p>La materia de Educaci\u00f3n f\u00edsica tiene como finalidad no s\u00f3lo desarrollar las capacidades instrumentales y generar h\u00e1bitos de pr\u00e1ctica continuada de la actividad f\u00edsica, sino que, adem\u00e1s, educar en los alumnos una escala de valores, actitudes y normas, y concienciarlos sobre los efectos que tiene sobre el desarrollo personal, contribuyendo de esta forma al logro &hellip; <\/p>\n<p class=\"link-more\"><a href=\"https:\/\/site.educa.madrid.org\/ies.becquer.algete\/index.php\/inicio\/ensenanzas\/departamentos\/educacion-fisica\/\" class=\"more-link\">Continuar leyendo<span class=\"screen-reader-text\"> \u00abEducaci\u00f3n f\u00edsica\u00bb<\/span><\/a><\/p>\n","protected":false},"author":5,"featured_media":0,"parent":681,"menu_order":3,"comment_status":"closed","ping_status":"closed","template":"page-with-siblings-submenu.php","meta":{"footnotes":""},"folder":[],"class_list":["post-511","page","type-page","status-publish","hentry"],"rttpg_featured_image_url":null,"rttpg_author":{"display_name":"Cuenta Admin-educamadrid","author_link":"https:\/\/site.educa.madrid.org\/ies.becquer.algete\/index.php\/author\/cuenta_admin-educamadrid\/"},"rttpg_comment":0,"rttpg_category":false,"rttpg_excerpt":"La materia de Educaci\u00f3n f\u00edsica tiene como finalidad no s\u00f3lo desarrollar las capacidades instrumentales y generar h\u00e1bitos de pr\u00e1ctica continuada de la actividad f\u00edsica, sino que, adem\u00e1s, educar en los alumnos una escala de valores, actitudes y normas, y concienciarlos sobre los efectos que tiene sobre el desarrollo personal, contribuyendo de esta forma al logro&hellip;","post_mailing_queue_ids":[],"_links":{"self":[{"href":"https:\/\/site.educa.madrid.org\/ies.becquer.algete\/index.php\/wp-json\/wp\/v2\/pages\/511","targetHints":{"allow":["GET"]}}],"collection":[{"href":"https:\/\/site.educa.madrid.org\/ies.becquer.algete\/index.php\/wp-json\/wp\/v2\/pages"}],"about":[{"href":"https:\/\/site.educa.madrid.org\/ies.becquer.algete\/index.php\/wp-json\/wp\/v2\/types\/page"}],"author":[{"embeddable":true,"href":"https:\/\/site.educa.madrid.org\/ies.becquer.algete\/index.php\/wp-json\/wp\/v2\/users\/5"}],"replies":[{"embeddable":true,"href":"https:\/\/site.educa.madrid.org\/ies.becquer.algete\/index.php\/wp-json\/wp\/v2\/comments?post=511"}],"version-history":[{"count":9,"href":"https:\/\/site.educa.madrid.org\/ies.becquer.algete\/index.php\/wp-json\/wp\/v2\/pages\/511\/revisions"}],"predecessor-version":[{"id":2551,"href":"https:\/\/site.educa.madrid.org\/ies.becquer.algete\/index.php\/wp-json\/wp\/v2\/pages\/511\/revisions\/2551"}],"up":[{"embeddable":true,"href":"https:\/\/site.educa.madrid.org\/ies.becquer.algete\/index.php\/wp-json\/wp\/v2\/pages\/681"}],"wp:attachment":[{"href":"https:\/\/site.educa.madrid.org\/ies.becquer.algete\/index.php\/wp-json\/wp\/v2\/media?parent=511"}],"wp:term":[{"taxonomy":"folder","embeddable":true,"href":"https:\/\/site.educa.madrid.org\/ies.becquer.algete\/index.php\/wp-json\/wp\/v2\/folder?post=511"}],"curies":[{"name":"wp","href":"https:\/\/api.w.org\/{rel}","templated":true}]}}