{"id":513,"date":"2022-06-29T10:20:37","date_gmt":"2022-06-29T08:20:37","guid":{"rendered":"https:\/\/site.educa.madrid.org\/ies.becquer.algete\/?page_id=513"},"modified":"2025-02-23T21:31:19","modified_gmt":"2025-02-23T20:31:19","slug":"educacion-plastica-y-visual","status":"publish","type":"page","link":"https:\/\/site.educa.madrid.org\/ies.becquer.algete\/index.php\/inicio\/ensenanzas\/departamentos\/educacion-plastica-y-visual\/","title":{"rendered":"Educaci\u00f3n Pl\u00e1stica y Visual"},"content":{"rendered":"<div class=\"wp-block-image\">\n<figure class=\"aligncenter size-large is-resized\"><img loading=\"lazy\" decoding=\"async\" width=\"1024\" height=\"683\" src=\"https:\/\/site.educa.madrid.org\/ies.becquer.algete\/\/wp-content\/uploads\/ies.becquer.algete\/2023\/03\/educacion-plastica-y-visual-1024x683.jpg\" alt=\"\" class=\"wp-image-1244\" style=\"width:508px;height:338px\" srcset=\"https:\/\/site.educa.madrid.org\/ies.becquer.algete\/\/wp-content\/uploads\/ies.becquer.algete\/2023\/03\/educacion-plastica-y-visual-1024x683.jpg 1024w, https:\/\/site.educa.madrid.org\/ies.becquer.algete\/\/wp-content\/uploads\/ies.becquer.algete\/2023\/03\/educacion-plastica-y-visual-300x200.jpg 300w, https:\/\/site.educa.madrid.org\/ies.becquer.algete\/\/wp-content\/uploads\/ies.becquer.algete\/2023\/03\/educacion-plastica-y-visual-768x512.jpg 768w, https:\/\/site.educa.madrid.org\/ies.becquer.algete\/\/wp-content\/uploads\/ies.becquer.algete\/2023\/03\/educacion-plastica-y-visual-391x260.jpg 391w, https:\/\/site.educa.madrid.org\/ies.becquer.algete\/\/wp-content\/uploads\/ies.becquer.algete\/2023\/03\/educacion-plastica-y-visual-272x182.jpg 272w, https:\/\/site.educa.madrid.org\/ies.becquer.algete\/\/wp-content\/uploads\/ies.becquer.algete\/2023\/03\/educacion-plastica-y-visual.jpg 1280w\" sizes=\"auto, (max-width: 706px) 89vw, (max-width: 767px) 82vw, 740px\" \/><\/figure>\n<\/div>\n\n<p class=\"Textbody\">La Educaci\u00f3n Art\u00edstica se puede convertir en un viaje apasionante. La <span class=\"StrongEmphasis\">importancia de la asignatura<\/span> en los procesos de aprendizaje es un hecho que ha quedado plenamente reconocido en todos los campos de la ense\u00f1anza, por no mencionar los incontables beneficios para el equilibrio y desarrollo personal que tiene la expresi\u00f3n pl\u00e1stica. Por ello, en este centro, desde el Departamento de Educaci\u00f3n Pl\u00e1stica y Visual se hace posible que los alumnos <strong><span class=\"StrongEmphasis\">se expresen dibujando, pintando o mediante el volumen y muestren el mundo a trav\u00e9s de sus ojos<\/span>.<\/strong><\/p>\n<p class=\"Textbody\">Si bien est\u00e1 claro que no todos se van a dedicar a profesiones creativas, tambi\u00e9n es cierto que la creatividad siempre formar\u00e1 parte de sus vidas y su futuro.<\/p>\n<p class=\"Textbody\"><b><span style=\"font-size: 14.0pt; line-height: 115%;\">Criterios de calificaci\u00f3n de la materias<\/span><\/b><\/p>\n<p class=\"Textbody\"><a href=\"https:\/\/site.educa.madrid.org\/ies.becquer.algete\/\/wp-content\/uploads\/ies.becquer.algete\/2025\/02\/Dibujo-criterios.pdf\" target=\"_blank\" rel=\"noopener\">Criterios de evaluaci\u00f3n y calificaci\u00f3n de educaci\u00f3n pl\u00e1stica y visual<\/a><\/p>","protected":false},"excerpt":{"rendered":"<p>La Educaci\u00f3n Art\u00edstica se puede convertir en un viaje apasionante. La importancia de la asignatura en los procesos de aprendizaje es un hecho que ha quedado plenamente reconocido en todos los campos de la ense\u00f1anza, por no mencionar los incontables beneficios para el equilibrio y desarrollo personal que tiene la expresi\u00f3n pl\u00e1stica. Por ello, en &hellip; <\/p>\n<p class=\"link-more\"><a href=\"https:\/\/site.educa.madrid.org\/ies.becquer.algete\/index.php\/inicio\/ensenanzas\/departamentos\/educacion-plastica-y-visual\/\" class=\"more-link\">Continuar leyendo<span class=\"screen-reader-text\"> \u00abEducaci\u00f3n Pl\u00e1stica y Visual\u00bb<\/span><\/a><\/p>\n","protected":false},"author":5,"featured_media":0,"parent":681,"menu_order":4,"comment_status":"closed","ping_status":"closed","template":"page-with-siblings-submenu.php","meta":{"footnotes":""},"folder":[],"class_list":["post-513","page","type-page","status-publish","hentry"],"rttpg_featured_image_url":null,"rttpg_author":{"display_name":"Cuenta Admin-educamadrid","author_link":"https:\/\/site.educa.madrid.org\/ies.becquer.algete\/index.php\/author\/cuenta_admin-educamadrid\/"},"rttpg_comment":0,"rttpg_category":false,"rttpg_excerpt":"La Educaci\u00f3n Art\u00edstica se puede convertir en un viaje apasionante. La importancia de la asignatura en los procesos de aprendizaje es un hecho que ha quedado plenamente reconocido en todos los campos de la ense\u00f1anza, por no mencionar los incontables beneficios para el equilibrio y desarrollo personal que tiene la expresi\u00f3n pl\u00e1stica. Por ello, en&hellip;","post_mailing_queue_ids":[],"_links":{"self":[{"href":"https:\/\/site.educa.madrid.org\/ies.becquer.algete\/index.php\/wp-json\/wp\/v2\/pages\/513","targetHints":{"allow":["GET"]}}],"collection":[{"href":"https:\/\/site.educa.madrid.org\/ies.becquer.algete\/index.php\/wp-json\/wp\/v2\/pages"}],"about":[{"href":"https:\/\/site.educa.madrid.org\/ies.becquer.algete\/index.php\/wp-json\/wp\/v2\/types\/page"}],"author":[{"embeddable":true,"href":"https:\/\/site.educa.madrid.org\/ies.becquer.algete\/index.php\/wp-json\/wp\/v2\/users\/5"}],"replies":[{"embeddable":true,"href":"https:\/\/site.educa.madrid.org\/ies.becquer.algete\/index.php\/wp-json\/wp\/v2\/comments?post=513"}],"version-history":[{"count":6,"href":"https:\/\/site.educa.madrid.org\/ies.becquer.algete\/index.php\/wp-json\/wp\/v2\/pages\/513\/revisions"}],"predecessor-version":[{"id":2236,"href":"https:\/\/site.educa.madrid.org\/ies.becquer.algete\/index.php\/wp-json\/wp\/v2\/pages\/513\/revisions\/2236"}],"up":[{"embeddable":true,"href":"https:\/\/site.educa.madrid.org\/ies.becquer.algete\/index.php\/wp-json\/wp\/v2\/pages\/681"}],"wp:attachment":[{"href":"https:\/\/site.educa.madrid.org\/ies.becquer.algete\/index.php\/wp-json\/wp\/v2\/media?parent=513"}],"wp:term":[{"taxonomy":"folder","embeddable":true,"href":"https:\/\/site.educa.madrid.org\/ies.becquer.algete\/index.php\/wp-json\/wp\/v2\/folder?post=513"}],"curies":[{"name":"wp","href":"https:\/\/api.w.org\/{rel}","templated":true}]}}