{"id":519,"date":"2022-06-29T10:22:15","date_gmt":"2022-06-29T08:22:15","guid":{"rendered":"https:\/\/site.educa.madrid.org\/ies.becquer.algete\/?page_id=519"},"modified":"2025-11-23T21:56:09","modified_gmt":"2025-11-23T20:56:09","slug":"fisica-y-quimica","status":"publish","type":"page","link":"https:\/\/site.educa.madrid.org\/ies.becquer.algete\/index.php\/inicio\/ensenanzas\/departamentos\/fisica-y-quimica\/","title":{"rendered":"F\u00edsica y Qu\u00edmica"},"content":{"rendered":"<div class=\"wp-block-image\">\n<figure class=\"aligncenter size-large is-resized\"><img loading=\"lazy\" decoding=\"async\" width=\"1024\" height=\"678\" src=\"https:\/\/site.educa.madrid.org\/ies.becquer.algete\/\/wp-content\/uploads\/ies.becquer.algete\/2023\/03\/quimica-1024x678.jpg\" alt=\"\" class=\"wp-image-1255\" style=\"width:533px;height:353px\" srcset=\"https:\/\/site.educa.madrid.org\/ies.becquer.algete\/\/wp-content\/uploads\/ies.becquer.algete\/2023\/03\/quimica-1024x678.jpg 1024w, https:\/\/site.educa.madrid.org\/ies.becquer.algete\/\/wp-content\/uploads\/ies.becquer.algete\/2023\/03\/quimica-300x199.jpg 300w, https:\/\/site.educa.madrid.org\/ies.becquer.algete\/\/wp-content\/uploads\/ies.becquer.algete\/2023\/03\/quimica-768x508.jpg 768w, https:\/\/site.educa.madrid.org\/ies.becquer.algete\/\/wp-content\/uploads\/ies.becquer.algete\/2023\/03\/quimica-391x260.jpg 391w, https:\/\/site.educa.madrid.org\/ies.becquer.algete\/\/wp-content\/uploads\/ies.becquer.algete\/2023\/03\/quimica.jpg 1280w\" sizes=\"auto, (max-width: 706px) 89vw, (max-width: 767px) 82vw, 740px\" \/><\/figure>\n<\/div>\n\n\n<p>El Departamento de F\u00edsica y Qu\u00edmica asume la ense\u00f1anza de esta materia desde 2\u00ba ESO hasta 2\u00ba de Bachillerato.<\/p>\n\n\n\n<p>Se desarrollan los<strong> <span class=\"StrongEmphasis\">contenidos te\u00f3ricos<\/span> <\/strong>de cada nivel acompa\u00f1\u00e1ndolos de la <strong><span class=\"StrongEmphasis\">resoluci\u00f3n de problemas<\/span><\/strong> de todo tipo, otorgando especial importancia a aquellos problemas relacionados con cuestiones de actualidad o con la vida cotidiana de los alumnos.<\/p>\n\n\n\n<p>Tambi\u00e9n se trabajan <strong><span class=\"StrongEmphasis\">otras competencias<\/span><\/strong> como la comprensi\u00f3n de textos cient\u00edficos, la capacidad de resumir lo le\u00eddo, de extraer los aspectos interesantes y de presentar informes de manera cient\u00edfica.<\/p>\n\n\n\n<p>Debemos destacar, asimismo, las <span class=\"StrongEmphasis\"><strong>pr\u00e1cticas de laboratorio<\/strong> <\/span>que se realizan a lo largo del curso en todos los grupos (salvo 2\u00ba de Bachillerato dado la extensi\u00f3n de los contenidos y el limitado tiempo para preparar la EVAU), en los que se pretende que el alumno aplique los conocimientos que va adquiriendo, sin olvidar tampoco el aspecto recreativo de las mismas.<\/p>\n\n\n\n<p><b><span style=\"font-size: 14.0pt; line-height: 115%;\">Criterios de calificaci\u00f3n de la materias<\/span><\/b><\/p>\n\n\n\n<ul class=\"wp-block-list\">\n<li><a href=\"https:\/\/site.educa.madrid.org\/ies.becquer.algete\/\/wp-content\/uploads\/ies.becquer.algete\/2025\/11\/FyQ-2-ESO-2025-26.pdf\" target=\"_blank\" rel=\"noreferrer noopener\">Criterios de evaluaci\u00f3n y calificaci\u00f3n de F\u00edsica y Qu\u00edmica 2\u00ba ESO<\/a><\/li>\n\n\n\n<li><a href=\"https:\/\/site.educa.madrid.org\/ies.becquer.algete\/\/wp-content\/uploads\/ies.becquer.algete\/2025\/11\/FyQ-3-ESO-2025-26.pdf\" target=\"_blank\" rel=\"noreferrer noopener\">Criterios de evaluaci\u00f3n y calificaci\u00f3n de F\u00edsica y Qu\u00edmica 3\u00ba ESO<\/a><\/li>\n\n\n\n<li><a href=\"https:\/\/site.educa.madrid.org\/ies.becquer.algete\/\/wp-content\/uploads\/ies.becquer.algete\/2025\/11\/FyQ-4-ESO-2025-26.pdf\" target=\"_blank\" rel=\"noreferrer noopener\">Criterios de evaluaci\u00f3n y calificaci\u00f3n de F\u00edsica y Qu\u00edmica 4\u00ba ESO<\/a><\/li>\n\n\n\n<li><a href=\"https:\/\/site.educa.madrid.org\/ies.becquer.algete\/\/wp-content\/uploads\/ies.becquer.algete\/2025\/11\/FyQ-1-BACH-2025-26.pdf\" target=\"_blank\" rel=\"noreferrer noopener\">Criterios de evaluaci\u00f3n y calificaci\u00f3n de F\u00edsica y Qu\u00edmica 1\u00ba Bachillerato<\/a><\/li>\n\n\n\n<li><a href=\"https:\/\/site.educa.madrid.org\/ies.becquer.algete\/\/wp-content\/uploads\/ies.becquer.algete\/2025\/11\/FyQ-2-BACH-FISICA-2025-26.pdf\" target=\"_blank\" rel=\"noreferrer noopener\">Criterios de evaluaci\u00f3n y calificaci\u00f3n de F\u00edsica  2\u00ba Bachillerato<\/a><\/li>\n\n\n\n<li><a href=\"https:\/\/site.educa.madrid.org\/ies.becquer.algete\/\/wp-content\/uploads\/ies.becquer.algete\/2025\/11\/FyQ-2-BACH-QUIMICA-2025-26.pdf\" target=\"_blank\" rel=\"noreferrer noopener\">Criterios de evaluaci\u00f3n y calificaci\u00f3n de Qu\u00edmica 2\u00ba Bachillerato<\/a><br><\/li>\n<\/ul>\n","protected":false},"excerpt":{"rendered":"<p>El Departamento de F\u00edsica y Qu\u00edmica asume la ense\u00f1anza de esta materia desde 2\u00ba ESO hasta 2\u00ba de Bachillerato. Se desarrollan los contenidos te\u00f3ricos de cada nivel acompa\u00f1\u00e1ndolos de la resoluci\u00f3n de problemas de todo tipo, otorgando especial importancia a aquellos problemas relacionados con cuestiones de actualidad o con la vida cotidiana de los alumnos. &hellip; <\/p>\n<p class=\"link-more\"><a href=\"https:\/\/site.educa.madrid.org\/ies.becquer.algete\/index.php\/inicio\/ensenanzas\/departamentos\/fisica-y-quimica\/\" class=\"more-link\">Continuar leyendo<span class=\"screen-reader-text\"> \u00abF\u00edsica y Qu\u00edmica\u00bb<\/span><\/a><\/p>\n","protected":false},"author":5,"featured_media":0,"parent":681,"menu_order":6,"comment_status":"closed","ping_status":"closed","template":"page-with-siblings-submenu.php","meta":{"footnotes":""},"folder":[],"class_list":["post-519","page","type-page","status-publish","hentry"],"rttpg_featured_image_url":null,"rttpg_author":{"display_name":"Cuenta Admin-educamadrid","author_link":"https:\/\/site.educa.madrid.org\/ies.becquer.algete\/index.php\/author\/cuenta_admin-educamadrid\/"},"rttpg_comment":0,"rttpg_category":false,"rttpg_excerpt":"El Departamento de F\u00edsica y Qu\u00edmica asume la ense\u00f1anza de esta materia desde 2\u00ba ESO hasta 2\u00ba de Bachillerato. Se desarrollan los contenidos te\u00f3ricos de cada nivel acompa\u00f1\u00e1ndolos de la resoluci\u00f3n de problemas de todo tipo, otorgando especial importancia a aquellos problemas relacionados con cuestiones de actualidad o con la vida cotidiana de los alumnos.&hellip;","post_mailing_queue_ids":[],"_links":{"self":[{"href":"https:\/\/site.educa.madrid.org\/ies.becquer.algete\/index.php\/wp-json\/wp\/v2\/pages\/519","targetHints":{"allow":["GET"]}}],"collection":[{"href":"https:\/\/site.educa.madrid.org\/ies.becquer.algete\/index.php\/wp-json\/wp\/v2\/pages"}],"about":[{"href":"https:\/\/site.educa.madrid.org\/ies.becquer.algete\/index.php\/wp-json\/wp\/v2\/types\/page"}],"author":[{"embeddable":true,"href":"https:\/\/site.educa.madrid.org\/ies.becquer.algete\/index.php\/wp-json\/wp\/v2\/users\/5"}],"replies":[{"embeddable":true,"href":"https:\/\/site.educa.madrid.org\/ies.becquer.algete\/index.php\/wp-json\/wp\/v2\/comments?post=519"}],"version-history":[{"count":22,"href":"https:\/\/site.educa.madrid.org\/ies.becquer.algete\/index.php\/wp-json\/wp\/v2\/pages\/519\/revisions"}],"predecessor-version":[{"id":2561,"href":"https:\/\/site.educa.madrid.org\/ies.becquer.algete\/index.php\/wp-json\/wp\/v2\/pages\/519\/revisions\/2561"}],"up":[{"embeddable":true,"href":"https:\/\/site.educa.madrid.org\/ies.becquer.algete\/index.php\/wp-json\/wp\/v2\/pages\/681"}],"wp:attachment":[{"href":"https:\/\/site.educa.madrid.org\/ies.becquer.algete\/index.php\/wp-json\/wp\/v2\/media?parent=519"}],"wp:term":[{"taxonomy":"folder","embeddable":true,"href":"https:\/\/site.educa.madrid.org\/ies.becquer.algete\/index.php\/wp-json\/wp\/v2\/folder?post=519"}],"curies":[{"name":"wp","href":"https:\/\/api.w.org\/{rel}","templated":true}]}}