{"id":521,"date":"2022-06-29T10:22:39","date_gmt":"2022-06-29T08:22:39","guid":{"rendered":"https:\/\/site.educa.madrid.org\/ies.becquer.algete\/?page_id=521"},"modified":"2025-02-23T22:06:09","modified_gmt":"2025-02-23T21:06:09","slug":"frances-2","status":"publish","type":"page","link":"https:\/\/site.educa.madrid.org\/ies.becquer.algete\/index.php\/inicio\/ensenanzas\/departamentos\/frances-2\/","title":{"rendered":"Franc\u00e9s"},"content":{"rendered":"<div class=\"wp-block-image\">\n<figure class=\"aligncenter size-large is-resized\"><img loading=\"lazy\" decoding=\"async\" width=\"1024\" height=\"691\" src=\"https:\/\/site.educa.madrid.org\/ies.becquer.algete\/\/wp-content\/uploads\/ies.becquer.algete\/2023\/03\/frances-1024x691.jpg\" alt=\"\" class=\"wp-image-1247\" style=\"width:475px;height:320px\" srcset=\"https:\/\/site.educa.madrid.org\/ies.becquer.algete\/\/wp-content\/uploads\/ies.becquer.algete\/2023\/03\/frances-1024x691.jpg 1024w, https:\/\/site.educa.madrid.org\/ies.becquer.algete\/\/wp-content\/uploads\/ies.becquer.algete\/2023\/03\/frances-300x203.jpg 300w, https:\/\/site.educa.madrid.org\/ies.becquer.algete\/\/wp-content\/uploads\/ies.becquer.algete\/2023\/03\/frances-768x518.jpg 768w, https:\/\/site.educa.madrid.org\/ies.becquer.algete\/\/wp-content\/uploads\/ies.becquer.algete\/2023\/03\/frances.jpg 1280w\" sizes=\"auto, (max-width: 706px) 89vw, (max-width: 767px) 82vw, 740px\" \/><\/figure>\n<\/div>\n\n\n<p>El Franc\u00e9s ha sido y es la lengua de los viajes y de la <span class=\"StrongEmphasis\">cultura. <\/span>En pleno siglo XXI la importancia de una educaci\u00f3n pluriling\u00fce es imprescindible para la educaci\u00f3n integral de nuestros alumnos.<\/p>\n\n\n\n<p>Aprender Franc\u00e9s los har\u00e1 <b>ser m\u00e1s competitivos<\/b> tanto en el \u00e1mbito educativo (<span class=\"StrongEmphasis\">EVAU<\/span>, acceso a determinados grados, <span class=\"StrongEmphasis\">ERASMUS<\/span>&#8230;) como, en un futuro no muy lejano, en el \u00e1mbito laboral ya que tener nociones de una segunda lengua extranjera les proporciona un valor a\u00f1adido y diferenciador en su curr\u00edculum.<\/p>\n\n\n\n<p>Tampoco podemos olvidar que el franc\u00e9s no s\u00f3lo es una lengua oficial de la Uni\u00f3n Europea sino que se habla por todo el mundo, en todos los continentes.<\/p>\n\n\n\n<p><b><span style=\"font-size: 14.0pt; line-height: 115%;\">Criterios de calificaci\u00f3n de la materias<\/span><\/b><\/p>\n\n\n\n<p><a href=\"https:\/\/site.educa.madrid.org\/ies.becquer.algete\/\/wp-content\/uploads\/ies.becquer.algete\/2025\/02\/Frances-criterios-1-y-2.pdf\" data-type=\"link\" data-id=\"https:\/\/site.educa.madrid.org\/ies.becquer.algete\/\/wp-content\/uploads\/ies.becquer.algete\/2025\/02\/Frances-criterios-1-y-2.pdf\" target=\"_blank\" rel=\"noreferrer noopener\">Criterios de evaluaci\u00f3n y calificaci\u00f3n 1\u00ba y 2\u00ba ESO<\/a><\/p>\n\n\n\n<p><a href=\"https:\/\/site.educa.madrid.org\/ies.becquer.algete\/\/wp-content\/uploads\/ies.becquer.algete\/2025\/02\/Frances-criterios-3.pdf\" data-type=\"link\" data-id=\"https:\/\/site.educa.madrid.org\/ies.becquer.algete\/\/wp-content\/uploads\/ies.becquer.algete\/2025\/02\/Frances-criterios-3.pdf\" target=\"_blank\" rel=\"noreferrer noopener\">Criterios de evaluaci\u00f3n y calificaci\u00f3n 3\u00ba ESO<\/a><\/p>\n","protected":false},"excerpt":{"rendered":"<p>El Franc\u00e9s ha sido y es la lengua de los viajes y de la cultura. En pleno siglo XXI la importancia de una educaci\u00f3n pluriling\u00fce es imprescindible para la educaci\u00f3n integral de nuestros alumnos. Aprender Franc\u00e9s los har\u00e1 ser m\u00e1s competitivos tanto en el \u00e1mbito educativo (EVAU, acceso a determinados grados, ERASMUS&#8230;) como, en un &hellip; <\/p>\n<p class=\"link-more\"><a href=\"https:\/\/site.educa.madrid.org\/ies.becquer.algete\/index.php\/inicio\/ensenanzas\/departamentos\/frances-2\/\" class=\"more-link\">Continuar leyendo<span class=\"screen-reader-text\"> \u00abFranc\u00e9s\u00bb<\/span><\/a><\/p>\n","protected":false},"author":5,"featured_media":0,"parent":681,"menu_order":7,"comment_status":"closed","ping_status":"closed","template":"page-with-siblings-submenu.php","meta":{"footnotes":""},"folder":[],"class_list":["post-521","page","type-page","status-publish","hentry"],"rttpg_featured_image_url":null,"rttpg_author":{"display_name":"Cuenta Admin-educamadrid","author_link":"https:\/\/site.educa.madrid.org\/ies.becquer.algete\/index.php\/author\/cuenta_admin-educamadrid\/"},"rttpg_comment":0,"rttpg_category":false,"rttpg_excerpt":"El Franc\u00e9s ha sido y es la lengua de los viajes y de la cultura. En pleno siglo XXI la importancia de una educaci\u00f3n pluriling\u00fce es imprescindible para la educaci\u00f3n integral de nuestros alumnos. Aprender Franc\u00e9s los har\u00e1 ser m\u00e1s competitivos tanto en el \u00e1mbito educativo (EVAU, acceso a determinados grados, ERASMUS&#8230;) como, en un&hellip;","post_mailing_queue_ids":[],"_links":{"self":[{"href":"https:\/\/site.educa.madrid.org\/ies.becquer.algete\/index.php\/wp-json\/wp\/v2\/pages\/521","targetHints":{"allow":["GET"]}}],"collection":[{"href":"https:\/\/site.educa.madrid.org\/ies.becquer.algete\/index.php\/wp-json\/wp\/v2\/pages"}],"about":[{"href":"https:\/\/site.educa.madrid.org\/ies.becquer.algete\/index.php\/wp-json\/wp\/v2\/types\/page"}],"author":[{"embeddable":true,"href":"https:\/\/site.educa.madrid.org\/ies.becquer.algete\/index.php\/wp-json\/wp\/v2\/users\/5"}],"replies":[{"embeddable":true,"href":"https:\/\/site.educa.madrid.org\/ies.becquer.algete\/index.php\/wp-json\/wp\/v2\/comments?post=521"}],"version-history":[{"count":9,"href":"https:\/\/site.educa.madrid.org\/ies.becquer.algete\/index.php\/wp-json\/wp\/v2\/pages\/521\/revisions"}],"predecessor-version":[{"id":2256,"href":"https:\/\/site.educa.madrid.org\/ies.becquer.algete\/index.php\/wp-json\/wp\/v2\/pages\/521\/revisions\/2256"}],"up":[{"embeddable":true,"href":"https:\/\/site.educa.madrid.org\/ies.becquer.algete\/index.php\/wp-json\/wp\/v2\/pages\/681"}],"wp:attachment":[{"href":"https:\/\/site.educa.madrid.org\/ies.becquer.algete\/index.php\/wp-json\/wp\/v2\/media?parent=521"}],"wp:term":[{"taxonomy":"folder","embeddable":true,"href":"https:\/\/site.educa.madrid.org\/ies.becquer.algete\/index.php\/wp-json\/wp\/v2\/folder?post=521"}],"curies":[{"name":"wp","href":"https:\/\/api.w.org\/{rel}","templated":true}]}}