{"id":531,"date":"2022-06-29T10:26:45","date_gmt":"2022-06-29T08:26:45","guid":{"rendered":"https:\/\/site.educa.madrid.org\/ies.becquer.algete\/?page_id=531"},"modified":"2025-11-23T21:51:17","modified_gmt":"2025-11-23T20:51:17","slug":"musica","status":"publish","type":"page","link":"https:\/\/site.educa.madrid.org\/ies.becquer.algete\/index.php\/inicio\/ensenanzas\/departamentos\/musica\/","title":{"rendered":"M\u00fasica"},"content":{"rendered":"<div class=\"wp-block-image\">\n<figure class=\"aligncenter size-large is-resized\"><img loading=\"lazy\" decoding=\"async\" width=\"1024\" height=\"682\" src=\"https:\/\/site.educa.madrid.org\/ies.becquer.algete\/\/wp-content\/uploads\/ies.becquer.algete\/2023\/03\/musica-1024x682.jpg\" alt=\"\" class=\"wp-image-1253\" style=\"width:512px;height:340px\" srcset=\"https:\/\/site.educa.madrid.org\/ies.becquer.algete\/\/wp-content\/uploads\/ies.becquer.algete\/2023\/03\/musica-1024x682.jpg 1024w, https:\/\/site.educa.madrid.org\/ies.becquer.algete\/\/wp-content\/uploads\/ies.becquer.algete\/2023\/03\/musica-300x200.jpg 300w, https:\/\/site.educa.madrid.org\/ies.becquer.algete\/\/wp-content\/uploads\/ies.becquer.algete\/2023\/03\/musica-768x512.jpg 768w, https:\/\/site.educa.madrid.org\/ies.becquer.algete\/\/wp-content\/uploads\/ies.becquer.algete\/2023\/03\/musica-391x260.jpg 391w, https:\/\/site.educa.madrid.org\/ies.becquer.algete\/\/wp-content\/uploads\/ies.becquer.algete\/2023\/03\/musica-272x182.jpg 272w, https:\/\/site.educa.madrid.org\/ies.becquer.algete\/\/wp-content\/uploads\/ies.becquer.algete\/2023\/03\/musica.jpg 1280w\" sizes=\"auto, (max-width: 706px) 89vw, (max-width: 767px) 82vw, 740px\" \/><\/figure>\n<\/div>\n\n<p class=\"Textbody\">El Departamento de M\u00fasica entiende su \u00e1rea de manera eminentemente <strong><span class=\"StrongEmphasis\">pr\u00e1ctica<\/span><\/strong>, por lo que nos gusta hacer las clases participativas. As\u00ed, aparte de los aspectos te\u00f3ricos, trabajamos con distintos instrumentos, <strong><span class=\"StrongEmphasis\">con escucha activa y con nuevas tecnolog\u00edas<\/span>.<\/strong> Incluso intentamos organizar y montar <strong><span class=\"StrongEmphasis\">conciertos<\/span> <\/strong>con los alumnos y sacar la clase fuera de la clase: conferencias, aula abierta, salidas\u2026<\/p>\n<p class=\"Textbody\"><b><span style=\"font-size: 14.0pt; line-height: 115%;\">Criterios de calificaci\u00f3n de la materias<\/span><\/b><\/p>\n<p class=\"Textbody\"><a href=\"https:\/\/site.educa.madrid.org\/ies.becquer.algete\/\/wp-content\/uploads\/ies.becquer.algete\/2025\/11\/MU-2025-26.pdf\" target=\"_blank\" rel=\"noopener\">Criterios de evaluaci\u00f3n y calificaci\u00f3n de m\u00fasica<\/a><\/p>\n\n\n<p><\/p>\n","protected":false},"excerpt":{"rendered":"<p>El Departamento de M\u00fasica entiende su \u00e1rea de manera eminentemente pr\u00e1ctica, por lo que nos gusta hacer las clases participativas. As\u00ed, aparte de los aspectos te\u00f3ricos, trabajamos con distintos instrumentos, con escucha activa y con nuevas tecnolog\u00edas. Incluso intentamos organizar y montar conciertos con los alumnos y sacar la clase fuera de la clase: conferencias, &hellip; <\/p>\n<p class=\"link-more\"><a href=\"https:\/\/site.educa.madrid.org\/ies.becquer.algete\/index.php\/inicio\/ensenanzas\/departamentos\/musica\/\" class=\"more-link\">Continuar leyendo<span class=\"screen-reader-text\"> \u00abM\u00fasica\u00bb<\/span><\/a><\/p>\n","protected":false},"author":5,"featured_media":0,"parent":681,"menu_order":12,"comment_status":"closed","ping_status":"closed","template":"page-with-siblings-submenu.php","meta":{"footnotes":""},"folder":[],"class_list":["post-531","page","type-page","status-publish","hentry"],"rttpg_featured_image_url":null,"rttpg_author":{"display_name":"Cuenta Admin-educamadrid","author_link":"https:\/\/site.educa.madrid.org\/ies.becquer.algete\/index.php\/author\/cuenta_admin-educamadrid\/"},"rttpg_comment":0,"rttpg_category":false,"rttpg_excerpt":"El Departamento de M\u00fasica entiende su \u00e1rea de manera eminentemente pr\u00e1ctica, por lo que nos gusta hacer las clases participativas. As\u00ed, aparte de los aspectos te\u00f3ricos, trabajamos con distintos instrumentos, con escucha activa y con nuevas tecnolog\u00edas. Incluso intentamos organizar y montar conciertos con los alumnos y sacar la clase fuera de la clase: conferencias,&hellip;","post_mailing_queue_ids":[],"_links":{"self":[{"href":"https:\/\/site.educa.madrid.org\/ies.becquer.algete\/index.php\/wp-json\/wp\/v2\/pages\/531","targetHints":{"allow":["GET"]}}],"collection":[{"href":"https:\/\/site.educa.madrid.org\/ies.becquer.algete\/index.php\/wp-json\/wp\/v2\/pages"}],"about":[{"href":"https:\/\/site.educa.madrid.org\/ies.becquer.algete\/index.php\/wp-json\/wp\/v2\/types\/page"}],"author":[{"embeddable":true,"href":"https:\/\/site.educa.madrid.org\/ies.becquer.algete\/index.php\/wp-json\/wp\/v2\/users\/5"}],"replies":[{"embeddable":true,"href":"https:\/\/site.educa.madrid.org\/ies.becquer.algete\/index.php\/wp-json\/wp\/v2\/comments?post=531"}],"version-history":[{"count":8,"href":"https:\/\/site.educa.madrid.org\/ies.becquer.algete\/index.php\/wp-json\/wp\/v2\/pages\/531\/revisions"}],"predecessor-version":[{"id":2554,"href":"https:\/\/site.educa.madrid.org\/ies.becquer.algete\/index.php\/wp-json\/wp\/v2\/pages\/531\/revisions\/2554"}],"up":[{"embeddable":true,"href":"https:\/\/site.educa.madrid.org\/ies.becquer.algete\/index.php\/wp-json\/wp\/v2\/pages\/681"}],"wp:attachment":[{"href":"https:\/\/site.educa.madrid.org\/ies.becquer.algete\/index.php\/wp-json\/wp\/v2\/media?parent=531"}],"wp:term":[{"taxonomy":"folder","embeddable":true,"href":"https:\/\/site.educa.madrid.org\/ies.becquer.algete\/index.php\/wp-json\/wp\/v2\/folder?post=531"}],"curies":[{"name":"wp","href":"https:\/\/api.w.org\/{rel}","templated":true}]}}