{"id":535,"date":"2022-06-29T10:28:06","date_gmt":"2022-06-29T08:28:06","guid":{"rendered":"https:\/\/site.educa.madrid.org\/ies.becquer.algete\/?page_id=535"},"modified":"2025-11-23T21:52:07","modified_gmt":"2025-11-23T20:52:07","slug":"tecnologia","status":"publish","type":"page","link":"https:\/\/site.educa.madrid.org\/ies.becquer.algete\/index.php\/inicio\/ensenanzas\/departamentos\/tecnologia\/","title":{"rendered":"Tecnolog\u00eda"},"content":{"rendered":"\n<figure class=\"wp-block-gallery aligncenter has-nested-images columns-default is-cropped wp-block-gallery-1 is-layout-flex wp-block-gallery-is-layout-flex\">\n<figure class=\"wp-block-image size-large\"><img loading=\"lazy\" decoding=\"async\" width=\"1024\" height=\"762\" data-id=\"2282\" src=\"https:\/\/site.educa.madrid.org\/ies.becquer.algete\/\/wp-content\/uploads\/ies.becquer.algete\/2025\/02\/Foto-tecnologia-1024x762.jpg\" alt=\"\" class=\"wp-image-2282\" srcset=\"https:\/\/site.educa.madrid.org\/ies.becquer.algete\/\/wp-content\/uploads\/ies.becquer.algete\/2025\/02\/Foto-tecnologia-1024x762.jpg 1024w, https:\/\/site.educa.madrid.org\/ies.becquer.algete\/\/wp-content\/uploads\/ies.becquer.algete\/2025\/02\/Foto-tecnologia-300x223.jpg 300w, https:\/\/site.educa.madrid.org\/ies.becquer.algete\/\/wp-content\/uploads\/ies.becquer.algete\/2025\/02\/Foto-tecnologia-768x572.jpg 768w, https:\/\/site.educa.madrid.org\/ies.becquer.algete\/\/wp-content\/uploads\/ies.becquer.algete\/2025\/02\/Foto-tecnologia-1536x1143.jpg 1536w, https:\/\/site.educa.madrid.org\/ies.becquer.algete\/\/wp-content\/uploads\/ies.becquer.algete\/2025\/02\/Foto-tecnologia-2048x1525.jpg 2048w\" sizes=\"auto, (max-width: 706px) 89vw, (max-width: 767px) 82vw, 740px\" \/><\/figure>\n<\/figure>\n\n\n\n<p>El Departamento de Tecnolog\u00eda tiene como <strong>objetivo principal<\/strong> introducir a los alumnos en el mundo de la tecnolog\u00eda con el objeto de:<\/p>\n\n\n\n<ul class=\"wp-block-list\">\n<li>Conocer los<strong> fundamentos te\u00f3ricos<\/strong> b\u00e1sicos de la tecnolog\u00eda, como uno de los pilares de la sociedad actual, en la que todos estamos inmersos, incluyendo los fundamentos cient\u00edficos en los que esta basada.<\/li>\n\n\n\n<li>Introducir a los alumnos en la<strong> aplicaci\u00f3n pr\u00e1ctica<\/strong> de dichos conocimientos.<\/li>\n\n\n\n<li>Despertar en los mismos el <strong>inter\u00e9s por la tecnolog\u00eda,<\/strong> como base de una formaci\u00f3n m\u00e1s profunda, a adquirir en estudios posteriores.<\/li>\n<\/ul>\n\n\n\n<p><strong>Criterios de calificaci\u00f3n de la materias<\/strong><\/p>\n\n\n\n<p><a href=\"https:\/\/site.educa.madrid.org\/ies.becquer.algete\/\/wp-content\/uploads\/ies.becquer.algete\/2025\/11\/Tecnologia-2025-26.pdf\" target=\"_blank\" rel=\"noreferrer noopener\">Criterios de evaluaci\u00f3n y calificaci\u00f3n<\/a><\/p>\n","protected":false},"excerpt":{"rendered":"<p>El Departamento de Tecnolog\u00eda tiene como objetivo principal introducir a los alumnos en el mundo de la tecnolog\u00eda con el objeto de: Criterios de calificaci\u00f3n de la materias Criterios de evaluaci\u00f3n y calificaci\u00f3n<\/p>\n","protected":false},"author":5,"featured_media":0,"parent":681,"menu_order":15,"comment_status":"closed","ping_status":"closed","template":"page-with-siblings-submenu.php","meta":{"footnotes":""},"folder":[],"class_list":["post-535","page","type-page","status-publish","hentry"],"rttpg_featured_image_url":null,"rttpg_author":{"display_name":"Cuenta Admin-educamadrid","author_link":"https:\/\/site.educa.madrid.org\/ies.becquer.algete\/index.php\/author\/cuenta_admin-educamadrid\/"},"rttpg_comment":0,"rttpg_category":false,"rttpg_excerpt":"El Departamento de Tecnolog\u00eda tiene como objetivo principal introducir a los alumnos en el mundo de la tecnolog\u00eda con el objeto de: Criterios de calificaci\u00f3n de la materias Criterios de evaluaci\u00f3n y calificaci\u00f3n","post_mailing_queue_ids":[],"_links":{"self":[{"href":"https:\/\/site.educa.madrid.org\/ies.becquer.algete\/index.php\/wp-json\/wp\/v2\/pages\/535","targetHints":{"allow":["GET"]}}],"collection":[{"href":"https:\/\/site.educa.madrid.org\/ies.becquer.algete\/index.php\/wp-json\/wp\/v2\/pages"}],"about":[{"href":"https:\/\/site.educa.madrid.org\/ies.becquer.algete\/index.php\/wp-json\/wp\/v2\/types\/page"}],"author":[{"embeddable":true,"href":"https:\/\/site.educa.madrid.org\/ies.becquer.algete\/index.php\/wp-json\/wp\/v2\/users\/5"}],"replies":[{"embeddable":true,"href":"https:\/\/site.educa.madrid.org\/ies.becquer.algete\/index.php\/wp-json\/wp\/v2\/comments?post=535"}],"version-history":[{"count":8,"href":"https:\/\/site.educa.madrid.org\/ies.becquer.algete\/index.php\/wp-json\/wp\/v2\/pages\/535\/revisions"}],"predecessor-version":[{"id":2555,"href":"https:\/\/site.educa.madrid.org\/ies.becquer.algete\/index.php\/wp-json\/wp\/v2\/pages\/535\/revisions\/2555"}],"up":[{"embeddable":true,"href":"https:\/\/site.educa.madrid.org\/ies.becquer.algete\/index.php\/wp-json\/wp\/v2\/pages\/681"}],"wp:attachment":[{"href":"https:\/\/site.educa.madrid.org\/ies.becquer.algete\/index.php\/wp-json\/wp\/v2\/media?parent=535"}],"wp:term":[{"taxonomy":"folder","embeddable":true,"href":"https:\/\/site.educa.madrid.org\/ies.becquer.algete\/index.php\/wp-json\/wp\/v2\/folder?post=535"}],"curies":[{"name":"wp","href":"https:\/\/api.w.org\/{rel}","templated":true}]}}