{"id":537,"date":"2022-06-29T10:28:37","date_gmt":"2022-06-29T08:28:37","guid":{"rendered":"https:\/\/site.educa.madrid.org\/ies.becquer.algete\/?page_id=537"},"modified":"2024-05-26T20:20:11","modified_gmt":"2024-05-26T18:20:11","slug":"orientacion","status":"publish","type":"page","link":"https:\/\/site.educa.madrid.org\/ies.becquer.algete\/index.php\/inicio\/ensenanzas\/departamentos\/orientacion\/","title":{"rendered":"Orientaci\u00f3n"},"content":{"rendered":"<div class=\"wp-block-image\">\n<figure class=\"aligncenter size-large is-resized\"><img loading=\"lazy\" decoding=\"async\" src=\"https:\/\/site.educa.madrid.org\/ies.becquer.algete\/\/wp-content\/uploads\/ies.becquer.algete\/2023\/03\/orientacion-1024x682.jpg\" alt=\"\" class=\"wp-image-1254\" width=\"525\" height=\"349\" srcset=\"https:\/\/site.educa.madrid.org\/ies.becquer.algete\/\/wp-content\/uploads\/ies.becquer.algete\/2023\/03\/orientacion-1024x682.jpg 1024w, https:\/\/site.educa.madrid.org\/ies.becquer.algete\/\/wp-content\/uploads\/ies.becquer.algete\/2023\/03\/orientacion-300x200.jpg 300w, https:\/\/site.educa.madrid.org\/ies.becquer.algete\/\/wp-content\/uploads\/ies.becquer.algete\/2023\/03\/orientacion-768x512.jpg 768w, https:\/\/site.educa.madrid.org\/ies.becquer.algete\/\/wp-content\/uploads\/ies.becquer.algete\/2023\/03\/orientacion-391x260.jpg 391w, https:\/\/site.educa.madrid.org\/ies.becquer.algete\/\/wp-content\/uploads\/ies.becquer.algete\/2023\/03\/orientacion-272x182.jpg 272w, https:\/\/site.educa.madrid.org\/ies.becquer.algete\/\/wp-content\/uploads\/ies.becquer.algete\/2023\/03\/orientacion.jpg 1280w\" sizes=\"auto, (max-width: 525px) 100vw, 525px\" \/><\/figure>\n<\/div>\n\n<p>En el Departamento de Orientaci\u00f3n intentamos <strong>coordinar la ayuda para los alumnos y alumnas del instituto<\/strong> que por diferentes razones tienen algunos problemas, dificultades o dudas con sus estudios.<\/p>\n<p>Esta ayuda se realiza a trav\u00e9s de planes de actuaci\u00f3n con los tutores (Plan de Acci\u00f3n Tutorial &#8211; PAT, Plan de Atenci\u00f3n a la Diversidad &#8211; PAD, Plan de Orientaci\u00f3n Acad\u00e9mica y Profesional &#8211; POAP), con todos los profesores (juntas de evaluaci\u00f3n), con las familias y con los alumnos (programas de Integraci\u00f3n, Compensatoria y PMAR).<\/p>\n<p>El trabajo del Departamento tiene como <strong>objetivos<\/strong>:<\/p>\n<ul>\n<li><strong>Colaborar con los Departamentos did\u00e1cticos <\/strong>facilitando estrategias de valoraci\u00f3n de las necesidades educativas y asesorando en la elaboraci\u00f3n de adaptaciones curriculares.<\/li>\n<li><strong>Promover la cooperaci\u00f3n entre la familia y el centro<\/strong>, asesorando y colaborando con el equipo directivo y los equipos docentes.<\/li>\n<li>Colaborar en la <strong>identificaci\u00f3n de las barreras de aprendizaje y en valoraci\u00f3n de las necesidades educativas especiales<\/strong>. La <em>evaluaci\u00f3n psicopedag\u00f3gica<\/em>, como proceso de recogida, an\u00e1lisis y valoraci\u00f3n de informaci\u00f3n relevante referida al alumno y a su contexto familiar y escolar, permite adoptar decisiones respecto a la mejor opci\u00f3n de escolarizaci\u00f3n. A tal fin, el Departamento de Orientaci\u00f3n se sirve de procedimientos, t\u00e9cnicas e instrumentos de observaci\u00f3n y evaluaci\u00f3n que les permita conocer al alumno y a la interacci\u00f3n que establece con su entorno escolar y familiar.<\/li>\n<li><strong>Apoyar a los equipos docentes<\/strong> en el desarrollo del Plan de Acci\u00f3n Tutorial del centro.<\/li>\n<\/ul>\n<p><strong>Forman parte del Departamento los siguientes especialistas:<\/strong><\/p>\n\n\n<ul class=\"wp-block-list\">\n<li>Orientadora (Jefa del Departamento)<\/li>\n\n\n\n<li>Orientador en Formaci\u00f3n y Orientaci\u00f3n Laboral<\/li>\n\n\n\n<li>Profesor T\u00e9cnico de Servicio a la Comunidad (PTSC)<\/li>\n\n\n\n<li>Especialista en Pedagog\u00eda Terap\u00e9utica (PT)<\/li>\n\n\n\n<li>Especialista en Audici\u00f3n y Lenguaje (AL)<\/li>\n\n\n\n<li>Enfermera<\/li>\n\n\n\n<li>Profesores de \u00c1mbitos<\/li>\n<\/ul>\n\n\n\n<p><strong>Criterios de calificaci\u00f3n de las materias<\/strong><\/p>\n\n\n\n<ul class=\"wp-block-list\">\n<li><a href=\"https:\/\/site.educa.madrid.org\/ies.becquer.algete\/\/wp-content\/uploads\/ies.becquer.algete\/2023\/12\/FOL-GM-23-24.pdf\" target=\"_blank\" rel=\"noreferrer noopener\">Criterios de evaluaci\u00f3n FOL GM<\/a><\/li>\n\n\n\n<li><a href=\"https:\/\/site.educa.madrid.org\/ies.becquer.algete\/\/wp-content\/uploads\/ies.becquer.algete\/2023\/12\/FOL-GS-23-24.pdf\" target=\"_blank\" rel=\"noreferrer noopener\">Criterios de evaluaci\u00f3n FOL GS<\/a><\/li>\n<\/ul>\n","protected":false},"excerpt":{"rendered":"<p>En el Departamento de Orientaci\u00f3n intentamos coordinar la ayuda para los alumnos y alumnas del instituto que por diferentes razones tienen algunos problemas, dificultades o dudas con sus estudios. Esta ayuda se realiza a trav\u00e9s de planes de actuaci\u00f3n con los tutores (Plan de Acci\u00f3n Tutorial &#8211; PAT, Plan de Atenci\u00f3n a la Diversidad &#8211; &hellip; <\/p>\n<p class=\"link-more\"><a href=\"https:\/\/site.educa.madrid.org\/ies.becquer.algete\/index.php\/inicio\/ensenanzas\/departamentos\/orientacion\/\" class=\"more-link\">Continuar leyendo<span class=\"screen-reader-text\"> \u00abOrientaci\u00f3n\u00bb<\/span><\/a><\/p>\n","protected":false},"author":5,"featured_media":0,"parent":681,"menu_order":13,"comment_status":"closed","ping_status":"closed","template":"page-with-siblings-submenu.php","meta":{"footnotes":""},"folder":[],"class_list":["post-537","page","type-page","status-publish","hentry"],"rttpg_featured_image_url":null,"rttpg_author":{"display_name":"Cuenta Admin-educamadrid","author_link":"https:\/\/site.educa.madrid.org\/ies.becquer.algete\/index.php\/author\/cuenta_admin-educamadrid\/"},"rttpg_comment":0,"rttpg_category":false,"rttpg_excerpt":"En el Departamento de Orientaci\u00f3n intentamos coordinar la ayuda para los alumnos y alumnas del instituto que por diferentes razones tienen algunos problemas, dificultades o dudas con sus estudios. Esta ayuda se realiza a trav\u00e9s de planes de actuaci\u00f3n con los tutores (Plan de Acci\u00f3n Tutorial &#8211; PAT, Plan de Atenci\u00f3n a la Diversidad &#8211;&hellip;","post_mailing_queue_ids":[],"_links":{"self":[{"href":"https:\/\/site.educa.madrid.org\/ies.becquer.algete\/index.php\/wp-json\/wp\/v2\/pages\/537","targetHints":{"allow":["GET"]}}],"collection":[{"href":"https:\/\/site.educa.madrid.org\/ies.becquer.algete\/index.php\/wp-json\/wp\/v2\/pages"}],"about":[{"href":"https:\/\/site.educa.madrid.org\/ies.becquer.algete\/index.php\/wp-json\/wp\/v2\/types\/page"}],"author":[{"embeddable":true,"href":"https:\/\/site.educa.madrid.org\/ies.becquer.algete\/index.php\/wp-json\/wp\/v2\/users\/5"}],"replies":[{"embeddable":true,"href":"https:\/\/site.educa.madrid.org\/ies.becquer.algete\/index.php\/wp-json\/wp\/v2\/comments?post=537"}],"version-history":[{"count":7,"href":"https:\/\/site.educa.madrid.org\/ies.becquer.algete\/index.php\/wp-json\/wp\/v2\/pages\/537\/revisions"}],"predecessor-version":[{"id":1719,"href":"https:\/\/site.educa.madrid.org\/ies.becquer.algete\/index.php\/wp-json\/wp\/v2\/pages\/537\/revisions\/1719"}],"up":[{"embeddable":true,"href":"https:\/\/site.educa.madrid.org\/ies.becquer.algete\/index.php\/wp-json\/wp\/v2\/pages\/681"}],"wp:attachment":[{"href":"https:\/\/site.educa.madrid.org\/ies.becquer.algete\/index.php\/wp-json\/wp\/v2\/media?parent=537"}],"wp:term":[{"taxonomy":"folder","embeddable":true,"href":"https:\/\/site.educa.madrid.org\/ies.becquer.algete\/index.php\/wp-json\/wp\/v2\/folder?post=537"}],"curies":[{"name":"wp","href":"https:\/\/api.w.org\/{rel}","templated":true}]}}