{"id":562,"date":"2022-06-29T11:07:41","date_gmt":"2022-06-29T09:07:41","guid":{"rendered":"https:\/\/site.educa.madrid.org\/ies.becquer.algete\/?page_id=562"},"modified":"2026-04-20T20:48:38","modified_gmt":"2026-04-20T18:48:38","slug":"formacion-profesional","status":"publish","type":"page","link":"https:\/\/site.educa.madrid.org\/ies.becquer.algete\/index.php\/inicio\/ensenanzas\/formacion-profesional\/","title":{"rendered":"Formaci\u00f3n Profesional"},"content":{"rendered":"\n<p>La Formaci\u00f3n Profesional es un<strong> itinerario formativo<\/strong> en el que se capacita para trabajar en una <strong>actividad profesional<\/strong> de forma cualificada y que incluye un per\u00edodo de pr\u00e1cticas en un entorno de trabajo real.<\/p>\n\n\n\n<p>En nuestro centro se imparten dos niveles educativos:<\/p>\n\n\n\n<ul class=\"wp-block-list\">\n<li><a rel=\"noreferrer noopener\" href=\"https:\/\/www.comunidad.madrid\/servicios\/educacion\/ensenanzas-formacion-profesional#fp-basica\" target=\"_blank\">Ciclos formativos de grado b\u00e1sico<\/a><\/li>\n\n\n\n<li><a rel=\"noreferrer noopener\" href=\"https:\/\/www.comunidad.madrid\/servicios\/educacion\/ensenanzas-formacion-profesional#grado-medio\" target=\"_blank\">Ciclos formativos de grado medio<\/a><\/li>\n\n\n\n<li><em><a href=\"https:\/\/www.comunidad.madrid\/servicios\/educacion\/ensenanzas-formacion-profesional#grado-superior\" target=\"_blank\" rel=\"noreferrer noopener\">Ciclos formativos de grado superior<\/a><\/em><\/li>\n<\/ul>\n\n\n\n<p>Cada ciclo formativo se distribuye en <strong>dos cursos<\/strong><strong>.<\/strong> Al final se completa la formaci\u00f3n con el m\u00f3dulo de Formaci\u00f3n en Centro de Trabajo.<\/p>\n\n\n\n<h2 class=\"wp-block-heading\">Ense\u00f1anzas de Formaci\u00f3n Profesional<\/h2>\n\n\n\n<p>En nuestro centro se pueden estudiar los siguientes ciclos formativos:<\/p>\n\n\n\n<div class=\"wp-block-columns is-layout-flex wp-container-core-columns-is-layout-9d6595d7 wp-block-columns-is-layout-flex\">\n<div class=\"wp-block-column is-layout-flow wp-block-column-is-layout-flow\">\n<figure class=\"wp-block-gallery has-nested-images columns-default is-cropped wp-block-gallery-1 is-layout-flex wp-block-gallery-is-layout-flex\">\n<figure class=\"wp-block-image size-full\"><a href=\"https:\/\/site.educa.madrid.org\/ies.becquer.algete\/\/wp-content\/uploads\/ies.becquer.algete\/2024\/02\/ficha_argb01-_artes_graficas_mod_0.pdf\" target=\"_blank\" rel=\"noreferrer noopener\"><img loading=\"lazy\" decoding=\"async\" width=\"640\" height=\"427\" data-id=\"1953\" src=\"https:\/\/site.educa.madrid.org\/ies.becquer.algete\/\/wp-content\/uploads\/ies.becquer.algete\/2024\/02\/printing-house-3733104_640-1.jpg\" alt=\"\" class=\"wp-image-1953\" srcset=\"https:\/\/site.educa.madrid.org\/ies.becquer.algete\/\/wp-content\/uploads\/ies.becquer.algete\/2024\/02\/printing-house-3733104_640-1.jpg 640w, https:\/\/site.educa.madrid.org\/ies.becquer.algete\/\/wp-content\/uploads\/ies.becquer.algete\/2024\/02\/printing-house-3733104_640-1-300x200.jpg 300w, https:\/\/site.educa.madrid.org\/ies.becquer.algete\/\/wp-content\/uploads\/ies.becquer.algete\/2024\/02\/printing-house-3733104_640-1-391x260.jpg 391w, https:\/\/site.educa.madrid.org\/ies.becquer.algete\/\/wp-content\/uploads\/ies.becquer.algete\/2024\/02\/printing-house-3733104_640-1-272x182.jpg 272w\" sizes=\"auto, (max-width: 640px) 100vw, 640px\" \/><\/a><figcaption class=\"wp-element-caption\">Ciclo de FP B\u00e1sica en Artes Gr\u00e1ficas<\/figcaption><\/figure>\n<\/figure>\n<\/div>\n\n\n\n<div class=\"wp-block-column is-layout-flow wp-block-column-is-layout-flow\">\n<figure class=\"wp-block-gallery has-nested-images columns-default is-cropped wp-block-gallery-2 is-layout-flex wp-block-gallery-is-layout-flex\">\n<figure class=\"wp-block-image size-full\"><a href=\"https:\/\/site.educa.madrid.org\/ies.becquer.algete\/\/wp-content\/uploads\/ies.becquer.algete\/2024\/02\/ficha_argm01_-_t_preimpresion_digital.pdf\" target=\"_blank\" rel=\"noreferrer noopener\"><img loading=\"lazy\" decoding=\"async\" width=\"640\" height=\"427\" data-id=\"634\" src=\"https:\/\/site.educa.madrid.org\/ies.becquer.algete\/\/wp-content\/uploads\/ies.becquer.algete\/2022\/07\/thisisengineering-raeng-uyfohHiTxho-unsplash.jpg\" alt=\"Un ordenador con dos pantallas sobre una mesa y unas manos escribiendo en el teclado\" class=\"wp-image-634\" srcset=\"https:\/\/site.educa.madrid.org\/ies.becquer.algete\/\/wp-content\/uploads\/ies.becquer.algete\/2022\/07\/thisisengineering-raeng-uyfohHiTxho-unsplash.jpg 640w, https:\/\/site.educa.madrid.org\/ies.becquer.algete\/\/wp-content\/uploads\/ies.becquer.algete\/2022\/07\/thisisengineering-raeng-uyfohHiTxho-unsplash-300x200.jpg 300w, https:\/\/site.educa.madrid.org\/ies.becquer.algete\/\/wp-content\/uploads\/ies.becquer.algete\/2022\/07\/thisisengineering-raeng-uyfohHiTxho-unsplash-391x260.jpg 391w, https:\/\/site.educa.madrid.org\/ies.becquer.algete\/\/wp-content\/uploads\/ies.becquer.algete\/2022\/07\/thisisengineering-raeng-uyfohHiTxho-unsplash-272x182.jpg 272w\" sizes=\"auto, (max-width: 640px) 100vw, 640px\" \/><\/a><figcaption class=\"wp-element-caption\">Ciclo formativo de Grado Medio en Preimpresi\u00f3n Digital<\/figcaption><\/figure>\n<\/figure>\n<\/div>\n<\/div>\n\n\n\n<div class=\"wp-block-columns is-layout-flex wp-container-core-columns-is-layout-9d6595d7 wp-block-columns-is-layout-flex\">\n<div class=\"wp-block-column is-layout-flow wp-block-column-is-layout-flow\">\n<figure class=\"wp-block-gallery has-nested-images columns-default is-cropped wp-block-gallery-3 is-layout-flex wp-block-gallery-is-layout-flex\">\n<figure class=\"wp-block-image size-full\"><a href=\"https:\/\/site.educa.madrid.org\/ies.becquer.algete\/\/wp-content\/uploads\/ies.becquer.algete\/2024\/02\/ficha_args01-_ts_diseno_y_edicion_de_publicaciones_impresas_y_multimedia_.pdf\" target=\"_blank\" rel=\"noreferrer noopener\"><img loading=\"lazy\" decoding=\"async\" width=\"640\" height=\"427\" data-id=\"546\" src=\"https:\/\/site.educa.madrid.org\/ies.becquer.algete\/\/wp-content\/uploads\/ies.becquer.algete\/2022\/06\/scott-graham-5fNmWej4tAA-unsplash.jpg\" alt=\"Trabajo con ordenadores\" class=\"wp-image-546\" srcset=\"https:\/\/site.educa.madrid.org\/ies.becquer.algete\/\/wp-content\/uploads\/ies.becquer.algete\/2022\/06\/scott-graham-5fNmWej4tAA-unsplash.jpg 640w, https:\/\/site.educa.madrid.org\/ies.becquer.algete\/\/wp-content\/uploads\/ies.becquer.algete\/2022\/06\/scott-graham-5fNmWej4tAA-unsplash-300x200.jpg 300w, https:\/\/site.educa.madrid.org\/ies.becquer.algete\/\/wp-content\/uploads\/ies.becquer.algete\/2022\/06\/scott-graham-5fNmWej4tAA-unsplash-391x260.jpg 391w, https:\/\/site.educa.madrid.org\/ies.becquer.algete\/\/wp-content\/uploads\/ies.becquer.algete\/2022\/06\/scott-graham-5fNmWej4tAA-unsplash-272x182.jpg 272w\" sizes=\"auto, (max-width: 640px) 100vw, 640px\" \/><\/a><figcaption class=\"wp-element-caption\">Ciclo T\u00e9cnico Superior en Dise\u00f1o y Edici\u00f3n de Publicaciones Impresas y Multimedia <\/figcaption><\/figure>\n<\/figure>\n<\/div>\n\n\n\n<div class=\"wp-block-column is-layout-flow wp-block-column-is-layout-flow\">\n<figure class=\"wp-block-gallery has-nested-images columns-default is-cropped wp-block-gallery-4 is-layout-flex wp-block-gallery-is-layout-flex\">\n<figure class=\"wp-block-image size-full\"><a href=\"https:\/\/site.educa.madrid.org\/ies.becquer.algete\/\/wp-content\/uploads\/ies.becquer.algete\/2024\/02\/ficha_TSEAS.pdf\" target=\"_blank\" rel=\"noreferrer noopener\"><img loading=\"lazy\" decoding=\"async\" width=\"640\" height=\"427\" data-id=\"1954\" src=\"https:\/\/site.educa.madrid.org\/ies.becquer.algete\/\/wp-content\/uploads\/ies.becquer.algete\/2024\/02\/coach-2788394_640-1.jpg\" alt=\"\" class=\"wp-image-1954\" srcset=\"https:\/\/site.educa.madrid.org\/ies.becquer.algete\/\/wp-content\/uploads\/ies.becquer.algete\/2024\/02\/coach-2788394_640-1.jpg 640w, https:\/\/site.educa.madrid.org\/ies.becquer.algete\/\/wp-content\/uploads\/ies.becquer.algete\/2024\/02\/coach-2788394_640-1-300x200.jpg 300w, https:\/\/site.educa.madrid.org\/ies.becquer.algete\/\/wp-content\/uploads\/ies.becquer.algete\/2024\/02\/coach-2788394_640-1-391x260.jpg 391w, https:\/\/site.educa.madrid.org\/ies.becquer.algete\/\/wp-content\/uploads\/ies.becquer.algete\/2024\/02\/coach-2788394_640-1-272x182.jpg 272w\" sizes=\"auto, (max-width: 640px) 100vw, 640px\" \/><\/a><figcaption class=\"wp-element-caption\">Ciclo formativo de T\u00e9cnico Superior en Ense\u00f1anza y Animaci\u00f3n Sociodeportiva<\/figcaption><\/figure>\n<\/figure>\n<\/div>\n<\/div>\n\n\n\n<ul class=\"wp-block-list\">\n<li><a href=\"https:\/\/site.educa.madrid.org\/ies.becquer.algete\/\/wp-content\/uploads\/ies.becquer.algete\/2026\/04\/1GBAG.pdf\" target=\"_blank\" rel=\"noreferrer noopener\">1.\u00ba FP B\u00e1sica en Artes Gr\u00e1ficas<\/a><\/li>\n\n\n\n<li><a href=\"https:\/\/site.educa.madrid.org\/ies.becquer.algete\/\/wp-content\/uploads\/ies.becquer.algete\/2026\/04\/2GBAG.pdf\" target=\"_blank\" rel=\"noreferrer noopener\">2.\u00ba FP B\u00e1sica en Artes Gr\u00e1ficas<\/a><\/li>\n\n\n\n<li><a href=\"https:\/\/site.educa.madrid.org\/ies.becquer.algete\/\/wp-content\/uploads\/ies.becquer.algete\/2026\/04\/1GMAG.pdf\" target=\"_blank\" rel=\"noreferrer noopener\">1.\u00ba FP Grado Medio en Preimpresi\u00f3n Digital<\/a><\/li>\n\n\n\n<li><a href=\"https:\/\/site.educa.madrid.org\/ies.becquer.algete\/\/wp-content\/uploads\/ies.becquer.algete\/2026\/04\/2GMAG.pdf\" target=\"_blank\" rel=\"noreferrer noopener\">2.\u00ba FP Grado Medio en Preimpresi\u00f3n Digital<\/a><\/li>\n\n\n\n<li><a href=\"https:\/\/site.educa.madrid.org\/ies.becquer.algete\/\/wp-content\/uploads\/ies.becquer.algete\/2026\/04\/1GSAG.pdf\" target=\"_blank\" rel=\"noreferrer noopener\">1.\u00ba FP Grado Superior en Dise\u00f1o y Edici\u00f3n de Publicaciones Impresas y Multimedia<\/a><\/li>\n\n\n\n<li><a href=\"https:\/\/site.educa.madrid.org\/ies.becquer.algete\/\/wp-content\/uploads\/ies.becquer.algete\/2026\/04\/2GSAG.pdf\" target=\"_blank\" rel=\"noreferrer noopener\">2.\u00ba FP Grado Superior en Dise\u00f1o y Edici\u00f3n de Publicaciones Impresas y Multimedia<\/a><\/li>\n\n\n\n<li><a href=\"https:\/\/site.educa.madrid.org\/ies.becquer.algete\/\/wp- content\/uploads\/ies.becquer.algete\/2026\/04\/1TSEAS.pdf\" target=\"_blank\" rel=\"noreferrer noopener\">1.\u00ba FP Grado Superior en Ense\u00f1anza y Animaci\u00f3n Sociodeportiva<\/a><\/li>\n\n\n\n<li><a href=\"https:\/\/site.educa.madrid.org\/ies.becquer.algete\/\/wp-content\/uploads\/ies.becquer.algete\/2026\/04\/2TSEAS.pdf\" target=\"_blank\" rel=\"noreferrer noopener\">2.\u00ba FP Grado Superior en Ense\u00f1anza y Animaci\u00f3n Sociodeportiva<\/a><\/li>\n<\/ul>\n","protected":false},"excerpt":{"rendered":"<p>La Formaci\u00f3n Profesional es un itinerario formativo en el que se capacita para trabajar en una actividad profesional de forma cualificada y que incluye un per\u00edodo de pr\u00e1cticas en un entorno de trabajo real. En nuestro centro se imparten dos niveles educativos: Cada ciclo formativo se distribuye en dos cursos. Al final se completa la &hellip; <\/p>\n<p class=\"link-more\"><a href=\"https:\/\/site.educa.madrid.org\/ies.becquer.algete\/index.php\/inicio\/ensenanzas\/formacion-profesional\/\" class=\"more-link\">Continuar leyendo<span class=\"screen-reader-text\"> \u00abFormaci\u00f3n Profesional\u00bb<\/span><\/a><\/p>\n","protected":false},"author":5,"featured_media":0,"parent":125,"menu_order":3,"comment_status":"closed","ping_status":"closed","template":"page-with-siblings-submenu.php","meta":{"footnotes":""},"folder":[],"class_list":["post-562","page","type-page","status-publish","hentry"],"rttpg_featured_image_url":null,"rttpg_author":{"display_name":"Cuenta Admin-educamadrid","author_link":"https:\/\/site.educa.madrid.org\/ies.becquer.algete\/index.php\/author\/cuenta_admin-educamadrid\/"},"rttpg_comment":0,"rttpg_category":false,"rttpg_excerpt":"La Formaci\u00f3n Profesional es un itinerario formativo en el que se capacita para trabajar en una actividad profesional de forma cualificada y que incluye un per\u00edodo de pr\u00e1cticas en un entorno de trabajo real. En nuestro centro se imparten dos niveles educativos: Cada ciclo formativo se distribuye en dos cursos. Al final se completa la&hellip;","post_mailing_queue_ids":[],"_links":{"self":[{"href":"https:\/\/site.educa.madrid.org\/ies.becquer.algete\/index.php\/wp-json\/wp\/v2\/pages\/562","targetHints":{"allow":["GET"]}}],"collection":[{"href":"https:\/\/site.educa.madrid.org\/ies.becquer.algete\/index.php\/wp-json\/wp\/v2\/pages"}],"about":[{"href":"https:\/\/site.educa.madrid.org\/ies.becquer.algete\/index.php\/wp-json\/wp\/v2\/types\/page"}],"author":[{"embeddable":true,"href":"https:\/\/site.educa.madrid.org\/ies.becquer.algete\/index.php\/wp-json\/wp\/v2\/users\/5"}],"replies":[{"embeddable":true,"href":"https:\/\/site.educa.madrid.org\/ies.becquer.algete\/index.php\/wp-json\/wp\/v2\/comments?post=562"}],"version-history":[{"count":17,"href":"https:\/\/site.educa.madrid.org\/ies.becquer.algete\/index.php\/wp-json\/wp\/v2\/pages\/562\/revisions"}],"predecessor-version":[{"id":2699,"href":"https:\/\/site.educa.madrid.org\/ies.becquer.algete\/index.php\/wp-json\/wp\/v2\/pages\/562\/revisions\/2699"}],"up":[{"embeddable":true,"href":"https:\/\/site.educa.madrid.org\/ies.becquer.algete\/index.php\/wp-json\/wp\/v2\/pages\/125"}],"wp:attachment":[{"href":"https:\/\/site.educa.madrid.org\/ies.becquer.algete\/index.php\/wp-json\/wp\/v2\/media?parent=562"}],"wp:term":[{"taxonomy":"folder","embeddable":true,"href":"https:\/\/site.educa.madrid.org\/ies.becquer.algete\/index.php\/wp-json\/wp\/v2\/folder?post=562"}],"curies":[{"name":"wp","href":"https:\/\/api.w.org\/{rel}","templated":true}]}}