{"id":659,"date":"2023-02-08T20:49:02","date_gmt":"2023-02-08T19:49:02","guid":{"rendered":"https:\/\/site.educa.madrid.org\/ies.becquer.algete\/?page_id=659"},"modified":"2023-03-02T21:10:52","modified_gmt":"2023-03-02T20:10:52","slug":"historia","status":"publish","type":"page","link":"https:\/\/site.educa.madrid.org\/ies.becquer.algete\/index.php\/inicio\/nuestro-centro\/historia\/","title":{"rendered":"Historia"},"content":{"rendered":"\n<div class=\"wp-block-image\"><figure class=\"aligncenter size-large is-resized\"><img loading=\"lazy\" decoding=\"async\" src=\"https:\/\/site.educa.madrid.org\/ies.becquer.algete\/\/wp-content\/uploads\/ies.becquer.algete\/2023\/03\/historia-1024x682.jpg\" alt=\"\" class=\"wp-image-1117\" width=\"572\" height=\"380\" srcset=\"https:\/\/site.educa.madrid.org\/ies.becquer.algete\/\/wp-content\/uploads\/ies.becquer.algete\/2023\/03\/historia-1024x682.jpg 1024w, https:\/\/site.educa.madrid.org\/ies.becquer.algete\/\/wp-content\/uploads\/ies.becquer.algete\/2023\/03\/historia-300x200.jpg 300w, https:\/\/site.educa.madrid.org\/ies.becquer.algete\/\/wp-content\/uploads\/ies.becquer.algete\/2023\/03\/historia-768x512.jpg 768w, https:\/\/site.educa.madrid.org\/ies.becquer.algete\/\/wp-content\/uploads\/ies.becquer.algete\/2023\/03\/historia-391x260.jpg 391w, https:\/\/site.educa.madrid.org\/ies.becquer.algete\/\/wp-content\/uploads\/ies.becquer.algete\/2023\/03\/historia-272x182.jpg 272w, https:\/\/site.educa.madrid.org\/ies.becquer.algete\/\/wp-content\/uploads\/ies.becquer.algete\/2023\/03\/historia.jpg 1280w\" sizes=\"auto, (max-width: 572px) 100vw, 572px\" \/><\/figure><\/div>\n\n\n\n<p><strong>El IES Gustavo Adolfo B\u00e9cquer inici\u00f3 su andadura en el a\u00f1o 1988<\/strong>. El curso se inici\u00f3 en las dependencias del colegio Padre Jer\u00f3nimo, con 112 matriculados en 1\u00ba de BUP y 33 en 2\u00ba de BUP, un total de <strong>145 alumnos<\/strong>.<\/p>\n\n\n\n<p>Al a\u00f1o siguiente <strong>estrenamos el actual edificio<\/strong>. Las clases de secundaria dieron comienzo el <strong>29 de septiembre de 1989<\/strong>, con 5 grupos de 1\u00ba de BUP, 3 de 2\u00ba BUP, 1 de 3\u00ba BUP y 1 COU, adem\u00e1s de 9 alumnos libres que sumaban un total de 368 alumnos. <\/p>\n\n\n\n<p><strong>La primera promoci\u00f3n se gradu\u00f3 en 1992. <\/strong>Todos los alumnos que estudiaron en el centro y se presentaron a las pruebas de Selectividad las superaron con \u00e9xito, tanto en la convocatoria de junio como en la de septiembre. <\/p>\n\n\n\n<p>Al a\u00f1o siguiente, curso <strong>1992\/93<\/strong> se organizaron los <strong>primeros intercambios escolares con Francia e Inglaterra.<\/strong><\/p>\n\n\n\n<p>En el <strong>a\u00f1o 1997<\/strong>, nuestro centro se incorpor\u00f3 a la<strong> RED DE ESCUELAS ASOCIADAS A LA UNESCO<\/strong>, tambi\u00e9n llamadas Escuelas por la Paz.<\/p>\n\n\n\n<p>En <strong>2005<\/strong> se iniciaron las obras del <strong>nuevo edificio<\/strong> en parte de las pistas del patio que se remodel\u00f3 y se ampli\u00f3 con una franja de terreno del polideportivo municipal y se acondicion\u00f3 otra parte que quedaba libre.<\/p>\n\n\n\n<p>En el curso <strong>2009\/10 <\/strong>se empez\u00f3 a impartir el<strong> programa PCPI de Artes Gr\u00e1ficas<\/strong>.<\/p>\n\n\n\n<p>En el curso <strong>2022\/23 <\/strong>se ha puesto en marcha el<strong> Ciclo de Grado Medio en Preimpresi\u00f3n Digital.<\/strong><\/p>\n","protected":false},"excerpt":{"rendered":"<p>El IES Gustavo Adolfo B\u00e9cquer inici\u00f3 su andadura en el a\u00f1o 1988. El curso se inici\u00f3 en las dependencias del colegio Padre Jer\u00f3nimo, con 112 matriculados en 1\u00ba de BUP y 33 en 2\u00ba de BUP, un total de 145 alumnos. Al a\u00f1o siguiente estrenamos el actual edificio. Las clases de secundaria dieron comienzo el &hellip; <\/p>\n<p class=\"link-more\"><a href=\"https:\/\/site.educa.madrid.org\/ies.becquer.algete\/index.php\/inicio\/nuestro-centro\/historia\/\" class=\"more-link\">Continuar leyendo<span class=\"screen-reader-text\"> \u00abHistoria\u00bb<\/span><\/a><\/p>\n","protected":false},"author":3,"featured_media":0,"parent":664,"menu_order":3,"comment_status":"closed","ping_status":"closed","template":"page-with-siblings-submenu.php","meta":{"footnotes":""},"folder":[],"class_list":["post-659","page","type-page","status-publish","hentry"],"rttpg_featured_image_url":null,"rttpg_author":{"display_name":"ies.becquer.algete","author_link":"https:\/\/site.educa.madrid.org\/ies.becquer.algete\/index.php\/author\/cuenta_ies-becquer-algete\/"},"rttpg_comment":0,"rttpg_category":false,"rttpg_excerpt":"El IES Gustavo Adolfo B\u00e9cquer inici\u00f3 su andadura en el a\u00f1o 1988. El curso se inici\u00f3 en las dependencias del colegio Padre Jer\u00f3nimo, con 112 matriculados en 1\u00ba de BUP y 33 en 2\u00ba de BUP, un total de 145 alumnos. Al a\u00f1o siguiente estrenamos el actual edificio. Las clases de secundaria dieron comienzo el&hellip;","post_mailing_queue_ids":[],"_links":{"self":[{"href":"https:\/\/site.educa.madrid.org\/ies.becquer.algete\/index.php\/wp-json\/wp\/v2\/pages\/659","targetHints":{"allow":["GET"]}}],"collection":[{"href":"https:\/\/site.educa.madrid.org\/ies.becquer.algete\/index.php\/wp-json\/wp\/v2\/pages"}],"about":[{"href":"https:\/\/site.educa.madrid.org\/ies.becquer.algete\/index.php\/wp-json\/wp\/v2\/types\/page"}],"author":[{"embeddable":true,"href":"https:\/\/site.educa.madrid.org\/ies.becquer.algete\/index.php\/wp-json\/wp\/v2\/users\/3"}],"replies":[{"embeddable":true,"href":"https:\/\/site.educa.madrid.org\/ies.becquer.algete\/index.php\/wp-json\/wp\/v2\/comments?post=659"}],"version-history":[{"count":4,"href":"https:\/\/site.educa.madrid.org\/ies.becquer.algete\/index.php\/wp-json\/wp\/v2\/pages\/659\/revisions"}],"predecessor-version":[{"id":1173,"href":"https:\/\/site.educa.madrid.org\/ies.becquer.algete\/index.php\/wp-json\/wp\/v2\/pages\/659\/revisions\/1173"}],"up":[{"embeddable":true,"href":"https:\/\/site.educa.madrid.org\/ies.becquer.algete\/index.php\/wp-json\/wp\/v2\/pages\/664"}],"wp:attachment":[{"href":"https:\/\/site.educa.madrid.org\/ies.becquer.algete\/index.php\/wp-json\/wp\/v2\/media?parent=659"}],"wp:term":[{"taxonomy":"folder","embeddable":true,"href":"https:\/\/site.educa.madrid.org\/ies.becquer.algete\/index.php\/wp-json\/wp\/v2\/folder?post=659"}],"curies":[{"name":"wp","href":"https:\/\/api.w.org\/{rel}","templated":true}]}}