{"id":664,"date":"2023-02-08T21:00:27","date_gmt":"2023-02-08T20:00:27","guid":{"rendered":"https:\/\/site.educa.madrid.org\/ies.becquer.algete\/?page_id=664"},"modified":"2023-03-04T13:31:44","modified_gmt":"2023-03-04T12:31:44","slug":"nuestro-centro","status":"publish","type":"page","link":"https:\/\/site.educa.madrid.org\/ies.becquer.algete\/index.php\/inicio\/nuestro-centro\/","title":{"rendered":"Nuestro centro"},"content":{"rendered":"\n<div class=\"wp-block-image\"><figure class=\"aligncenter size-large is-resized\"><img loading=\"lazy\" decoding=\"async\" src=\"https:\/\/site.educa.madrid.org\/ies.becquer.algete\/\/wp-content\/uploads\/ies.becquer.algete\/2023\/03\/nuestro-centro-1024x682.jpg\" alt=\"\" class=\"wp-image-1111\" width=\"612\" height=\"407\" srcset=\"https:\/\/site.educa.madrid.org\/ies.becquer.algete\/\/wp-content\/uploads\/ies.becquer.algete\/2023\/03\/nuestro-centro-1024x682.jpg 1024w, https:\/\/site.educa.madrid.org\/ies.becquer.algete\/\/wp-content\/uploads\/ies.becquer.algete\/2023\/03\/nuestro-centro-300x200.jpg 300w, https:\/\/site.educa.madrid.org\/ies.becquer.algete\/\/wp-content\/uploads\/ies.becquer.algete\/2023\/03\/nuestro-centro-768x512.jpg 768w, https:\/\/site.educa.madrid.org\/ies.becquer.algete\/\/wp-content\/uploads\/ies.becquer.algete\/2023\/03\/nuestro-centro-391x260.jpg 391w, https:\/\/site.educa.madrid.org\/ies.becquer.algete\/\/wp-content\/uploads\/ies.becquer.algete\/2023\/03\/nuestro-centro-272x182.jpg 272w, https:\/\/site.educa.madrid.org\/ies.becquer.algete\/\/wp-content\/uploads\/ies.becquer.algete\/2023\/03\/nuestro-centro.jpg 1280w\" sizes=\"auto, (max-width: 612px) 100vw, 612px\" \/><\/figure><\/div>\n\n\n\n<p>El IES Gustavo Adolfo B\u00e9cquer es un centro educativo de titularidad p\u00fablica donde se imparte ense\u00f1anza secundaria tanto en su tramo obligatorio (ESO, habitualmente entre los doce y los diecis\u00e9is a\u00f1os) como en su tramo no obligatorio (Bachillerato), as\u00ed como ense\u00f1anzas de formaci\u00f3n profesional (ciclos formativos de grado medio y superior) y otros programas de educaci\u00f3n compensatoria.<\/p>\n\n\n\n<p>\u00a1\u00a1Te invitamos a conocernos!!<\/p>\n","protected":false},"excerpt":{"rendered":"<p>El IES Gustavo Adolfo B\u00e9cquer es un centro educativo de titularidad p\u00fablica donde se imparte ense\u00f1anza secundaria tanto en su tramo obligatorio (ESO, habitualmente entre los doce y los diecis\u00e9is a\u00f1os) como en su tramo no obligatorio (Bachillerato), as\u00ed como ense\u00f1anzas de formaci\u00f3n profesional (ciclos formativos de grado medio y superior) y otros programas de &hellip; <\/p>\n<p class=\"link-more\"><a href=\"https:\/\/site.educa.madrid.org\/ies.becquer.algete\/index.php\/inicio\/nuestro-centro\/\" class=\"more-link\">Continuar leyendo<span class=\"screen-reader-text\"> \u00abNuestro centro\u00bb<\/span><\/a><\/p>\n","protected":false},"author":3,"featured_media":0,"parent":116,"menu_order":1,"comment_status":"closed","ping_status":"closed","template":"page-with-submenu.php","meta":{"footnotes":""},"folder":[],"class_list":["post-664","page","type-page","status-publish","hentry"],"rttpg_featured_image_url":null,"rttpg_author":{"display_name":"ies.becquer.algete","author_link":"https:\/\/site.educa.madrid.org\/ies.becquer.algete\/index.php\/author\/cuenta_ies-becquer-algete\/"},"rttpg_comment":0,"rttpg_category":false,"rttpg_excerpt":"El IES Gustavo Adolfo B\u00e9cquer es un centro educativo de titularidad p\u00fablica donde se imparte ense\u00f1anza secundaria tanto en su tramo obligatorio (ESO, habitualmente entre los doce y los diecis\u00e9is a\u00f1os) como en su tramo no obligatorio (Bachillerato), as\u00ed como ense\u00f1anzas de formaci\u00f3n profesional (ciclos formativos de grado medio y superior) y otros programas de&hellip;","post_mailing_queue_ids":[],"_links":{"self":[{"href":"https:\/\/site.educa.madrid.org\/ies.becquer.algete\/index.php\/wp-json\/wp\/v2\/pages\/664","targetHints":{"allow":["GET"]}}],"collection":[{"href":"https:\/\/site.educa.madrid.org\/ies.becquer.algete\/index.php\/wp-json\/wp\/v2\/pages"}],"about":[{"href":"https:\/\/site.educa.madrid.org\/ies.becquer.algete\/index.php\/wp-json\/wp\/v2\/types\/page"}],"author":[{"embeddable":true,"href":"https:\/\/site.educa.madrid.org\/ies.becquer.algete\/index.php\/wp-json\/wp\/v2\/users\/3"}],"replies":[{"embeddable":true,"href":"https:\/\/site.educa.madrid.org\/ies.becquer.algete\/index.php\/wp-json\/wp\/v2\/comments?post=664"}],"version-history":[{"count":3,"href":"https:\/\/site.educa.madrid.org\/ies.becquer.algete\/index.php\/wp-json\/wp\/v2\/pages\/664\/revisions"}],"predecessor-version":[{"id":1238,"href":"https:\/\/site.educa.madrid.org\/ies.becquer.algete\/index.php\/wp-json\/wp\/v2\/pages\/664\/revisions\/1238"}],"up":[{"embeddable":true,"href":"https:\/\/site.educa.madrid.org\/ies.becquer.algete\/index.php\/wp-json\/wp\/v2\/pages\/116"}],"wp:attachment":[{"href":"https:\/\/site.educa.madrid.org\/ies.becquer.algete\/index.php\/wp-json\/wp\/v2\/media?parent=664"}],"wp:term":[{"taxonomy":"folder","embeddable":true,"href":"https:\/\/site.educa.madrid.org\/ies.becquer.algete\/index.php\/wp-json\/wp\/v2\/folder?post=664"}],"curies":[{"name":"wp","href":"https:\/\/api.w.org\/{rel}","templated":true}]}}