{"id":667,"date":"2023-02-08T21:19:23","date_gmt":"2023-02-08T20:19:23","guid":{"rendered":"https:\/\/site.educa.madrid.org\/ies.becquer.algete\/?page_id=667"},"modified":"2023-03-02T19:44:09","modified_gmt":"2023-03-02T18:44:09","slug":"proyecto-educativo","status":"publish","type":"page","link":"https:\/\/site.educa.madrid.org\/ies.becquer.algete\/index.php\/inicio\/nuestro-centro\/proyecto-educativo\/","title":{"rendered":"Proyecto educativo"},"content":{"rendered":"\n<div class=\"wp-block-image\"><figure class=\"aligncenter size-large is-resized\"><img loading=\"lazy\" decoding=\"async\" src=\"https:\/\/site.educa.madrid.org\/ies.becquer.algete\/\/wp-content\/uploads\/ies.becquer.algete\/2023\/03\/proyecto-educativo-1024x682.jpg\" alt=\"\" class=\"wp-image-1120\" width=\"591\" height=\"393\" srcset=\"https:\/\/site.educa.madrid.org\/ies.becquer.algete\/\/wp-content\/uploads\/ies.becquer.algete\/2023\/03\/proyecto-educativo-1024x682.jpg 1024w, https:\/\/site.educa.madrid.org\/ies.becquer.algete\/\/wp-content\/uploads\/ies.becquer.algete\/2023\/03\/proyecto-educativo-300x200.jpg 300w, https:\/\/site.educa.madrid.org\/ies.becquer.algete\/\/wp-content\/uploads\/ies.becquer.algete\/2023\/03\/proyecto-educativo-768x512.jpg 768w, https:\/\/site.educa.madrid.org\/ies.becquer.algete\/\/wp-content\/uploads\/ies.becquer.algete\/2023\/03\/proyecto-educativo-391x260.jpg 391w, https:\/\/site.educa.madrid.org\/ies.becquer.algete\/\/wp-content\/uploads\/ies.becquer.algete\/2023\/03\/proyecto-educativo-272x182.jpg 272w, https:\/\/site.educa.madrid.org\/ies.becquer.algete\/\/wp-content\/uploads\/ies.becquer.algete\/2023\/03\/proyecto-educativo.jpg 1280w\" sizes=\"auto, (max-width: 591px) 100vw, 591px\" \/><\/figure><\/div>\n\n\n\n<p>El Instituto de Educaci\u00f3n Secundaria Gustavo Adolfo B\u00e9cquer es un centro que ofrece a los estudiantes conocimientos cient\u00edficos y human\u00edsticos que cualifican para el<strong> acceso a la universidad<\/strong>, los <strong>estudios profesionales<\/strong> o la <strong>inserci\u00f3n laboral<\/strong>.<\/p>\n\n\n\n<p>Intentamos\u00a0formar en el respeto de los <strong>derechos <\/strong>y <strong>libertades<\/strong>, en la <strong>convivencia democr\u00e1tica <\/strong>y promover una <strong>formaci\u00f3n integral<\/strong> de las personas, desarrollando los cuatro pilares b\u00e1sicos de la educaci\u00f3n: <strong>aprender a conocer<\/strong>, <strong>aprender a hacer<\/strong>, <strong>aprender a convivir<\/strong> y <strong>aprender a ser<\/strong>.<\/p>\n","protected":false},"excerpt":{"rendered":"<p>El Instituto de Educaci\u00f3n Secundaria Gustavo Adolfo B\u00e9cquer es un centro que ofrece a los estudiantes conocimientos cient\u00edficos y human\u00edsticos que cualifican para el acceso a la universidad, los estudios profesionales o la inserci\u00f3n laboral. Intentamos\u00a0formar en el respeto de los derechos y libertades, en la convivencia democr\u00e1tica y promover una formaci\u00f3n integral de las &hellip; <\/p>\n<p class=\"link-more\"><a href=\"https:\/\/site.educa.madrid.org\/ies.becquer.algete\/index.php\/inicio\/nuestro-centro\/proyecto-educativo\/\" class=\"more-link\">Continuar leyendo<span class=\"screen-reader-text\"> \u00abProyecto educativo\u00bb<\/span><\/a><\/p>\n","protected":false},"author":3,"featured_media":0,"parent":664,"menu_order":4,"comment_status":"closed","ping_status":"closed","template":"page-with-siblings-submenu.php","meta":{"footnotes":""},"folder":[],"class_list":["post-667","page","type-page","status-publish","hentry"],"rttpg_featured_image_url":null,"rttpg_author":{"display_name":"ies.becquer.algete","author_link":"https:\/\/site.educa.madrid.org\/ies.becquer.algete\/index.php\/author\/cuenta_ies-becquer-algete\/"},"rttpg_comment":0,"rttpg_category":false,"rttpg_excerpt":"El Instituto de Educaci\u00f3n Secundaria Gustavo Adolfo B\u00e9cquer es un centro que ofrece a los estudiantes conocimientos cient\u00edficos y human\u00edsticos que cualifican para el acceso a la universidad, los estudios profesionales o la inserci\u00f3n laboral. Intentamos\u00a0formar en el respeto de los derechos y libertades, en la convivencia democr\u00e1tica y promover una formaci\u00f3n integral de las&hellip;","post_mailing_queue_ids":[],"_links":{"self":[{"href":"https:\/\/site.educa.madrid.org\/ies.becquer.algete\/index.php\/wp-json\/wp\/v2\/pages\/667","targetHints":{"allow":["GET"]}}],"collection":[{"href":"https:\/\/site.educa.madrid.org\/ies.becquer.algete\/index.php\/wp-json\/wp\/v2\/pages"}],"about":[{"href":"https:\/\/site.educa.madrid.org\/ies.becquer.algete\/index.php\/wp-json\/wp\/v2\/types\/page"}],"author":[{"embeddable":true,"href":"https:\/\/site.educa.madrid.org\/ies.becquer.algete\/index.php\/wp-json\/wp\/v2\/users\/3"}],"replies":[{"embeddable":true,"href":"https:\/\/site.educa.madrid.org\/ies.becquer.algete\/index.php\/wp-json\/wp\/v2\/comments?post=667"}],"version-history":[{"count":2,"href":"https:\/\/site.educa.madrid.org\/ies.becquer.algete\/index.php\/wp-json\/wp\/v2\/pages\/667\/revisions"}],"predecessor-version":[{"id":1121,"href":"https:\/\/site.educa.madrid.org\/ies.becquer.algete\/index.php\/wp-json\/wp\/v2\/pages\/667\/revisions\/1121"}],"up":[{"embeddable":true,"href":"https:\/\/site.educa.madrid.org\/ies.becquer.algete\/index.php\/wp-json\/wp\/v2\/pages\/664"}],"wp:attachment":[{"href":"https:\/\/site.educa.madrid.org\/ies.becquer.algete\/index.php\/wp-json\/wp\/v2\/media?parent=667"}],"wp:term":[{"taxonomy":"folder","embeddable":true,"href":"https:\/\/site.educa.madrid.org\/ies.becquer.algete\/index.php\/wp-json\/wp\/v2\/folder?post=667"}],"curies":[{"name":"wp","href":"https:\/\/api.w.org\/{rel}","templated":true}]}}