{"id":675,"date":"2023-02-08T21:27:26","date_gmt":"2023-02-08T20:27:26","guid":{"rendered":"https:\/\/site.educa.madrid.org\/ies.becquer.algete\/?page_id=675"},"modified":"2023-02-12T11:41:40","modified_gmt":"2023-02-12T10:41:40","slug":"horarios","status":"publish","type":"page","link":"https:\/\/site.educa.madrid.org\/ies.becquer.algete\/index.php\/inicio\/ensenanzas\/horarios\/","title":{"rendered":"Horarios"},"content":{"rendered":"\n<p>Las clases tienen una duraci\u00f3n de 50 minutos, con un per\u00edodo de descanso de 5 minutos entre una y otra sesi\u00f3n. <\/p>\n\n\n\n<p>El horario se desarrolla de lunes a viernes con arreglo al siguiente plan:<\/p>\n\n\n\n<ul class=\"wp-block-list\"><li>Primera hora de 8:30 a 9:20 horas.<\/li><li>Segunda hora de 9:25 a 10:15 horas.<\/li><li>Tercera hora de 10:20 a 11:10 horas.<\/li><li>Per\u00edodo de recreo de 11:10 a 11:40 horas.<\/li><li>Cuarta hora de 11:40 a 12:30 horas.<\/li><li>Quinta hora de 12:35 a 13:25 horas.<\/li><li>Sexta hora de 13:30 a 14:20 horas.<\/li><li>S\u00e9ptima hora (solo en ciertos grupos y niveles) de 14:25 a 15:15 horas.<\/li><\/ul>\n\n\n\n<p>Los estudiantes y sus familias pueden consultar el horario concreto de su grupo en la web o en la app de ROBLE.<\/p>\n\n\n\n<div class=\"wp-block-image\"><figure class=\"aligncenter size-large is-resized\"><img loading=\"lazy\" decoding=\"async\" src=\"https:\/\/site.educa.madrid.org\/ies.becquer.algete\/\/wp-content\/uploads\/ies.becquer.algete\/2023\/02\/horarios-1024x724.jpg\" alt=\"\" class=\"wp-image-859\" width=\"581\" height=\"410\" srcset=\"https:\/\/site.educa.madrid.org\/ies.becquer.algete\/\/wp-content\/uploads\/ies.becquer.algete\/2023\/02\/horarios-1024x724.jpg 1024w, https:\/\/site.educa.madrid.org\/ies.becquer.algete\/\/wp-content\/uploads\/ies.becquer.algete\/2023\/02\/horarios-300x212.jpg 300w, https:\/\/site.educa.madrid.org\/ies.becquer.algete\/\/wp-content\/uploads\/ies.becquer.algete\/2023\/02\/horarios-768x543.jpg 768w, https:\/\/site.educa.madrid.org\/ies.becquer.algete\/\/wp-content\/uploads\/ies.becquer.algete\/2023\/02\/horarios.jpg 1280w\" sizes=\"auto, (max-width: 581px) 100vw, 581px\" \/><\/figure><\/div>\n\n\n\n<p> <\/p>\n","protected":false},"excerpt":{"rendered":"<p>Las clases tienen una duraci\u00f3n de 50 minutos, con un per\u00edodo de descanso de 5 minutos entre una y otra sesi\u00f3n. El horario se desarrolla de lunes a viernes con arreglo al siguiente plan: Primera hora de 8:30 a 9:20 horas. Segunda hora de 9:25 a 10:15 horas. Tercera hora de 10:20 a 11:10 horas. &hellip; <\/p>\n<p class=\"link-more\"><a href=\"https:\/\/site.educa.madrid.org\/ies.becquer.algete\/index.php\/inicio\/ensenanzas\/horarios\/\" class=\"more-link\">Continuar leyendo<span class=\"screen-reader-text\"> \u00abHorarios\u00bb<\/span><\/a><\/p>\n","protected":false},"author":3,"featured_media":0,"parent":125,"menu_order":5,"comment_status":"closed","ping_status":"closed","template":"page-with-siblings-submenu.php","meta":{"footnotes":""},"folder":[],"class_list":["post-675","page","type-page","status-publish","hentry"],"rttpg_featured_image_url":null,"rttpg_author":{"display_name":"ies.becquer.algete","author_link":"https:\/\/site.educa.madrid.org\/ies.becquer.algete\/index.php\/author\/cuenta_ies-becquer-algete\/"},"rttpg_comment":0,"rttpg_category":false,"rttpg_excerpt":"Las clases tienen una duraci\u00f3n de 50 minutos, con un per\u00edodo de descanso de 5 minutos entre una y otra sesi\u00f3n. El horario se desarrolla de lunes a viernes con arreglo al siguiente plan: Primera hora de 8:30 a 9:20 horas. Segunda hora de 9:25 a 10:15 horas. Tercera hora de 10:20 a 11:10 horas.&hellip;","post_mailing_queue_ids":[],"_links":{"self":[{"href":"https:\/\/site.educa.madrid.org\/ies.becquer.algete\/index.php\/wp-json\/wp\/v2\/pages\/675","targetHints":{"allow":["GET"]}}],"collection":[{"href":"https:\/\/site.educa.madrid.org\/ies.becquer.algete\/index.php\/wp-json\/wp\/v2\/pages"}],"about":[{"href":"https:\/\/site.educa.madrid.org\/ies.becquer.algete\/index.php\/wp-json\/wp\/v2\/types\/page"}],"author":[{"embeddable":true,"href":"https:\/\/site.educa.madrid.org\/ies.becquer.algete\/index.php\/wp-json\/wp\/v2\/users\/3"}],"replies":[{"embeddable":true,"href":"https:\/\/site.educa.madrid.org\/ies.becquer.algete\/index.php\/wp-json\/wp\/v2\/comments?post=675"}],"version-history":[{"count":3,"href":"https:\/\/site.educa.madrid.org\/ies.becquer.algete\/index.php\/wp-json\/wp\/v2\/pages\/675\/revisions"}],"predecessor-version":[{"id":899,"href":"https:\/\/site.educa.madrid.org\/ies.becquer.algete\/index.php\/wp-json\/wp\/v2\/pages\/675\/revisions\/899"}],"up":[{"embeddable":true,"href":"https:\/\/site.educa.madrid.org\/ies.becquer.algete\/index.php\/wp-json\/wp\/v2\/pages\/125"}],"wp:attachment":[{"href":"https:\/\/site.educa.madrid.org\/ies.becquer.algete\/index.php\/wp-json\/wp\/v2\/media?parent=675"}],"wp:term":[{"taxonomy":"folder","embeddable":true,"href":"https:\/\/site.educa.madrid.org\/ies.becquer.algete\/index.php\/wp-json\/wp\/v2\/folder?post=675"}],"curies":[{"name":"wp","href":"https:\/\/api.w.org\/{rel}","templated":true}]}}