{"id":679,"date":"2023-02-08T21:28:11","date_gmt":"2023-02-08T20:28:11","guid":{"rendered":"https:\/\/site.educa.madrid.org\/ies.becquer.algete\/?page_id=679"},"modified":"2024-05-26T19:36:23","modified_gmt":"2024-05-26T17:36:23","slug":"evaluaciones","status":"publish","type":"page","link":"https:\/\/site.educa.madrid.org\/ies.becquer.algete\/index.php\/inicio\/ensenanzas\/evaluaciones\/","title":{"rendered":"Evaluaciones"},"content":{"rendered":"\n<p>La evaluaci\u00f3n educativa es un proceso continuo y personalizado dentro del sistema de ense\u00f1anza-aprendizaje cuyo objetivo es conocer la evoluci\u00f3n de cada estudiante para, si es necesario, adoptar medidas de refuerzo o de compensaci\u00f3n para garantizar que se alcanzan los objetivos educativos definidos para su nivel.<\/p>\n\n\n\n<p>El calendario de evaluaciones para el curso 2023\/24 es el siguiente:<\/p>\n\n\n\n<ul class=\"wp-block-list\">\n<li>Evaluaci\u00f3n inicial: 3 y 4 de octubre de 2023.<\/li>\n\n\n\n<li>Primera evaluaci\u00f3n: 30 de noviembre de 2023.<\/li>\n\n\n\n<li>Segunda evaluaci\u00f3n para 2.\u00ba Bachillerato : 21 de febrero de 2024.<\/li>\n\n\n\n<li>Segunda evaluaci\u00f3n para Ciclos formativos, ESO y 1.\u00ba Bachillerato: 14 de marzo de 2024.<\/li>\n\n\n\n<li>Tercera evaluaci\u00f3n para 2.\u00ba Bachillerato: 17 de mayo de 2024.<\/li>\n\n\n\n<li>Tercera evaluaci\u00f3n para 1.\u00ba Bachillerato:  6 de junio de 2024.<\/li>\n\n\n\n<li>Tercera evaluaci\u00f3n para ESO y evaluaci\u00f3n extraordinaria para el resto de ense\u00f1anzas: 20 de junio de 2024.<\/li>\n<\/ul>\n\n\n\n<p>En cada una de las evaluaciones, los estudiantes y sus familias recibir\u00e1n un bolet\u00edn de notas con los resultados obtenidos en cada una de las materias.<\/p>\n\n\n<div class=\"wp-block-image\">\n<figure class=\"aligncenter size-large is-resized\"><img loading=\"lazy\" decoding=\"async\" src=\"https:\/\/site.educa.madrid.org\/ies.becquer.algete\/\/wp-content\/uploads\/ies.becquer.algete\/2023\/02\/evaluaciones-1024x682.jpg\" alt=\"\" class=\"wp-image-856\" width=\"581\" height=\"386\" srcset=\"https:\/\/site.educa.madrid.org\/ies.becquer.algete\/\/wp-content\/uploads\/ies.becquer.algete\/2023\/02\/evaluaciones-1024x682.jpg 1024w, https:\/\/site.educa.madrid.org\/ies.becquer.algete\/\/wp-content\/uploads\/ies.becquer.algete\/2023\/02\/evaluaciones-300x200.jpg 300w, https:\/\/site.educa.madrid.org\/ies.becquer.algete\/\/wp-content\/uploads\/ies.becquer.algete\/2023\/02\/evaluaciones-768x512.jpg 768w, https:\/\/site.educa.madrid.org\/ies.becquer.algete\/\/wp-content\/uploads\/ies.becquer.algete\/2023\/02\/evaluaciones-391x260.jpg 391w, https:\/\/site.educa.madrid.org\/ies.becquer.algete\/\/wp-content\/uploads\/ies.becquer.algete\/2023\/02\/evaluaciones-272x182.jpg 272w, https:\/\/site.educa.madrid.org\/ies.becquer.algete\/\/wp-content\/uploads\/ies.becquer.algete\/2023\/02\/evaluaciones.jpg 1280w\" sizes=\"auto, (max-width: 581px) 100vw, 581px\" \/><\/figure>\n<\/div>","protected":false},"excerpt":{"rendered":"<p>La evaluaci\u00f3n educativa es un proceso continuo y personalizado dentro del sistema de ense\u00f1anza-aprendizaje cuyo objetivo es conocer la evoluci\u00f3n de cada estudiante para, si es necesario, adoptar medidas de refuerzo o de compensaci\u00f3n para garantizar que se alcanzan los objetivos educativos definidos para su nivel. El calendario de evaluaciones para el curso 2023\/24 es &hellip; <\/p>\n<p class=\"link-more\"><a href=\"https:\/\/site.educa.madrid.org\/ies.becquer.algete\/index.php\/inicio\/ensenanzas\/evaluaciones\/\" class=\"more-link\">Continuar leyendo<span class=\"screen-reader-text\"> \u00abEvaluaciones\u00bb<\/span><\/a><\/p>\n","protected":false},"author":3,"featured_media":0,"parent":125,"menu_order":7,"comment_status":"closed","ping_status":"closed","template":"page-with-siblings-submenu.php","meta":{"footnotes":""},"folder":[],"class_list":["post-679","page","type-page","status-publish","hentry"],"rttpg_featured_image_url":null,"rttpg_author":{"display_name":"ies.becquer.algete","author_link":"https:\/\/site.educa.madrid.org\/ies.becquer.algete\/index.php\/author\/cuenta_ies-becquer-algete\/"},"rttpg_comment":0,"rttpg_category":false,"rttpg_excerpt":"La evaluaci\u00f3n educativa es un proceso continuo y personalizado dentro del sistema de ense\u00f1anza-aprendizaje cuyo objetivo es conocer la evoluci\u00f3n de cada estudiante para, si es necesario, adoptar medidas de refuerzo o de compensaci\u00f3n para garantizar que se alcanzan los objetivos educativos definidos para su nivel. El calendario de evaluaciones para el curso 2023\/24 es&hellip;","post_mailing_queue_ids":[],"_links":{"self":[{"href":"https:\/\/site.educa.madrid.org\/ies.becquer.algete\/index.php\/wp-json\/wp\/v2\/pages\/679","targetHints":{"allow":["GET"]}}],"collection":[{"href":"https:\/\/site.educa.madrid.org\/ies.becquer.algete\/index.php\/wp-json\/wp\/v2\/pages"}],"about":[{"href":"https:\/\/site.educa.madrid.org\/ies.becquer.algete\/index.php\/wp-json\/wp\/v2\/types\/page"}],"author":[{"embeddable":true,"href":"https:\/\/site.educa.madrid.org\/ies.becquer.algete\/index.php\/wp-json\/wp\/v2\/users\/3"}],"replies":[{"embeddable":true,"href":"https:\/\/site.educa.madrid.org\/ies.becquer.algete\/index.php\/wp-json\/wp\/v2\/comments?post=679"}],"version-history":[{"count":6,"href":"https:\/\/site.educa.madrid.org\/ies.becquer.algete\/index.php\/wp-json\/wp\/v2\/pages\/679\/revisions"}],"predecessor-version":[{"id":2040,"href":"https:\/\/site.educa.madrid.org\/ies.becquer.algete\/index.php\/wp-json\/wp\/v2\/pages\/679\/revisions\/2040"}],"up":[{"embeddable":true,"href":"https:\/\/site.educa.madrid.org\/ies.becquer.algete\/index.php\/wp-json\/wp\/v2\/pages\/125"}],"wp:attachment":[{"href":"https:\/\/site.educa.madrid.org\/ies.becquer.algete\/index.php\/wp-json\/wp\/v2\/media?parent=679"}],"wp:term":[{"taxonomy":"folder","embeddable":true,"href":"https:\/\/site.educa.madrid.org\/ies.becquer.algete\/index.php\/wp-json\/wp\/v2\/folder?post=679"}],"curies":[{"name":"wp","href":"https:\/\/api.w.org\/{rel}","templated":true}]}}