{"id":688,"date":"2023-02-08T21:32:36","date_gmt":"2023-02-08T20:32:36","guid":{"rendered":"https:\/\/site.educa.madrid.org\/ies.becquer.algete\/?page_id=688"},"modified":"2023-02-12T20:17:59","modified_gmt":"2023-02-12T19:17:59","slug":"aulas-de-informatica","status":"publish","type":"page","link":"https:\/\/site.educa.madrid.org\/ies.becquer.algete\/index.php\/inicio\/servicios-y-actividades\/aulas-de-informatica\/","title":{"rendered":"Aulas de inform\u00e1tica"},"content":{"rendered":"\n<p>Nuestro centro dispone de&nbsp;<strong>tres aulas de inform\u00e1tica<\/strong>&nbsp;(dos en la primera planta y otra en la segunda) que se utilizan de forma habitual en las clases de Tecnolog\u00eda, Ingl\u00e9s, F\u00edsica y Qu\u00edmica, Arte, Matem\u00e1ticas, Imagen y Expresi\u00f3n y Diversificaci\u00f3n.<\/p>\n\n\n\n<p><strong>Todas las aulas del instituto disponen de pizarras digitales.<\/strong><\/p>\n\n\n\n<figure class=\"wp-block-image size-large\"><img loading=\"lazy\" decoding=\"async\" width=\"1024\" height=\"682\" src=\"https:\/\/site.educa.madrid.org\/ies.becquer.algete\/\/wp-content\/uploads\/ies.becquer.algete\/2023\/02\/technology-g8ea6fb50e_1280-1024x682.jpg\" alt=\"\" class=\"wp-image-995\" srcset=\"https:\/\/site.educa.madrid.org\/ies.becquer.algete\/\/wp-content\/uploads\/ies.becquer.algete\/2023\/02\/technology-g8ea6fb50e_1280-1024x682.jpg 1024w, https:\/\/site.educa.madrid.org\/ies.becquer.algete\/\/wp-content\/uploads\/ies.becquer.algete\/2023\/02\/technology-g8ea6fb50e_1280-300x200.jpg 300w, https:\/\/site.educa.madrid.org\/ies.becquer.algete\/\/wp-content\/uploads\/ies.becquer.algete\/2023\/02\/technology-g8ea6fb50e_1280-768x512.jpg 768w, https:\/\/site.educa.madrid.org\/ies.becquer.algete\/\/wp-content\/uploads\/ies.becquer.algete\/2023\/02\/technology-g8ea6fb50e_1280-391x260.jpg 391w, https:\/\/site.educa.madrid.org\/ies.becquer.algete\/\/wp-content\/uploads\/ies.becquer.algete\/2023\/02\/technology-g8ea6fb50e_1280-272x182.jpg 272w, https:\/\/site.educa.madrid.org\/ies.becquer.algete\/\/wp-content\/uploads\/ies.becquer.algete\/2023\/02\/technology-g8ea6fb50e_1280.jpg 1280w\" sizes=\"auto, (max-width: 706px) 89vw, (max-width: 767px) 82vw, 740px\" \/><\/figure>\n","protected":false},"excerpt":{"rendered":"<p>Nuestro centro dispone de&nbsp;tres aulas de inform\u00e1tica&nbsp;(dos en la primera planta y otra en la segunda) que se utilizan de forma habitual en las clases de Tecnolog\u00eda, Ingl\u00e9s, F\u00edsica y Qu\u00edmica, Arte, Matem\u00e1ticas, Imagen y Expresi\u00f3n y Diversificaci\u00f3n. Todas las aulas del instituto disponen de pizarras digitales.<\/p>\n","protected":false},"author":3,"featured_media":0,"parent":126,"menu_order":1,"comment_status":"closed","ping_status":"closed","template":"page-with-siblings-submenu.php","meta":{"footnotes":""},"folder":[],"class_list":["post-688","page","type-page","status-publish","hentry"],"rttpg_featured_image_url":null,"rttpg_author":{"display_name":"ies.becquer.algete","author_link":"https:\/\/site.educa.madrid.org\/ies.becquer.algete\/index.php\/author\/cuenta_ies-becquer-algete\/"},"rttpg_comment":0,"rttpg_category":false,"rttpg_excerpt":"Nuestro centro dispone de&nbsp;tres aulas de inform\u00e1tica&nbsp;(dos en la primera planta y otra en la segunda) que se utilizan de forma habitual en las clases de Tecnolog\u00eda, Ingl\u00e9s, F\u00edsica y Qu\u00edmica, Arte, Matem\u00e1ticas, Imagen y Expresi\u00f3n y Diversificaci\u00f3n. Todas las aulas del instituto disponen de pizarras digitales.","post_mailing_queue_ids":[],"_links":{"self":[{"href":"https:\/\/site.educa.madrid.org\/ies.becquer.algete\/index.php\/wp-json\/wp\/v2\/pages\/688","targetHints":{"allow":["GET"]}}],"collection":[{"href":"https:\/\/site.educa.madrid.org\/ies.becquer.algete\/index.php\/wp-json\/wp\/v2\/pages"}],"about":[{"href":"https:\/\/site.educa.madrid.org\/ies.becquer.algete\/index.php\/wp-json\/wp\/v2\/types\/page"}],"author":[{"embeddable":true,"href":"https:\/\/site.educa.madrid.org\/ies.becquer.algete\/index.php\/wp-json\/wp\/v2\/users\/3"}],"replies":[{"embeddable":true,"href":"https:\/\/site.educa.madrid.org\/ies.becquer.algete\/index.php\/wp-json\/wp\/v2\/comments?post=688"}],"version-history":[{"count":3,"href":"https:\/\/site.educa.madrid.org\/ies.becquer.algete\/index.php\/wp-json\/wp\/v2\/pages\/688\/revisions"}],"predecessor-version":[{"id":996,"href":"https:\/\/site.educa.madrid.org\/ies.becquer.algete\/index.php\/wp-json\/wp\/v2\/pages\/688\/revisions\/996"}],"up":[{"embeddable":true,"href":"https:\/\/site.educa.madrid.org\/ies.becquer.algete\/index.php\/wp-json\/wp\/v2\/pages\/126"}],"wp:attachment":[{"href":"https:\/\/site.educa.madrid.org\/ies.becquer.algete\/index.php\/wp-json\/wp\/v2\/media?parent=688"}],"wp:term":[{"taxonomy":"folder","embeddable":true,"href":"https:\/\/site.educa.madrid.org\/ies.becquer.algete\/index.php\/wp-json\/wp\/v2\/folder?post=688"}],"curies":[{"name":"wp","href":"https:\/\/api.w.org\/{rel}","templated":true}]}}