{"id":690,"date":"2023-02-08T21:33:10","date_gmt":"2023-02-08T20:33:10","guid":{"rendered":"https:\/\/site.educa.madrid.org\/ies.becquer.algete\/?page_id=690"},"modified":"2023-02-11T12:52:31","modified_gmt":"2023-02-11T11:52:31","slug":"impresos","status":"publish","type":"page","link":"https:\/\/site.educa.madrid.org\/ies.becquer.algete\/index.php\/inicio\/secretaria\/impresos\/","title":{"rendered":"Impresos"},"content":{"rendered":"\n<p>Desde secretar\u00eda se facilitan al alumnado y a las familias impresos para realizar gestiones tan habituales como&nbsp;justificaci\u00f3n de faltas de asistencia,&nbsp;autorizaciones&nbsp;o&nbsp;solicitud de certificados. Para agilizar su tramitaci\u00f3n, estos documentos se pueden descargar, imprimir y una vez cumplimentados, presentar en el centro.<\/p>\n\n\n\n<div class=\"wp-block-image\"><figure class=\"aligncenter size-large is-resized\"><img loading=\"lazy\" decoding=\"async\" src=\"https:\/\/site.educa.madrid.org\/ies.becquer.algete\/\/wp-content\/uploads\/ies.becquer.algete\/2023\/02\/impresos-1-edited.jpg\" alt=\"\" class=\"wp-image-845\" width=\"525\" height=\"327\" srcset=\"https:\/\/site.educa.madrid.org\/ies.becquer.algete\/\/wp-content\/uploads\/ies.becquer.algete\/2023\/02\/impresos-1-edited.jpg 1280w, https:\/\/site.educa.madrid.org\/ies.becquer.algete\/\/wp-content\/uploads\/ies.becquer.algete\/2023\/02\/impresos-1-edited-300x187.jpg 300w, https:\/\/site.educa.madrid.org\/ies.becquer.algete\/\/wp-content\/uploads\/ies.becquer.algete\/2023\/02\/impresos-1-edited-1024x639.jpg 1024w, https:\/\/site.educa.madrid.org\/ies.becquer.algete\/\/wp-content\/uploads\/ies.becquer.algete\/2023\/02\/impresos-1-edited-768x479.jpg 768w\" sizes=\"auto, (max-width: 525px) 100vw, 525px\" \/><\/figure><\/div>\n\n\n\n<ul class=\"wp-block-list\"><li><a href=\"https:\/\/site.educa.madrid.org\/ies.becquer.algete\/\/wp-content\/uploads\/ies.becquer.algete\/2023\/02\/comunicacionfaltas.pdf\" target=\"_blank\" rel=\"noreferrer noopener\">Comunicaci\u00f3n de faltas de asistencia<\/a><\/li><li><a href=\"https:\/\/site.educa.madrid.org\/ies.becquer.algete\/\/wp-content\/uploads\/ies.becquer.algete\/2023\/02\/autorizacionsalidas.pdf\" target=\"_blank\" rel=\"noreferrer noopener\">Autorizaci\u00f3n de actividades extraescolares<\/a><\/li><li><a href=\"https:\/\/site.educa.madrid.org\/ies.becquer.algete\/\/wp-content\/uploads\/ies.becquer.algete\/2023\/02\/solicitudcertificado.pdf\">Solicitud de <\/a><a href=\"https:\/\/site.educa.madrid.org\/ies.becquer.algete\/\/wp-content\/uploads\/ies.becquer.algete\/2023\/02\/solicitudcertificado.pdf\" target=\"_blank\" rel=\"noreferrer noopener\">certificado<\/a><\/li><li><a href=\"https:\/\/site.educa.madrid.org\/ies.becquer.algete\/\/wp-content\/uploads\/ies.becquer.algete\/2023\/02\/recogidadocumentos.pdf\" target=\"_blank\" rel=\"noreferrer noopener\">Autorizaci\u00f3n de recogida de documentos<\/a><\/li><li><a href=\"https:\/\/site.educa.madrid.org\/ies.becquer.algete\/\/wp-content\/uploads\/ies.becquer.algete\/2023\/02\/modificaciondomicilio.pdf\" target=\"_blank\" rel=\"noreferrer noopener\">Modificaci\u00f3n de datos de domicilio de matr\u00edcula<\/a><\/li><li><a href=\"https:\/\/site.educa.madrid.org\/ies.becquer.algete\/\/wp-content\/uploads\/ies.becquer.algete\/2023\/02\/solicitudbaja.pdf\" target=\"_blank\" rel=\"noreferrer noopener\">Solicitud de baja en el centro<\/a><\/li><li><a href=\"https:\/\/site.educa.madrid.org\/ies.becquer.algete\/\/wp-content\/uploads\/ies.becquer.algete\/2023\/02\/intanciageneral.pdf\" target=\"_blank\" rel=\"noreferrer noopener\">Instancia general<\/a><\/li><li><a href=\"https:\/\/site.educa.madrid.org\/ies.becquer.algete\/\/wp-content\/uploads\/ies.becquer.algete\/2023\/02\/revisioneso_LPD.pdf\" target=\"_blank\" rel=\"noreferrer noopener\">Solicitud de revisi\u00f3n de la calificaci\u00f3n final de la ESO<\/a><\/li><li><a href=\"https:\/\/site.educa.madrid.org\/ies.becquer.algete\/\/wp-content\/uploads\/ies.becquer.algete\/2023\/02\/revisionbachillerato_LPD.pdf\" target=\"_blank\" rel=\"noreferrer noopener\">Solicitud de revisi\u00f3n de la calificaci\u00f3n final de Bachillerato<\/a><\/li><\/ul>\n","protected":false},"excerpt":{"rendered":"<p>Desde secretar\u00eda se facilitan al alumnado y a las familias impresos para realizar gestiones tan habituales como&nbsp;justificaci\u00f3n de faltas de asistencia,&nbsp;autorizaciones&nbsp;o&nbsp;solicitud de certificados. Para agilizar su tramitaci\u00f3n, estos documentos se pueden descargar, imprimir y una vez cumplimentados, presentar en el centro. Comunicaci\u00f3n de faltas de asistencia Autorizaci\u00f3n de actividades extraescolares Solicitud de certificado Autorizaci\u00f3n de &hellip; <\/p>\n<p class=\"link-more\"><a href=\"https:\/\/site.educa.madrid.org\/ies.becquer.algete\/index.php\/inicio\/secretaria\/impresos\/\" class=\"more-link\">Continuar leyendo<span class=\"screen-reader-text\"> \u00abImpresos\u00bb<\/span><\/a><\/p>\n","protected":false},"author":3,"featured_media":0,"parent":130,"menu_order":1,"comment_status":"closed","ping_status":"closed","template":"page-with-siblings-submenu.php","meta":{"footnotes":""},"folder":[],"class_list":["post-690","page","type-page","status-publish","hentry"],"rttpg_featured_image_url":null,"rttpg_author":{"display_name":"ies.becquer.algete","author_link":"https:\/\/site.educa.madrid.org\/ies.becquer.algete\/index.php\/author\/cuenta_ies-becquer-algete\/"},"rttpg_comment":0,"rttpg_category":false,"rttpg_excerpt":"Desde secretar\u00eda se facilitan al alumnado y a las familias impresos para realizar gestiones tan habituales como&nbsp;justificaci\u00f3n de faltas de asistencia,&nbsp;autorizaciones&nbsp;o&nbsp;solicitud de certificados. Para agilizar su tramitaci\u00f3n, estos documentos se pueden descargar, imprimir y una vez cumplimentados, presentar en el centro. Comunicaci\u00f3n de faltas de asistencia Autorizaci\u00f3n de actividades extraescolares Solicitud de certificado Autorizaci\u00f3n de&hellip;","post_mailing_queue_ids":[],"_links":{"self":[{"href":"https:\/\/site.educa.madrid.org\/ies.becquer.algete\/index.php\/wp-json\/wp\/v2\/pages\/690","targetHints":{"allow":["GET"]}}],"collection":[{"href":"https:\/\/site.educa.madrid.org\/ies.becquer.algete\/index.php\/wp-json\/wp\/v2\/pages"}],"about":[{"href":"https:\/\/site.educa.madrid.org\/ies.becquer.algete\/index.php\/wp-json\/wp\/v2\/types\/page"}],"author":[{"embeddable":true,"href":"https:\/\/site.educa.madrid.org\/ies.becquer.algete\/index.php\/wp-json\/wp\/v2\/users\/3"}],"replies":[{"embeddable":true,"href":"https:\/\/site.educa.madrid.org\/ies.becquer.algete\/index.php\/wp-json\/wp\/v2\/comments?post=690"}],"version-history":[{"count":7,"href":"https:\/\/site.educa.madrid.org\/ies.becquer.algete\/index.php\/wp-json\/wp\/v2\/pages\/690\/revisions"}],"predecessor-version":[{"id":847,"href":"https:\/\/site.educa.madrid.org\/ies.becquer.algete\/index.php\/wp-json\/wp\/v2\/pages\/690\/revisions\/847"}],"up":[{"embeddable":true,"href":"https:\/\/site.educa.madrid.org\/ies.becquer.algete\/index.php\/wp-json\/wp\/v2\/pages\/130"}],"wp:attachment":[{"href":"https:\/\/site.educa.madrid.org\/ies.becquer.algete\/index.php\/wp-json\/wp\/v2\/media?parent=690"}],"wp:term":[{"taxonomy":"folder","embeddable":true,"href":"https:\/\/site.educa.madrid.org\/ies.becquer.algete\/index.php\/wp-json\/wp\/v2\/folder?post=690"}],"curies":[{"name":"wp","href":"https:\/\/api.w.org\/{rel}","templated":true}]}}