{"id":692,"date":"2023-02-08T21:33:35","date_gmt":"2023-02-08T20:33:35","guid":{"rendered":"https:\/\/site.educa.madrid.org\/ies.becquer.algete\/?page_id=692"},"modified":"2023-02-11T12:48:49","modified_gmt":"2023-02-11T11:48:49","slug":"recogida-de-titulos","status":"publish","type":"page","link":"https:\/\/site.educa.madrid.org\/ies.becquer.algete\/index.php\/inicio\/secretaria\/recogida-de-titulos\/","title":{"rendered":"Recogida de t\u00edtulos"},"content":{"rendered":"\n<p>Para retirar el correspondiente t\u00edtulo deb\u00e9is acudir a la secretar\u00eda del centro provistos de vuestro&nbsp;<strong>DNI, Pasaporte o NIE<\/strong>. <\/p>\n\n\n\n<p>Tambi\u00e9n pod\u00e9is  AUTORIZAR a otra persona que realice este tr\u00e1mite en vuestro nombre. Para ello deb\u00e9is&nbsp;<strong>descargar y rellenar la siguiente autorizaci\u00f3n<\/strong>.<\/p>\n\n\n\n<p class=\"has-text-align-center\"><a href=\"https:\/\/site.educa.madrid.org\/ies.becquer.algete\/\/wp-content\/uploads\/ies.becquer.algete\/2023\/02\/recogidatitulos.pdf\" target=\"_blank\" rel=\"noreferrer noopener\">Descargar autorizaci\u00f3n para la recogida de t\u00edtulos<\/a><\/p>\n\n\n\n<div class=\"wp-block-image\"><figure class=\"aligncenter size-large is-resized\"><img decoding=\"async\" src=\"https:\/\/site.educa.madrid.org\/ies.becquer.algete\/\/wp-content\/uploads\/ies.becquer.algete\/2023\/02\/titulos-edited.jpg\" alt=\"\" class=\"wp-image-839\" width=\"556\" srcset=\"https:\/\/site.educa.madrid.org\/ies.becquer.algete\/\/wp-content\/uploads\/ies.becquer.algete\/2023\/02\/titulos-edited.jpg 1280w, https:\/\/site.educa.madrid.org\/ies.becquer.algete\/\/wp-content\/uploads\/ies.becquer.algete\/2023\/02\/titulos-edited-300x169.jpg 300w, https:\/\/site.educa.madrid.org\/ies.becquer.algete\/\/wp-content\/uploads\/ies.becquer.algete\/2023\/02\/titulos-edited-1024x576.jpg 1024w, https:\/\/site.educa.madrid.org\/ies.becquer.algete\/\/wp-content\/uploads\/ies.becquer.algete\/2023\/02\/titulos-edited-768x432.jpg 768w\" sizes=\"(max-width: 706px) 89vw, (max-width: 767px) 82vw, 740px\" \/><\/figure><\/div>\n","protected":false},"excerpt":{"rendered":"<p>Para retirar el correspondiente t\u00edtulo deb\u00e9is acudir a la secretar\u00eda del centro provistos de vuestro&nbsp;DNI, Pasaporte o NIE. Tambi\u00e9n pod\u00e9is AUTORIZAR a otra persona que realice este tr\u00e1mite en vuestro nombre. Para ello deb\u00e9is&nbsp;descargar y rellenar la siguiente autorizaci\u00f3n. Descargar autorizaci\u00f3n para la recogida de t\u00edtulos<\/p>\n","protected":false},"author":3,"featured_media":0,"parent":130,"menu_order":5,"comment_status":"closed","ping_status":"closed","template":"page-with-siblings-submenu.php","meta":{"footnotes":""},"folder":[],"class_list":["post-692","page","type-page","status-publish","hentry"],"rttpg_featured_image_url":null,"rttpg_author":{"display_name":"ies.becquer.algete","author_link":"https:\/\/site.educa.madrid.org\/ies.becquer.algete\/index.php\/author\/cuenta_ies-becquer-algete\/"},"rttpg_comment":0,"rttpg_category":false,"rttpg_excerpt":"Para retirar el correspondiente t\u00edtulo deb\u00e9is acudir a la secretar\u00eda del centro provistos de vuestro&nbsp;DNI, Pasaporte o NIE. Tambi\u00e9n pod\u00e9is AUTORIZAR a otra persona que realice este tr\u00e1mite en vuestro nombre. Para ello deb\u00e9is&nbsp;descargar y rellenar la siguiente autorizaci\u00f3n. Descargar autorizaci\u00f3n para la recogida de t\u00edtulos","post_mailing_queue_ids":[],"_links":{"self":[{"href":"https:\/\/site.educa.madrid.org\/ies.becquer.algete\/index.php\/wp-json\/wp\/v2\/pages\/692","targetHints":{"allow":["GET"]}}],"collection":[{"href":"https:\/\/site.educa.madrid.org\/ies.becquer.algete\/index.php\/wp-json\/wp\/v2\/pages"}],"about":[{"href":"https:\/\/site.educa.madrid.org\/ies.becquer.algete\/index.php\/wp-json\/wp\/v2\/types\/page"}],"author":[{"embeddable":true,"href":"https:\/\/site.educa.madrid.org\/ies.becquer.algete\/index.php\/wp-json\/wp\/v2\/users\/3"}],"replies":[{"embeddable":true,"href":"https:\/\/site.educa.madrid.org\/ies.becquer.algete\/index.php\/wp-json\/wp\/v2\/comments?post=692"}],"version-history":[{"count":7,"href":"https:\/\/site.educa.madrid.org\/ies.becquer.algete\/index.php\/wp-json\/wp\/v2\/pages\/692\/revisions"}],"predecessor-version":[{"id":840,"href":"https:\/\/site.educa.madrid.org\/ies.becquer.algete\/index.php\/wp-json\/wp\/v2\/pages\/692\/revisions\/840"}],"up":[{"embeddable":true,"href":"https:\/\/site.educa.madrid.org\/ies.becquer.algete\/index.php\/wp-json\/wp\/v2\/pages\/130"}],"wp:attachment":[{"href":"https:\/\/site.educa.madrid.org\/ies.becquer.algete\/index.php\/wp-json\/wp\/v2\/media?parent=692"}],"wp:term":[{"taxonomy":"folder","embeddable":true,"href":"https:\/\/site.educa.madrid.org\/ies.becquer.algete\/index.php\/wp-json\/wp\/v2\/folder?post=692"}],"curies":[{"name":"wp","href":"https:\/\/api.w.org\/{rel}","templated":true}]}}