{"id":696,"date":"2023-02-08T21:34:22","date_gmt":"2023-02-08T20:34:22","guid":{"rendered":"https:\/\/site.educa.madrid.org\/ies.becquer.algete\/?page_id=696"},"modified":"2023-03-02T20:29:35","modified_gmt":"2023-03-02T19:29:35","slug":"dia-del-libro","status":"publish","type":"page","link":"https:\/\/site.educa.madrid.org\/ies.becquer.algete\/index.php\/inicio\/agenda\/dia-del-libro\/","title":{"rendered":"D\u00eda del libro"},"content":{"rendered":"\n<div class=\"wp-block-image\"><figure class=\"aligncenter size-large is-resized\"><img loading=\"lazy\" decoding=\"async\" src=\"https:\/\/site.educa.madrid.org\/ies.becquer.algete\/\/wp-content\/uploads\/ies.becquer.algete\/2023\/03\/dia-del-libro-1024x682.jpg\" alt=\"\" class=\"wp-image-1150\" width=\"599\" height=\"398\" srcset=\"https:\/\/site.educa.madrid.org\/ies.becquer.algete\/\/wp-content\/uploads\/ies.becquer.algete\/2023\/03\/dia-del-libro-1024x682.jpg 1024w, https:\/\/site.educa.madrid.org\/ies.becquer.algete\/\/wp-content\/uploads\/ies.becquer.algete\/2023\/03\/dia-del-libro-300x200.jpg 300w, https:\/\/site.educa.madrid.org\/ies.becquer.algete\/\/wp-content\/uploads\/ies.becquer.algete\/2023\/03\/dia-del-libro-768x512.jpg 768w, https:\/\/site.educa.madrid.org\/ies.becquer.algete\/\/wp-content\/uploads\/ies.becquer.algete\/2023\/03\/dia-del-libro-391x260.jpg 391w, https:\/\/site.educa.madrid.org\/ies.becquer.algete\/\/wp-content\/uploads\/ies.becquer.algete\/2023\/03\/dia-del-libro-272x182.jpg 272w, https:\/\/site.educa.madrid.org\/ies.becquer.algete\/\/wp-content\/uploads\/ies.becquer.algete\/2023\/03\/dia-del-libro.jpg 1280w\" sizes=\"auto, (max-width: 599px) 100vw, 599px\" \/><\/figure><\/div>\n\n\n\n<p>Cada a\u00f1o, el IES Gustavo Adolfo B\u00e9cquer organiza un acto conmemorativo con ocasi\u00f3n del <strong>D\u00eda de Libro<\/strong> con el fin de propiciar y extender entre sus alumnos el inter\u00e9s por la lectura y por la creaci\u00f3n literaria.<\/p>\n\n\n\n<p>Las actividades son de \u00edndole muy diversa: <strong>mercadillos de libros de segunda mano<\/strong>, <strong>gincanas literarias<\/strong>, <strong>talleres de escritura<\/strong>, etc. Tambi\u00e9n se obsequia a los alumnos con <strong>marcap\u00e1ginas <\/strong>. Sin embargo, el acto central de la jornada es aquel en el que se conmemora una <strong>efem\u00e9ride <\/strong>destacada dentro del universo de las <strong>letras hisp\u00e1nicas<\/strong>. Se ofrece, en primer lugar, a los alumnos, un <strong>documental <\/strong>o <strong>montaje audiovisual <\/strong>en el que se exponen, de forma amena, los acontecimientos biogr\u00e1ficos m\u00e1s significativos del autor que se recuerda, as\u00ed como los aspectos m\u00e1s destacables de su producci\u00f3n literaria. Despu\u00e9s, los alumnos proceden a la <strong>lectura p\u00fablica<\/strong> de fragmentos seleccionados entre las obras del escritor. El encuentro culmina con la <strong>entrega de los premios del concurso literario<\/strong> que cada a\u00f1o organiza el Departamento de Lengua Castellana y Literatura.<\/p>\n","protected":false},"excerpt":{"rendered":"<p>Cada a\u00f1o, el IES Gustavo Adolfo B\u00e9cquer organiza un acto conmemorativo con ocasi\u00f3n del D\u00eda de Libro con el fin de propiciar y extender entre sus alumnos el inter\u00e9s por la lectura y por la creaci\u00f3n literaria. Las actividades son de \u00edndole muy diversa: mercadillos de libros de segunda mano, gincanas literarias, talleres de escritura, &hellip; <\/p>\n<p class=\"link-more\"><a href=\"https:\/\/site.educa.madrid.org\/ies.becquer.algete\/index.php\/inicio\/agenda\/dia-del-libro\/\" class=\"more-link\">Continuar leyendo<span class=\"screen-reader-text\"> \u00abD\u00eda del libro\u00bb<\/span><\/a><\/p>\n","protected":false},"author":3,"featured_media":0,"parent":769,"menu_order":3,"comment_status":"closed","ping_status":"closed","template":"page-with-siblings-submenu.php","meta":{"footnotes":""},"folder":[],"class_list":["post-696","page","type-page","status-publish","hentry"],"rttpg_featured_image_url":null,"rttpg_author":{"display_name":"ies.becquer.algete","author_link":"https:\/\/site.educa.madrid.org\/ies.becquer.algete\/index.php\/author\/cuenta_ies-becquer-algete\/"},"rttpg_comment":0,"rttpg_category":false,"rttpg_excerpt":"Cada a\u00f1o, el IES Gustavo Adolfo B\u00e9cquer organiza un acto conmemorativo con ocasi\u00f3n del D\u00eda de Libro con el fin de propiciar y extender entre sus alumnos el inter\u00e9s por la lectura y por la creaci\u00f3n literaria. Las actividades son de \u00edndole muy diversa: mercadillos de libros de segunda mano, gincanas literarias, talleres de escritura,&hellip;","post_mailing_queue_ids":[],"_links":{"self":[{"href":"https:\/\/site.educa.madrid.org\/ies.becquer.algete\/index.php\/wp-json\/wp\/v2\/pages\/696","targetHints":{"allow":["GET"]}}],"collection":[{"href":"https:\/\/site.educa.madrid.org\/ies.becquer.algete\/index.php\/wp-json\/wp\/v2\/pages"}],"about":[{"href":"https:\/\/site.educa.madrid.org\/ies.becquer.algete\/index.php\/wp-json\/wp\/v2\/types\/page"}],"author":[{"embeddable":true,"href":"https:\/\/site.educa.madrid.org\/ies.becquer.algete\/index.php\/wp-json\/wp\/v2\/users\/3"}],"replies":[{"embeddable":true,"href":"https:\/\/site.educa.madrid.org\/ies.becquer.algete\/index.php\/wp-json\/wp\/v2\/comments?post=696"}],"version-history":[{"count":3,"href":"https:\/\/site.educa.madrid.org\/ies.becquer.algete\/index.php\/wp-json\/wp\/v2\/pages\/696\/revisions"}],"predecessor-version":[{"id":1152,"href":"https:\/\/site.educa.madrid.org\/ies.becquer.algete\/index.php\/wp-json\/wp\/v2\/pages\/696\/revisions\/1152"}],"up":[{"embeddable":true,"href":"https:\/\/site.educa.madrid.org\/ies.becquer.algete\/index.php\/wp-json\/wp\/v2\/pages\/769"}],"wp:attachment":[{"href":"https:\/\/site.educa.madrid.org\/ies.becquer.algete\/index.php\/wp-json\/wp\/v2\/media?parent=696"}],"wp:term":[{"taxonomy":"folder","embeddable":true,"href":"https:\/\/site.educa.madrid.org\/ies.becquer.algete\/index.php\/wp-json\/wp\/v2\/folder?post=696"}],"curies":[{"name":"wp","href":"https:\/\/api.w.org\/{rel}","templated":true}]}}