{"id":700,"date":"2023-02-08T21:35:04","date_gmt":"2023-02-08T20:35:04","guid":{"rendered":"https:\/\/site.educa.madrid.org\/ies.becquer.algete\/?page_id=700"},"modified":"2026-03-14T16:07:29","modified_gmt":"2026-03-14T15:07:29","slug":"acceso-a-la-universidad","status":"publish","type":"page","link":"https:\/\/site.educa.madrid.org\/ies.becquer.algete\/index.php\/inicio\/agenda\/acceso-a-la-universidad\/","title":{"rendered":"Acceso a la universidad"},"content":{"rendered":"\n<figure class=\"wp-block-image size-large\"><img loading=\"lazy\" decoding=\"async\" width=\"1024\" height=\"400\" src=\"https:\/\/site.educa.madrid.org\/ies.becquer.algete\/\/wp-content\/uploads\/ies.becquer.algete\/2023\/03\/acceso-a-la-universidad-1024x400.jpg\" alt=\"\" class=\"wp-image-1159\" srcset=\"https:\/\/site.educa.madrid.org\/ies.becquer.algete\/\/wp-content\/uploads\/ies.becquer.algete\/2023\/03\/acceso-a-la-universidad-1024x400.jpg 1024w, https:\/\/site.educa.madrid.org\/ies.becquer.algete\/\/wp-content\/uploads\/ies.becquer.algete\/2023\/03\/acceso-a-la-universidad-300x117.jpg 300w, https:\/\/site.educa.madrid.org\/ies.becquer.algete\/\/wp-content\/uploads\/ies.becquer.algete\/2023\/03\/acceso-a-la-universidad-768x300.jpg 768w, https:\/\/site.educa.madrid.org\/ies.becquer.algete\/\/wp-content\/uploads\/ies.becquer.algete\/2023\/03\/acceso-a-la-universidad-1536x600.jpg 1536w, https:\/\/site.educa.madrid.org\/ies.becquer.algete\/\/wp-content\/uploads\/ies.becquer.algete\/2023\/03\/acceso-a-la-universidad.jpg 1920w\" sizes=\"auto, (max-width: 706px) 89vw, (max-width: 767px) 82vw, 740px\" \/><\/figure>\n\n\n\n<p class=\"has-text-align-center\"><strong>Convocatoria de Evaluaci\u00f3n para el Acceso a la Universidad (EvAU)<\/strong><\/p>\n\n\n\n<ul class=\"wp-block-list\">\n<li>Ordinaria: 1, 2, 3 y 4 de junio de 2026.<\/li>\n\n\n\n<li>Extraordinaria: 30 de junio, 1 y 2 de julio de 2026.<\/li>\n<\/ul>\n\n\n\n<p class=\"has-text-align-center\"><strong>Enlaces de inter\u00e9s<\/strong><\/p>\n\n\n\n<ul class=\"wp-block-list\">\n<li><a href=\"https:\/\/www.uam.es\/uam\/vias-acceso-oferta-grados\" target=\"_blank\" rel=\"noreferrer noopener\">Universidad Aut\u00f3noma de Madrid &#8211; Acceso para estudiantes de Bachillerato y Formaci\u00f3n Profesional<\/a><\/li>\n\n\n\n<li><a href=\"https:\/\/site.educa.madrid.org\/ies.becquer.algete\/\/wp-content\/uploads\/ies.becquer.algete\/2026\/03\/BOCM-20260105-39.pdf\" target=\"_blank\" rel=\"noreferrer noopener\">Prueba de evaluaci\u00f3n para el acceso a la Universidad en la Comunidad de Madrid<\/a><\/li>\n\n\n\n<li><a href=\"https:\/\/site.educa.madrid.org\/ies.becquer.algete\/\/wp-content\/uploads\/ies.becquer.algete\/2026\/03\/2026.01.23-Acuerdo-Aprobacion-Horario-Convocatoria-ordinaria.pdf\" target=\"_blank\" rel=\"noreferrer noopener\">Horario de realizaci\u00f3n de la pruebas &#8211; Convocatoria ordinaria<\/a><\/li>\n\n\n\n<li><a href=\"https:\/\/site.educa.madrid.org\/ies.becquer.algete\/\/wp-content\/uploads\/ies.becquer.algete\/2026\/03\/2026.01.23-Acuerdo-Aprobacion-Horario-Convocatoria-Extraordinaria.pdf\" target=\"_blank\" rel=\"noreferrer noopener\">Horario de realizaci\u00f3n de las pruebas &#8211; Convocatoria extraordinaria<\/a><\/li>\n\n\n\n<li><a href=\"https:\/\/site.educa.madrid.org\/ies.becquer.algete\/\/wp-content\/uploads\/ies.becquer.algete\/2026\/03\/Acuerdo-Instrucciones-Estudiantes-AP_18.02.2026.pdf\" target=\"_blank\" rel=\"noreferrer noopener\">Instrucciones para los estudiantes<\/a><\/li>\n\n\n\n<li><a href=\"https:\/\/www.uam.es\/uam\/estudios\/normativa-adaptaciones\" target=\"_blank\" rel=\"noreferrer noopener\">Instrucciones para la adaptaci\u00f3n de los modelos de examen<\/a><\/li>\n\n\n\n<li><a href=\"https:\/\/site.educa.madrid.org\/ies.becquer.algete\/\/wp-content\/uploads\/ies.becquer.algete\/2026\/03\/2026.02.18-ACUERDO-INFRACCIONES-Y-SANCIONES-AP-18.02.2026.pdf\" target=\"_blank\" rel=\"noreferrer noopener\">Actuaci\u00f3n ante posibles infracciones<\/a><\/li>\n\n\n\n<li><a href=\"https:\/\/site.educa.madrid.org\/ies.becquer.algete\/\/wp-content\/uploads\/ies.becquer.algete\/2026\/03\/2025.02.17-Calculadoras-permitidas.pdf\" target=\"_blank\" rel=\"noreferrer noopener\">Nota sobre el uso de calculadoras y otros instrumentos<\/a><\/li>\n\n\n\n<li><a href=\"https:\/\/site.educa.madrid.org\/ies.becquer.algete\/\/wp-content\/uploads\/ies.becquer.algete\/2026\/03\/CRITERIOS-GENERAL-DE-CORRECCION-modificados-2.pdf\" target=\"_blank\" rel=\"noreferrer noopener\">Criterios generales de evaluaci\u00f3n<\/a><\/li>\n\n\n\n<li><a href=\"https:\/\/www.uam.es\/uam\/estudios\/modelos-examen-2026\" target=\"_blank\" rel=\"noreferrer noopener\">Modelos de examen 2026<\/a><\/li>\n\n\n\n<li><a href=\"https:\/\/www.uam.es\/uam\/estudios\/archivos-examenes\" target=\"_blank\" rel=\"noreferrer noopener\">Ex\u00e1menes de convocatorias anteriores<\/a><\/li>\n\n\n\n<li><a href=\"https:\/\/site.educa.madrid.org\/ies.becquer.algete\/\/wp-content\/uploads\/ies.becquer.algete\/2026\/03\/ponderaciones_26-27_pdf_27_02_26.pdf\" target=\"_blank\" rel=\"noreferrer noopener\">Tabla de ponderaciones 2026<\/a><\/li>\n\n\n\n<li><a href=\"https:\/\/site.educa.madrid.org\/ies.becquer.algete\/\/wp-content\/uploads\/ies.becquer.algete\/2026\/03\/notas_de_corte_2025-26_publicacion_para_web.pdf\" target=\"_blank\" rel=\"noreferrer noopener\">Notas de corte &#8211; Universidades de Madrid 2025\/26<\/a><\/li>\n\n\n\n<li><a href=\"https:\/\/site.educa.madrid.org\/ies.becquer.algete\/\/wp-content\/uploads\/ies.becquer.algete\/2026\/03\/Notas-de-Corte-UAM-2025-2026-Ordinaria-Cupos.pdf\" target=\"_blank\" rel=\"noreferrer noopener\">Notas de corte &#8211; UAM 2025\/26<\/a><\/li>\n\n\n\n<li><a href=\"https:\/\/site.educa.madrid.org\/ies.becquer.algete\/\/wp-content\/uploads\/ies.becquer.algete\/2026\/03\/3.-UAM-Oferta-plazas-grado-2026_27_CG-_-web.pdf\" target=\"_blank\" rel=\"noreferrer noopener\">Oferta de plazas &#8211; UAM 2026\/27<\/a><\/li>\n\n\n\n<li>Calcula tu nota de acceso (Simulador)<\/li>\n<\/ul>\n\n\n\n<p>En el portal del Espacio Madrile\u00f1o de Ense\u00f1anza Superior puedes encontrar informaci\u00f3n general sobre la Prueba de Acceso a la Universidad desde el Bachillerato (estructura de la prueba, calificaciones, nota de admisi\u00f3n, convocatorias, notas de corte, etc.)<\/p>\n\n\n\n<p class=\"has-text-align-center\"><a href=\"https:\/\/www.comunidad.madrid\/servicios\/educacion\/universidades\" target=\"_blank\" rel=\"noreferrer noopener\">Espacio Madrile\u00f1o de Ense\u00f1anza Superior<\/a><\/p>\n\n\n\n<p>Si necesitas m\u00e1s informaci\u00f3n puedes visitar la p\u00e1gina de informaci\u00f3n para futuros estudiantes de la UAM, donde podr\u00e1n asesorarte sobre todas las cuestiones relacionadas con el acceso a la Universidad (grados, materias, becas).<\/p>\n\n\n\n<p class=\"has-text-align-center\"><a href=\"https:\/\/www.uam.es\/uam\/estudios\/futuros-estudiantes\" target=\"_blank\" rel=\"noreferrer noopener\">Informaci\u00f3n para futuros estudiantes de la UAM<\/a><\/p>\n","protected":false},"excerpt":{"rendered":"<p>Convocatoria de Evaluaci\u00f3n para el Acceso a la Universidad (EvAU) Enlaces de inter\u00e9s En el portal del Espacio Madrile\u00f1o de Ense\u00f1anza Superior puedes encontrar informaci\u00f3n general sobre la Prueba de Acceso a la Universidad desde el Bachillerato (estructura de la prueba, calificaciones, nota de admisi\u00f3n, convocatorias, notas de corte, etc.) Espacio Madrile\u00f1o de Ense\u00f1anza Superior &hellip; <\/p>\n<p class=\"link-more\"><a href=\"https:\/\/site.educa.madrid.org\/ies.becquer.algete\/index.php\/inicio\/agenda\/acceso-a-la-universidad\/\" class=\"more-link\">Continuar leyendo<span class=\"screen-reader-text\"> \u00abAcceso a la universidad\u00bb<\/span><\/a><\/p>\n","protected":false},"author":3,"featured_media":0,"parent":769,"menu_order":5,"comment_status":"closed","ping_status":"closed","template":"page-with-siblings-submenu.php","meta":{"footnotes":""},"folder":[],"class_list":["post-700","page","type-page","status-publish","hentry"],"rttpg_featured_image_url":null,"rttpg_author":{"display_name":"ies.becquer.algete","author_link":"https:\/\/site.educa.madrid.org\/ies.becquer.algete\/index.php\/author\/cuenta_ies-becquer-algete\/"},"rttpg_comment":0,"rttpg_category":false,"rttpg_excerpt":"Convocatoria de Evaluaci\u00f3n para el Acceso a la Universidad (EvAU) Enlaces de inter\u00e9s En el portal del Espacio Madrile\u00f1o de Ense\u00f1anza Superior puedes encontrar informaci\u00f3n general sobre la Prueba de Acceso a la Universidad desde el Bachillerato (estructura de la prueba, calificaciones, nota de admisi\u00f3n, convocatorias, notas de corte, etc.) Espacio Madrile\u00f1o de Ense\u00f1anza Superior&hellip;","post_mailing_queue_ids":[],"_links":{"self":[{"href":"https:\/\/site.educa.madrid.org\/ies.becquer.algete\/index.php\/wp-json\/wp\/v2\/pages\/700","targetHints":{"allow":["GET"]}}],"collection":[{"href":"https:\/\/site.educa.madrid.org\/ies.becquer.algete\/index.php\/wp-json\/wp\/v2\/pages"}],"about":[{"href":"https:\/\/site.educa.madrid.org\/ies.becquer.algete\/index.php\/wp-json\/wp\/v2\/types\/page"}],"author":[{"embeddable":true,"href":"https:\/\/site.educa.madrid.org\/ies.becquer.algete\/index.php\/wp-json\/wp\/v2\/users\/3"}],"replies":[{"embeddable":true,"href":"https:\/\/site.educa.madrid.org\/ies.becquer.algete\/index.php\/wp-json\/wp\/v2\/comments?post=700"}],"version-history":[{"count":7,"href":"https:\/\/site.educa.madrid.org\/ies.becquer.algete\/index.php\/wp-json\/wp\/v2\/pages\/700\/revisions"}],"predecessor-version":[{"id":2672,"href":"https:\/\/site.educa.madrid.org\/ies.becquer.algete\/index.php\/wp-json\/wp\/v2\/pages\/700\/revisions\/2672"}],"up":[{"embeddable":true,"href":"https:\/\/site.educa.madrid.org\/ies.becquer.algete\/index.php\/wp-json\/wp\/v2\/pages\/769"}],"wp:attachment":[{"href":"https:\/\/site.educa.madrid.org\/ies.becquer.algete\/index.php\/wp-json\/wp\/v2\/media?parent=700"}],"wp:term":[{"taxonomy":"folder","embeddable":true,"href":"https:\/\/site.educa.madrid.org\/ies.becquer.algete\/index.php\/wp-json\/wp\/v2\/folder?post=700"}],"curies":[{"name":"wp","href":"https:\/\/api.w.org\/{rel}","templated":true}]}}