{"id":741,"date":"2023-02-09T12:47:11","date_gmt":"2023-02-09T11:47:11","guid":{"rendered":"https:\/\/site.educa.madrid.org\/ies.becquer.algete\/?page_id=741"},"modified":"2023-02-27T08:27:02","modified_gmt":"2023-02-27T07:27:02","slug":"aula-tgd","status":"publish","type":"page","link":"https:\/\/site.educa.madrid.org\/ies.becquer.algete\/index.php\/inicio\/servicios-y-actividades\/aula-tgd\/","title":{"rendered":"Aula TGD"},"content":{"rendered":"\n<p>Desde el&nbsp;<strong>curso 2019\/2020<\/strong>&nbsp;somos un&nbsp;<strong>Centro Preferente para la escolarizaci\u00f3n de alumnos con TEA<\/strong>&nbsp;(Trastorno del Espectro Autista).<\/p>\n\n\n\n<p>El aula espec\u00edfica en centro ordinario es una modalidad de escolarizaci\u00f3n que se est\u00e1 generalizando en los centros educativos por los beneficios que aporta al alumnado con necesidades educativas especiales (ACNEE) y, en concreto, al alumnado con trastorno del espectro autista.<\/p>\n\n\n\n<div class=\"wp-block-image\"><figure class=\"aligncenter size-large is-resized\"><img loading=\"lazy\" decoding=\"async\" src=\"https:\/\/site.educa.madrid.org\/ies.becquer.algete\/\/wp-content\/uploads\/ies.becquer.algete\/2023\/02\/esoc-1-1024x576.jpg\" alt=\"\" class=\"wp-image-1008\" width=\"555\" height=\"312\" srcset=\"https:\/\/site.educa.madrid.org\/ies.becquer.algete\/\/wp-content\/uploads\/ies.becquer.algete\/2023\/02\/esoc-1-1024x576.jpg 1024w, https:\/\/site.educa.madrid.org\/ies.becquer.algete\/\/wp-content\/uploads\/ies.becquer.algete\/2023\/02\/esoc-1-300x169.jpg 300w, https:\/\/site.educa.madrid.org\/ies.becquer.algete\/\/wp-content\/uploads\/ies.becquer.algete\/2023\/02\/esoc-1-768x432.jpg 768w, https:\/\/site.educa.madrid.org\/ies.becquer.algete\/\/wp-content\/uploads\/ies.becquer.algete\/2023\/02\/esoc-1.jpg 1280w\" sizes=\"auto, (max-width: 555px) 100vw, 555px\" \/><\/figure><\/div>\n","protected":false},"excerpt":{"rendered":"<p>Desde el&nbsp;curso 2019\/2020&nbsp;somos un&nbsp;Centro Preferente para la escolarizaci\u00f3n de alumnos con TEA&nbsp;(Trastorno del Espectro Autista). El aula espec\u00edfica en centro ordinario es una modalidad de escolarizaci\u00f3n que se est\u00e1 generalizando en los centros educativos por los beneficios que aporta al alumnado con necesidades educativas especiales (ACNEE) y, en concreto, al alumnado con trastorno del espectro &hellip; <\/p>\n<p class=\"link-more\"><a href=\"https:\/\/site.educa.madrid.org\/ies.becquer.algete\/index.php\/inicio\/servicios-y-actividades\/aula-tgd\/\" class=\"more-link\">Continuar leyendo<span class=\"screen-reader-text\"> \u00abAula TGD\u00bb<\/span><\/a><\/p>\n","protected":false},"author":3,"featured_media":0,"parent":126,"menu_order":6,"comment_status":"closed","ping_status":"closed","template":"page-with-submenu.php","meta":{"footnotes":""},"folder":[],"class_list":["post-741","page","type-page","status-publish","hentry"],"rttpg_featured_image_url":null,"rttpg_author":{"display_name":"ies.becquer.algete","author_link":"https:\/\/site.educa.madrid.org\/ies.becquer.algete\/index.php\/author\/cuenta_ies-becquer-algete\/"},"rttpg_comment":0,"rttpg_category":false,"rttpg_excerpt":"Desde el&nbsp;curso 2019\/2020&nbsp;somos un&nbsp;Centro Preferente para la escolarizaci\u00f3n de alumnos con TEA&nbsp;(Trastorno del Espectro Autista). El aula espec\u00edfica en centro ordinario es una modalidad de escolarizaci\u00f3n que se est\u00e1 generalizando en los centros educativos por los beneficios que aporta al alumnado con necesidades educativas especiales (ACNEE) y, en concreto, al alumnado con trastorno del espectro&hellip;","post_mailing_queue_ids":[],"_links":{"self":[{"href":"https:\/\/site.educa.madrid.org\/ies.becquer.algete\/index.php\/wp-json\/wp\/v2\/pages\/741","targetHints":{"allow":["GET"]}}],"collection":[{"href":"https:\/\/site.educa.madrid.org\/ies.becquer.algete\/index.php\/wp-json\/wp\/v2\/pages"}],"about":[{"href":"https:\/\/site.educa.madrid.org\/ies.becquer.algete\/index.php\/wp-json\/wp\/v2\/types\/page"}],"author":[{"embeddable":true,"href":"https:\/\/site.educa.madrid.org\/ies.becquer.algete\/index.php\/wp-json\/wp\/v2\/users\/3"}],"replies":[{"embeddable":true,"href":"https:\/\/site.educa.madrid.org\/ies.becquer.algete\/index.php\/wp-json\/wp\/v2\/comments?post=741"}],"version-history":[{"count":2,"href":"https:\/\/site.educa.madrid.org\/ies.becquer.algete\/index.php\/wp-json\/wp\/v2\/pages\/741\/revisions"}],"predecessor-version":[{"id":1009,"href":"https:\/\/site.educa.madrid.org\/ies.becquer.algete\/index.php\/wp-json\/wp\/v2\/pages\/741\/revisions\/1009"}],"up":[{"embeddable":true,"href":"https:\/\/site.educa.madrid.org\/ies.becquer.algete\/index.php\/wp-json\/wp\/v2\/pages\/126"}],"wp:attachment":[{"href":"https:\/\/site.educa.madrid.org\/ies.becquer.algete\/index.php\/wp-json\/wp\/v2\/media?parent=741"}],"wp:term":[{"taxonomy":"folder","embeddable":true,"href":"https:\/\/site.educa.madrid.org\/ies.becquer.algete\/index.php\/wp-json\/wp\/v2\/folder?post=741"}],"curies":[{"name":"wp","href":"https:\/\/api.w.org\/{rel}","templated":true}]}}