{"id":745,"date":"2023-02-09T12:48:06","date_gmt":"2023-02-09T11:48:06","guid":{"rendered":"https:\/\/site.educa.madrid.org\/ies.becquer.algete\/?page_id=745"},"modified":"2023-03-02T21:15:38","modified_gmt":"2023-03-02T20:15:38","slug":"biblioteca","status":"publish","type":"page","link":"https:\/\/site.educa.madrid.org\/ies.becquer.algete\/index.php\/inicio\/servicios-y-actividades\/biblioteca\/","title":{"rendered":"Biblioteca"},"content":{"rendered":"\n<p>La <strong>biblioteca <\/strong>del centro se encuentra en la<strong> planta baja del edificio<\/strong>. Cuenta con unos <strong>ochenta puestos de lectura.<\/strong><\/p>\n\n\n\n<p>Adem\u00e1s de <strong>libros<\/strong>,\u00a0se pueden consultar <strong>revistas especializadas<\/strong> en diferentes temas y acceder a una <strong>colecci\u00f3n b\u00e1sica de pel\u00edculas<\/strong>.<\/p>\n\n\n\n<div class=\"wp-block-image\"><figure class=\"aligncenter size-large is-resized\"><img loading=\"lazy\" decoding=\"async\" src=\"https:\/\/site.educa.madrid.org\/ies.becquer.algete\/\/wp-content\/uploads\/ies.becquer.algete\/2023\/02\/biblioteca-1024x656.jpg\" alt=\"\" class=\"wp-image-1014\" width=\"513\" height=\"328\" srcset=\"https:\/\/site.educa.madrid.org\/ies.becquer.algete\/\/wp-content\/uploads\/ies.becquer.algete\/2023\/02\/biblioteca-1024x656.jpg 1024w, https:\/\/site.educa.madrid.org\/ies.becquer.algete\/\/wp-content\/uploads\/ies.becquer.algete\/2023\/02\/biblioteca-300x192.jpg 300w, https:\/\/site.educa.madrid.org\/ies.becquer.algete\/\/wp-content\/uploads\/ies.becquer.algete\/2023\/02\/biblioteca-768x492.jpg 768w, https:\/\/site.educa.madrid.org\/ies.becquer.algete\/\/wp-content\/uploads\/ies.becquer.algete\/2023\/02\/biblioteca.jpg 1280w\" sizes=\"auto, (max-width: 513px) 100vw, 513px\" \/><\/figure><\/div>\n","protected":false},"excerpt":{"rendered":"<p>La biblioteca del centro se encuentra en la planta baja del edificio. Cuenta con unos ochenta puestos de lectura. Adem\u00e1s de libros,\u00a0se pueden consultar revistas especializadas en diferentes temas y acceder a una colecci\u00f3n b\u00e1sica de pel\u00edculas.<\/p>\n","protected":false},"author":3,"featured_media":0,"parent":126,"menu_order":8,"comment_status":"closed","ping_status":"closed","template":"page-with-siblings-submenu.php","meta":{"footnotes":""},"folder":[],"class_list":["post-745","page","type-page","status-publish","hentry"],"rttpg_featured_image_url":null,"rttpg_author":{"display_name":"ies.becquer.algete","author_link":"https:\/\/site.educa.madrid.org\/ies.becquer.algete\/index.php\/author\/cuenta_ies-becquer-algete\/"},"rttpg_comment":0,"rttpg_category":false,"rttpg_excerpt":"La biblioteca del centro se encuentra en la planta baja del edificio. Cuenta con unos ochenta puestos de lectura. Adem\u00e1s de libros,\u00a0se pueden consultar revistas especializadas en diferentes temas y acceder a una colecci\u00f3n b\u00e1sica de pel\u00edculas.","post_mailing_queue_ids":[],"_links":{"self":[{"href":"https:\/\/site.educa.madrid.org\/ies.becquer.algete\/index.php\/wp-json\/wp\/v2\/pages\/745","targetHints":{"allow":["GET"]}}],"collection":[{"href":"https:\/\/site.educa.madrid.org\/ies.becquer.algete\/index.php\/wp-json\/wp\/v2\/pages"}],"about":[{"href":"https:\/\/site.educa.madrid.org\/ies.becquer.algete\/index.php\/wp-json\/wp\/v2\/types\/page"}],"author":[{"embeddable":true,"href":"https:\/\/site.educa.madrid.org\/ies.becquer.algete\/index.php\/wp-json\/wp\/v2\/users\/3"}],"replies":[{"embeddable":true,"href":"https:\/\/site.educa.madrid.org\/ies.becquer.algete\/index.php\/wp-json\/wp\/v2\/comments?post=745"}],"version-history":[{"count":3,"href":"https:\/\/site.educa.madrid.org\/ies.becquer.algete\/index.php\/wp-json\/wp\/v2\/pages\/745\/revisions"}],"predecessor-version":[{"id":1176,"href":"https:\/\/site.educa.madrid.org\/ies.becquer.algete\/index.php\/wp-json\/wp\/v2\/pages\/745\/revisions\/1176"}],"up":[{"embeddable":true,"href":"https:\/\/site.educa.madrid.org\/ies.becquer.algete\/index.php\/wp-json\/wp\/v2\/pages\/126"}],"wp:attachment":[{"href":"https:\/\/site.educa.madrid.org\/ies.becquer.algete\/index.php\/wp-json\/wp\/v2\/media?parent=745"}],"wp:term":[{"taxonomy":"folder","embeddable":true,"href":"https:\/\/site.educa.madrid.org\/ies.becquer.algete\/index.php\/wp-json\/wp\/v2\/folder?post=745"}],"curies":[{"name":"wp","href":"https:\/\/api.w.org\/{rel}","templated":true}]}}