{"id":749,"date":"2023-02-09T12:48:44","date_gmt":"2023-02-09T11:48:44","guid":{"rendered":"https:\/\/site.educa.madrid.org\/ies.becquer.algete\/?page_id=749"},"modified":"2023-03-02T21:21:59","modified_gmt":"2023-03-02T20:21:59","slug":"reprografia","status":"publish","type":"page","link":"https:\/\/site.educa.madrid.org\/ies.becquer.algete\/index.php\/inicio\/servicios-y-actividades\/reprografia\/","title":{"rendered":"Reprograf\u00eda"},"content":{"rendered":"\n<div class=\"wp-block-image\"><figure class=\"aligncenter size-large is-resized\"><img loading=\"lazy\" decoding=\"async\" src=\"https:\/\/site.educa.madrid.org\/ies.becquer.algete\/\/wp-content\/uploads\/ies.becquer.algete\/2023\/03\/reprografia-1024x768.jpg\" alt=\"\" class=\"wp-image-1180\" width=\"618\" height=\"463\" srcset=\"https:\/\/site.educa.madrid.org\/ies.becquer.algete\/\/wp-content\/uploads\/ies.becquer.algete\/2023\/03\/reprografia-1024x768.jpg 1024w, https:\/\/site.educa.madrid.org\/ies.becquer.algete\/\/wp-content\/uploads\/ies.becquer.algete\/2023\/03\/reprografia-300x225.jpg 300w, https:\/\/site.educa.madrid.org\/ies.becquer.algete\/\/wp-content\/uploads\/ies.becquer.algete\/2023\/03\/reprografia-768x576.jpg 768w, https:\/\/site.educa.madrid.org\/ies.becquer.algete\/\/wp-content\/uploads\/ies.becquer.algete\/2023\/03\/reprografia.jpg 1280w\" sizes=\"auto, (max-width: 618px) 100vw, 618px\" \/><\/figure><\/div>\n\n\n\n<p>El centro dispone de un <strong>servicio de reprograf\u00eda <\/strong>para profesores y alumnos con <strong>tres fotocopiadoras<\/strong> instaladas en conserjer\u00eda, en el vest\u00edbulo principal y en la sala de profesores.<\/p>\n\n\n\n<p>Adem\u00e1s se realizar trabajos de encuadernaci\u00f3n y plastificaci\u00f3n.<\/p>\n\n\n\n<p><strong>\u00bfC\u00d3MO OBTENER FOTOCOPIAS O IMPRIMIR UN DOCUMENTO?<\/strong><\/p>\n\n\n\n<p>Una vez formalizada su matr\u00edcula, todos nuestros estudiantes reciben una <strong>tarjeta identificativa<\/strong> v\u00e1lida para toda su estancia en el centro.<\/p>\n\n\n\n<p>Esta tarjeta sirve para controlar el <strong>acceso <\/strong>de los estudiantes al recinto del instituto, para el <strong>pr\u00e9stamo de libros<\/strong> en la biblioteca (mediante el c\u00f3digo de barras del que dispone) y tambi\u00e9n como <strong>monedero electr\u00f3nico para realizar el pago de fotocopias o impresi\u00f3n de documentos<\/strong>.<\/p>\n\n\n\n<p>Al comenzar el curso, el monedero se carga autom\u00e1ticamente con 1,50 \u20ac.<\/p>\n\n\n\n<p>A partir de ese momento, el estudiante puede recargar la tarjeta en funci\u00f3n de sus necesidades.<\/p>\n\n\n\n<p>El precio de la fotocopia para los alumnos y otros usuarios es de 0,06 \u20ac.<\/p>\n","protected":false},"excerpt":{"rendered":"<p>El centro dispone de un servicio de reprograf\u00eda para profesores y alumnos con tres fotocopiadoras instaladas en conserjer\u00eda, en el vest\u00edbulo principal y en la sala de profesores. Adem\u00e1s se realizar trabajos de encuadernaci\u00f3n y plastificaci\u00f3n. \u00bfC\u00d3MO OBTENER FOTOCOPIAS O IMPRIMIR UN DOCUMENTO? Una vez formalizada su matr\u00edcula, todos nuestros estudiantes reciben una tarjeta identificativa &hellip; <\/p>\n<p class=\"link-more\"><a href=\"https:\/\/site.educa.madrid.org\/ies.becquer.algete\/index.php\/inicio\/servicios-y-actividades\/reprografia\/\" class=\"more-link\">Continuar leyendo<span class=\"screen-reader-text\"> \u00abReprograf\u00eda\u00bb<\/span><\/a><\/p>\n","protected":false},"author":3,"featured_media":0,"parent":126,"menu_order":10,"comment_status":"closed","ping_status":"closed","template":"page-with-siblings-submenu.php","meta":{"footnotes":""},"folder":[],"class_list":["post-749","page","type-page","status-publish","hentry"],"rttpg_featured_image_url":null,"rttpg_author":{"display_name":"ies.becquer.algete","author_link":"https:\/\/site.educa.madrid.org\/ies.becquer.algete\/index.php\/author\/cuenta_ies-becquer-algete\/"},"rttpg_comment":0,"rttpg_category":false,"rttpg_excerpt":"El centro dispone de un servicio de reprograf\u00eda para profesores y alumnos con tres fotocopiadoras instaladas en conserjer\u00eda, en el vest\u00edbulo principal y en la sala de profesores. Adem\u00e1s se realizar trabajos de encuadernaci\u00f3n y plastificaci\u00f3n. \u00bfC\u00d3MO OBTENER FOTOCOPIAS O IMPRIMIR UN DOCUMENTO? Una vez formalizada su matr\u00edcula, todos nuestros estudiantes reciben una tarjeta identificativa&hellip;","post_mailing_queue_ids":[],"_links":{"self":[{"href":"https:\/\/site.educa.madrid.org\/ies.becquer.algete\/index.php\/wp-json\/wp\/v2\/pages\/749","targetHints":{"allow":["GET"]}}],"collection":[{"href":"https:\/\/site.educa.madrid.org\/ies.becquer.algete\/index.php\/wp-json\/wp\/v2\/pages"}],"about":[{"href":"https:\/\/site.educa.madrid.org\/ies.becquer.algete\/index.php\/wp-json\/wp\/v2\/types\/page"}],"author":[{"embeddable":true,"href":"https:\/\/site.educa.madrid.org\/ies.becquer.algete\/index.php\/wp-json\/wp\/v2\/users\/3"}],"replies":[{"embeddable":true,"href":"https:\/\/site.educa.madrid.org\/ies.becquer.algete\/index.php\/wp-json\/wp\/v2\/comments?post=749"}],"version-history":[{"count":4,"href":"https:\/\/site.educa.madrid.org\/ies.becquer.algete\/index.php\/wp-json\/wp\/v2\/pages\/749\/revisions"}],"predecessor-version":[{"id":1182,"href":"https:\/\/site.educa.madrid.org\/ies.becquer.algete\/index.php\/wp-json\/wp\/v2\/pages\/749\/revisions\/1182"}],"up":[{"embeddable":true,"href":"https:\/\/site.educa.madrid.org\/ies.becquer.algete\/index.php\/wp-json\/wp\/v2\/pages\/126"}],"wp:attachment":[{"href":"https:\/\/site.educa.madrid.org\/ies.becquer.algete\/index.php\/wp-json\/wp\/v2\/media?parent=749"}],"wp:term":[{"taxonomy":"folder","embeddable":true,"href":"https:\/\/site.educa.madrid.org\/ies.becquer.algete\/index.php\/wp-json\/wp\/v2\/folder?post=749"}],"curies":[{"name":"wp","href":"https:\/\/api.w.org\/{rel}","templated":true}]}}