{"id":751,"date":"2023-02-09T12:49:03","date_gmt":"2023-02-09T11:49:03","guid":{"rendered":"https:\/\/site.educa.madrid.org\/ies.becquer.algete\/?page_id=751"},"modified":"2024-09-17T16:46:00","modified_gmt":"2024-09-17T14:46:00","slug":"transporte-escolar","status":"publish","type":"page","link":"https:\/\/site.educa.madrid.org\/ies.becquer.algete\/index.php\/inicio\/servicios-y-actividades\/transporte-escolar\/","title":{"rendered":"Transporte escolar"},"content":{"rendered":"<div class=\"wp-block-image\">\n<figure class=\"aligncenter size-large is-resized\"><img loading=\"lazy\" decoding=\"async\" width=\"1024\" height=\"768\" src=\"https:\/\/site.educa.madrid.org\/ies.becquer.algete\/\/wp-content\/uploads\/ies.becquer.algete\/2023\/03\/transporte-escolar-1024x768.jpg\" alt=\"\" class=\"wp-image-1183\" style=\"width:617px;height:462px\" srcset=\"https:\/\/site.educa.madrid.org\/ies.becquer.algete\/\/wp-content\/uploads\/ies.becquer.algete\/2023\/03\/transporte-escolar-1024x768.jpg 1024w, https:\/\/site.educa.madrid.org\/ies.becquer.algete\/\/wp-content\/uploads\/ies.becquer.algete\/2023\/03\/transporte-escolar-300x225.jpg 300w, https:\/\/site.educa.madrid.org\/ies.becquer.algete\/\/wp-content\/uploads\/ies.becquer.algete\/2023\/03\/transporte-escolar-768x576.jpg 768w, https:\/\/site.educa.madrid.org\/ies.becquer.algete\/\/wp-content\/uploads\/ies.becquer.algete\/2023\/03\/transporte-escolar.jpg 1280w\" sizes=\"auto, (max-width: 706px) 89vw, (max-width: 767px) 82vw, 740px\" \/><\/figure>\n<\/div>\n\n\n<p>El IES Gustavo Adolfo B\u00e9cquer cuenta con un servicio de <strong>transporte escolar<\/strong> para los alumnos de las localidades de <strong>Alalpardo<\/strong>,  <strong>Prado Norte (Algete)<\/strong> y <strong>Valdeolmos<\/strong>. <\/p>\n\n\n\n<p>A todos los alumnos se les proporciona un <strong>carn\u00e9 <\/strong>que deber\u00e1n mostrar al conductor al acceder al autob\u00fas para poder hacer uso de este servicio.<\/p>\n\n\n\n<p>Los <strong>alumnos de bachillerato<\/strong> as\u00ed como los residentes en <strong>Fuente el Saz<\/strong> pueden utilizar las rutas siempre que queden vacantes.<\/p>\n\n\n\n<p><strong>SOLICITUD Y NORMAS DE USO<\/strong><\/p>\n\n\n\n<ol class=\"wp-block-list\">\n<li><strong>Solicitud:<\/strong><\/li>\n<\/ol>\n\n\n\n<p><strong>Alumnos de Educaci\u00f3n Secundaria Obligatoria<\/strong><\/p>\n\n\n\n<p>Todos los alumnos que tengan domicilio en las localidades anteriores deber\u00e1n solicitar el uso del transporte escolar cuando formalicen la matr\u00edcula, cumplimentando la zona marcada en el impreso. La firma en la matr\u00edcula autoriza el uso del transporte escolar.<\/p>\n\n\n\n<p><strong>Alumnos de Bachillerato<\/strong><\/p>\n\n\n\n<p>El proceso de solicitud es el mismo que para los alumnos de ESO, y la plaza depender\u00e1 de la existencia de vacantes.<\/p>\n\n\n\n<ol class=\"wp-block-list\" start=\"2\">\n<li><strong>Normas de uso:<\/strong><\/li>\n<\/ol>\n\n\n\n<p>Al comienzo de curso se entregar\u00e1 a los alumnos un carn\u00e9 que les acredita como usuarios del transporte escolar. En \u00e9l, adem\u00e1s de sus datos personales, figurar\u00e1 la ruta asignada.<\/p>\n\n\n\n<ul class=\"wp-block-list\">\n<li>Para poder utilizar el transporte es imprescindible llevar y presentar el <strong>carn\u00e9 <\/strong>al conductor.<\/li>\n\n\n\n<li>El incumplimiento de las <strong>normas de funcionamiento del transporte<\/strong> escolar ser\u00e1n corregidas mediante el procedimiento establecido en el Reglamento de R\u00e9gimen Interior.<\/li>\n\n\n\n<li>Los alumnos deben acudir a las paradas con <strong>puntualidad<\/strong>.<\/li>\n\n\n\n<li>Cualquier <strong>incidencia <\/strong>que ocurra deber\u00e1 ser comunicada, v\u00eda alumno, a la directora del centro. <\/li>\n<\/ul>\n\n\n\n<p><strong>RUTAS DEL I.E.S. GUSTAVO ADOLFO B\u00c9CQUER Y PARADAS QUE REALIZAN <\/strong><\/p>\n\n\n\n<ul class=\"wp-block-list\">\n<li>RUTA 1. SERVICIO SUSPENDIDO A PARTIR DEL CURSO 2024\/25<\/li>\n\n\n\n<li>RUTA 2. VALDEOLMOS &#8211; PARADA BUS \/ ALALPARDO &#8211; MIRAVAL <\/li>\n\n\n\n<li>RUTA 3. VALDEOLMOS &#8211; PARADA BUS \/ ALALPARDO &#8211; PARADA BUS \/ ALALPARDO &#8211; ROTONDA<\/li>\n\n\n\n<li>RUTA 4. ALALPARDO &#8211; PARADA BUS<\/li>\n\n\n\n<li>RUTA 5. PRADO NORTE &#8211; MALATONES &#8211; CEIPSO MARTINA GARC\u00cdA<\/li>\n<\/ul>\n","protected":false},"excerpt":{"rendered":"<p>El IES Gustavo Adolfo B\u00e9cquer cuenta con un servicio de transporte escolar para los alumnos de las localidades de Alalpardo, Prado Norte (Algete) y Valdeolmos. A todos los alumnos se les proporciona un carn\u00e9 que deber\u00e1n mostrar al conductor al acceder al autob\u00fas para poder hacer uso de este servicio. Los alumnos de bachillerato as\u00ed &hellip; <\/p>\n<p class=\"link-more\"><a href=\"https:\/\/site.educa.madrid.org\/ies.becquer.algete\/index.php\/inicio\/servicios-y-actividades\/transporte-escolar\/\" class=\"more-link\">Continuar leyendo<span class=\"screen-reader-text\"> \u00abTransporte escolar\u00bb<\/span><\/a><\/p>\n","protected":false},"author":3,"featured_media":0,"parent":126,"menu_order":11,"comment_status":"closed","ping_status":"closed","template":"page-with-siblings-submenu.php","meta":{"footnotes":""},"folder":[],"class_list":["post-751","page","type-page","status-publish","hentry"],"rttpg_featured_image_url":null,"rttpg_author":{"display_name":"ies.becquer.algete","author_link":"https:\/\/site.educa.madrid.org\/ies.becquer.algete\/index.php\/author\/cuenta_ies-becquer-algete\/"},"rttpg_comment":0,"rttpg_category":false,"rttpg_excerpt":"El IES Gustavo Adolfo B\u00e9cquer cuenta con un servicio de transporte escolar para los alumnos de las localidades de Alalpardo, Prado Norte (Algete) y Valdeolmos. A todos los alumnos se les proporciona un carn\u00e9 que deber\u00e1n mostrar al conductor al acceder al autob\u00fas para poder hacer uso de este servicio. Los alumnos de bachillerato as\u00ed&hellip;","post_mailing_queue_ids":[],"_links":{"self":[{"href":"https:\/\/site.educa.madrid.org\/ies.becquer.algete\/index.php\/wp-json\/wp\/v2\/pages\/751","targetHints":{"allow":["GET"]}}],"collection":[{"href":"https:\/\/site.educa.madrid.org\/ies.becquer.algete\/index.php\/wp-json\/wp\/v2\/pages"}],"about":[{"href":"https:\/\/site.educa.madrid.org\/ies.becquer.algete\/index.php\/wp-json\/wp\/v2\/types\/page"}],"author":[{"embeddable":true,"href":"https:\/\/site.educa.madrid.org\/ies.becquer.algete\/index.php\/wp-json\/wp\/v2\/users\/3"}],"replies":[{"embeddable":true,"href":"https:\/\/site.educa.madrid.org\/ies.becquer.algete\/index.php\/wp-json\/wp\/v2\/comments?post=751"}],"version-history":[{"count":5,"href":"https:\/\/site.educa.madrid.org\/ies.becquer.algete\/index.php\/wp-json\/wp\/v2\/pages\/751\/revisions"}],"predecessor-version":[{"id":2122,"href":"https:\/\/site.educa.madrid.org\/ies.becquer.algete\/index.php\/wp-json\/wp\/v2\/pages\/751\/revisions\/2122"}],"up":[{"embeddable":true,"href":"https:\/\/site.educa.madrid.org\/ies.becquer.algete\/index.php\/wp-json\/wp\/v2\/pages\/126"}],"wp:attachment":[{"href":"https:\/\/site.educa.madrid.org\/ies.becquer.algete\/index.php\/wp-json\/wp\/v2\/media?parent=751"}],"wp:term":[{"taxonomy":"folder","embeddable":true,"href":"https:\/\/site.educa.madrid.org\/ies.becquer.algete\/index.php\/wp-json\/wp\/v2\/folder?post=751"}],"curies":[{"name":"wp","href":"https:\/\/api.w.org\/{rel}","templated":true}]}}