{"id":769,"date":"2023-02-09T13:15:13","date_gmt":"2023-02-09T12:15:13","guid":{"rendered":"https:\/\/site.educa.madrid.org\/ies.becquer.algete\/?page_id=769"},"modified":"2023-03-04T14:29:18","modified_gmt":"2023-03-04T13:29:18","slug":"agenda","status":"publish","type":"page","link":"https:\/\/site.educa.madrid.org\/ies.becquer.algete\/index.php\/inicio\/agenda\/","title":{"rendered":"Agenda"},"content":{"rendered":"\n<div class=\"wp-block-image\"><figure class=\"aligncenter size-large is-resized\"><img loading=\"lazy\" decoding=\"async\" src=\"https:\/\/site.educa.madrid.org\/ies.becquer.algete\/\/wp-content\/uploads\/ies.becquer.algete\/2023\/03\/agenda-1024x724.jpg\" alt=\"\" class=\"wp-image-1189\" width=\"512\" height=\"361\" srcset=\"https:\/\/site.educa.madrid.org\/ies.becquer.algete\/\/wp-content\/uploads\/ies.becquer.algete\/2023\/03\/agenda-1024x724.jpg 1024w, https:\/\/site.educa.madrid.org\/ies.becquer.algete\/\/wp-content\/uploads\/ies.becquer.algete\/2023\/03\/agenda-300x212.jpg 300w, https:\/\/site.educa.madrid.org\/ies.becquer.algete\/\/wp-content\/uploads\/ies.becquer.algete\/2023\/03\/agenda-768x543.jpg 768w, https:\/\/site.educa.madrid.org\/ies.becquer.algete\/\/wp-content\/uploads\/ies.becquer.algete\/2023\/03\/agenda.jpg 1280w\" sizes=\"auto, (max-width: 512px) 100vw, 512px\" \/><\/figure><\/div>\n\n\n\n<p>Son muchas las actividades que el centro programa a lo largo del a\u00f1o:<\/p>\n\n\n\n<ul class=\"wp-block-list\"><li>Plazos de matr\u00edcula.<\/li><li>Calendario de evaluaciones.<\/li><li>Salidas y excursiones.<\/li><li>Pr\u00e1cticas en empresas.<\/li><li>Pruebas de acceso.<\/li><li>Talleres.<\/li><li>Planes de repaso.<\/li><\/ul>\n\n\n\n<p>Te invitamos a que visites estas p\u00e1ginas para mantenerte al d\u00eda.<\/p>\n","protected":false},"excerpt":{"rendered":"<p>Son muchas las actividades que el centro programa a lo largo del a\u00f1o: Plazos de matr\u00edcula. Calendario de evaluaciones. Salidas y excursiones. Pr\u00e1cticas en empresas. Pruebas de acceso. Talleres. Planes de repaso. Te invitamos a que visites estas p\u00e1ginas para mantenerte al d\u00eda.<\/p>\n","protected":false},"author":3,"featured_media":0,"parent":116,"menu_order":7,"comment_status":"closed","ping_status":"closed","template":"page-with-submenu.php","meta":{"footnotes":""},"folder":[],"class_list":["post-769","page","type-page","status-publish","hentry"],"rttpg_featured_image_url":null,"rttpg_author":{"display_name":"ies.becquer.algete","author_link":"https:\/\/site.educa.madrid.org\/ies.becquer.algete\/index.php\/author\/cuenta_ies-becquer-algete\/"},"rttpg_comment":0,"rttpg_category":false,"rttpg_excerpt":"Son muchas las actividades que el centro programa a lo largo del a\u00f1o: Plazos de matr\u00edcula. Calendario de evaluaciones. Salidas y excursiones. Pr\u00e1cticas en empresas. Pruebas de acceso. Talleres. Planes de repaso. Te invitamos a que visites estas p\u00e1ginas para mantenerte al d\u00eda.","post_mailing_queue_ids":[],"_links":{"self":[{"href":"https:\/\/site.educa.madrid.org\/ies.becquer.algete\/index.php\/wp-json\/wp\/v2\/pages\/769","targetHints":{"allow":["GET"]}}],"collection":[{"href":"https:\/\/site.educa.madrid.org\/ies.becquer.algete\/index.php\/wp-json\/wp\/v2\/pages"}],"about":[{"href":"https:\/\/site.educa.madrid.org\/ies.becquer.algete\/index.php\/wp-json\/wp\/v2\/types\/page"}],"author":[{"embeddable":true,"href":"https:\/\/site.educa.madrid.org\/ies.becquer.algete\/index.php\/wp-json\/wp\/v2\/users\/3"}],"replies":[{"embeddable":true,"href":"https:\/\/site.educa.madrid.org\/ies.becquer.algete\/index.php\/wp-json\/wp\/v2\/comments?post=769"}],"version-history":[{"count":3,"href":"https:\/\/site.educa.madrid.org\/ies.becquer.algete\/index.php\/wp-json\/wp\/v2\/pages\/769\/revisions"}],"predecessor-version":[{"id":1287,"href":"https:\/\/site.educa.madrid.org\/ies.becquer.algete\/index.php\/wp-json\/wp\/v2\/pages\/769\/revisions\/1287"}],"up":[{"embeddable":true,"href":"https:\/\/site.educa.madrid.org\/ies.becquer.algete\/index.php\/wp-json\/wp\/v2\/pages\/116"}],"wp:attachment":[{"href":"https:\/\/site.educa.madrid.org\/ies.becquer.algete\/index.php\/wp-json\/wp\/v2\/media?parent=769"}],"wp:term":[{"taxonomy":"folder","embeddable":true,"href":"https:\/\/site.educa.madrid.org\/ies.becquer.algete\/index.php\/wp-json\/wp\/v2\/folder?post=769"}],"curies":[{"name":"wp","href":"https:\/\/api.w.org\/{rel}","templated":true}]}}