{"id":120,"date":"2022-06-06T09:28:10","date_gmt":"2022-06-06T07:28:10","guid":{"rendered":"https:\/\/site.educa.madrid.org\/ies.becquer.moraleja\/?page_id=120"},"modified":"2025-12-09T11:57:49","modified_gmt":"2025-12-09T10:57:49","slug":"quienes-somos","status":"publish","type":"page","link":"https:\/\/site.educa.madrid.org\/ies.becquer.moraleja\/index.php\/quienes-somos\/","title":{"rendered":"Qui\u00e9nes somos"},"content":{"rendered":"\n<h2 class=\"wp-block-heading\">Nuestro nombre<\/h2>\n\n\n\n<figure class=\"wp-block-image size-full\"><img loading=\"lazy\" decoding=\"async\" width=\"960\" height=\"390\" src=\"https:\/\/site.educa.madrid.org\/ies.becquer.moraleja\/\/wp-content\/uploads\/ies.becquer.moraleja\/2025\/11\/gustavo_adolfo_becquer.jpg\" alt=\"\" class=\"wp-image-5710\" srcset=\"https:\/\/site.educa.madrid.org\/ies.becquer.moraleja\/\/wp-content\/uploads\/ies.becquer.moraleja\/2025\/11\/gustavo_adolfo_becquer.jpg 960w, https:\/\/site.educa.madrid.org\/ies.becquer.moraleja\/\/wp-content\/uploads\/ies.becquer.moraleja\/2025\/11\/gustavo_adolfo_becquer-300x122.jpg 300w, https:\/\/site.educa.madrid.org\/ies.becquer.moraleja\/\/wp-content\/uploads\/ies.becquer.moraleja\/2025\/11\/gustavo_adolfo_becquer-768x312.jpg 768w, https:\/\/site.educa.madrid.org\/ies.becquer.moraleja\/\/wp-content\/uploads\/ies.becquer.moraleja\/2025\/11\/gustavo_adolfo_becquer-230x93.jpg 230w, https:\/\/site.educa.madrid.org\/ies.becquer.moraleja\/\/wp-content\/uploads\/ies.becquer.moraleja\/2025\/11\/gustavo_adolfo_becquer-350x142.jpg 350w, https:\/\/site.educa.madrid.org\/ies.becquer.moraleja\/\/wp-content\/uploads\/ies.becquer.moraleja\/2025\/11\/gustavo_adolfo_becquer-480x195.jpg 480w\" sizes=\"auto, (max-width: 960px) 100vw, 960px\" \/><\/figure>\n\n\n\n<p>Gustavo Adolfo B\u00e9cquer, nacido en Sevilla en 1836, es uno de los autores m\u00e1s representativos del Romanticismo espa\u00f1ol y una figura clave de nuestra tradici\u00f3n literaria. Hu\u00e9rfano desde ni\u00f1o, creci\u00f3 rodeado de arte, influido por su padre y su hermano Valeriano, ambos destacados ilustradores. Desde joven mostr\u00f3 una gran sensibilidad art\u00edstica, lo que le llev\u00f3 a trasladarse a Madrid para dedicarse plenamente a la escritura. All\u00ed se integr\u00f3 en el mundo period\u00edstico y en el ambiente literario de los caf\u00e9s y las tertulias, trabajando como redactor, editor de revistas y libretista de zarzuelas.&nbsp;<\/p>\n\n\n\n<p>Su obra po\u00e9tica alcanz\u00f3 su forma definitiva en las <em>Rimas<\/em>, en las que ofrece una mirada \u00edntima y profunda sobre el amor, el desenga\u00f1o, el paso del tiempo y la inspiraci\u00f3n po\u00e9tica. A ellas se suman las <em>Leyendas<\/em>, relatos en prosa que exploran la tradici\u00f3n popular, el misterio y lo sobrenatural, donde destaca su capacidad para crear atm\u00f3sferas evocadoras y sugerentes.<\/p>\n\n\n\n<p>B\u00e9cquer falleci\u00f3 en Madrid en 1870 sin haber visto reconocida plenamente su obra po\u00e9tica. Su reconocimiento como poeta vino tras su muerte: sus amigos publicaron en 1871 una edici\u00f3n p\u00f3stuma de sus <em>Rimas y Leyendas<\/em>, reuniendo los manuscritos que \u00e9l no hab\u00eda llegado a publicar. Hoy se le reconoce como un innovador decisivo, cuya combinaci\u00f3n de intimismo, musicalidad y sugerencia abri\u00f3 el camino a la l\u00edrica contempor\u00e1nea y convirti\u00f3 su obra en una referencia imprescindible para generaciones posteriores.<\/p>\n\n\n\n<p><em>\u00abYo nado en el vac\u00edo,<br>de sol tiemblo en la hoguera,<br>palpito entre las sombras<br>y floto con las nieblas\u00bb.<\/em><\/p>\n\n\n\n<p>Gustavo Adolfo B\u00e9cquer, <a href=\"https:\/\/www.cervantesvirtual.com\/portales\/gustavo_adolfo_becquer\/obra\/rimas-y-leyendas--0\/\"><em>Rimas<\/em><\/a>, V.<\/p>\n","protected":false},"excerpt":{"rendered":"<p>Nuestro nombre Gustavo Adolfo B\u00e9cquer, nacido en Sevilla en 1836, es uno de los autores m\u00e1s representativos del Romanticismo espa\u00f1ol y una [&hellip;]<\/p>\n","protected":false},"author":5,"featured_media":0,"parent":0,"menu_order":1,"comment_status":"closed","ping_status":"closed","template":"","meta":{"footnotes":""},"folder":[],"class_list":["post-120","page","type-page","status-publish","hentry"],"rttpg_featured_image_url":null,"rttpg_author":{"display_name":"Cuenta Admin-educamadrid","author_link":"https:\/\/site.educa.madrid.org\/ies.becquer.moraleja\/index.php\/author\/cuenta_admin-educamadrid\/"},"rttpg_comment":0,"rttpg_category":false,"rttpg_excerpt":"Nuestro nombre Gustavo Adolfo B\u00e9cquer, nacido en Sevilla en 1836, es uno de los autores m\u00e1s representativos del Romanticismo espa\u00f1ol y una [&hellip;]","post_mailing_queue_ids":[],"_links":{"self":[{"href":"https:\/\/site.educa.madrid.org\/ies.becquer.moraleja\/index.php\/wp-json\/wp\/v2\/pages\/120","targetHints":{"allow":["GET"]}}],"collection":[{"href":"https:\/\/site.educa.madrid.org\/ies.becquer.moraleja\/index.php\/wp-json\/wp\/v2\/pages"}],"about":[{"href":"https:\/\/site.educa.madrid.org\/ies.becquer.moraleja\/index.php\/wp-json\/wp\/v2\/types\/page"}],"author":[{"embeddable":true,"href":"https:\/\/site.educa.madrid.org\/ies.becquer.moraleja\/index.php\/wp-json\/wp\/v2\/users\/5"}],"replies":[{"embeddable":true,"href":"https:\/\/site.educa.madrid.org\/ies.becquer.moraleja\/index.php\/wp-json\/wp\/v2\/comments?post=120"}],"version-history":[{"count":8,"href":"https:\/\/site.educa.madrid.org\/ies.becquer.moraleja\/index.php\/wp-json\/wp\/v2\/pages\/120\/revisions"}],"predecessor-version":[{"id":5839,"href":"https:\/\/site.educa.madrid.org\/ies.becquer.moraleja\/index.php\/wp-json\/wp\/v2\/pages\/120\/revisions\/5839"}],"wp:attachment":[{"href":"https:\/\/site.educa.madrid.org\/ies.becquer.moraleja\/index.php\/wp-json\/wp\/v2\/media?parent=120"}],"wp:term":[{"taxonomy":"folder","embeddable":true,"href":"https:\/\/site.educa.madrid.org\/ies.becquer.moraleja\/index.php\/wp-json\/wp\/v2\/folder?post=120"}],"curies":[{"name":"wp","href":"https:\/\/api.w.org\/{rel}","templated":true}]}}