{"id":121,"date":"2022-06-06T09:28:10","date_gmt":"2022-06-06T07:28:10","guid":{"rendered":"https:\/\/site.educa.madrid.org\/ies.becquer.moraleja\/?page_id=121"},"modified":"2026-01-14T18:50:17","modified_gmt":"2026-01-14T17:50:17","slug":"equipo-docente","status":"publish","type":"page","link":"https:\/\/site.educa.madrid.org\/ies.becquer.moraleja\/index.php\/quienes-somos\/equipo-docente\/","title":{"rendered":"Equipo docente"},"content":{"rendered":"\n<h2 class=\"wp-block-heading\">Equipo directivo<\/h2>\n\n\n\n<div class=\"wp-block-columns is-layout-flex wp-container-core-columns-is-layout-9d6595d7 wp-block-columns-is-layout-flex\">\n<div class=\"wp-block-column is-layout-flow wp-block-column-is-layout-flow\">\n<figure class=\"wp-block-image size-full\"><img loading=\"lazy\" decoding=\"async\" width=\"200\" height=\"200\" src=\"https:\/\/site.educa.madrid.org\/ies.becquer.moraleja\/\/wp-content\/uploads\/ies.becquer.moraleja\/2022\/06\/icon-01.jpg\" alt=\"\" class=\"wp-image-596\" srcset=\"https:\/\/site.educa.madrid.org\/ies.becquer.moraleja\/\/wp-content\/uploads\/ies.becquer.moraleja\/2022\/06\/icon-01.jpg 200w, https:\/\/site.educa.madrid.org\/ies.becquer.moraleja\/\/wp-content\/uploads\/ies.becquer.moraleja\/2022\/06\/icon-01-150x150.jpg 150w, https:\/\/site.educa.madrid.org\/ies.becquer.moraleja\/\/wp-content\/uploads\/ies.becquer.moraleja\/2022\/06\/icon-01-100x100.jpg 100w\" sizes=\"auto, (max-width: 200px) 100vw, 200px\" \/><figcaption class=\"wp-element-caption\"><br><em>Cristina Perecejuela  Carmona<\/em><br><em>Directora del centro<\/em><br>cperecejuelacarmona@educa.madrid.org<br><em>&nbsp;<\/em><br><\/figcaption><\/figure>\n<\/div>\n\n\n\n<div class=\"wp-block-column is-layout-flow wp-block-column-is-layout-flow\">\n<figure class=\"wp-block-image size-full\"><img loading=\"lazy\" decoding=\"async\" width=\"200\" height=\"200\" src=\"https:\/\/site.educa.madrid.org\/ies.becquer.moraleja\/\/wp-content\/uploads\/ies.becquer.moraleja\/2022\/06\/icon-02.jpg\" alt=\"\" class=\"wp-image-597\" srcset=\"https:\/\/site.educa.madrid.org\/ies.becquer.moraleja\/\/wp-content\/uploads\/ies.becquer.moraleja\/2022\/06\/icon-02.jpg 200w, https:\/\/site.educa.madrid.org\/ies.becquer.moraleja\/\/wp-content\/uploads\/ies.becquer.moraleja\/2022\/06\/icon-02-150x150.jpg 150w, https:\/\/site.educa.madrid.org\/ies.becquer.moraleja\/\/wp-content\/uploads\/ies.becquer.moraleja\/2022\/06\/icon-02-100x100.jpg 100w\" sizes=\"auto, (max-width: 200px) 100vw, 200px\" \/><figcaption class=\"wp-element-caption\"><br>Juan Carlos Barber\u00e1 Luna<br><em>Jefe de estudios&nbsp;<\/em><br>juancarlos.barberaluna@educa.madrid.org<br><br><\/figcaption><\/figure>\n<\/div>\n\n\n\n<div class=\"wp-block-column is-layout-flow wp-block-column-is-layout-flow\">\n<figure class=\"wp-block-image size-full\"><img loading=\"lazy\" decoding=\"async\" width=\"200\" height=\"200\" src=\"https:\/\/site.educa.madrid.org\/ies.becquer.moraleja\/\/wp-content\/uploads\/ies.becquer.moraleja\/2022\/06\/icon-01.jpg\" alt=\"\" class=\"wp-image-596\" srcset=\"https:\/\/site.educa.madrid.org\/ies.becquer.moraleja\/\/wp-content\/uploads\/ies.becquer.moraleja\/2022\/06\/icon-01.jpg 200w, https:\/\/site.educa.madrid.org\/ies.becquer.moraleja\/\/wp-content\/uploads\/ies.becquer.moraleja\/2022\/06\/icon-01-150x150.jpg 150w, https:\/\/site.educa.madrid.org\/ies.becquer.moraleja\/\/wp-content\/uploads\/ies.becquer.moraleja\/2022\/06\/icon-01-100x100.jpg 100w\" sizes=\"auto, (max-width: 200px) 100vw, 200px\" \/><figcaption class=\"wp-element-caption\"><br>Laura Bufal\u00e1 Loeda<br><em>Secretaria<\/em><br>lbufalalogoa@educa.madrid.org<br><em>&nbsp;<\/em><br><\/figcaption><\/figure>\n<\/div>\n<\/div>\n\n\n\n<h2 class=\"wp-block-heading\">Equipo docente<\/h2>\n\n\n\n<p>El Claustro est\u00e1 formado por una plantilla de <strong>31 profesores.<\/strong><\/p>\n\n\n\n<p>Los Departamentos did\u00e1cticos est\u00e1n compuestos por los profesores que imparten ense\u00f1anzas propias de las \u00e1reas o materias que tienen asignados. Cada uno de estos Departamentos tiene un responsable, el jefe de Departamento, cuyas tareas son organizar y desarrollar las ense\u00f1anzas propias de su \u00e1rea o materia.<\/p>\n\n\n\n<h2 class=\"wp-block-heading\">Departamentos did\u00e1cticos<\/h2>\n\n\n\n<figure class=\"wp-block-gallery has-nested-images columns-default is-cropped wp-block-gallery-1 is-layout-flex wp-block-gallery-is-layout-flex\">\n<figure class=\"wp-block-image size-full\"><a href=\"https:\/\/site.educa.madrid.org\/ies.becquer.moraleja\/wp-admin\/post.php?post=507&amp;action=edit\"><img decoding=\"async\" data-id=\"469\" src=\"https:\/\/site.educa.madrid.org\/ies.becquer.moraleja\/\/wp-content\/uploads\/ies.becquer.moraleja\/2022\/06\/matematicas.jpg\" alt=\"\" class=\"wp-image-469\"\/><\/a><figcaption class=\"wp-element-caption\">Matem\u00e1ticas<\/figcaption><\/figure>\n\n\n\n<figure class=\"wp-block-image size-full\"><a href=\"https:\/\/site.educa.madrid.org\/ies.becquer.moraleja\/index.php\/inicio\/quienes-somos\/equipo-docente\/frances\/\"><img loading=\"lazy\" decoding=\"async\" width=\"236\" height=\"177\" data-id=\"499\" src=\"https:\/\/site.educa.madrid.org\/ies.becquer.moraleja\/\/wp-content\/uploads\/ies.becquer.moraleja\/2022\/06\/frances.jpg\" alt=\"\" class=\"wp-image-499\"\/><\/a><figcaption class=\"wp-element-caption\">Franc\u00e9s<\/figcaption><\/figure>\n\n\n\n<figure class=\"wp-block-image size-full\"><a href=\"https:\/\/site.educa.madrid.org\/ies.becquer.moraleja\/wp-admin\/post.php?post=513&amp;action=edit\"><img loading=\"lazy\" decoding=\"async\" width=\"236\" height=\"177\" data-id=\"491\" src=\"https:\/\/site.educa.madrid.org\/ies.becquer.moraleja\/\/wp-content\/uploads\/ies.becquer.moraleja\/2022\/06\/plastica.jpg\" alt=\"\" class=\"wp-image-491\"\/><\/a><figcaption class=\"wp-element-caption\">Educaci\u00f3n pl\u00e1stica y visual<\/figcaption><\/figure>\n\n\n\n<figure class=\"wp-block-image size-full\"><a href=\"https:\/\/site.educa.madrid.org\/ies.becquer.moraleja\/index.php\/inicio\/quienes-somos\/equipo-docente\/educacion-fisica\/\"><img loading=\"lazy\" decoding=\"async\" width=\"236\" height=\"177\" data-id=\"495\" src=\"https:\/\/site.educa.madrid.org\/ies.becquer.moraleja\/\/wp-content\/uploads\/ies.becquer.moraleja\/2022\/06\/educacionfisica.jpg\" alt=\"\" class=\"wp-image-495\"\/><\/a><figcaption class=\"wp-element-caption\">Educaci\u00f3n F\u00edsica<\/figcaption><\/figure>\n\n\n\n<figure class=\"wp-block-image size-full\"><a href=\"https:\/\/site.educa.madrid.org\/ies.becquer.moraleja\/wp-admin\/post.php?post=523&amp;action=edit\"><img loading=\"lazy\" decoding=\"async\" width=\"236\" height=\"177\" data-id=\"500\" src=\"https:\/\/site.educa.madrid.org\/ies.becquer.moraleja\/\/wp-content\/uploads\/ies.becquer.moraleja\/2022\/06\/geografia.jpg\" alt=\"\" class=\"wp-image-500\"\/><\/a><figcaption class=\"wp-element-caption\">Geograf\u00eda e Historia<\/figcaption><\/figure>\n\n\n\n<figure class=\"wp-block-image size-full\"><a href=\"https:\/\/site.educa.madrid.org\/ies.becquer.moraleja\/wp-admin\/post.php?post=525&amp;action=edit\"><img loading=\"lazy\" decoding=\"async\" width=\"236\" height=\"177\" data-id=\"487\" src=\"https:\/\/site.educa.madrid.org\/ies.becquer.moraleja\/\/wp-content\/uploads\/ies.becquer.moraleja\/2022\/06\/ingles.jpg\" alt=\"\" class=\"wp-image-487\"\/><\/a><figcaption class=\"wp-element-caption\">Ingl\u00e9s<\/figcaption><\/figure>\n\n\n\n<figure class=\"wp-block-image size-full\"><a href=\"https:\/\/site.educa.madrid.org\/ies.becquer.moraleja\/wp-admin\/post.php?post=509&amp;action=edit\"><img loading=\"lazy\" decoding=\"async\" width=\"236\" height=\"177\" data-id=\"494\" src=\"https:\/\/site.educa.madrid.org\/ies.becquer.moraleja\/\/wp-content\/uploads\/ies.becquer.moraleja\/2022\/06\/biologia.jpg\" alt=\"\" class=\"wp-image-494\"\/><\/a><figcaption class=\"wp-element-caption\">Biolog\u00eda<\/figcaption><\/figure>\n\n\n\n<figure class=\"wp-block-image size-full\"><a href=\"https:\/\/site.educa.madrid.org\/ies.becquer.moraleja\/wp-admin\/post.php?post=531&amp;action=edit\"><img loading=\"lazy\" decoding=\"async\" width=\"236\" height=\"177\" data-id=\"490\" src=\"https:\/\/site.educa.madrid.org\/ies.becquer.moraleja\/\/wp-content\/uploads\/ies.becquer.moraleja\/2022\/06\/musica.jpg\" alt=\"\" class=\"wp-image-490\"\/><\/a><figcaption class=\"wp-element-caption\">M\u00fasica<\/figcaption><\/figure>\n\n\n\n<figure class=\"wp-block-image size-full\"><a href=\"https:\/\/site.educa.madrid.org\/ies.becquer.moraleja\/wp-admin\/post.php?post=519&amp;action=edit\"><img loading=\"lazy\" decoding=\"async\" width=\"236\" height=\"177\" data-id=\"498\" src=\"https:\/\/site.educa.madrid.org\/ies.becquer.moraleja\/\/wp-content\/uploads\/ies.becquer.moraleja\/2022\/06\/fisicaquimica.jpg\" alt=\"\" class=\"wp-image-498\"\/><\/a><figcaption class=\"wp-element-caption\">F\u00edsica y Qu\u00edmica<\/figcaption><\/figure>\n\n\n\n<figure class=\"wp-block-image size-full\"><a href=\"https:\/\/site.educa.madrid.org\/ies.becquer.moraleja\/wp-admin\/post.php?post=515&amp;action=edit\"><img loading=\"lazy\" decoding=\"async\" width=\"236\" height=\"177\" data-id=\"496\" src=\"https:\/\/site.educa.madrid.org\/ies.becquer.moraleja\/\/wp-content\/uploads\/ies.becquer.moraleja\/2022\/06\/estadistica.jpg\" alt=\"\" class=\"wp-image-496\"\/><\/a><figcaption class=\"wp-element-caption\">Econom\u00eda<\/figcaption><\/figure>\n\n\n\n<figure class=\"wp-block-image size-full\"><a href=\"https:\/\/site.educa.madrid.org\/ies.becquer.moraleja\/wp-admin\/post.php?post=527&amp;action=edit\"><img loading=\"lazy\" decoding=\"async\" width=\"236\" height=\"177\" data-id=\"488\" src=\"https:\/\/site.educa.madrid.org\/ies.becquer.moraleja\/\/wp-content\/uploads\/ies.becquer.moraleja\/2022\/06\/lengua.jpg\" alt=\"\" class=\"wp-image-488\"\/><\/a><figcaption class=\"wp-element-caption\">Lengua y literatura<\/figcaption><\/figure>\n\n\n\n<figure class=\"wp-block-image size-full\"><a href=\"https:\/\/site.educa.madrid.org\/ies.becquer.moraleja\/wp-admin\/post.php?post=529&amp;action=edit\"><img loading=\"lazy\" decoding=\"async\" width=\"236\" height=\"177\" data-id=\"486\" src=\"https:\/\/site.educa.madrid.org\/ies.becquer.moraleja\/\/wp-content\/uploads\/ies.becquer.moraleja\/2022\/06\/griego.jpg\" alt=\"\" class=\"wp-image-486\"\/><\/a><figcaption class=\"wp-element-caption\">Lat\u00edn y Griego<\/figcaption><\/figure>\n\n\n\n<figure class=\"wp-block-image size-full\"><a href=\"https:\/\/site.educa.madrid.org\/ies.becquer.moraleja\/wp-admin\/post.php?post=535&amp;action=edit\"><img loading=\"lazy\" decoding=\"async\" width=\"236\" height=\"177\" data-id=\"493\" src=\"https:\/\/site.educa.madrid.org\/ies.becquer.moraleja\/\/wp-content\/uploads\/ies.becquer.moraleja\/2022\/06\/teconologia.jpg\" alt=\"\" class=\"wp-image-493\"\/><\/a><figcaption class=\"wp-element-caption\">Tecnolog\u00eda<\/figcaption><\/figure>\n\n\n\n<figure class=\"wp-block-image size-full\"><a href=\"https:\/\/site.educa.madrid.org\/ies.becquer.moraleja\/wp-admin\/post.php?post=533&amp;action=edit\"><img loading=\"lazy\" decoding=\"async\" width=\"236\" height=\"177\" data-id=\"492\" src=\"https:\/\/site.educa.madrid.org\/ies.becquer.moraleja\/\/wp-content\/uploads\/ies.becquer.moraleja\/2022\/06\/religion.jpg\" alt=\"\" class=\"wp-image-492\"\/><\/a><figcaption class=\"wp-element-caption\">Religi\u00f3n<\/figcaption><\/figure>\n\n\n\n<figure class=\"wp-block-image size-full\"><a href=\"https:\/\/site.educa.madrid.org\/ies.becquer.moraleja\/wp-admin\/post.php?post=517&amp;action=edit\"><img loading=\"lazy\" decoding=\"async\" width=\"236\" height=\"177\" data-id=\"497\" src=\"https:\/\/site.educa.madrid.org\/ies.becquer.moraleja\/\/wp-content\/uploads\/ies.becquer.moraleja\/2022\/06\/filosofia.jpg\" alt=\"\" class=\"wp-image-497\"\/><\/a><figcaption class=\"wp-element-caption\">Filosof\u00eda<\/figcaption><\/figure>\n<\/figure>\n\n\n\n<p><\/p>\n\n\n\n<div class=\"wp-block-cover alignfull is-light\"><span aria-hidden=\"true\" class=\"wp-block-cover__background has-background-dim-100 has-background-dim\" style=\"background-color:#ffffff\"><\/span><div class=\"wp-block-cover__inner-container is-layout-flow wp-block-cover-is-layout-flow\">\n<div class=\"wp-block-media-text alignwide is-stacked-on-mobile is-vertically-aligned-center is-image-fill-element\" style=\"grid-template-columns:39% auto\"><figure class=\"wp-block-media-text__media\"><img loading=\"lazy\" decoding=\"async\" width=\"1024\" height=\"683\" src=\"https:\/\/site.educa.madrid.org\/ies.becquer.moraleja\/\/wp-content\/uploads\/ies.becquer.moraleja\/2022\/06\/orientacion-1024x683.jpg\" alt=\"\" class=\"wp-image-503 size-full\" style=\"object-position:50% 50%\" srcset=\"https:\/\/site.educa.madrid.org\/ies.becquer.moraleja\/\/wp-content\/uploads\/ies.becquer.moraleja\/2022\/06\/orientacion-1024x683.jpg 1024w, https:\/\/site.educa.madrid.org\/ies.becquer.moraleja\/\/wp-content\/uploads\/ies.becquer.moraleja\/2022\/06\/orientacion-300x200.jpg 300w, https:\/\/site.educa.madrid.org\/ies.becquer.moraleja\/\/wp-content\/uploads\/ies.becquer.moraleja\/2022\/06\/orientacion-768x512.jpg 768w, https:\/\/site.educa.madrid.org\/ies.becquer.moraleja\/\/wp-content\/uploads\/ies.becquer.moraleja\/2022\/06\/orientacion-391x260.jpg 391w, https:\/\/site.educa.madrid.org\/ies.becquer.moraleja\/\/wp-content\/uploads\/ies.becquer.moraleja\/2022\/06\/orientacion-1536x1024.jpg 1536w, https:\/\/site.educa.madrid.org\/ies.becquer.moraleja\/\/wp-content\/uploads\/ies.becquer.moraleja\/2022\/06\/orientacion-272x182.jpg 272w, https:\/\/site.educa.madrid.org\/ies.becquer.moraleja\/\/wp-content\/uploads\/ies.becquer.moraleja\/2022\/06\/orientacion.jpg 1920w\" sizes=\"auto, (max-width: 1024px) 100vw, 1024px\" \/><\/figure><div class=\"wp-block-media-text__content\">\n<h2 class=\"wp-block-heading has-text-color\" style=\"color:#000000;font-size:32px\"><strong>Departamento de Orientaci\u00f3n<\/strong><\/h2>\n\n\n\n<p>Acceso a la p\u00e1gina de <em>Equipo de Orientaci\u00f3n Educativa y Psicopedag\u00f3gica<\/em><\/p>\n\n\n\n<div class=\"wp-block-buttons is-layout-flex wp-block-buttons-is-layout-flex\">\n<div class=\"wp-block-button is-style-fill\"><a class=\"wp-block-button__link wp-element-button\" href=\"https:\/\/site.educa.madrid.org\/ies.becquer.moraleja\/wp-admin\/post.php?post=537&amp;action=edit\">Ir a Departamento de Orientaci\u00f3n<\/a><\/div>\n<\/div>\n<\/div><\/div>\n<\/div><\/div>\n\n\n\n<p><\/p>\n","protected":false},"excerpt":{"rendered":"<p>Equipo directivo Equipo docente El Claustro est\u00e1 formado por una plantilla de 31 profesores. Los Departamentos did\u00e1cticos est\u00e1n compuestos por los profesores [&hellip;]<\/p>\n","protected":false},"author":5,"featured_media":0,"parent":120,"menu_order":1,"comment_status":"closed","ping_status":"closed","template":"","meta":{"footnotes":""},"folder":[],"class_list":["post-121","page","type-page","status-publish","hentry"],"rttpg_featured_image_url":null,"rttpg_author":{"display_name":"Cuenta Admin-educamadrid","author_link":"https:\/\/site.educa.madrid.org\/ies.becquer.moraleja\/index.php\/author\/cuenta_admin-educamadrid\/"},"rttpg_comment":0,"rttpg_category":false,"rttpg_excerpt":"Equipo directivo Equipo docente El Claustro est\u00e1 formado por una plantilla de 31 profesores. Los Departamentos did\u00e1cticos est\u00e1n compuestos por los profesores [&hellip;]","post_mailing_queue_ids":[],"_links":{"self":[{"href":"https:\/\/site.educa.madrid.org\/ies.becquer.moraleja\/index.php\/wp-json\/wp\/v2\/pages\/121","targetHints":{"allow":["GET"]}}],"collection":[{"href":"https:\/\/site.educa.madrid.org\/ies.becquer.moraleja\/index.php\/wp-json\/wp\/v2\/pages"}],"about":[{"href":"https:\/\/site.educa.madrid.org\/ies.becquer.moraleja\/index.php\/wp-json\/wp\/v2\/types\/page"}],"author":[{"embeddable":true,"href":"https:\/\/site.educa.madrid.org\/ies.becquer.moraleja\/index.php\/wp-json\/wp\/v2\/users\/5"}],"replies":[{"embeddable":true,"href":"https:\/\/site.educa.madrid.org\/ies.becquer.moraleja\/index.php\/wp-json\/wp\/v2\/comments?post=121"}],"version-history":[{"count":26,"href":"https:\/\/site.educa.madrid.org\/ies.becquer.moraleja\/index.php\/wp-json\/wp\/v2\/pages\/121\/revisions"}],"predecessor-version":[{"id":6053,"href":"https:\/\/site.educa.madrid.org\/ies.becquer.moraleja\/index.php\/wp-json\/wp\/v2\/pages\/121\/revisions\/6053"}],"up":[{"embeddable":true,"href":"https:\/\/site.educa.madrid.org\/ies.becquer.moraleja\/index.php\/wp-json\/wp\/v2\/pages\/120"}],"wp:attachment":[{"href":"https:\/\/site.educa.madrid.org\/ies.becquer.moraleja\/index.php\/wp-json\/wp\/v2\/media?parent=121"}],"wp:term":[{"taxonomy":"folder","embeddable":true,"href":"https:\/\/site.educa.madrid.org\/ies.becquer.moraleja\/index.php\/wp-json\/wp\/v2\/folder?post=121"}],"curies":[{"name":"wp","href":"https:\/\/api.w.org\/{rel}","templated":true}]}}