{"id":125,"date":"2022-06-06T09:28:10","date_gmt":"2022-06-06T07:28:10","guid":{"rendered":"https:\/\/site.educa.madrid.org\/ies.becquer.moraleja\/?page_id=125"},"modified":"2026-02-17T13:17:51","modified_gmt":"2026-02-17T12:17:51","slug":"ensenanzas","status":"publish","type":"page","link":"https:\/\/site.educa.madrid.org\/ies.becquer.moraleja\/index.php\/ensenanzas\/","title":{"rendered":"Ense\u00f1anzas"},"content":{"rendered":"\n<p>En nuestro centro se imparten tres niveles educativos:<\/p>\n\n\n\n<h2 class=\"wp-block-heading\"><strong>Educaci\u00f3n Secundaria Obligatoria<\/strong><\/h2>\n\n\n\n<p>La Educaci\u00f3n Secundaria Obligatoria forma parte de la ense\u00f1anza b\u00e1sica y, por tanto, tiene car\u00e1cter obligatorio y gratuito. Comprende dos ciclos, el primero de tres cursos escolares y el segundo de uno.<\/p>\n\n\n\n<p>La finalidad de la Educaci\u00f3n Secundaria Obligatoria consiste en lograr que los alumnos adquieran los <strong>elementos b\u00e1sicos de la cultura<\/strong>, especialmente en sus aspectos human\u00edstico, art\u00edstico, cient\u00edfico y tecnol\u00f3gico; <strong>desarrollar y consolidar en ellos h\u00e1bitos de estudio y de trabajo<\/strong>; prepararles para su <strong>incorporaci\u00f3n a estudios posteriores<\/strong> y para su <strong>inserci\u00f3n laboral <\/strong>y formarles para el ejercicio de sus <strong>derechos y obligaciones<\/strong> en la vida como ciudadanos.<\/p>\n\n\n\n<h2 class=\"wp-block-heading\"><strong>Bachillerato<\/strong><\/h2>\n\n\n\n<p>Comprende dos cursos, se desarrolla en <strong>modalidades diferentes<\/strong>, se organiza de modo flexible y, en su caso, en distintas v\u00edas, a fin de que pueda ofrecer una <strong>preparaci\u00f3n especializada<\/strong> a los alumnos y alumnas acorde con sus perspectivas e intereses de formaci\u00f3n o permita la <strong>incorporaci\u00f3n a la vida activa <\/strong>una vez finalizado el mismo.<\/p>\n\n\n\n<p>El Bachillerato tiene como <strong>finalidad<\/strong> proporcionar formaci\u00f3n, madurez intelectual y humana, conocimientos, habilidades y actitudes que permitan desarrollar funciones sociales e incorporarse a la vida activa con responsabilidad y competencia.<\/p>\n\n\n\n<p>Asimismo, esta etapa permite la <strong>adquisici\u00f3n y logro de las competencias i<\/strong>ndispensables para el futuro formativo y profesional y capacitar para el acceso a la educaci\u00f3n superior.<\/p>\n\n\n\n<p><\/p>\n","protected":false},"excerpt":{"rendered":"<p>En nuestro centro se imparten tres niveles educativos: Educaci\u00f3n Secundaria Obligatoria La Educaci\u00f3n Secundaria Obligatoria forma parte de la ense\u00f1anza b\u00e1sica y, [&hellip;]<\/p>\n","protected":false},"author":5,"featured_media":0,"parent":0,"menu_order":0,"comment_status":"closed","ping_status":"closed","template":"page-with-submenu.php","meta":{"footnotes":""},"folder":[],"class_list":["post-125","page","type-page","status-publish","hentry"],"rttpg_featured_image_url":null,"rttpg_author":{"display_name":"Cuenta Admin-educamadrid","author_link":"https:\/\/site.educa.madrid.org\/ies.becquer.moraleja\/index.php\/author\/cuenta_admin-educamadrid\/"},"rttpg_comment":0,"rttpg_category":false,"rttpg_excerpt":"En nuestro centro se imparten tres niveles educativos: Educaci\u00f3n Secundaria Obligatoria La Educaci\u00f3n Secundaria Obligatoria forma parte de la ense\u00f1anza b\u00e1sica y, [&hellip;]","post_mailing_queue_ids":[],"_links":{"self":[{"href":"https:\/\/site.educa.madrid.org\/ies.becquer.moraleja\/index.php\/wp-json\/wp\/v2\/pages\/125","targetHints":{"allow":["GET"]}}],"collection":[{"href":"https:\/\/site.educa.madrid.org\/ies.becquer.moraleja\/index.php\/wp-json\/wp\/v2\/pages"}],"about":[{"href":"https:\/\/site.educa.madrid.org\/ies.becquer.moraleja\/index.php\/wp-json\/wp\/v2\/types\/page"}],"author":[{"embeddable":true,"href":"https:\/\/site.educa.madrid.org\/ies.becquer.moraleja\/index.php\/wp-json\/wp\/v2\/users\/5"}],"replies":[{"embeddable":true,"href":"https:\/\/site.educa.madrid.org\/ies.becquer.moraleja\/index.php\/wp-json\/wp\/v2\/comments?post=125"}],"version-history":[{"count":9,"href":"https:\/\/site.educa.madrid.org\/ies.becquer.moraleja\/index.php\/wp-json\/wp\/v2\/pages\/125\/revisions"}],"predecessor-version":[{"id":6151,"href":"https:\/\/site.educa.madrid.org\/ies.becquer.moraleja\/index.php\/wp-json\/wp\/v2\/pages\/125\/revisions\/6151"}],"wp:attachment":[{"href":"https:\/\/site.educa.madrid.org\/ies.becquer.moraleja\/index.php\/wp-json\/wp\/v2\/media?parent=125"}],"wp:term":[{"taxonomy":"folder","embeddable":true,"href":"https:\/\/site.educa.madrid.org\/ies.becquer.moraleja\/index.php\/wp-json\/wp\/v2\/folder?post=125"}],"curies":[{"name":"wp","href":"https:\/\/api.w.org\/{rel}","templated":true}]}}